{"id":22859,"date":"2025-06-21T11:41:43","date_gmt":"2025-06-21T03:41:43","guid":{"rendered":"https:\/\/www.vape4wholesale.com\/?post_type=product&#038;p=22859"},"modified":"2026-04-07T17:01:45","modified_gmt":"2026-04-07T09:01:45","slug":"happ-bar-gr30000-jednorazowa-sprzedaz-hurtowa-vape","status":"publish","type":"product","link":"https:\/\/www.vape4wholesale.com\/pl\/product\/happ-bar-gr30000-disposable-vape-wholesale","title":{"rendered":"Happ Bar GR30000 Jednorazowa sprzeda\u017c hurtowa Vape"},"content":{"rendered":"<p class=\"ds-markdown-paragraph\">The\u00a0<a href=\"https:\/\/www.vape4wholesale.com\/pl\/product_brand\/happ-bar\/\" target=\"_blank\" rel=\"noopener\">Happ Bar<\/a> GR30000 Disposable Vape to ostateczne ulepszenie od <a href=\"https:\/\/www.vape4wholesale.com\/pl\/produkt\/happ-bar-gr20000-jednorazowa-sprzedaz-hurtowa-vape\/\" target=\"_blank\" rel=\"noopener\">GR20000<\/a>oferuj\u0105c niezr\u00f3wnane 30 000 zaci\u0105gni\u0119\u0107 dla d\u0142ugotrwa\u0142ej satysfakcji. Dzi\u0119ki ogromnej pojemno\u015bci 30 ml e-liquidu i regulowanemu przep\u0142ywowi powietrza, ten wysokiej jako\u015bci jednorazowy waporyzator zapewnia g\u0142adkie, aromatyczne chmury za ka\u017cdym razem. Wybierz pomi\u0119dzy moc\u0105 nikotyny 2% lub 5%, aby dopasowa\u0107 j\u0105 do swoich preferencji i ciesz si\u0119 wygod\u0105 akumulatora o pojemno\u015bci 650 mAh z \u0142adowaniem przez USB typu C. Wbudowany wy\u015bwietlacz cyfrowy informuje u\u017cytkownika o poziomie na\u0142adowania baterii i poziomie e-juice, dzi\u0119ki czemu nigdy nie zabraknie go w nieoczekiwany spos\u00f3b.<\/p>\n<p class=\"ds-markdown-paragraph\">Poznaj now\u0105 generacj\u0119 waporyzator\u00f3w jednorazowych dzi\u0119ki najnowocze\u015bniejszym ulepszeniom GR30000. W przeciwie\u0144stwie do standardowych urz\u0105dze\u0144 jednorazowych, posiada on cewk\u0119 siatkow\u0105 1,0ohm zapewniaj\u0105c\u0105 bogatszy smak i sta\u0142\u0105 produkcj\u0119 pary. Szybkie \u0142adowanie typu C oznacza mniej przestoj\u00f3w, a 20 pysznych smak\u00f3w zaspokoi ka\u017cdy gust - od owocowego po lodowaty mentol. Niezale\u017cnie od tego, czy jeste\u015b intensywnym waperem, czy wolisz \u0142agodniejsze uderzenie, regulowany przep\u0142yw powietrza pozwala dostosowa\u0107 zaci\u0105ganie w celu uzyskania idealnych wra\u017ce\u0144.<\/p>\n<p class=\"ds-markdown-paragraph\">Przejd\u017a na najd\u0142u\u017cej dzia\u0142aj\u0105cy waporyzator jednorazowy - Happ Bar GR30000! Dzi\u0119ki 30 ml e-liquidu, mo\u017cliwo\u015bci \u0142adowania i eleganckiemu wy\u015bwietlaczowi, przewy\u017csza on tradycyjne jednoraz\u00f3wki. Kup teraz i odkryj 20 orze\u017awiaj\u0105cych smak\u00f3w, wszystkie zaprojektowane z my\u015bl\u0105 o maksymalnej satysfakcji.<\/p>\n<h2>Happ Bar GR30000 Jednorazowe Vape Szybkie szczeg\u00f3\u0142y<\/h2>\n<p class=\"ds-markdown-paragraph\">Puffy: 30 000 (wyd\u0142u\u017cona \u017cywotno\u015b\u0107)<br \/>\nMoc nikotyny: 2% i 5% (\u0142agodne lub mocne uderzenie)<br \/>\nBateria: 650 mAh (\u0142adowana przez Type-C)<br \/>\nPojemno\u015b\u0107 E-Liquid: 30 ml (wst\u0119pnie nape\u0142niony, nie wymaga uzupe\u0142niania)<br \/>\nRezystancja cewki: siatka 1,0ohm (zr\u00f3wnowa\u017cony smak i para)<br \/>\nEkran wy\u015bwietlacza: Pokazuje \u017cywotno\u015b\u0107 baterii i poziom e-juice<br \/>\nKontrola przep\u0142ywu powietrza: Regulacja dla cia\u015bniejszego\/lu\u017aniejszego zasysania<br \/>\nSmaki: ponad 20 opcji (owocowe, mentolowe, deserowe itp.).<br \/>\nAktualizacja: Ulepszona technologia i pojemno\u015b\u0107 w por\u00f3wnaniu do GR20000<\/p>\n<h2>Dost\u0119pne smaki<\/h2>\n<p>1. Bor\u00f3wka Malina<br \/>\n2. Truskawka Kiwi<br \/>\n3. Arbuz malinowy<br \/>\n4. Kiwi Passion Fruit Guava<br \/>\n5. Jagoda Wi\u015bnia \u017burawina<br \/>\n6. Truskawka Malina<br \/>\n7. Arbuzowy l\u00f3d<br \/>\n8. Banan truskawkowy<br \/>\n9. L\u00f3d jagodowy<br \/>\n10. L\u00f3d truskawkowy<br \/>\n11. Cherry Ice<br \/>\n12. Blue Razz Gummy Bear<br \/>\n13. Ananas Kokos<br \/>\n14. Truskawkowo-waniliowa cola<br \/>\n15. Hami Melon<br \/>\n16. Lemon Hail<br \/>\n17. Monster Mango<br \/>\n18. Cola Ice<br \/>\n19. Blackberry Mint<br \/>\n20. Peach Hail<br \/>\n21. Coconut Paradise<br \/>\n22. Arbuz Kiwi<\/p>\n<figure id=\"attachment_22856\" aria-describedby=\"caption-attachment-22856\" style=\"width: 800px\" class=\"wp-caption alignnone\"><img loading=\"lazy\" decoding=\"async\" class=\"wp-image-22856 size-full\" title=\"Happ Bar GR30000 Jednorazowa sprzeda\u017c hurtowa Vape\" src=\"https:\/\/www.vape4wholesale.com\/wp-content\/uploads\/2025\/06\/Happ-Bar-GR30000-Disposable-Vape-Wholesale.webp\" alt=\"Happ Bar GR30000 Jednorazowa sprzeda\u017c hurtowa Vape\" width=\"800\" height=\"800\" srcset=\"https:\/\/www.vape4wholesale.com\/wp-content\/uploads\/2025\/06\/Happ-Bar-GR30000-Disposable-Vape-Wholesale.webp 800w, https:\/\/www.vape4wholesale.com\/wp-content\/uploads\/2025\/06\/Happ-Bar-GR30000-Disposable-Vape-Wholesale-247x247.webp 247w, https:\/\/www.vape4wholesale.com\/wp-content\/uploads\/2025\/06\/Happ-Bar-GR30000-Disposable-Vape-Wholesale-100x100.webp 100w, https:\/\/www.vape4wholesale.com\/wp-content\/uploads\/2025\/06\/Happ-Bar-GR30000-Disposable-Vape-Wholesale-510x510.webp 510w\" sizes=\"auto, (max-width: 800px) 100vw, 800px\" \/><figcaption id=\"caption-attachment-22856\" class=\"wp-caption-text\"><span style=\"vertical-align: inherit;\"><span style=\"vertical-align: inherit;\">Happ Bar GR30000 Jednorazowa sprzeda\u017c hurtowa Vape<\/span><\/span><\/figcaption><\/figure>\n<h2>DLACZEGO MY?<\/h2>\r\n<ul>\r\n<li>Prawdziwe, godne zaufania i profesjonalne \u017ar\u00f3d\u0142o vape.<\/li>\r\n<li>Gwarancja oryginalno\u015bci 100%: Dostarczamy tylko oryginalne i oryginalne produkty, odmawiamy podrabiania.<\/li>\r\n<li>Gwarancja dostawy 100%: U\u017cywamy najlepszej metody wysy\u0142ki, aby zapewni\u0107, \u017ce otrzymasz zam\u00f3wienie 100%.<\/li>\r\n<li>Po wysy\u0142ce podamy numer przesy\u0142ki i etykiet\u0119 wysy\u0142kow\u0105 oraz b\u0119dziemy \u015bledzi\u0107 towary do momentu ich podpisania.<\/li>\r\n<li>Brak problem\u00f3w celnych, brak taryf<\/li>\r\n<\/ul>\n<p>&nbsp;<\/p>","protected":false},"excerpt":{"rendered":"<p><b><span style=\"color: #00a859;\">Darmowa dostawa<\/span>\u00a0z europejskiego magazynu, czas dostawy 7-15 dni roboczych.<\/b><\/p>\r\n<div class=\"wsppc_div_block woocommerce_before_add_to_cart_form\">\r\n<p><strong>Odprawa celna przed dostaw\u0105 i 100% Gwarancja Dostawy<\/strong><\/p>\r\n<\/div>","protected":false},"featured_media":22856,"comment_status":"open","ping_status":"closed","template":"","meta":[],"pwb-brand":[1267],"product_cat":[938],"product_tag":[22,24,683,850,1035],"class_list":{"0":"post-22859","1":"product","2":"type-product","3":"status-publish","4":"has-post-thumbnail","6":"pwb-brand-happ-bar","7":"product_cat-europe-warehouse","8":"product_tag-disposable","9":"product_tag-wholesale","10":"product_tag-30-0ml","11":"product_tag-30000-puffs","12":"product_tag-happ-bar","13":"product_shipping_class-eu-warehouse","14":"wcpa_has_options","16":"first","17":"instock","18":"featured","19":"shipping-taxable","20":"purchasable","21":"product-type-variable"},"aioseo_notices":[],"brands":[{"id":1267,"name":"Happ Bar","slug":"happ-bar"}],"_links":{"self":[{"href":"https:\/\/www.vape4wholesale.com\/pl\/wp-json\/wp\/v2\/product\/22859","targetHints":{"allow":["GET"]}}],"collection":[{"href":"https:\/\/www.vape4wholesale.com\/pl\/wp-json\/wp\/v2\/product"}],"about":[{"href":"https:\/\/www.vape4wholesale.com\/pl\/wp-json\/wp\/v2\/types\/product"}],"replies":[{"embeddable":true,"href":"https:\/\/www.vape4wholesale.com\/pl\/wp-json\/wp\/v2\/comments?post=22859"}],"wp:featuredmedia":[{"embeddable":true,"href":"https:\/\/www.vape4wholesale.com\/pl\/wp-json\/wp\/v2\/media\/22856"}],"wp:attachment":[{"href":"https:\/\/www.vape4wholesale.com\/pl\/wp-json\/wp\/v2\/media?parent=22859"}],"wp:term":[{"taxonomy":"pwb-brand","embeddable":true,"href":"https:\/\/www.vape4wholesale.com\/pl\/wp-json\/wp\/v2\/pwb-brand?post=22859"},{"taxonomy":"product_cat","embeddable":true,"href":"https:\/\/www.vape4wholesale.com\/pl\/wp-json\/wp\/v2\/product_cat?post=22859"},{"taxonomy":"product_tag","embeddable":true,"href":"https:\/\/www.vape4wholesale.com\/pl\/wp-json\/wp\/v2\/product_tag?post=22859"}],"curies":[{"name":"wp","href":"https:\/\/api.w.org\/{rel}","templated":true}]}}