{"id":22467,"date":"2025-05-28T20:21:32","date_gmt":"2025-05-28T12:21:32","guid":{"rendered":"https:\/\/www.vape4wholesale.com\/?post_type=product&#038;p=22467"},"modified":"2026-04-10T17:30:46","modified_gmt":"2026-04-10T09:30:46","slug":"fizzy-max-iii-6in1-60000-puff-jednorazowe-vape-hurtownia","status":"publish","type":"product","link":"https:\/\/www.vape4wholesale.com\/pl\/product\/fizzy-max-iii-6in1-60000-puffs-disposable-vape-wholesale","title":{"rendered":"Fizzy Max III 6in1 60000 Puffs Jednorazowy Vape Hurtownia"},"content":{"rendered":"<p class=\"ds-markdown-paragraph\">The\u00a0<strong><a title=\"Fizzy\" href=\"https:\/\/www.vape4wholesale.com\/pl\/product_brand\/gazowany\/\" target=\"_blank\" rel=\"noopener\">Fizzy<\/a> Max III 6w1<\/strong> to jednorazowy waporyzator nowej generacji o innowacyjnej konstrukcji. Jest on wyposa\u017cony w trzy wst\u0119pnie nape\u0142nione kapsu\u0142ki e-liquidu, ale oferuje znacznie wi\u0119cej ni\u017c tylko trzy r\u00f3\u017cne smaki. Mieszaj\u0105c dowolne dwa z trzech smak\u00f3w, mo\u017cna odblokowa\u0107 wyj\u0105tkowe i ekscytuj\u0105ce doznania smakowe. Po po\u0142\u0105czeniu dw\u00f3ch smak\u00f3w zwi\u0119ksza si\u0119 przep\u0142yw powietrza, zapewniaj\u0105c bardziej intensywne i satysfakcjonuj\u0105ce uderzenie. Oznacza to, \u017ce urz\u0105dzenie zapewnia sze\u015b\u0107 r\u00f3\u017cnych opcji smakowych podczas jednej inhalacji.<\/p>\n<p class=\"ds-markdown-paragraph\">Dzi\u0119ki ca\u0142kowitej pojemno\u015bci e-liquidu wynosz\u0105cej 50 ml (3\u00d716,7 ml) i pot\u0119\u017cnemu akumulatorowi 850 mAh, Fizzy Max III 6in1 zapewnia d\u0142ugotrwa\u0142\u0105 wydajno\u015b\u0107, eliminuj\u0105c obawy o szybkie wyczerpanie. Obs\u0142uguje do 60 000 zaci\u0105gni\u0119\u0107, co czyni go idealnym wyborem do d\u0142ugotrwa\u0142ego u\u017cytkowania. Dodatkowo, urz\u0105dzenie posiada regulowan\u0105 doln\u0105 kontrol\u0119 przep\u0142ywu powietrza i system dw\u00f3ch tryb\u00f3w (normalny i Boost), co pozwala na dostosowanie wra\u017ce\u0144 z waporyzacji do w\u0142asnych preferencji.<\/p>\n<h2><strong>Jak dzia\u0142a system Fizzy Max III 6w1?<\/strong><\/h2>\n<ol start=\"1\">\n<li>\n<p class=\"ds-markdown-paragraph\">Wystarczy podnie\u015b\u0107 i obr\u00f3ci\u0107 ustnik, aby prze\u0142\u0105cza\u0107 si\u0119 mi\u0119dzy smakami.<\/p>\n<\/li>\n<li>\n<p class=\"ds-markdown-paragraph\">Urz\u0105dzenie p\u0142ynnie prze\u0142\u0105cza si\u0119 mi\u0119dzy pojedynczymi smakami i kombinacjami hybrydowymi w nast\u0119puj\u0105cej kolejno\u015bci:<\/p>\n<ul>\n<li>\n<p class=\"ds-markdown-paragraph\">Smak A \u2192 Mix AB<\/p>\n<\/li>\n<li>\n<p class=\"ds-markdown-paragraph\">Smak B \u2192 Mix BC<\/p>\n<\/li>\n<li>\n<p class=\"ds-markdown-paragraph\">Smak C \u2192 Mix CA<\/p>\n<\/li>\n<\/ul>\n<\/li>\n<\/ol>\n<p class=\"ds-markdown-paragraph\">Ten intuicyjny mechanizm zapewnia \u0142atwe przechodzenie mi\u0119dzy wszystkimi sze\u015bcioma mo\u017cliwymi profilami smakowymi, dzi\u0119ki czemu korzystanie z urz\u0105dzenia 6 w 1 jest zar\u00f3wno wygodne, jak i ekscytuj\u0105ce. <a title=\"Jak dzia\u0142a fizzy max III 6w1?\" href=\"https:\/\/www.youtube.com\/watch?v=CoxB_HvaU3k\" target=\"_blank\" rel=\"noopener\">wideo<\/a><\/p>\n<h2><strong>Zoptymalizowany dla r\u00f3\u017cnych styl\u00f3w waporyzacji<\/strong><\/h2>\n<p class=\"ds-markdown-paragraph\">Fizzy Max III inteligentnie dostosowuje si\u0119 zar\u00f3wno do preferencji waporyzacji ustno-p\u0142ucnej (MTL), jak i bezpo\u015bredniej (DL):<\/p>\n<ul>\n<li>\n<p class=\"ds-markdown-paragraph\">Tryb pojedynczego smaku - idealny do p\u0142ynnego, aromatycznego zaci\u0105gania si\u0119 z ust do p\u0142uc (MTL), zapewniaj\u0105c klasyczny, mocny wdech podobny do tradycyjnych papieros\u00f3w. Idealny do delektowania si\u0119 czysto\u015bci\u0105 ka\u017cdego indywidualnego smaku.<\/p>\n<\/li>\n<li>\n<p class=\"ds-markdown-paragraph\">Tryb Dual-Flavor Mix - Zaprojektowany z my\u015bl\u0105 o odwa\u017cnych, przewiewnych, bezpo\u015brednich uderzeniach w p\u0142uco (DL), zwi\u0119kszony przep\u0142yw powietrza i mieszane smaki tworz\u0105 bardziej intensywn\u0105 i obszern\u0105 par\u0119, zwi\u0119kszaj\u0105c wra\u017cenia sensoryczne dla mi\u0142o\u015bnik\u00f3w chmur.<\/p>\n<\/li>\n<\/ul>\n<p class=\"ds-markdown-paragraph\">Ta dwufunkcyjna wszechstronno\u015b\u0107 zapewnia, \u017ce niezale\u017cnie od tego, czy wolisz ograniczone, aromatyczne zaci\u0105gni\u0119cie si\u0119, czy g\u0142\u0119bokie, satysfakcjonuj\u0105ce uderzenie w p\u0142uca, Fizzy Max III p\u0142ynnie dostosowuje si\u0119 do Twojego stylu.<\/p>\n<div class=\"markdown-table-wrapper\">\n<h2><strong>Szybka specyfikacja Fizzy Max III 6w1<\/strong><\/h2>\n<div class=\"markdown-table-wrapper\">\n<table>\n<thead>\n<tr>\n<th><strong>Cecha<\/strong><\/th>\n<th><strong>Specyfikacja<\/strong><\/th>\n<\/tr>\n<\/thead>\n<tbody>\n<tr>\n<td><strong>Typ projektu<\/strong><\/td>\n<td>Zaawansowane jednorazowe vape z hybrydow\u0105 technologi\u0105 smakow\u0105<\/td>\n<\/tr>\n<tr>\n<td><strong>System aromat\u00f3w<\/strong><\/td>\n<td>6 w 1 (3 indywidualne smaki + 3 konfigurowalne mieszanki)<\/td>\n<\/tr>\n<tr>\n<td><strong>Pojemno\u015b\u0107 e-liquidu<\/strong><\/td>\n<td>\u0141\u0105cznie 50 ml (3\u00d716,7 ml str\u0105k\u00f3w)<\/td>\n<\/tr>\n<tr>\n<td><strong>Bateria<\/strong><\/td>\n<td>Akumulator 850 mAh<\/td>\n<\/tr>\n<tr>\n<td><strong>Puff Count<\/strong><\/td>\n<td>Do 60 000 zaci\u0105gni\u0119\u0107<\/td>\n<\/tr>\n<tr>\n<td><strong>Kontrola przep\u0142ywu powietrza<\/strong><\/td>\n<td>Regulowany dolny przep\u0142yw powietrza<\/td>\n<\/tr>\n<tr>\n<td><strong>Tryby dzia\u0142ania<\/strong><\/td>\n<td>\u2013\u00a0<strong>Tryb normalny<\/strong>: Wyj\u015bcie standardowe<br \/>\n\u2013\u00a0<strong>Tryb Boost<\/strong>: Zwi\u0119kszona intensywno\u015b\u0107 pary i smaku<\/td>\n<\/tr>\n<tr>\n<td><strong>Style wapowania<\/strong><\/td>\n<td>\u2013\u00a0<strong>Pojedynczy smak<\/strong>: Ciasne MTL (usta-p\u0142uca)<br \/>\n\u2013\u00a0<strong>Podw\u00f3jny smak<\/strong>: Airy DL (bezpo\u015brednie p\u0142uco)<\/td>\n<\/tr>\n<tr>\n<td><strong>Prze\u0142\u0105czanie smak\u00f3w<\/strong><\/td>\n<td>Obrotowy ustnik g\u00f3rny (A\u2192AB\u2192B\u2192BC\u2192C\u2192CA)<\/td>\n<\/tr>\n<\/tbody>\n<\/table>\n<h2><strong>Dost\u0119pne smaki Fizzy Max III<\/strong><\/h2>\n<p>1.truskawka arbuz &amp; cytryna limonka &amp; jagoda kokos<br \/>\n2.Blueberry Ice &amp; Fizzy Cherry &amp; Raspberry Lemon<br \/>\n3.arbuzowy l\u00f3d i truskawkowa cola waniliowa i mieszane jagody<br \/>\n4.Truskawkowy Smoczy Owoc &amp; Red Bull &amp; Malinowy Arbuz<br \/>\n5.truskawka malina i mango brzoskwinia i jagoda arbuz<br \/>\n6.truskawka winogrono &amp; jagoda kokos &amp; brzoskwinia cytryna<br \/>\n7.Blueberry Raspberry &amp; Triple Melon &amp; Strawberry Ice<br \/>\n8.Mix jag\u00f3d i kiwi, marakuja, guawa i truskawka, arbuz<br \/>\n9.L\u00f3d truskawkowy, kiwi i jagodowy oraz l\u00f3d arbuzowy<br \/>\n10.Blue Razz Ice &amp; Strawberry Kiwi &amp; Sour Pineapple Orange<br \/>\n11. Love 66 &amp; Red Bull Arbuz &amp; Truskawka Malina<br \/>\n12. Truskawkowy l\u00f3d, gazowana cola i arbuzowa guma balonowa<\/p>\n<h2><strong>Szczeg\u00f3\u0142y pakowania<\/strong><\/h2>\n<ul>\n<li>Waga produktu: 151 g\/szt.<\/li>\n<li>Rozmiar produktu: 42,8 * 42,2 * 125 mm<\/li>\n<li>ILO\u015a\u0106: 120 sztuk \/ ctn, 10 sztuk \/ pude\u0142ko<\/li>\n<li>G.W:18kg\/ctn<\/li>\n<\/ul>\n<p>&nbsp;<\/p>\n<figure id=\"attachment_22448\" aria-describedby=\"caption-attachment-22448\" style=\"width: 800px\" class=\"wp-caption alignnone\"><img loading=\"lazy\" decoding=\"async\" class=\"size-full wp-image-22448\" title=\"Fizzy Max III 60000 Puffs 6in1 Jednorazowy Vape Hurtownia (5)\" src=\"https:\/\/www.vape4wholesale.com\/wp-content\/uploads\/2025\/05\/Fizzy-Max-III-60000-Puffs-6in1-Disposable-Vape-Wholesale-5.webp\" alt=\"Fizzy Max III 60000 Puffs 6in1 Jednorazowy Vape Hurtownia (5)\" width=\"800\" height=\"800\" srcset=\"https:\/\/www.vape4wholesale.com\/wp-content\/uploads\/2025\/05\/Fizzy-Max-III-60000-Puffs-6in1-Disposable-Vape-Wholesale-5.webp 800w, https:\/\/www.vape4wholesale.com\/wp-content\/uploads\/2025\/05\/Fizzy-Max-III-60000-Puffs-6in1-Disposable-Vape-Wholesale-5-247x247.webp 247w, https:\/\/www.vape4wholesale.com\/wp-content\/uploads\/2025\/05\/Fizzy-Max-III-60000-Puffs-6in1-Disposable-Vape-Wholesale-5-100x100.webp 100w, https:\/\/www.vape4wholesale.com\/wp-content\/uploads\/2025\/05\/Fizzy-Max-III-60000-Puffs-6in1-Disposable-Vape-Wholesale-5-510x510.webp 510w, https:\/\/www.vape4wholesale.com\/wp-content\/uploads\/2025\/05\/Fizzy-Max-III-60000-Puffs-6in1-Disposable-Vape-Wholesale-5-300x300.webp 300w, https:\/\/www.vape4wholesale.com\/wp-content\/uploads\/2025\/05\/Fizzy-Max-III-60000-Puffs-6in1-Disposable-Vape-Wholesale-5-150x150.webp 150w, https:\/\/www.vape4wholesale.com\/wp-content\/uploads\/2025\/05\/Fizzy-Max-III-60000-Puffs-6in1-Disposable-Vape-Wholesale-5-768x768.webp 768w, https:\/\/www.vape4wholesale.com\/wp-content\/uploads\/2025\/05\/Fizzy-Max-III-60000-Puffs-6in1-Disposable-Vape-Wholesale-5-12x12.webp 12w, https:\/\/www.vape4wholesale.com\/wp-content\/uploads\/2025\/05\/Fizzy-Max-III-60000-Puffs-6in1-Disposable-Vape-Wholesale-5-64x64.webp 64w\" sizes=\"auto, (max-width: 800px) 100vw, 800px\" \/><figcaption id=\"caption-attachment-22448\" class=\"wp-caption-text\">Fizzy Max III 60000 Puffs 6in1 Jednorazowy Vape Hurtownia<\/figcaption><\/figure>\n<h2>DLACZEGO MY?<\/h2>\r\n<ul>\r\n<li>Prawdziwe, godne zaufania i profesjonalne \u017ar\u00f3d\u0142o vape.<\/li>\r\n<li>Gwarancja oryginalno\u015bci 100%: Dostarczamy tylko oryginalne i oryginalne produkty, odmawiamy podrabiania.<\/li>\r\n<li>Gwarancja dostawy 100%: U\u017cywamy najlepszej metody wysy\u0142ki, aby zapewni\u0107, \u017ce otrzymasz zam\u00f3wienie 100%.<\/li>\r\n<li>Po wysy\u0142ce podamy numer przesy\u0142ki i etykiet\u0119 wysy\u0142kow\u0105 oraz b\u0119dziemy \u015bledzi\u0107 towary do momentu ich podpisania.<\/li>\r\n<li>Brak problem\u00f3w celnych, brak taryf<\/li>\r\n<\/ul>\n<\/div>\n<\/div>","protected":false},"excerpt":{"rendered":"<p><b><span style=\"color: #00a859;\">Darmowa dostawa<\/span>\u00a0z europejskiego magazynu, czas dostawy 7-15 dni roboczych.<\/b><\/p>\r\n<div class=\"wsppc_div_block woocommerce_before_add_to_cart_form\">\r\n<p><strong>Odprawa celna przed dostaw\u0105 i 100% Gwarancja Dostawy<\/strong><\/p>\r\n<\/div>\n<p><span style=\"color: #ed1c24;\"><strong>Ten produkt zosta\u0142 wycofany i zast\u0105piony now\u0105 wersj\u0105. \u2192<a href=\"https:\/\/www.vape4wholesale.com\/pl\/produkt\/fizzy-max-iii-pro-6in1-60000-puffs-disposable-vape-wholesale\/\">Kliknij tutaj, aby dokona\u0107 zakupu<\/a>.<\/strong><\/span><\/p>","protected":false},"featured_media":22515,"comment_status":"open","ping_status":"closed","template":"","meta":[],"pwb-brand":[1268],"product_cat":[938],"product_tag":[24,948,1081,1114,22],"class_list":{"0":"post-22467","1":"product","2":"type-product","3":"status-publish","4":"has-post-thumbnail","6":"pwb-brand-fizzy","7":"product_cat-europe-warehouse","8":"product_tag-wholesale","9":"product_tag-fizzy","10":"product_tag-50-0ml","11":"product_tag-60000-puffs","12":"product_tag-disposable","13":"product_shipping_class-eu-warehouse","14":"wcpa_has_options","16":"first","17":"outofstock","18":"featured","19":"shipping-taxable","20":"purchasable","21":"product-type-variable"},"aioseo_notices":[],"brands":[{"id":1268,"name":"Fizzy","slug":"gazowany"}],"_links":{"self":[{"href":"https:\/\/www.vape4wholesale.com\/pl\/wp-json\/wp\/v2\/product\/22467","targetHints":{"allow":["GET"]}}],"collection":[{"href":"https:\/\/www.vape4wholesale.com\/pl\/wp-json\/wp\/v2\/product"}],"about":[{"href":"https:\/\/www.vape4wholesale.com\/pl\/wp-json\/wp\/v2\/types\/product"}],"replies":[{"embeddable":true,"href":"https:\/\/www.vape4wholesale.com\/pl\/wp-json\/wp\/v2\/comments?post=22467"}],"wp:featuredmedia":[{"embeddable":true,"href":"https:\/\/www.vape4wholesale.com\/pl\/wp-json\/wp\/v2\/media\/22515"}],"wp:attachment":[{"href":"https:\/\/www.vape4wholesale.com\/pl\/wp-json\/wp\/v2\/media?parent=22467"}],"wp:term":[{"taxonomy":"pwb-brand","embeddable":true,"href":"https:\/\/www.vape4wholesale.com\/pl\/wp-json\/wp\/v2\/pwb-brand?post=22467"},{"taxonomy":"product_cat","embeddable":true,"href":"https:\/\/www.vape4wholesale.com\/pl\/wp-json\/wp\/v2\/product_cat?post=22467"},{"taxonomy":"product_tag","embeddable":true,"href":"https:\/\/www.vape4wholesale.com\/pl\/wp-json\/wp\/v2\/product_tag?post=22467"}],"curies":[{"name":"wp","href":"https:\/\/api.w.org\/{rel}","templated":true}]}}