{"id":22419,"date":"2025-05-28T14:12:30","date_gmt":"2025-05-28T06:12:30","guid":{"rendered":"https:\/\/www.vape4wholesale.com\/?post_type=product&#038;p=22419"},"modified":"2026-01-26T13:39:03","modified_gmt":"2026-01-26T13:39:03","slug":"fizzy-nova-plus-40000-puff-jednorazowe-vape-hurtownia","status":"publish","type":"product","link":"https:\/\/www.vape4wholesale.com\/pl\/product\/fizzy-nova-plus-40000-puffs-disposable-vape-wholesale","title":{"rendered":"Fizzy Nova Plus 40000 Puffs Jednorazowa sprzeda\u017c hurtowa Vape"},"content":{"rendered":"<p class=\"ds-markdown-paragraph\"><a title=\"Fizzy\" href=\"https:\/\/www.vape4wholesale.com\/pl\/product_brand\/gazowany\/\" target=\"_blank\" rel=\"noopener\">Fizzy<\/a> Nova Plus 40000 Puffs jednorazowy vape ulepszony z <a title=\"Fizzy Nova 20000 Puffs\" href=\"https:\/\/www.vape4wholesale.com\/pl\/produkt\/fizzy-nova-20000-puff-jednorazowe-vape-hurtownia\/\" target=\"_blank\" rel=\"noopener\">Nova 20K<\/a>\u0142\u0105cz\u0105c wyj\u0105tkow\u0105 pojemno\u015b\u0107 z najnowocze\u015bniejsz\u0105 technologi\u0105. Dzi\u0119ki wst\u0119pnie nape\u0142nionemu zbiornikowi e-liquidu o pojemno\u015bci 40 ml i akumulatorowi 850 mAh (\u0142adowanemu przez port Type-C), zapewnia imponuj\u0105ce 40 000 zaci\u0105gni\u0119\u0107 - idealne rozwi\u0105zanie dla d\u0142u\u017cszej przyjemno\u015bci bez konieczno\u015bci cz\u0119stej wymiany.<\/p>\n<p class=\"ds-markdown-paragraph\">Opr\u00f3cz wytrzyma\u0142o\u015bci, Fizzy Nova Plus zwi\u0119ksza kontrol\u0119 i wszechstronno\u015b\u0107. Regulacja w dw\u00f3ch trybach (ECO i BOOST) pozwala na p\u0142ynne prze\u0142\u0105czanie mi\u0119dzy energooszcz\u0119dnym zaci\u0105ganiem si\u0119 i mocn\u0105 moc\u0105 wyj\u015bciow\u0105, zaspokajaj\u0105c r\u00f3\u017cne nastroje i potrzeby. Dodatkowo, regulowany przep\u0142yw powietrza pozwala precyzyjnie dostroi\u0107 zaci\u0105ganie si\u0119, niezale\u017cnie od tego, czy wolisz ciasne uderzenie usta-p\u0142uca, czy przewiewne doznania bezpo\u015brednio z p\u0142uc.<\/p>\n<p class=\"ds-markdown-paragraph\">Co wi\u0119cej, wygoda \u0142\u0105czy si\u0119 z innowacyjno\u015bci\u0105 dzi\u0119ki wbudowanemu wy\u015bwietlaczowi LED, kt\u00f3ry zapewnia monitorowanie poziomu e-cieczy i stanu baterii w czasie rzeczywistym. Kompaktowy, ale pe\u0142en funkcji, Fizzy Nova Plus zosta\u0142 zaprojektowany dla vaper\u00f3w, kt\u00f3rzy nie chc\u0105 i\u015b\u0107 na kompromis - oferuj\u0105c niezr\u00f3wnan\u0105 trwa\u0142o\u015b\u0107, personalizacj\u0119 i wydajno\u015b\u0107 w jednym eleganckim urz\u0105dzeniu.<\/p>\n<h2>Fizzy Nova Plus 40000 Puffs jednorazowe Vape Szybkie szczeg\u00f3\u0142y<\/h2>\n<ul>\n<li>Puffy: 40000 Puff\u00f3w<\/li>\n<li>Siatka cewki<\/li>\n<li>Regulowany tryb: ECO I BOOST<\/li>\n<li>Kontrola przep\u0142ywu powietrza<\/li>\n<li>Eliquid: 40 ml<\/li>\n<li>Bateria: 850 mAh<\/li>\n<li>Nikotyna: 2%\/ 5%<\/li>\n<li>Mo\u017cliwo\u015b\u0107 \u0142adowania:Typ-C<\/li>\n<li>Wy\u015bwietlacz LED Poziom na\u0142adowania baterii i p\u0142ynu<\/li>\n<\/ul>\n<h2>Dost\u0119pne smaki<\/h2>\n<p>1. L\u00f3d truskawkowy<br \/>\n2. Kokos z jagodami<br \/>\n3. Truskawka Kiwi<br \/>\n4. L\u00f3d jagodowy<br \/>\n5. L\u00f3d arbuzowy<br \/>\n6. Brzoskwinia Mango Arbuz<br \/>\n7. Kiwi Passion Fruit Guava<br \/>\n8. Raspberry Lemon<br \/>\n9. Triple Berry<br \/>\n10. L\u00f3d brzoskwiniowy<br \/>\n11. Grape Lime<br \/>\n12. Lemoniada Blue Razz<\/p>\n<h2>Szczeg\u00f3\u0142y pakowania<\/h2>\n<p>Waga produktu: 120 g\/szt.<br \/>\nRozmiar produktu: 52,5 * 24,5 * 104,3 mm<br \/>\nILO\u015a\u0106: 180 sztuk \/ ctn, 10 sztuk \/ pude\u0142ko<br \/>\nG.W:22kg\/ctn<\/p>\n<figure id=\"attachment_22408\" aria-describedby=\"caption-attachment-22408\" style=\"width: 800px\" class=\"wp-caption alignnone\"><img loading=\"lazy\" decoding=\"async\" class=\"size-full wp-image-22408\" title=\"Fizzy Nova Plus 40000 Puffs Jednorazowa sprzeda\u017c hurtowa Vape (1)\" src=\"https:\/\/www.vape4wholesale.com\/wp-content\/uploads\/2025\/05\/Fizzy-Nova-Plus-40000-Puffs-Disposable-Vape-Wholesale-1.jpg\" alt=\"Fizzy Nova Plus 40000 Puffs Jednorazowa sprzeda\u017c hurtowa Vape (1)\" width=\"800\" height=\"800\" srcset=\"https:\/\/www.vape4wholesale.com\/wp-content\/uploads\/2025\/05\/Fizzy-Nova-Plus-40000-Puffs-Disposable-Vape-Wholesale-1.jpg 800w, https:\/\/www.vape4wholesale.com\/wp-content\/uploads\/2025\/05\/Fizzy-Nova-Plus-40000-Puffs-Disposable-Vape-Wholesale-1-247x247.jpg 247w, https:\/\/www.vape4wholesale.com\/wp-content\/uploads\/2025\/05\/Fizzy-Nova-Plus-40000-Puffs-Disposable-Vape-Wholesale-1-100x100.jpg 100w, https:\/\/www.vape4wholesale.com\/wp-content\/uploads\/2025\/05\/Fizzy-Nova-Plus-40000-Puffs-Disposable-Vape-Wholesale-1-510x510.jpg 510w, https:\/\/www.vape4wholesale.com\/wp-content\/uploads\/2025\/05\/Fizzy-Nova-Plus-40000-Puffs-Disposable-Vape-Wholesale-1-300x300.jpg 300w, https:\/\/www.vape4wholesale.com\/wp-content\/uploads\/2025\/05\/Fizzy-Nova-Plus-40000-Puffs-Disposable-Vape-Wholesale-1-150x150.jpg 150w, https:\/\/www.vape4wholesale.com\/wp-content\/uploads\/2025\/05\/Fizzy-Nova-Plus-40000-Puffs-Disposable-Vape-Wholesale-1-768x768.jpg 768w, https:\/\/www.vape4wholesale.com\/wp-content\/uploads\/2025\/05\/Fizzy-Nova-Plus-40000-Puffs-Disposable-Vape-Wholesale-1-12x12.jpg 12w, https:\/\/www.vape4wholesale.com\/wp-content\/uploads\/2025\/05\/Fizzy-Nova-Plus-40000-Puffs-Disposable-Vape-Wholesale-1-64x64.jpg 64w\" sizes=\"auto, (max-width: 800px) 100vw, 800px\" \/><figcaption id=\"caption-attachment-22408\" class=\"wp-caption-text\">Fizzy Nova Plus 40000 Puffs Jednorazowa sprzeda\u017c hurtowa Vape<\/figcaption><\/figure>\n<h2>DLACZEGO MY?<\/h2>\r\n<ul>\r\n<li>Prawdziwe, godne zaufania i profesjonalne \u017ar\u00f3d\u0142o vape.<\/li>\r\n<li>Gwarancja oryginalno\u015bci 100%: Dostarczamy tylko oryginalne i oryginalne produkty, odmawiamy podrabiania.<\/li>\r\n<li>Gwarancja dostawy 100%: U\u017cywamy najlepszej metody wysy\u0142ki, aby zapewni\u0107, \u017ce otrzymasz zam\u00f3wienie 100%.<\/li>\r\n<li>Po wysy\u0142ce podamy numer przesy\u0142ki i etykiet\u0119 wysy\u0142kow\u0105 oraz b\u0119dziemy \u015bledzi\u0107 towary do momentu ich podpisania.<\/li>\r\n<li>Brak problem\u00f3w celnych, brak taryf<\/li>\r\n<\/ul>","protected":false},"excerpt":{"rendered":"<p><b><span style=\"color: #00a859;\">Free shipping<\/span>\u00a0from Europe warehouse, 7-15 working days delivery time.<\/b><\/p>\r\n<div class=\"wsppc_div_block woocommerce_before_add_to_cart_form\">\r\n<p><strong>Clear customs before delivery &amp; 100% Delivery Guarantee<\/strong><\/p>\r\n<\/div>","protected":false},"featured_media":22465,"comment_status":"open","ping_status":"closed","template":"","meta":[],"pwb-brand":[1268],"product_cat":[938],"product_tag":[948,1016,1026,22,24],"class_list":{"0":"post-22419","1":"product","2":"type-product","3":"status-publish","4":"has-post-thumbnail","6":"pwb-brand-fizzy","7":"product_cat-europe-warehouse","8":"product_tag-fizzy","9":"product_tag-40000-puffs","10":"product_tag-40-0ml","11":"product_tag-disposable","12":"product_tag-wholesale","13":"product_shipping_class-eu-warehouse","14":"wcpa_has_options","16":"first","17":"instock","18":"featured","19":"shipping-taxable","20":"purchasable","21":"product-type-variable"},"aioseo_notices":[],"brands":[{"id":1268,"name":"Fizzy","slug":"gazowany"}],"_links":{"self":[{"href":"https:\/\/www.vape4wholesale.com\/pl\/wp-json\/wp\/v2\/product\/22419","targetHints":{"allow":["GET"]}}],"collection":[{"href":"https:\/\/www.vape4wholesale.com\/pl\/wp-json\/wp\/v2\/product"}],"about":[{"href":"https:\/\/www.vape4wholesale.com\/pl\/wp-json\/wp\/v2\/types\/product"}],"replies":[{"embeddable":true,"href":"https:\/\/www.vape4wholesale.com\/pl\/wp-json\/wp\/v2\/comments?post=22419"}],"wp:featuredmedia":[{"embeddable":true,"href":"https:\/\/www.vape4wholesale.com\/pl\/wp-json\/wp\/v2\/media\/22465"}],"wp:attachment":[{"href":"https:\/\/www.vape4wholesale.com\/pl\/wp-json\/wp\/v2\/media?parent=22419"}],"wp:term":[{"taxonomy":"pwb-brand","embeddable":true,"href":"https:\/\/www.vape4wholesale.com\/pl\/wp-json\/wp\/v2\/pwb-brand?post=22419"},{"taxonomy":"product_cat","embeddable":true,"href":"https:\/\/www.vape4wholesale.com\/pl\/wp-json\/wp\/v2\/product_cat?post=22419"},{"taxonomy":"product_tag","embeddable":true,"href":"https:\/\/www.vape4wholesale.com\/pl\/wp-json\/wp\/v2\/product_tag?post=22419"}],"curies":[{"name":"wp","href":"https:\/\/api.w.org\/{rel}","templated":true}]}}