{"id":22135,"date":"2025-05-15T16:49:29","date_gmt":"2025-05-15T08:49:29","guid":{"rendered":"https:\/\/www.vape4wholesale.com\/?post_type=product&#038;p=22135"},"modified":"2026-01-26T13:39:05","modified_gmt":"2026-01-26T13:39:05","slug":"happ-bar-twin-pod-35000-jednorazowy-vape","status":"publish","type":"product","link":"https:\/\/www.vape4wholesale.com\/pl\/produkt\/happ-bar-twin-pod-35000-jednorazowy-vape","title":{"rendered":"Happ Bar Twin Pod 35000 Vape jednorazowego u\u017cytku"},"content":{"rendered":"<p class=\"ds-markdown-paragraph\">The <a title=\"Happ Bar\" href=\"https:\/\/www.vape4wholesale.com\/pl\/product_brand\/happ-bar\/\"><strong>Happ Bar<\/strong> <\/a>Twin Pod 35000 Disposable Vape to najlepsze urz\u0105dzenie o dw\u00f3ch smakach. Dzi\u0119ki imponuj\u0105cej pojemno\u015bci 35 000 zaci\u0105gni\u0119\u0107, to zmodernizowane urz\u0105dzenie posiada dwa zbiorniki o pojemno\u015bci 18 ml i obrotowy ustnik do \u0142atwego prze\u0142\u0105czania mi\u0119dzy smakami. Zasilany akumulatorem 650 mAh typu C i podw\u00f3jnymi cewkami siatkowymi (1,0ohm), zapewnia g\u0142adk\u0105, bogat\u0105 par\u0119 i d\u0142ugotrwa\u0142\u0105 wydajno\u015b\u0107.<\/p>\n<p class=\"ds-markdown-paragraph\">Dost\u0119pny jest z moc\u0105 nikotyny 2% i 5% do wyboru, a elegancka gradientowa konstrukcja z wy\u015bwietlaczem LED zapewnia stylowe doznania podczas waporyzacji. System dw\u00f3ch zbiornik\u00f3w eliminuje potrzeb\u0119 korzystania z wielu urz\u0105dze\u0144, a zwi\u0119kszona pojemno\u015b\u0107 e-liquidu zapewnia d\u0142u\u017csze u\u017cytkowanie. Idealny dla waper\u00f3w, kt\u00f3rzy pragn\u0105 r\u00f3\u017cnorodno\u015bci i wygody bez kompromis\u00f3w w zakresie smaku lub jako\u015bci pary.<\/p>\n<p class=\"ds-markdown-paragraph\">Zaprojektowany z my\u015bl\u0105 o przeno\u015bno\u015bci i wydajno\u015bci, \u0142\u0105czy innowacyjno\u015b\u0107 z praktyczno\u015bci\u0105. Przyci\u0105gaj\u0105cy wzrok design, d\u0142uga \u017cywotno\u015b\u0107 baterii i technologia dw\u00f3ch smak\u00f3w sprawiaj\u0105, \u017ce jest to doskona\u0142y wyb\u00f3r do ca\u0142odziennego wapowania. Ulepsz swoje do\u015bwiadczenie ju\u017c dzi\u015b dzi\u0119ki temu jednorazowemu waporyzatorowi o du\u017cej pojemno\u015bci i wielu funkcjach!<\/p>\n<h2 class=\"ds-markdown-paragraph\"><strong>Happ Bar Twin Pod 35000 Jednorazowe Vape Szybkie szczeg\u00f3\u0142y<\/strong><\/h2>\n<ul>\n<li>\n<p class=\"ds-markdown-paragraph\"><strong>Puffy:<\/strong>\u00a035,000<\/p>\n<\/li>\n<li>\n<p class=\"ds-markdown-paragraph\"><strong>Nikotyna:<\/strong>\u00a02% lub 5% (opcjonalnie)<\/p>\n<\/li>\n<li>\n<p class=\"ds-markdown-paragraph\"><strong>Bateria:<\/strong>\u00a0650 mAh (akumulator typu C)<\/p>\n<\/li>\n<li>\n<p class=\"ds-markdown-paragraph\"><strong>Pojemno\u015b\u0107 E-Liquid:<\/strong> 36ML-18mL + 18mL (podw\u00f3jny zbiornik)<\/p>\n<\/li>\n<li>\n<p class=\"ds-markdown-paragraph\"><strong>Cewka:<\/strong>\u00a0Podw\u00f3jna siatka (1,0ohm)<\/p>\n<\/li>\n<li>\n<p class=\"ds-markdown-paragraph\"><strong>Projekt:<\/strong>\u00a0Gradientowe kolory + wy\u015bwietlacz LED<\/p>\n<\/li>\n<\/ul>\n<h2><strong>Dlaczego warto wybra\u0107 Happ Bar Twin Pod 35000?<\/strong><\/h2>\n<ul>\n<li class=\"ds-markdown-paragraph\">Dwa smaki w jednym urz\u0105dzeniu - prze\u0142\u0105czaj si\u0119 mi\u0119dzy smakami bez wysi\u0142ku, przekr\u0119caj\u0105c ustnik.<\/li>\n<li class=\"ds-markdown-paragraph\">D\u0142u\u017csza \u017cywotno\u015b\u0107 i oszcz\u0119dno\u015b\u0107 - Wi\u0119ksza pojemno\u015b\u0107 e-soku oznacza mniejsz\u0105 liczb\u0119 wymian.<\/li>\n<li class=\"ds-markdown-paragraph\">G\u0142adkie i aromatyczne uderzenia - zaawansowane cewki z podw\u00f3jn\u0105 siatk\u0105 wzmacniaj\u0105 par\u0119 i smak.<\/li>\n<li class=\"ds-markdown-paragraph\">Przyci\u0105gaj\u0105cy wzrok design - Wyr\u00f3\u017cnij si\u0119 \u017cywym gradientowym wyko\u0144czeniem i wy\u015bwietlaczem LED.<\/li>\n<\/ul>\n<h2><strong>Dost\u0119pne smaki<\/strong><\/h2>\n<ol>\n<li>L\u00f3d brzoskwiniowo-mango-ananasowo-truskawkowy<\/li>\n<li>Lemoniada Blue Razz i l\u00f3d brzoskwiniowy<\/li>\n<li>Strawberry Kiwi &amp; Lush Ice<\/li>\n<li>Kr\u00f3wka malinowa i podw\u00f3jne jab\u0142ko<\/li>\n<li>L\u00f3d arbuzowy i limonka cytrynowa<\/li>\n<li>L\u00f3d jagodowy, malinowy, cytrynowy i wi\u015bniowy<\/li>\n<li>Truskawkowo-waniliowa cola i mieszane jagody<\/li>\n<li>Guma balonowa jagodowa, wi\u015bniowa, \u017curawinowa i arbuzowa<\/li>\n<li>Strawberry Banana &amp; Cola Ice<\/li>\n<li>L\u00f3d ananasowo-kokosowy i jagodowy<\/li>\n<li>Red Bull Ice &amp; Hami Melon<\/li>\n<li>L\u00f3d winogronowy i brzoskwinia jab\u0142kowa<\/li>\n<\/ol>\n<figure id=\"attachment_22120\" aria-describedby=\"caption-attachment-22120\" style=\"width: 800px\" class=\"wp-caption alignnone\"><img loading=\"lazy\" decoding=\"async\" class=\"size-full wp-image-22120\" title=\"Happ Bar Twin Pod 35000 Blueberry Cherry Cranberry &amp; Watermelon guma balonowa\" src=\"https:\/\/www.vape4wholesale.com\/wp-content\/uploads\/2025\/05\/Happ-Bar-Twin-Pod-35000-Blueberry-Cherry-Cranberry-Watermelon-Bubble-Gum.webp\" alt=\"Happ Bar Twin Pod 35000 Blueberry Cherry Cranberry &amp; Watermelon guma balonowa\" width=\"800\" height=\"800\" srcset=\"https:\/\/www.vape4wholesale.com\/wp-content\/uploads\/2025\/05\/Happ-Bar-Twin-Pod-35000-Blueberry-Cherry-Cranberry-Watermelon-Bubble-Gum.webp 800w, https:\/\/www.vape4wholesale.com\/wp-content\/uploads\/2025\/05\/Happ-Bar-Twin-Pod-35000-Blueberry-Cherry-Cranberry-Watermelon-Bubble-Gum-247x247.webp 247w, https:\/\/www.vape4wholesale.com\/wp-content\/uploads\/2025\/05\/Happ-Bar-Twin-Pod-35000-Blueberry-Cherry-Cranberry-Watermelon-Bubble-Gum-100x100.webp 100w, https:\/\/www.vape4wholesale.com\/wp-content\/uploads\/2025\/05\/Happ-Bar-Twin-Pod-35000-Blueberry-Cherry-Cranberry-Watermelon-Bubble-Gum-510x510.webp 510w, https:\/\/www.vape4wholesale.com\/wp-content\/uploads\/2025\/05\/Happ-Bar-Twin-Pod-35000-Blueberry-Cherry-Cranberry-Watermelon-Bubble-Gum-300x300.webp 300w, https:\/\/www.vape4wholesale.com\/wp-content\/uploads\/2025\/05\/Happ-Bar-Twin-Pod-35000-Blueberry-Cherry-Cranberry-Watermelon-Bubble-Gum-150x150.webp 150w, https:\/\/www.vape4wholesale.com\/wp-content\/uploads\/2025\/05\/Happ-Bar-Twin-Pod-35000-Blueberry-Cherry-Cranberry-Watermelon-Bubble-Gum-768x768.webp 768w, https:\/\/www.vape4wholesale.com\/wp-content\/uploads\/2025\/05\/Happ-Bar-Twin-Pod-35000-Blueberry-Cherry-Cranberry-Watermelon-Bubble-Gum-12x12.webp 12w, https:\/\/www.vape4wholesale.com\/wp-content\/uploads\/2025\/05\/Happ-Bar-Twin-Pod-35000-Blueberry-Cherry-Cranberry-Watermelon-Bubble-Gum-64x64.webp 64w\" sizes=\"auto, (max-width: 800px) 100vw, 800px\" \/><figcaption id=\"caption-attachment-22120\" class=\"wp-caption-text\">Happ Bar Twin Pod 35000 Blueberry Cherry Cranberry &amp; Watermelon guma balonowa<\/figcaption><\/figure>\n<h2>DLACZEGO MY?<\/h2>\r\n<ul>\r\n<li>Prawdziwe, godne zaufania i profesjonalne \u017ar\u00f3d\u0142o vape.<\/li>\r\n<li>Gwarancja oryginalno\u015bci 100%: Dostarczamy tylko oryginalne i oryginalne produkty, odmawiamy podrabiania.<\/li>\r\n<li>Gwarancja dostawy 100%: U\u017cywamy najlepszej metody wysy\u0142ki, aby zapewni\u0107, \u017ce otrzymasz zam\u00f3wienie 100%.<\/li>\r\n<li>Po wysy\u0142ce podamy numer przesy\u0142ki i etykiet\u0119 wysy\u0142kow\u0105 oraz b\u0119dziemy \u015bledzi\u0107 towary do momentu ich podpisania.<\/li>\r\n<li>Brak problem\u00f3w celnych, brak taryf<\/li>\r\n<\/ul>","protected":false},"excerpt":{"rendered":"<p><b><span style=\"color: #00a859;\">Free shipping<\/span>\u00a0from Europe warehouse, 7-15 working days delivery time.<\/b><\/p>\r\n<div class=\"wsppc_div_block woocommerce_before_add_to_cart_form\">\r\n<p><strong>Clear customs before delivery &amp; 100% Delivery Guarantee<\/strong><\/p>\r\n<\/div>","protected":false},"featured_media":22122,"comment_status":"open","ping_status":"closed","template":"","meta":[],"pwb-brand":[1267],"product_cat":[938],"product_tag":[22,24,849,1023,1035],"class_list":{"0":"post-22135","1":"product","2":"type-product","3":"status-publish","4":"has-post-thumbnail","6":"pwb-brand-happ-bar","7":"product_cat-europe-warehouse","8":"product_tag-disposable","9":"product_tag-wholesale","10":"product_tag-36-0ml","11":"product_tag-35000-puffs","12":"product_tag-happ-bar","13":"product_shipping_class-eu-warehouse","14":"wcpa_has_options","16":"first","17":"instock","18":"featured","19":"shipping-taxable","20":"purchasable","21":"product-type-variable"},"aioseo_notices":[],"brands":[{"id":1267,"name":"Happ Bar","slug":"happ-bar"}],"_links":{"self":[{"href":"https:\/\/www.vape4wholesale.com\/pl\/wp-json\/wp\/v2\/product\/22135","targetHints":{"allow":["GET"]}}],"collection":[{"href":"https:\/\/www.vape4wholesale.com\/pl\/wp-json\/wp\/v2\/product"}],"about":[{"href":"https:\/\/www.vape4wholesale.com\/pl\/wp-json\/wp\/v2\/types\/product"}],"replies":[{"embeddable":true,"href":"https:\/\/www.vape4wholesale.com\/pl\/wp-json\/wp\/v2\/comments?post=22135"}],"wp:featuredmedia":[{"embeddable":true,"href":"https:\/\/www.vape4wholesale.com\/pl\/wp-json\/wp\/v2\/media\/22122"}],"wp:attachment":[{"href":"https:\/\/www.vape4wholesale.com\/pl\/wp-json\/wp\/v2\/media?parent=22135"}],"wp:term":[{"taxonomy":"pwb-brand","embeddable":true,"href":"https:\/\/www.vape4wholesale.com\/pl\/wp-json\/wp\/v2\/pwb-brand?post=22135"},{"taxonomy":"product_cat","embeddable":true,"href":"https:\/\/www.vape4wholesale.com\/pl\/wp-json\/wp\/v2\/product_cat?post=22135"},{"taxonomy":"product_tag","embeddable":true,"href":"https:\/\/www.vape4wholesale.com\/pl\/wp-json\/wp\/v2\/product_tag?post=22135"}],"curies":[{"name":"wp","href":"https:\/\/api.w.org\/{rel}","templated":true}]}}