{"id":21760,"date":"2025-04-28T22:00:11","date_gmt":"2025-04-28T14:00:11","guid":{"rendered":"https:\/\/www.vape4wholesale.com\/?post_type=product&#038;p=21760"},"modified":"2026-01-27T13:38:24","modified_gmt":"2026-01-27T13:38:24","slug":"vapsolo-king-pro-40000-puff-jednorazowe-vape-hurtownia","status":"publish","type":"product","link":"https:\/\/www.vape4wholesale.com\/pl\/product\/vapsolo-king-pro-40000-puffs-disposable-vape-wholesale","title":{"rendered":"Vapsolo King Pro 40000 Puffs Jednorazowy Vape Hurtownia"},"content":{"rendered":"<p class=\"ds-markdown-paragraph\">w\u00a0<a title=\"Vapsolo\" href=\"https:\/\/www.vape4wholesale.com\/pl\/product_brand\/vapsolo\/\"><strong>Vapsolo<\/strong><\/a> Jednorazowy waporyzator King Pro 40000 zosta\u0142 zaprojektowany tak, aby zapewni\u0107 imponuj\u0105ce 40 000 zaci\u0105gni\u0119\u0107 na urz\u0105dzenie. Dzi\u0119ki du\u017cej pojemno\u015bci 40 ml e-liquidu i akumulatorowi 650 mAh (port typu C), ten jednorazowy vape zapewnia d\u0142u\u017csze u\u017cytkowanie bez konieczno\u015bci cz\u0119stej wymiany.<\/p>\n<p class=\"ds-markdown-paragraph\">Wbudowany wy\u015bwietlacz LCD zapewnia monitorowanie stanu baterii i e-liquidu w czasie rzeczywistym dla dodatkowej wygody. Wyposa\u017cony w cewk\u0119 siatkow\u0105 1,0\u03a9, King Pro wytwarza bogate, g\u0142adkie smaki i g\u0119st\u0105 par\u0119 przy ka\u017cdym zaci\u0105gni\u0119ciu. Regulowany przep\u0142yw powietrza umo\u017cliwia dostosowanie do preferencji zar\u00f3wno MTL (usta-p\u0142uca), jak i RDL (ograniczone bezpo\u015brednie p\u0142uca).<\/p>\n<h2><strong>Kluczowe cechy Vapsolo King Pro 40000 Puffs Vape<\/strong><\/h2>\n<p>\u2714 <strong>40 000 zaci\u0105gni\u0119\u0107<\/strong>\u00a0- Niezwykle d\u0142ugotrwa\u0142a przyjemno\u015b\u0107<br \/>\n\u2714\u00a0<strong>Wst\u0119pnie nape\u0142niony e-liquid o pojemno\u015bci 40 ml<\/strong>\u00a0- Nie wymaga uzupe\u0142niania<br \/>\n\u2714\u00a0<strong>Bateria 650 mAh z funkcj\u0105 \u0142adowania przez Type-C<\/strong>\u00a0- Szybkie i wygodne \u0142adowanie<br \/>\n\u2714\u00a0<strong>Cewka o oczkach 1,0\u03a9<\/strong>\u00a0- Ulepszony smak i produkcja pary<br \/>\n\u2714\u00a0<strong>Ekran LCD<\/strong>\u00a0- \u015aledzenie poziomu baterii i e-soku<br \/>\n\u2714\u00a0<strong>Regulowany przep\u0142yw powietrza<\/strong>\u00a0- Dostosuj odporno\u015b\u0107 na wyci\u0105ganie<\/p>\n<h2><strong>Dost\u0119pne smaki<\/strong><\/h2>\n<ul>\n<li>01.Cherry Lemon<\/li>\n<li>02. Kiwi Passion Fruit Guava<\/li>\n<li>03. Love 66<\/li>\n<li>04. Watermelon Ice<\/li>\n<li>05. Strawberry Kiwi<\/li>\n<li>06. Lemon Lime<\/li>\n<li>07. Strawberry Banana<\/li>\n<li>08. Black Ice Dragon Fruit Strawberry<\/li>\n<li>09. Peach Berry<\/li>\n<li>10. Arbuz truskawkowy<\/li>\n<li>11. Cherry Cola<\/li>\n<li>12. Grape Burst<\/li>\n<li>13. Mixed Berry<\/li>\n<li>14. Kwa\u015bna malina z jagodami<\/li>\n<li>15. Brzoskwinia Mango Ananas<\/li>\n<\/ul>\n<h2><strong>Szczeg\u00f3\u0142y pakowania<\/strong><\/h2>\n<ul>\n<li>1\/ Pojedyncze pude\u0142ko\/ 133g<\/li>\n<li>10\/ Display Box<\/li>\n<li>200\/ karton zbiorczy\/ 27,5 kg<\/li>\n<\/ul>\n<figure id=\"attachment_21787\" aria-describedby=\"caption-attachment-21787\" style=\"width: 800px\" class=\"wp-caption alignnone\"><img loading=\"lazy\" decoding=\"async\" class=\"size-full wp-image-21787\" title=\"truskawka banan Vapsolo King Pro 40000\" src=\"https:\/\/www.vape4wholesale.com\/wp-content\/uploads\/2025\/04\/strawberry-banana-Vapsolo-King-Pro-40000.webp\" alt=\"truskawka banan Vapsolo King Pro 40000\" width=\"800\" height=\"800\" srcset=\"https:\/\/www.vape4wholesale.com\/wp-content\/uploads\/2025\/04\/strawberry-banana-Vapsolo-King-Pro-40000.webp 800w, https:\/\/www.vape4wholesale.com\/wp-content\/uploads\/2025\/04\/strawberry-banana-Vapsolo-King-Pro-40000-247x247.webp 247w, https:\/\/www.vape4wholesale.com\/wp-content\/uploads\/2025\/04\/strawberry-banana-Vapsolo-King-Pro-40000-100x100.webp 100w, https:\/\/www.vape4wholesale.com\/wp-content\/uploads\/2025\/04\/strawberry-banana-Vapsolo-King-Pro-40000-510x510.webp 510w, https:\/\/www.vape4wholesale.com\/wp-content\/uploads\/2025\/04\/strawberry-banana-Vapsolo-King-Pro-40000-300x300.webp 300w, https:\/\/www.vape4wholesale.com\/wp-content\/uploads\/2025\/04\/strawberry-banana-Vapsolo-King-Pro-40000-150x150.webp 150w, https:\/\/www.vape4wholesale.com\/wp-content\/uploads\/2025\/04\/strawberry-banana-Vapsolo-King-Pro-40000-768x768.webp 768w, https:\/\/www.vape4wholesale.com\/wp-content\/uploads\/2025\/04\/strawberry-banana-Vapsolo-King-Pro-40000-12x12.webp 12w, https:\/\/www.vape4wholesale.com\/wp-content\/uploads\/2025\/04\/strawberry-banana-Vapsolo-King-Pro-40000-64x64.webp 64w\" sizes=\"auto, (max-width: 800px) 100vw, 800px\" \/><figcaption id=\"caption-attachment-21787\" class=\"wp-caption-text\">Vapsolo King Pro 40000 Puffs Jednorazowy Vape Hurtownia<\/figcaption><\/figure>\n<h2>DLACZEGO MY?<\/h2>\r\n<ul>\r\n<li>Prawdziwe, godne zaufania i profesjonalne \u017ar\u00f3d\u0142o vape.<\/li>\r\n<li>Gwarancja oryginalno\u015bci 100%: Dostarczamy tylko oryginalne i oryginalne produkty, odmawiamy podrabiania.<\/li>\r\n<li>Gwarancja dostawy 100%: U\u017cywamy najlepszej metody wysy\u0142ki, aby zapewni\u0107, \u017ce otrzymasz zam\u00f3wienie 100%.<\/li>\r\n<li>Po wysy\u0142ce podamy numer przesy\u0142ki i etykiet\u0119 wysy\u0142kow\u0105 oraz b\u0119dziemy \u015bledzi\u0107 towary do momentu ich podpisania.<\/li>\r\n<li>Brak problem\u00f3w celnych, brak taryf<\/li>\r\n<\/ul>","protected":false},"excerpt":{"rendered":"<p><b><span style=\"color: #00a859;\">Darmowa dostawa<\/span>\u00a0z europejskiego magazynu, czas dostawy 7-15 dni roboczych.<\/b><\/p>\r\n<div class=\"wsppc_div_block woocommerce_before_add_to_cart_form\">\r\n<p><strong>Odprawa celna przed dostaw\u0105 i 100% Gwarancja Dostawy<\/strong><\/p>\r\n<\/div>","protected":false},"featured_media":21785,"comment_status":"open","ping_status":"closed","template":"","meta":[],"pwb-brand":[1271],"product_cat":[938],"product_tag":[1016,1026,22,24,899],"class_list":{"0":"post-21760","1":"product","2":"type-product","3":"status-publish","4":"has-post-thumbnail","6":"pwb-brand-vapsolo","7":"product_cat-europe-warehouse","8":"product_tag-40000-puffs","9":"product_tag-40-0ml","10":"product_tag-disposable","11":"product_tag-wholesale","12":"product_tag-vapsolo","13":"product_shipping_class-eu-warehouse","14":"wcpa_has_options","16":"first","17":"instock","18":"shipping-taxable","19":"purchasable","20":"product-type-variable"},"aioseo_notices":[],"brands":[{"id":1271,"name":"Vapsolo","slug":"vapsolo"}],"_links":{"self":[{"href":"https:\/\/www.vape4wholesale.com\/pl\/wp-json\/wp\/v2\/product\/21760","targetHints":{"allow":["GET"]}}],"collection":[{"href":"https:\/\/www.vape4wholesale.com\/pl\/wp-json\/wp\/v2\/product"}],"about":[{"href":"https:\/\/www.vape4wholesale.com\/pl\/wp-json\/wp\/v2\/types\/product"}],"replies":[{"embeddable":true,"href":"https:\/\/www.vape4wholesale.com\/pl\/wp-json\/wp\/v2\/comments?post=21760"}],"wp:featuredmedia":[{"embeddable":true,"href":"https:\/\/www.vape4wholesale.com\/pl\/wp-json\/wp\/v2\/media\/21785"}],"wp:attachment":[{"href":"https:\/\/www.vape4wholesale.com\/pl\/wp-json\/wp\/v2\/media?parent=21760"}],"wp:term":[{"taxonomy":"pwb-brand","embeddable":true,"href":"https:\/\/www.vape4wholesale.com\/pl\/wp-json\/wp\/v2\/pwb-brand?post=21760"},{"taxonomy":"product_cat","embeddable":true,"href":"https:\/\/www.vape4wholesale.com\/pl\/wp-json\/wp\/v2\/product_cat?post=21760"},{"taxonomy":"product_tag","embeddable":true,"href":"https:\/\/www.vape4wholesale.com\/pl\/wp-json\/wp\/v2\/product_tag?post=21760"}],"curies":[{"name":"wp","href":"https:\/\/api.w.org\/{rel}","templated":true}]}}