{"id":2161,"date":"2022-03-04T20:38:21","date_gmt":"2022-03-04T12:38:21","guid":{"rendered":"https:\/\/www.vape4wholesale.com\/?post_type=product&#038;p=2161"},"modified":"2026-01-26T13:43:46","modified_gmt":"2026-01-26T13:43:46","slug":"lavie-box-3500-puffow-jednorazowych-vape-hurtowo","status":"publish","type":"product","link":"https:\/\/www.vape4wholesale.com\/pl\/product\/lavie-box-3500-puffs-disposable-vape-wholesale","title":{"rendered":"Lavie Box 3500 Puffs Jednorazowa sprzeda\u017c hurtowa Vape"},"content":{"rendered":"<p>w <strong><a href=\"https:\/\/www.vape4wholesale.com\/pl\/product_brand\/lavie\/\">Lavie<\/a> Box 3500<\/strong> to kolorowy, \u0142adnie wygl\u0105daj\u0105cy jednorazowy vape z funkcj\u0105 \u0142adowania, wykorzystuje wbudowan\u0105 bateri\u0119 400 mAh i p\u0142yn o pojemno\u015bci 11,5 ml, obs\u0142uguje maksymalnie 3500 zaci\u0105gni\u0119\u0107.<\/p>\n<h2>Lavie Box 3500 Puffs Lista smak\u00f3w Vape jednorazowego u\u017cytku<\/h2>\n<p>Wata cukrowa<br \/>\nWinogrono Pomara\u0144cza Jab\u0142ko<br \/>\nLush Ice<br \/>\nMango Ice<br \/>\nMix jag\u00f3d<br \/>\nO.M.G<br \/>\nL\u00f3d brzoskwiniowy<br \/>\nTruskawka Coco Ananas<\/p>\n<h2>Waga i pakowanie<\/h2>\n<p>Rozmiar korpusu: 69 * 38,5 * 19,5 mm<\/p>\n<p>Masa cia\u0142a: 55 g<\/p>\n<p>10 sztuk w opakowaniu<\/p>\n<p>13,5 KG\/karton zawiera 240 sztuk.<\/p>\n<h2>ODM\/OEM:<\/h2>\n<p>1000 sztuk na smak<\/p>\n<p>Moc nikotyny do wyboru na zam\u00f3wienie OEM\/ODM: 0%, 1%, 2%, 3%, 5%.<\/p>\n<figure id=\"attachment_13407\" aria-describedby=\"caption-attachment-13407\" style=\"width: 800px\" class=\"wp-caption alignnone\"><img loading=\"lazy\" decoding=\"async\" class=\"wp-image-13407 size-full\" title=\"Lavie Box 3500 jednorazowe Vape hurtowo wszystkie smaki\" src=\"https:\/\/www.vape4wholesale.com\/wp-content\/uploads\/2022\/03\/Lavie-Box-3500-Disposable-Vape-Wholesale-All-Flavors.jpg\" alt=\"Lavie Box 3500 jednorazowe Vape hurtowo wszystkie smaki\" width=\"800\" height=\"800\" srcset=\"https:\/\/www.vape4wholesale.com\/wp-content\/uploads\/2022\/03\/Lavie-Box-3500-Disposable-Vape-Wholesale-All-Flavors.jpg 800w, https:\/\/www.vape4wholesale.com\/wp-content\/uploads\/2022\/03\/Lavie-Box-3500-Disposable-Vape-Wholesale-All-Flavors-247x247.jpg 247w, https:\/\/www.vape4wholesale.com\/wp-content\/uploads\/2022\/03\/Lavie-Box-3500-Disposable-Vape-Wholesale-All-Flavors-100x100.jpg 100w, https:\/\/www.vape4wholesale.com\/wp-content\/uploads\/2022\/03\/Lavie-Box-3500-Disposable-Vape-Wholesale-All-Flavors-510x510.jpg 510w, https:\/\/www.vape4wholesale.com\/wp-content\/uploads\/2022\/03\/Lavie-Box-3500-Disposable-Vape-Wholesale-All-Flavors-64x64.jpg 64w, https:\/\/www.vape4wholesale.com\/wp-content\/uploads\/2022\/03\/Lavie-Box-3500-Disposable-Vape-Wholesale-All-Flavors-300x300.jpg 300w, https:\/\/www.vape4wholesale.com\/wp-content\/uploads\/2022\/03\/Lavie-Box-3500-Disposable-Vape-Wholesale-All-Flavors-150x150.jpg 150w, https:\/\/www.vape4wholesale.com\/wp-content\/uploads\/2022\/03\/Lavie-Box-3500-Disposable-Vape-Wholesale-All-Flavors-768x768.jpg 768w\" sizes=\"auto, (max-width: 800px) 100vw, 800px\" \/><figcaption id=\"caption-attachment-13407\" class=\"wp-caption-text\">Lavie Box 3500 Jednorazowa sprzeda\u017c hurtowa Vape<\/figcaption><\/figure>\n<h2>DLACZEGO MY?<\/h2>\r\n<ul>\r\n<li>Prawdziwe, godne zaufania i profesjonalne \u017ar\u00f3d\u0142o vape.<\/li>\r\n<li>Gwarancja oryginalno\u015bci 100%: Dostarczamy tylko oryginalne i oryginalne produkty, odmawiamy podrabiania.<\/li>\r\n<li>Gwarancja dostawy 100%: U\u017cywamy najlepszej metody wysy\u0142ki, aby zapewni\u0107, \u017ce otrzymasz zam\u00f3wienie 100%.<\/li>\r\n<li>Po wysy\u0142ce podamy numer przesy\u0142ki i etykiet\u0119 wysy\u0142kow\u0105 oraz b\u0119dziemy \u015bledzi\u0107 towary do momentu ich podpisania.<\/li>\r\n<li>Brak problem\u00f3w celnych, brak taryf<\/li>\r\n<\/ul>","protected":false},"excerpt":{"rendered":"<div class=\"wsppc_div_block woocommerce_before_add_to_cart_form\">\r\n<p><strong><span style=\"color: #00a859;\">Clear customs<\/span> before delivery &amp; 100% Delivery Guarantee, Delivery in 19~25 days around.\u00a0<\/strong><\/p>\r\n<\/div>","protected":false},"featured_media":13413,"comment_status":"open","ping_status":"closed","template":"","meta":[],"pwb-brand":[1277],"product_cat":[85],"product_tag":[113,22,24,37,112],"class_list":{"0":"post-2161","1":"product","2":"type-product","3":"status-publish","4":"has-post-thumbnail","6":"pwb-brand-lavie","7":"product_cat-3000-4000-puffs","8":"product_tag-3500-puffs","9":"product_tag-disposable","10":"product_tag-wholesale","11":"product_tag-lavie","12":"product_tag-11-5ml","14":"first","15":"instock","16":"shipping-taxable","17":"purchasable","18":"product-type-variable"},"aioseo_notices":[],"brands":[{"id":1277,"name":"Lavie","slug":"lavie"}],"_links":{"self":[{"href":"https:\/\/www.vape4wholesale.com\/pl\/wp-json\/wp\/v2\/product\/2161","targetHints":{"allow":["GET"]}}],"collection":[{"href":"https:\/\/www.vape4wholesale.com\/pl\/wp-json\/wp\/v2\/product"}],"about":[{"href":"https:\/\/www.vape4wholesale.com\/pl\/wp-json\/wp\/v2\/types\/product"}],"replies":[{"embeddable":true,"href":"https:\/\/www.vape4wholesale.com\/pl\/wp-json\/wp\/v2\/comments?post=2161"}],"wp:featuredmedia":[{"embeddable":true,"href":"https:\/\/www.vape4wholesale.com\/pl\/wp-json\/wp\/v2\/media\/13413"}],"wp:attachment":[{"href":"https:\/\/www.vape4wholesale.com\/pl\/wp-json\/wp\/v2\/media?parent=2161"}],"wp:term":[{"taxonomy":"pwb-brand","embeddable":true,"href":"https:\/\/www.vape4wholesale.com\/pl\/wp-json\/wp\/v2\/pwb-brand?post=2161"},{"taxonomy":"product_cat","embeddable":true,"href":"https:\/\/www.vape4wholesale.com\/pl\/wp-json\/wp\/v2\/product_cat?post=2161"},{"taxonomy":"product_tag","embeddable":true,"href":"https:\/\/www.vape4wholesale.com\/pl\/wp-json\/wp\/v2\/product_tag?post=2161"}],"curies":[{"name":"wp","href":"https:\/\/api.w.org\/{rel}","templated":true}]}}