{"id":21602,"date":"2025-04-21T21:47:54","date_gmt":"2025-04-21T13:47:54","guid":{"rendered":"https:\/\/www.vape4wholesale.com\/?post_type=product&#038;p=21602"},"modified":"2026-05-02T03:37:46","modified_gmt":"2026-05-01T19:37:46","slug":"vozol-gear-power-20k-jednorazowe-vape-hurtownia","status":"publish","type":"product","link":"https:\/\/www.vape4wholesale.com\/pl\/product\/vozol-gear-power-20k-disposable-vape-wholesale","title":{"rendered":"Vozol Gear Power 20K Jednorazowa sprzeda\u017c hurtowa Vape"},"content":{"rendered":"<p class=\"ds-markdown-paragraph\">w <a title=\"Vozol\" href=\"https:\/\/www.vape4wholesale.com\/pl\/product_brand\/vozol\/\"><strong>Vozol<\/strong><\/a> Gear Power 20K to zaawansowany jednorazowy waporyzator zasilany technologi\u0105 S.i.L.C. zapewniaj\u0105c\u0105 niezwykle g\u0142adki smak i produkcj\u0119 pary. Dzi\u0119ki inteligentnemu systemowi Dual Power mo\u017cna prze\u0142\u0105cza\u0107 si\u0119 mi\u0119dzy trybem Eco (do 20 000 zaci\u0105gni\u0119\u0107) w celu d\u0142u\u017cszego u\u017cytkowania lub trybem Power (do 12 000 zaci\u0105gni\u0119\u0107) w celu uzyskania intensywniejszych chmur i bogactwa - a wszystko to w jednym kompaktowym urz\u0105dzeniu.<\/p>\n<p class=\"ds-markdown-paragraph\">Wyposa\u017cony w podw\u00f3jn\u0105 cewk\u0119 siatkow\u0105, waporyzator ten zapewnia sp\u00f3jne ogrzewanie i lepsz\u0105 wyrazisto\u015b\u0107 smaku, a pe\u0142noekranowy wy\u015bwietlacz informuje o \u017cywotno\u015bci baterii i poziomie e-cieczy w czasie rzeczywistym. Wst\u0119pnie nape\u0142niony 20 ml wysokiej jako\u015bci e-cieczy o mocy nikotyny 5% (50 mg), zapewnia satysfakcjonuj\u0105ce uderzenie w gard\u0142o i solidn\u0105 satysfakcj\u0119 z nikotyny.<\/p>\n<h2>Vozol Gear Power 20K Vape Szybkie szczeg\u00f3\u0142y<\/h2>\n<ul>\n<li>S.i.L.C. Tech<\/li>\n<li>Podw\u00f3jny tryb zasilania ECO\/POWER<\/li>\n<li>Do 20000 zaci\u0105gni\u0119\u0107 w trybie Eco<\/li>\n<li>Do 12000 zaci\u0105gni\u0119\u0107 w trybie zasilania<\/li>\n<li>Cewka z podw\u00f3jn\u0105 siatk\u0105<\/li>\n<li>Wy\u015bwietlacz pe\u0142noekranowy<\/li>\n<li>20 ml wst\u0119pnie nape\u0142nionego p\u0142ynu E-Liquid<\/li>\n<li>5%(50mg) Si\u0142a nikotyny<\/li>\n<\/ul>\n<h2>Dost\u0119pne smaki<\/h2>\n<p>1. Arbuzowy l\u00f3d<br \/>\n2. L\u00f3d winogronowy<br \/>\n3. Mango Ice<br \/>\n4. Podw\u00f3jny l\u00f3d jab\u0142kowy<br \/>\n5. Lavafire<br \/>\n6. Jagodowa burza<br \/>\n7. Niebieskie Mojito<br \/>\n8. Mango Ananas Grejpfrut<br \/>\n9. Truskawka Kiwi<br \/>\n10. Arbuz malinowy<br \/>\n11. Blue Razz Ice<br \/>\n12. Mango truskawkowe<br \/>\n13. Lemon Lime<br \/>\n14. Lemoniada wi\u015bniowa<br \/>\n15. Jagody mieszane<br \/>\n16. Smoczy owoc Banan Wi\u015bnia<br \/>\n17. Mi\u0119ta cytrynowa<br \/>\n19. L\u00f3d brzoskwiniowy<br \/>\n20. Arbuz truskawkowy<\/p>\n<h2>Szczeg\u00f3\u0142y pakowania<\/h2>\n<ul>\n<li>1\/pude\u0142ko<\/li>\n<li>10\/pude\u0142ko z wy\u015bwietlaczem<\/li>\n<li>200\/ karton, 22,8 kg<\/li>\n<\/ul>\n<figure id=\"attachment_21614\" aria-describedby=\"caption-attachment-21614\" style=\"width: 750px\" class=\"wp-caption alignnone\"><img loading=\"lazy\" decoding=\"async\" class=\"wp-image-21614 size-full\" title=\"Vozol Gear Power 20K Jednorazowy Vape Sprzeda\u017c hurtowa (1)\" src=\"https:\/\/www.vape4wholesale.com\/wp-content\/uploads\/2025\/04\/Vozol-Gear-Power-20K-Disposable-Vape-Wholesale-1.webp\" alt=\"Vozol Gear Power 20K Jednorazowy Vape Sprzeda\u017c hurtowa (1)\" width=\"750\" height=\"800\" srcset=\"https:\/\/www.vape4wholesale.com\/wp-content\/uploads\/2025\/04\/Vozol-Gear-Power-20K-Disposable-Vape-Wholesale-1.webp 750w, https:\/\/www.vape4wholesale.com\/wp-content\/uploads\/2025\/04\/Vozol-Gear-Power-20K-Disposable-Vape-Wholesale-1-510x544.webp 510w, https:\/\/www.vape4wholesale.com\/wp-content\/uploads\/2025\/04\/Vozol-Gear-Power-20K-Disposable-Vape-Wholesale-1-281x300.webp 281w, https:\/\/www.vape4wholesale.com\/wp-content\/uploads\/2025\/04\/Vozol-Gear-Power-20K-Disposable-Vape-Wholesale-1-11x12.webp 11w, https:\/\/www.vape4wholesale.com\/wp-content\/uploads\/2025\/04\/Vozol-Gear-Power-20K-Disposable-Vape-Wholesale-1-64x68.webp 64w\" sizes=\"auto, (max-width: 750px) 100vw, 750px\" \/><figcaption id=\"caption-attachment-21614\" class=\"wp-caption-text\">Vozol Gear Power 20K Jednorazowa sprzeda\u017c hurtowa Vape<\/figcaption><\/figure>\n<h2>DLACZEGO MY?<\/h2>\r\n<ul>\r\n<li>Prawdziwe, godne zaufania i profesjonalne \u017ar\u00f3d\u0142o vape.<\/li>\r\n<li>Gwarancja oryginalno\u015bci 100%: Dostarczamy tylko oryginalne i oryginalne produkty, odmawiamy podrabiania.<\/li>\r\n<li>Gwarancja dostawy 100%: U\u017cywamy najlepszej metody wysy\u0142ki, aby zapewni\u0107, \u017ce otrzymasz zam\u00f3wienie 100%.<\/li>\r\n<li>Po wysy\u0142ce podamy numer przesy\u0142ki i etykiet\u0119 wysy\u0142kow\u0105 oraz b\u0119dziemy \u015bledzi\u0107 towary do momentu ich podpisania.<\/li>\r\n<li>Brak problem\u00f3w celnych, brak taryf<\/li>\r\n<\/ul>","protected":false},"excerpt":{"rendered":"<p><b><span style=\"color: #00a859;\">Darmowa dostawa<\/span>\u00a0z europejskiego magazynu, czas dostawy 7-15 dni roboczych.<\/b><\/p>\r\n<div class=\"wsppc_div_block woocommerce_before_add_to_cart_form\">\r\n<p><strong>Odprawa celna przed dostaw\u0105 i 100% Gwarancja Dostawy<\/strong><\/p>\r\n<\/div>","protected":false},"featured_media":21612,"comment_status":"open","ping_status":"closed","template":"","meta":[],"pwb-brand":[1276],"product_cat":[938],"product_tag":[22,24,172,794,1137],"class_list":{"0":"post-21602","1":"product","2":"type-product","3":"status-publish","4":"has-post-thumbnail","6":"pwb-brand-vozol","7":"product_cat-europe-warehouse","8":"product_tag-disposable","9":"product_tag-wholesale","10":"product_tag-20-0ml","11":"product_tag-20000-puffs","12":"product_tag-vozol","13":"product_shipping_class-eu-warehouse","15":"first","16":"outofstock","17":"featured","18":"shipping-taxable","19":"purchasable","20":"product-type-variable"},"aioseo_notices":[],"brands":[{"id":1276,"name":"Vozol","slug":"vozol"}],"_links":{"self":[{"href":"https:\/\/www.vape4wholesale.com\/pl\/wp-json\/wp\/v2\/product\/21602","targetHints":{"allow":["GET"]}}],"collection":[{"href":"https:\/\/www.vape4wholesale.com\/pl\/wp-json\/wp\/v2\/product"}],"about":[{"href":"https:\/\/www.vape4wholesale.com\/pl\/wp-json\/wp\/v2\/types\/product"}],"replies":[{"embeddable":true,"href":"https:\/\/www.vape4wholesale.com\/pl\/wp-json\/wp\/v2\/comments?post=21602"}],"wp:featuredmedia":[{"embeddable":true,"href":"https:\/\/www.vape4wholesale.com\/pl\/wp-json\/wp\/v2\/media\/21612"}],"wp:attachment":[{"href":"https:\/\/www.vape4wholesale.com\/pl\/wp-json\/wp\/v2\/media?parent=21602"}],"wp:term":[{"taxonomy":"pwb-brand","embeddable":true,"href":"https:\/\/www.vape4wholesale.com\/pl\/wp-json\/wp\/v2\/pwb-brand?post=21602"},{"taxonomy":"product_cat","embeddable":true,"href":"https:\/\/www.vape4wholesale.com\/pl\/wp-json\/wp\/v2\/product_cat?post=21602"},{"taxonomy":"product_tag","embeddable":true,"href":"https:\/\/www.vape4wholesale.com\/pl\/wp-json\/wp\/v2\/product_tag?post=21602"}],"curies":[{"name":"wp","href":"https:\/\/api.w.org\/{rel}","templated":true}]}}