{"id":21527,"date":"2025-04-18T23:41:27","date_gmt":"2025-04-18T15:41:27","guid":{"rendered":"https:\/\/www.vape4wholesale.com\/?post_type=product&#038;p=21527"},"modified":"2026-01-26T13:39:12","modified_gmt":"2026-01-26T13:39:12","slug":"vozol-vista-20000-jednorazowe-vape-hurtownia","status":"publish","type":"product","link":"https:\/\/www.vape4wholesale.com\/pl\/product\/vozol-vista-20000-disposable-vape-wholesale","title":{"rendered":"Vozol Vista 20000 Jednorazowy Vape Sprzeda\u017c hurtowa"},"content":{"rendered":"<p>The <a title=\"Vozol\" href=\"https:\/\/www.vape4wholesale.com\/pl\/product_brand\/vozol\/\"><strong>Vozol<\/strong><\/a> Vista 20000 na nowo definiuje wygod\u0119 dzi\u0119ki imponuj\u0105cej \u017cywotno\u015bci ponad 20 000 zaci\u0105gni\u0119\u0107, co czyni go jednym z najtrwalszych waporyzator\u00f3w jednorazowych na rynku. Wyposa\u017cony w wyra\u017any ekran OLED, pozwala monitorowa\u0107 w czasie rzeczywistym poziom baterii i e-liquidu, zapewniaj\u0105c bezproblemow\u0105 waporyzacj\u0119. Co wi\u0119cej, jego zestaw wielokrotnego u\u017cytku do wielokrotnego \u0142adowania zapewnia d\u0142u\u017csz\u0105 u\u017cyteczno\u015b\u0107, a bateria 650 mAh umo\u017cliwia pe\u0142ne na\u0142adowanie w zaledwie 45 minut - idealne rozwi\u0105zanie dla u\u017cytkownik\u00f3w w ruchu.<\/p>\n<p>Wyposa\u017cony w 6-stopniow\u0105 regulacj\u0119 mocy wyj\u015bciowej, Vista umo\u017cliwia precyzyjne dostrojenie intensywno\u015bci waporyzacji w celu uzyskania p\u0142ynniejszych zaci\u0105gni\u0119\u0107 lub g\u0119stszych chmur. Dzi\u0119ki zaawansowanej cewce S.i.L.C Tech Dual Mesh Coil, zapewnia bogaty, sp\u00f3jny smak przy ka\u017cdym zaci\u0105gni\u0119ciu, uzupe\u0142niony moc\u0105 nikotyny 5% (NS) dla satysfakcjonuj\u0105cego do\u015bwiadczenia waporyzacji MTL (usta-p\u0142uca).<\/p>\n<p>Zaprojektowane z my\u015bl\u0105 o zr\u00f3wnowa\u017conym rozwoju, urz\u0105dzenie wykorzystuje 65% PCR (plastik pochodz\u0105cy z recyklingu pou\u017cytkowego), zmniejszaj\u0105c wp\u0142yw na \u015brodowisko bez uszczerbku dla trwa\u0142o\u015bci. Ponadto spe\u0142nia standardy zgodno\u015bci TPD, zapewniaj\u0105c bezpiecze\u0144stwo i jako\u015b\u0107 na rynkach europejskich.<\/p>\n<p>Zasilany przez wydajny uk\u0142ad przetwarzania MCU, Vozol Vista gwarantuje stabiln\u0105 wydajno\u015b\u0107 i lepsz\u0105 responsywno\u015b\u0107. Niezale\u017cnie od tego, czy jeste\u015b pocz\u0105tkuj\u0105cym, czy do\u015bwiadczonym waperem, jego przyjazna dla u\u017cytkownika konstrukcja i zwi\u0119kszona liczba zaci\u0105gni\u0119\u0107 sprawiaj\u0105, \u017ce jest to najlepszy wyb\u00f3r do ca\u0142odziennego wapowania.<\/p>\n<h2><strong>Vozol Vista 20000 jednorazowe Vape Szybkie szczeg\u00f3\u0142y<\/strong><\/h2>\n<ul>\n<li>Wy\u015bwietlacz OLED informuj\u0105cy o poziomie na\u0142adowania baterii i p\u0142ynu E-liquid<\/li>\n<li>20,000+ Puffs<\/li>\n<li>Zestaw wielokrotnego u\u017cytku z akumulatorem<\/li>\n<li>6-stopniowa regulacja mocy wyj\u015bciowej<\/li>\n<li>Akumulator 650 mAh (pe\u0142ne na\u0142adowanie w 45 minut)<\/li>\n<li>5% Nictotine<\/li>\n<li>Cewka: S.i.L.C Tech Dual Mesh Coil<\/li>\n<li>Uk\u0142ad przetwarzaj\u0105cy: Uk\u0142ad MCU<\/li>\n<li>Materia\u0142: 65% PCR (nadaj\u0105cy si\u0119 do recyklingu ekologiczny materia\u0142 z tworzywa sztucznego)<\/li>\n<li>Zgodno\u015b\u0107 z TPD<\/li>\n<li>MTL Vaping<\/li>\n<\/ul>\n<h2><strong>Dost\u0119pne smaki<\/strong><\/h2>\n<p>1. Lavafire<br \/>\n2. L\u00f3d winogronowy<br \/>\n3. Miami Mint<br \/>\n4. L\u00f3d brzoskwiniowy<br \/>\n5. Jagody mieszane<br \/>\n6. Blue Razz Ice<br \/>\n7. Arbuzowy l\u00f3d<br \/>\n8. Lemon Lime<br \/>\n9. Mango truskawkowe<br \/>\n10. Cherry Cola<br \/>\n11. Arbuz malinowy<br \/>\n12. L\u00f3d z mango<br \/>\n14. Brzoskwinia Mango Arbuz<br \/>\n15. Truskawka malina wi\u015bnia<br \/>\n16. Grejpfrut z kwiatem czarnego bzu<br \/>\n17. Smoczy owoc Banan Wi\u015bnia<br \/>\n18. L\u00f3d z kwa\u015bnego jab\u0142ka<br \/>\n19. VZBULL<br \/>\n20. Arbuz Bubblegum<\/p>\n<h2><strong>Szczeg\u00f3\u0142y pakowania<\/strong><\/h2>\n<ul>\n<li>1 sztuka\/pojedyncze pude\u0142ko<\/li>\n<li>10 sztuk\/pude\u0142ko ekspozycyjne<\/li>\n<li>18,5 kg \/ 200 sztuk \/ karton<\/li>\n<\/ul>\n<figure id=\"attachment_21546\" aria-describedby=\"caption-attachment-21546\" style=\"width: 800px\" class=\"wp-caption alignnone\"><img loading=\"lazy\" decoding=\"async\" class=\"size-full wp-image-21546\" title=\"Vozol Vista 20000 Jednorazowa guma do \u017cucia Vape Watermelon Bubble Gum\" src=\"https:\/\/www.vape4wholesale.com\/wp-content\/uploads\/2025\/04\/Vozol-Vista-20000-Disposable-Vape-Watermelon-Bubble-Gum.webp\" alt=\"Vozol Vista 20000 Jednorazowa guma do \u017cucia Vape Watermelon Bubble Gum\" width=\"800\" height=\"800\" srcset=\"https:\/\/www.vape4wholesale.com\/wp-content\/uploads\/2025\/04\/Vozol-Vista-20000-Disposable-Vape-Watermelon-Bubble-Gum.webp 800w, https:\/\/www.vape4wholesale.com\/wp-content\/uploads\/2025\/04\/Vozol-Vista-20000-Disposable-Vape-Watermelon-Bubble-Gum-247x247.webp 247w, https:\/\/www.vape4wholesale.com\/wp-content\/uploads\/2025\/04\/Vozol-Vista-20000-Disposable-Vape-Watermelon-Bubble-Gum-100x100.webp 100w, https:\/\/www.vape4wholesale.com\/wp-content\/uploads\/2025\/04\/Vozol-Vista-20000-Disposable-Vape-Watermelon-Bubble-Gum-510x510.webp 510w, https:\/\/www.vape4wholesale.com\/wp-content\/uploads\/2025\/04\/Vozol-Vista-20000-Disposable-Vape-Watermelon-Bubble-Gum-300x300.webp 300w, https:\/\/www.vape4wholesale.com\/wp-content\/uploads\/2025\/04\/Vozol-Vista-20000-Disposable-Vape-Watermelon-Bubble-Gum-150x150.webp 150w, https:\/\/www.vape4wholesale.com\/wp-content\/uploads\/2025\/04\/Vozol-Vista-20000-Disposable-Vape-Watermelon-Bubble-Gum-768x768.webp 768w, https:\/\/www.vape4wholesale.com\/wp-content\/uploads\/2025\/04\/Vozol-Vista-20000-Disposable-Vape-Watermelon-Bubble-Gum-12x12.webp 12w, https:\/\/www.vape4wholesale.com\/wp-content\/uploads\/2025\/04\/Vozol-Vista-20000-Disposable-Vape-Watermelon-Bubble-Gum-64x64.webp 64w\" sizes=\"auto, (max-width: 800px) 100vw, 800px\" \/><figcaption id=\"caption-attachment-21546\" class=\"wp-caption-text\">Vozol Vista 20000 Vape jednorazowego u\u017cytku<\/figcaption><\/figure>\n<h2>DLACZEGO MY?<\/h2>\r\n<ul>\r\n<li>Prawdziwe, godne zaufania i profesjonalne \u017ar\u00f3d\u0142o vape.<\/li>\r\n<li>Gwarancja oryginalno\u015bci 100%: Dostarczamy tylko oryginalne i oryginalne produkty, odmawiamy podrabiania.<\/li>\r\n<li>Gwarancja dostawy 100%: U\u017cywamy najlepszej metody wysy\u0142ki, aby zapewni\u0107, \u017ce otrzymasz zam\u00f3wienie 100%.<\/li>\r\n<li>Po wysy\u0142ce podamy numer przesy\u0142ki i etykiet\u0119 wysy\u0142kow\u0105 oraz b\u0119dziemy \u015bledzi\u0107 towary do momentu ich podpisania.<\/li>\r\n<li>Brak problem\u00f3w celnych, brak taryf<\/li>\r\n<\/ul>","protected":false},"excerpt":{"rendered":"<p><b><span style=\"color: #00a859;\">Free shipping<\/span>\u00a0from Europe warehouse, 7-15 working days delivery time.<\/b><\/p>\r\n<div class=\"wsppc_div_block woocommerce_before_add_to_cart_form\">\r\n<p><strong>Clear customs before delivery &amp; 100% Delivery Guarantee<\/strong><\/p>\r\n<\/div>","protected":false},"featured_media":21546,"comment_status":"open","ping_status":"closed","template":"","meta":[],"pwb-brand":[1276],"product_cat":[873],"product_tag":[22,24,172,794,1137],"class_list":{"0":"post-21527","1":"product","2":"type-product","3":"status-publish","4":"has-post-thumbnail","6":"pwb-brand-vozol","7":"product_cat-above-20k-puffs","8":"product_tag-disposable","9":"product_tag-wholesale","10":"product_tag-20-0ml","11":"product_tag-20000-puffs","12":"product_tag-vozol","14":"first","15":"outofstock","16":"featured","17":"shipping-taxable","18":"purchasable","19":"product-type-variable"},"aioseo_notices":[],"brands":[{"id":1276,"name":"Vozol","slug":"vozol"}],"_links":{"self":[{"href":"https:\/\/www.vape4wholesale.com\/pl\/wp-json\/wp\/v2\/product\/21527","targetHints":{"allow":["GET"]}}],"collection":[{"href":"https:\/\/www.vape4wholesale.com\/pl\/wp-json\/wp\/v2\/product"}],"about":[{"href":"https:\/\/www.vape4wholesale.com\/pl\/wp-json\/wp\/v2\/types\/product"}],"replies":[{"embeddable":true,"href":"https:\/\/www.vape4wholesale.com\/pl\/wp-json\/wp\/v2\/comments?post=21527"}],"wp:featuredmedia":[{"embeddable":true,"href":"https:\/\/www.vape4wholesale.com\/pl\/wp-json\/wp\/v2\/media\/21546"}],"wp:attachment":[{"href":"https:\/\/www.vape4wholesale.com\/pl\/wp-json\/wp\/v2\/media?parent=21527"}],"wp:term":[{"taxonomy":"pwb-brand","embeddable":true,"href":"https:\/\/www.vape4wholesale.com\/pl\/wp-json\/wp\/v2\/pwb-brand?post=21527"},{"taxonomy":"product_cat","embeddable":true,"href":"https:\/\/www.vape4wholesale.com\/pl\/wp-json\/wp\/v2\/product_cat?post=21527"},{"taxonomy":"product_tag","embeddable":true,"href":"https:\/\/www.vape4wholesale.com\/pl\/wp-json\/wp\/v2\/product_tag?post=21527"}],"curies":[{"name":"wp","href":"https:\/\/api.w.org\/{rel}","templated":true}]}}