{"id":20867,"date":"2025-03-26T16:09:59","date_gmt":"2025-03-26T08:09:59","guid":{"rendered":"https:\/\/www.vape4wholesale.com\/?post_type=product&#038;p=20867"},"modified":"2026-03-30T11:15:50","modified_gmt":"2026-03-30T03:15:50","slug":"waspe-aiviou-3w1-60000-puffow-jednorazowe-vape","status":"publish","type":"product","link":"https:\/\/www.vape4wholesale.com\/pl\/product\/waspe-aiviou-3in1-60000-puffs-disposable-vape","title":{"rendered":"Waspe Aiviou 3w1 60000 puff\u00f3w jednorazowych Vape"},"content":{"rendered":"<p>The <a title=\"Waspe\" href=\"https:\/\/www.vape4wholesale.com\/pl\/product_brand\/osa\/\">Waspe<\/a> Aiviou 3in1 60000 to zaawansowane jednorazowe urz\u0105dzenie vape, kt\u00f3re rewolucjonizuje wygod\u0119 dzi\u0119ki trzem smakom w jednej kompaktowej konstrukcji. Obracaj\u0105c g\u00f3rny ustnik, u\u017cytkownicy mog\u0105 p\u0142ynnie prze\u0142\u0105cza\u0107 si\u0119 mi\u0119dzy smakami, oferuj\u0105c wszechstronne wra\u017cenia z waporyzacji, jak nigdy dot\u0105d. Jego tr\u00f3jk\u0105tny, ergonomiczny kszta\u0142t zapewnia wygodny chwyt, \u0142\u0105cz\u0105c praktyczno\u015b\u0107 z eleganck\u0105, nowoczesn\u0105 estetyk\u0105.<\/p>\n<p>Wyposa\u017cone w trzy wst\u0119pnie nape\u0142nione kapsu\u0142ki o pojemno\u015bci 18 ml (ca\u0142kowita pojemno\u015b\u0107 54 ml), urz\u0105dzenie to zapewnia d\u0142u\u017csze u\u017cytkowanie bez konieczno\u015bci cz\u0119stej wymiany. Zintegrowana cewka siatkowa 0,9\u03a9 zwi\u0119ksza produkcj\u0119 pary, zapewniaj\u0105c niezmiennie bogaty i pe\u0142ny smak podczas ka\u017cdego zaci\u0105gni\u0119cia. Dodatkowo, wbudowany wy\u015bwietlacz cyfrowy oferuje monitorowanie w czasie rzeczywistym poziomu e-cieczy i pozosta\u0142ego czasu pracy baterii, zapewniaj\u0105c optymaln\u0105 wydajno\u015b\u0107 przez ca\u0142y czas.<\/p>\n<p>Aby zapewni\u0107 spersonalizowan\u0105 satysfakcj\u0119, Aiviou 3in1 jest dost\u0119pny w 12 profesjonalnie wykonanych kombinacjach smakowych, zaspokajaj\u0105cych szeroki zakres preferencji. U\u017cytkownicy mog\u0105 r\u00f3wnie\u017c wybra\u0107 preferowan\u0105 moc nikotyny, z opcjami dost\u0119pnymi w 0% (bez nikotyny), 2% lub 5%.<\/p>\n<h2><strong>Waspe Aiviou 3w1 60000 Jednorazowe Vape Szybkie szczeg\u00f3\u0142y<\/strong><\/h2>\n<ul>\n<li>Wsparcie Puffs: 60000 Puffs<\/li>\n<li>Potr\u00f3jny smak, 3 kapsu\u0142ki<\/li>\n<li>Typ cewki i rezystancja: Mesh Coil 0,9ohm*3<\/li>\n<li>E-ciecz: 54 ml (3 * 18 ml)<\/li>\n<li>Nikotyna: 0%\/ 2%\/ 5%<\/li>\n<li>Bateria: 650 mAh<\/li>\n<li>Mo\u017cliwo\u015b\u0107 \u0142adowania:Typ-C<\/li>\n<li>Wy\u015bwietlacz LED pokazuje poziom na\u0142adowania baterii i poziom p\u0142ynu<\/li>\n<\/ul>\n<h2><strong>Dost\u0119pne smaki<\/strong><\/h2>\n<ul>\n<li>1. l\u00f3d arbuzowy, truskawka, kiwi i cytryna z limonk\u0105<\/li>\n<li>2. truskawkowy arbuz i truskawkowo-malinowy cukierek i l\u00f3d winogronowy<\/li>\n<li>3.Blueberry Ice &amp; Black Dragon Ice &amp; Fizzy Cherry Ice<\/li>\n<li>4.Strawberry Raspberry Cherry &amp; Love 666 &amp; Cherry Candy Ice<\/li>\n<li>5.Peach Ice &amp; Pineapple Mango Peach &amp; Cranberry Lemon<\/li>\n<li>6.Red Bull Ice &amp; Strawberry Mango &amp; Strawberry Watermelon Bubblegum<\/li>\n<li>7.Mixed Berries &amp; Gummy Bear &amp; Mixed Fruit<\/li>\n<li>8.Triple Melon Ice &amp; Rainbow Candy &amp; Blueberry Candy<\/li>\n<li>9.Grape Ice &amp; Strawberry Candy &amp; Strawberry Raspberry Cherry<\/li>\n<li>10.l\u00f3d truskawkowo-bananowo-ananasowo-kokosowy i l\u00f3d mango<\/li>\n<li>11.Cherry Cola Ice &amp; Strawberry Cola &amp; Cola Ice<\/li>\n<li>12.Blueberry Raspberry &amp; Blueberry Cotton Candy &amp; Double Apple Ice<\/li>\n<\/ul>\n<h2><strong>Szczeg\u00f3\u0142y pakowania<\/strong><\/h2>\n<ul>\n<li>Waga produktu: 130 g\/szt<\/li>\n<li>Rozmiar produktu: 47*47*116mm<\/li>\n<li>ILO\u015a\u0106: 160 sztuk\/szt., 10 sztuk\/pude\u0142ko<\/li>\n<li>G.W.: 21 kg<\/li>\n<\/ul>\n<figure id=\"attachment_20878\" aria-describedby=\"caption-attachment-20878\" style=\"width: 800px\" class=\"wp-caption alignnone\"><img loading=\"lazy\" decoding=\"async\" class=\"wp-image-20878 size-full\" title=\"Waspe Aiviou 3w1 60000 Puffs Jednorazowy Vape 2\" src=\"https:\/\/www.vape4wholesale.com\/wp-content\/uploads\/2025\/03\/Waspe-Aiviou-3in1-60000-Puffs-Disposable-Vape_2.webp\" alt=\"Waspe Aiviou 3w1 60000 Puffs Jednorazowy Vape 2\" width=\"800\" height=\"800\" srcset=\"https:\/\/www.vape4wholesale.com\/wp-content\/uploads\/2025\/03\/Waspe-Aiviou-3in1-60000-Puffs-Disposable-Vape_2.webp 800w, https:\/\/www.vape4wholesale.com\/wp-content\/uploads\/2025\/03\/Waspe-Aiviou-3in1-60000-Puffs-Disposable-Vape_2-247x247.webp 247w, https:\/\/www.vape4wholesale.com\/wp-content\/uploads\/2025\/03\/Waspe-Aiviou-3in1-60000-Puffs-Disposable-Vape_2-100x100.webp 100w, https:\/\/www.vape4wholesale.com\/wp-content\/uploads\/2025\/03\/Waspe-Aiviou-3in1-60000-Puffs-Disposable-Vape_2-510x510.webp 510w\" sizes=\"auto, (max-width: 800px) 100vw, 800px\" \/><figcaption id=\"caption-attachment-20878\" class=\"wp-caption-text\">Waspe Aiviou 3w1 60000 puff\u00f3w jednorazowych Vape<\/figcaption><\/figure>\n<figure id=\"attachment_20877\" aria-describedby=\"caption-attachment-20877\" style=\"width: 955px\" class=\"wp-caption alignnone\"><img loading=\"lazy\" decoding=\"async\" class=\"size-large wp-image-20877\" title=\"Waspe Aiviou 3w1 60000 puff\u00f3w jednorazowych Vape\" src=\"https:\/\/www.vape4wholesale.com\/wp-content\/uploads\/2025\/03\/Waspe-Aiviou-3in1-60000-Puffs-Disposable-Vape-955x1024.webp\" alt=\"Waspe Aiviou 3w1 60000 puff\u00f3w jednorazowych Vape\" width=\"955\" height=\"1024\" \/><figcaption id=\"caption-attachment-20877\" class=\"wp-caption-text\">Waspe Aiviou 3w1 60000 puff\u00f3w jednorazowych Vape<\/figcaption><\/figure>\n<h2>DLACZEGO MY?<\/h2>\r\n<ul>\r\n<li>Prawdziwe, godne zaufania i profesjonalne \u017ar\u00f3d\u0142o vape.<\/li>\r\n<li>Gwarancja oryginalno\u015bci 100%: Dostarczamy tylko oryginalne i oryginalne produkty, odmawiamy podrabiania.<\/li>\r\n<li>Gwarancja dostawy 100%: U\u017cywamy najlepszej metody wysy\u0142ki, aby zapewni\u0107, \u017ce otrzymasz zam\u00f3wienie 100%.<\/li>\r\n<li>Po wysy\u0142ce podamy numer przesy\u0142ki i etykiet\u0119 wysy\u0142kow\u0105 oraz b\u0119dziemy \u015bledzi\u0107 towary do momentu ich podpisania.<\/li>\r\n<li>Brak problem\u00f3w celnych, brak taryf<\/li>\r\n<\/ul>","protected":false},"excerpt":{"rendered":"<div class=\"wsppc_div_block woocommerce_before_add_to_cart_form\">\r\n<p><strong><span style=\"color: #00a859;\">Ocli\u0107 si\u0119<\/span> przed dostaw\u0105 i 100% Gwarancja Dostawy, Dostawa w oko\u0142o 19\u201325 dni.\u00a0<\/strong><\/p>\r\n<\/div>","protected":false},"featured_media":20877,"comment_status":"open","ping_status":"closed","template":"","meta":[],"pwb-brand":[1272],"product_cat":[873],"product_tag":[1115,22,24,999,1114],"class_list":{"0":"post-20867","1":"product","2":"type-product","3":"status-publish","4":"has-post-thumbnail","6":"pwb-brand-waspe","7":"product_cat-above-20k-puffs","8":"product_tag-54-0ml","9":"product_tag-disposable","10":"product_tag-wholesale","11":"product_tag-waspe","12":"product_tag-60000-puffs","13":"wcpa_has_options","15":"first","16":"instock","17":"featured","18":"shipping-taxable","19":"purchasable","20":"product-type-variable"},"aioseo_notices":[],"brands":[{"id":1272,"name":"Waspe","slug":"osa"}],"_links":{"self":[{"href":"https:\/\/www.vape4wholesale.com\/pl\/wp-json\/wp\/v2\/product\/20867","targetHints":{"allow":["GET"]}}],"collection":[{"href":"https:\/\/www.vape4wholesale.com\/pl\/wp-json\/wp\/v2\/product"}],"about":[{"href":"https:\/\/www.vape4wholesale.com\/pl\/wp-json\/wp\/v2\/types\/product"}],"replies":[{"embeddable":true,"href":"https:\/\/www.vape4wholesale.com\/pl\/wp-json\/wp\/v2\/comments?post=20867"}],"wp:featuredmedia":[{"embeddable":true,"href":"https:\/\/www.vape4wholesale.com\/pl\/wp-json\/wp\/v2\/media\/20877"}],"wp:attachment":[{"href":"https:\/\/www.vape4wholesale.com\/pl\/wp-json\/wp\/v2\/media?parent=20867"}],"wp:term":[{"taxonomy":"pwb-brand","embeddable":true,"href":"https:\/\/www.vape4wholesale.com\/pl\/wp-json\/wp\/v2\/pwb-brand?post=20867"},{"taxonomy":"product_cat","embeddable":true,"href":"https:\/\/www.vape4wholesale.com\/pl\/wp-json\/wp\/v2\/product_cat?post=20867"},{"taxonomy":"product_tag","embeddable":true,"href":"https:\/\/www.vape4wholesale.com\/pl\/wp-json\/wp\/v2\/product_tag?post=20867"}],"curies":[{"name":"wp","href":"https:\/\/api.w.org\/{rel}","templated":true}]}}