{"id":20684,"date":"2025-03-19T18:39:33","date_gmt":"2025-03-19T10:39:33","guid":{"rendered":"https:\/\/www.vape4wholesale.com\/?post_type=product&#038;p=20684"},"modified":"2026-04-28T02:20:38","modified_gmt":"2026-04-27T18:20:38","slug":"zooy-star-30000-puff-jednorazowe-vape-hurtownia","status":"publish","type":"product","link":"https:\/\/www.vape4wholesale.com\/pl\/product\/zooy-stars-30000-puffs-disposable-vape-wholesale","title":{"rendered":"Zooy Stars 30000 Puffs Jednorazowa sprzeda\u017c hurtowa Vape"},"content":{"rendered":"<p>The <strong><a title=\"Zooy\" href=\"https:\/\/www.vape4wholesale.com\/pl\/product_brand\/zooy\/\" target=\"_blank\" rel=\"noopener\">Zooy<\/a><\/strong> Stars 30000 to najnowocze\u015bniejszy jednorazowy waporyzator zaprojektowany z my\u015bl\u0105 o wyj\u0105tkowych doznaniach z waporyzacji. Dzi\u0119ki imponuj\u0105cej pojemno\u015bci 30 000 zaci\u0105gni\u0119\u0107, urz\u0105dzenie to zapewnia d\u0142ugotrwa\u0142\u0105 przyjemno\u015b\u0107. Posiada podw\u00f3jn\u0105 cewk\u0119 siatkow\u0105 dla lepszego smaku i produkcji pary, a tak\u017ce zakrzywiony ekran LED 3D, kt\u00f3ry wy\u015bwietla w czasie rzeczywistym \u017cywotno\u015b\u0107 baterii i informacje o u\u017cytkowaniu. Jego kompaktowy rozmiar (29*53<em>*<\/em>92mm) makes it portable and convenient for on-the-go use.<\/p>\n<p>It offers a wide range of customization options, including 10 wonderful flavors to suit every palate. It supports adjustable airflow, allowing users to tailor their vaping experience to their preferred intensity. the nicotine salt options among 20mg, 30mg, and 50mg, catering to both new and experienced vapers. Its dual mesh coil technology ensures consistent and rich flavor delivery with every puff.<\/p>\n<p>Equipped with a Type-C rechargeable battery, the Zooy Star 30000 combines sustainability with modern convenience. The sleek and ergonomic design, paired with the vibrant 3D curved LED screen, adds a touch of sophistication. Whether you\u2019re a beginner or a seasoned vaper, the Zooy Star 30000 delivers unmatched performance, style, and versatility in a compact and user-friendly package.<\/p>\n<h2><strong>Zooy Stars 30000 Puffs Jednorazowe Vape Kluczowe cechy<\/strong><\/h2>\n<ul>\n<li><strong>Up to 30,000 Puffs<\/strong>: Long-lasting disposable vape for extended use.<\/li>\n<li><strong>Lightweight Design<\/strong>: Weighs only 130g for easy portability.<\/li>\n<li><strong>Compact Size<\/strong>: Measures 29*53<em>*<\/em>92mm, perfect for on-the-go vaping.<\/li>\n<li><strong>Cewka z podw\u00f3jn\u0105 siatk\u0105<\/strong>: Enhances flavor and vapor production for a superior experience.<\/li>\n<li><strong>Nicotine Salt Options<\/strong>: Available in 20mg, 30mg, and 50mg to suit different preferences.<\/li>\n<li><strong>3D Curved LED Screen<\/strong>: Displays real-time battery life and usage information.<\/li>\n<li><strong>Akumulator TYPE-C<\/strong>: Fast and convenient charging with modern USB-C technology.<\/li>\n<li><strong>Regulowany przep\u0142yw powietrza<\/strong>: Customize your vaping intensity for a personalized experience.<\/li>\n<\/ul>\n<h2><strong>Dost\u0119pne smaki<\/strong><\/h2>\n<ol>\n<li>Redbull Energy,Star 30000 to najnowocze\u015bniejszy jednorazowy waporyzator zaprojektowany z my\u015bl\u0105 o wyj\u0105tkowych doznaniach z waporyzacji. Dzi\u0119ki imponuj\u0105cej pojemno\u015bci 30 000 zaci\u0105gni\u0119\u0107, urz\u0105dzenie to zapewnia d\u0142ugotrwa\u0142\u0105 przyjemno\u015b\u0107. Posiada podw\u00f3jn\u0105 cewk\u0119 siatkow\u0105 dla lepszego smaku i produkcji pary, a tak\u017ce zakrzywiony ekran LED 3D, kt\u00f3ry wy\u015bwietla w czasie rzeczywistym \u017cywotno\u015b\u0107 baterii i informacje o u\u017cytkowaniu. Jego kompaktowy rozmiar (29*53,92 mm) sprawia, \u017ce jest przeno\u015bny i wygodny do u\u017cytku w podr\u00f3\u017cy.,Oferuje szerok\u0105 gam\u0119 opcji dostosowywania, w tym 10 wspania\u0142ych smak\u00f3w, kt\u00f3re zaspokoj\u0105 ka\u017cde podniebienie. Obs\u0142uguje regulowany przep\u0142yw powietrza, umo\u017cliwiaj\u0105c u\u017cytkownikom dostosowanie wra\u017ce\u0144 z waporyzacji do preferowanej intensywno\u015bci. opcje soli nikotyny w\u015br\u00f3d 20 mg, 30 mg i 50 mg, zaspokajaj\u0105ce potrzeby zar\u00f3wno nowych, jak i do\u015bwiadczonych waper\u00f3w. Technologia podw\u00f3jnej cewki siatkowej zapewnia sp\u00f3jny i bogaty smak przy ka\u017cdym zaci\u0105gni\u0119ciu.,Wyposa\u017cony w akumulator typu C, Zooy Star 30000 \u0142\u0105czy w sobie zr\u00f3wnowa\u017cony rozw\u00f3j z nowoczesn\u0105 wygod\u0105. Elegancka i ergonomiczna konstrukcja, w po\u0142\u0105czeniu z \u017cywym, zakrzywionym ekranem LED 3D, dodaje odrobin\u0119 wyrafinowania. Niezale\u017cnie od tego, czy jeste\u015b pocz\u0105tkuj\u0105cym, czy do\u015bwiadczonym waperem, Zooy Star 30000 zapewnia niezr\u00f3wnan\u0105 wydajno\u015b\u0107, styl i wszechstronno\u015b\u0107 w kompaktowym i przyjaznym dla u\u017cytkownika pakiecie. Zooy Star 30000 Puffs Disposable Vape Kluczowe cechy, do 30 000 zaci\u0105gni\u0119\u0107,: D\u0142ugotrwa\u0142y jednorazowy vape do d\u0142ugotrwa\u0142ego u\u017cytkowania, lekka konstrukcja: Wa\u017cy tylko 130 g, co u\u0142atwia przenoszenie, Kompaktowy rozmiar: Mierzy 29*53,92 mm, idealny do wapowania w podr\u00f3\u017cy: Wzmacnia smak i produkcj\u0119 pary, zapewniaj\u0105c doskona\u0142e wra\u017cenia, Opcje soli nikotynowej: Dost\u0119pne w dawkach 20 mg, 30 mg i 50 mg, aby dopasowa\u0107 si\u0119 do r\u00f3\u017cnych preferencji, zakrzywiony ekran LED 3D,: Wy\u015bwietla w czasie rzeczywistym \u017cywotno\u015b\u0107 baterii i informacje o u\u017cytkowaniu: Szybkie i wygodne \u0142adowanie dzi\u0119ki nowoczesnej technologii USB-C.,: Dostosuj intensywno\u015b\u0107 wapowania, aby uzyska\u0107 spersonalizowane wra\u017cenia,Peach Iuice, Triple berry Ice, ZOOY STARS 30000 Puffs Disposable Vape All Flavors, ZOOY STARS 30000 Puffs Disposable Vape Triple Berry Ice, ZOOY STARS 30000 Puffs Disposable Vape Strawberry Watermelon, ZOOY STARS 30000 Puffs Disposable Vape Peach Juice, ZOOY STARS 30000 Puffs Disposable Vape Blueberry Cherry Cranberry,ZOOY STARS 30000 Puffs Jednorazowe Vape Redbull Energy,ZOOY STARS 30000 Puffs Jednorazowe Vape Strawberry Banana Ice,ZOOY STARS 30000 Puffs Jednorazowe Vape Strawberry Kiwi,ZOOY STARS 30000 Puffs Jednorazowe Vape Watermelon Ice,ZOOY STARS 30000 Puffs Jednorazowe Vape Blue Razz Ice<\/li>\n<li>Blue Razz Ice<\/li>\n<li>Arbuzowy l\u00f3d<\/li>\n<li>Arbuz truskawkowy<\/li>\n<li>Peach Iuice<\/li>\n<li>L\u00f3d truskawkowo-bananowy<\/li>\n<li>L\u00f3d jagodowy<\/li>\n<li>Triple berry Ice<\/li>\n<li>Truskawka Kiwi<\/li>\n<li>Jagoda Wi\u015bnia \u017burawina<\/li>\n<\/ol>\n<figure id=\"attachment_20695\" aria-describedby=\"caption-attachment-20695\" style=\"width: 800px\" class=\"wp-caption alignnone\"><img loading=\"lazy\" decoding=\"async\" class=\"size-full wp-image-20695\" title=\"ZOOY STARS 30000 Puffs Disposable Vape All Flavors\" src=\"https:\/\/www.vape4wholesale.com\/wp-content\/uploads\/2025\/03\/ZOOY-STARS-30000-Puffs-Disposable-Vape-All-Flavors.webp\" alt=\"ZOOY STARS 30000 Puffs Disposable Vape All Flavors\" width=\"800\" height=\"800\" srcset=\"https:\/\/www.vape4wholesale.com\/wp-content\/uploads\/2025\/03\/ZOOY-STARS-30000-Puffs-Disposable-Vape-All-Flavors.webp 800w, https:\/\/www.vape4wholesale.com\/wp-content\/uploads\/2025\/03\/ZOOY-STARS-30000-Puffs-Disposable-Vape-All-Flavors-247x247.webp 247w, https:\/\/www.vape4wholesale.com\/wp-content\/uploads\/2025\/03\/ZOOY-STARS-30000-Puffs-Disposable-Vape-All-Flavors-100x100.webp 100w, https:\/\/www.vape4wholesale.com\/wp-content\/uploads\/2025\/03\/ZOOY-STARS-30000-Puffs-Disposable-Vape-All-Flavors-510x510.webp 510w\" sizes=\"auto, (max-width: 800px) 100vw, 800px\" \/><figcaption id=\"caption-attachment-20695\" class=\"wp-caption-text\">ZOOY STARS 30000 Puffs Disposable Vape All Flavors<\/figcaption><\/figure>\n<h2>DLACZEGO MY?<\/h2>\r\n<ul>\r\n<li>Prawdziwe, godne zaufania i profesjonalne \u017ar\u00f3d\u0142o vape.<\/li>\r\n<li>Gwarancja oryginalno\u015bci 100%: Dostarczamy tylko oryginalne i oryginalne produkty, odmawiamy podrabiania.<\/li>\r\n<li>Gwarancja dostawy 100%: U\u017cywamy najlepszej metody wysy\u0142ki, aby zapewni\u0107, \u017ce otrzymasz zam\u00f3wienie 100%.<\/li>\r\n<li>Po wysy\u0142ce podamy numer przesy\u0142ki i etykiet\u0119 wysy\u0142kow\u0105 oraz b\u0119dziemy \u015bledzi\u0107 towary do momentu ich podpisania.<\/li>\r\n<li>Brak problem\u00f3w celnych, brak taryf<\/li>\r\n<\/ul>","protected":false},"excerpt":{"rendered":"<p><b><span style=\"color: #00a859;\">Darmowa dostawa<\/span>\u00a0z europejskiego magazynu, czas dostawy 7-15 dni roboczych.<\/b><\/p>\r\n<div class=\"wsppc_div_block woocommerce_before_add_to_cart_form\">\r\n<p><strong>Odprawa celna przed dostaw\u0105 i 100% Gwarancja Dostawy<\/strong><\/p>\r\n<\/div>","protected":false},"featured_media":20685,"comment_status":"open","ping_status":"closed","template":"","meta":[],"pwb-brand":[1273],"product_cat":[938],"product_tag":[22,24,850,1022,1024],"class_list":{"0":"post-20684","1":"product","2":"type-product","3":"status-publish","4":"has-post-thumbnail","6":"pwb-brand-zooy","7":"product_cat-europe-warehouse","8":"product_tag-disposable","9":"product_tag-wholesale","10":"product_tag-30000-puffs","11":"product_tag-zooy","12":"product_tag-30-ml","13":"product_shipping_class-eu-warehouse","14":"wcpa_has_options","16":"first","17":"instock","18":"featured","19":"shipping-taxable","20":"purchasable","21":"product-type-variable"},"aioseo_notices":[],"brands":[{"id":1273,"name":"Zooy","slug":"zooy"}],"_links":{"self":[{"href":"https:\/\/www.vape4wholesale.com\/pl\/wp-json\/wp\/v2\/product\/20684","targetHints":{"allow":["GET"]}}],"collection":[{"href":"https:\/\/www.vape4wholesale.com\/pl\/wp-json\/wp\/v2\/product"}],"about":[{"href":"https:\/\/www.vape4wholesale.com\/pl\/wp-json\/wp\/v2\/types\/product"}],"replies":[{"embeddable":true,"href":"https:\/\/www.vape4wholesale.com\/pl\/wp-json\/wp\/v2\/comments?post=20684"}],"wp:featuredmedia":[{"embeddable":true,"href":"https:\/\/www.vape4wholesale.com\/pl\/wp-json\/wp\/v2\/media\/20685"}],"wp:attachment":[{"href":"https:\/\/www.vape4wholesale.com\/pl\/wp-json\/wp\/v2\/media?parent=20684"}],"wp:term":[{"taxonomy":"pwb-brand","embeddable":true,"href":"https:\/\/www.vape4wholesale.com\/pl\/wp-json\/wp\/v2\/pwb-brand?post=20684"},{"taxonomy":"product_cat","embeddable":true,"href":"https:\/\/www.vape4wholesale.com\/pl\/wp-json\/wp\/v2\/product_cat?post=20684"},{"taxonomy":"product_tag","embeddable":true,"href":"https:\/\/www.vape4wholesale.com\/pl\/wp-json\/wp\/v2\/product_tag?post=20684"}],"curies":[{"name":"wp","href":"https:\/\/api.w.org\/{rel}","templated":true}]}}