{"id":20242,"date":"2025-02-26T11:53:11","date_gmt":"2025-02-26T03:53:11","guid":{"rendered":"https:\/\/www.vape4wholesale.com\/?post_type=product&#038;p=20242"},"modified":"2026-01-27T13:44:46","modified_gmt":"2026-01-27T13:44:46","slug":"uwin-crystal-20000-puff-jednorazowe-vape-hurtownia","status":"publish","type":"product","link":"https:\/\/www.vape4wholesale.com\/pl\/produkt\/uwin-crystal-20000-puff-jednorazowe-vape-hurtownia","title":{"rendered":"Uwin Crystal 20000 Puffs Jednorazowa sprzeda\u017c hurtowa Vape"},"content":{"rendered":"<p>The\u00a0<a title=\"Uwin\" href=\"https:\/\/www.vape4wholesale.com\/pl\/product_brand\/uwin\/\" target=\"_blank\" rel=\"noopener\"><strong>Uwin<\/strong><\/a> Crystal 20000 to wysokiej klasy urz\u0105dzenie SHISHA HOOKAH zaprojektowane z my\u015bl\u0105 o zapewnieniu wyj\u0105tkowych wra\u017ce\u0144 z waporyzacji. Dzi\u0119ki ogromnej pojemno\u015bci 25 ml i obs\u0142udze do 20 000 zaci\u0105gni\u0119\u0107, urz\u0105dzenie to zapewnia d\u0142ugotrwa\u0142\u0105 przyjemno\u015b\u0107 bez konieczno\u015bci cz\u0119stego uzupe\u0142niania. Imponuj\u0105ca liczba zaci\u0105gni\u0119\u0107 i du\u017ca pojemno\u015b\u0107 e-liquidu sprawiaj\u0105, \u017ce jest to niezawodny wyb\u00f3r zar\u00f3wno dla zwyk\u0142ych, jak i ci\u0119\u017ckich u\u017cytkownik\u00f3w.<\/p>\n<p>Wyposa\u017cony w akumulator 850 mAh i wygodny port Type-C, Uwin Crystal 20000 zosta\u0142 stworzony z my\u015bl\u0105 o wygodzie i wydajno\u015bci. Zaawansowana technologia cewki siatkowej poprawia dostarczanie smaku, zapewniaj\u0105c p\u0142ynne i satysfakcjonuj\u0105ce doznania podczas waporyzacji przy ka\u017cdym zaci\u0105gni\u0119ciu. Niezale\u017cnie od tego, czy jeste\u015b w domu, czy w podr\u00f3\u017cy, to urz\u0105dzenie oferuje sta\u0142\u0105 wydajno\u015b\u0107 i \u0142atwo\u015b\u0107 u\u017cytkowania.<\/p>\n<p>Dodatkowo, Uwin Crystal 20000 zaspokaja szeroki zakres preferencji dzi\u0119ki 12 unikalnym smakom i opcjom nikotynowym od 0%, 2%, 3% i 5%. Ta wszechstronno\u015b\u0107 zapewnia, \u017ce ka\u017cdy u\u017cytkownik mo\u017ce znale\u017a\u0107 idealne dopasowanie. Niezale\u017cnie od tego, czy jeste\u015b do\u015bwiadczonym entuzjast\u0105, czy nowicjuszem w SHISHA HOOKAH, Uwin Crystal 20000 \u0142\u0105czy w sobie innowacyjno\u015b\u0107, styl i funkcjonalno\u015b\u0107, zapewniaj\u0105c niezr\u00f3wnane wra\u017cenia z waporyzacji.<\/p>\n<h2>Uwin Crystal 20000 Jednorazowe Vape Szybki szczeg\u00f3\u0142<\/h2>\n<ul>\n<li>0% 2% 3% 5% Nikotyna<\/li>\n<li>Puffy:20000<\/li>\n<li>Pojemno\u015b\u0107: 25 ml<\/li>\n<li>200 sztuk\/karton<\/li>\n<li>10 sztuk \/ pude\u0142ko<\/li>\n<li>Dost\u0119pnych jest 12 smak\u00f3w<\/li>\n<li>850 mAh Akumulator kobaltowy port typu C<\/li>\n<li>Cewka: cewka siatkowa<\/li>\n<\/ul>\n<h2>Dost\u0119pne smaki<\/h2>\n<p>1. jagoda na lodzie<br \/>\n2. kiwi, marakuja, guawa<br \/>\n3. kiwi truskawkowe<br \/>\n4. mieszane jagody<br \/>\n5. arbuz truskawkowy<br \/>\n6. l\u00f3d winogronowy<br \/>\n7. l\u00f3d arbuzowy<br \/>\n8.Cherry Ice<br \/>\n9.L\u00f3d truskawkowy<br \/>\n10.Peach Ice<br \/>\n11.jagoda malina<br \/>\n12.Love 66<\/p>\n<h2>Szczeg\u00f3\u0142y pakowania<\/h2>\n<ul>\n<li>Ka\u017cdy karton: 20,3 kg<\/li>\n<li>Rozmiar kartonu: 39,5 * 39 * 30,5 cm<\/li>\n<\/ul>\n<figure id=\"attachment_20246\" aria-describedby=\"caption-attachment-20246\" style=\"width: 800px\" class=\"wp-caption alignnone\"><img loading=\"lazy\" decoding=\"async\" class=\"size-full wp-image-20246\" title=\"Uwin Crystal 20000 Puffs Jednorazowa sprzeda\u017c hurtowa Vape\" src=\"https:\/\/www.vape4wholesale.com\/wp-content\/uploads\/2025\/02\/Uwin-Crystal-20000-Puffs-Disposable-Vape-Wholesale.webp\" alt=\"Uwin Crystal 20000 Puffs Jednorazowa sprzeda\u017c hurtowa Vape\" width=\"800\" height=\"800\" srcset=\"https:\/\/www.vape4wholesale.com\/wp-content\/uploads\/2025\/02\/Uwin-Crystal-20000-Puffs-Disposable-Vape-Wholesale.webp 800w, https:\/\/www.vape4wholesale.com\/wp-content\/uploads\/2025\/02\/Uwin-Crystal-20000-Puffs-Disposable-Vape-Wholesale-247x247.webp 247w, https:\/\/www.vape4wholesale.com\/wp-content\/uploads\/2025\/02\/Uwin-Crystal-20000-Puffs-Disposable-Vape-Wholesale-100x100.webp 100w, https:\/\/www.vape4wholesale.com\/wp-content\/uploads\/2025\/02\/Uwin-Crystal-20000-Puffs-Disposable-Vape-Wholesale-510x510.webp 510w, https:\/\/www.vape4wholesale.com\/wp-content\/uploads\/2025\/02\/Uwin-Crystal-20000-Puffs-Disposable-Vape-Wholesale-64x64.webp 64w, https:\/\/www.vape4wholesale.com\/wp-content\/uploads\/2025\/02\/Uwin-Crystal-20000-Puffs-Disposable-Vape-Wholesale-300x300.webp 300w, https:\/\/www.vape4wholesale.com\/wp-content\/uploads\/2025\/02\/Uwin-Crystal-20000-Puffs-Disposable-Vape-Wholesale-150x150.webp 150w, https:\/\/www.vape4wholesale.com\/wp-content\/uploads\/2025\/02\/Uwin-Crystal-20000-Puffs-Disposable-Vape-Wholesale-768x768.webp 768w, https:\/\/www.vape4wholesale.com\/wp-content\/uploads\/2025\/02\/Uwin-Crystal-20000-Puffs-Disposable-Vape-Wholesale-12x12.webp 12w\" sizes=\"auto, (max-width: 800px) 100vw, 800px\" \/><figcaption id=\"caption-attachment-20246\" class=\"wp-caption-text\">Uwin Crystal 20000 Puffs Jednorazowa sprzeda\u017c hurtowa Vape<\/figcaption><\/figure>\n<figure id=\"attachment_20245\" aria-describedby=\"caption-attachment-20245\" style=\"width: 1000px\" class=\"wp-caption alignnone\"><img loading=\"lazy\" decoding=\"async\" class=\"size-full wp-image-20245\" title=\"Jednorazowy baner Vape Uwin Crystal 20000 Puffs\" src=\"https:\/\/www.vape4wholesale.com\/wp-content\/uploads\/2025\/02\/Uwin-Crystal-20000-Puffs-Disposable-Vape-banner.webp\" alt=\"Jednorazowy baner Vape Uwin Crystal 20000 Puffs\" width=\"1000\" height=\"667\" srcset=\"https:\/\/www.vape4wholesale.com\/wp-content\/uploads\/2025\/02\/Uwin-Crystal-20000-Puffs-Disposable-Vape-banner.webp 1000w, https:\/\/www.vape4wholesale.com\/wp-content\/uploads\/2025\/02\/Uwin-Crystal-20000-Puffs-Disposable-Vape-banner-510x340.webp 510w, https:\/\/www.vape4wholesale.com\/wp-content\/uploads\/2025\/02\/Uwin-Crystal-20000-Puffs-Disposable-Vape-banner-64x43.webp 64w, https:\/\/www.vape4wholesale.com\/wp-content\/uploads\/2025\/02\/Uwin-Crystal-20000-Puffs-Disposable-Vape-banner-300x200.webp 300w, https:\/\/www.vape4wholesale.com\/wp-content\/uploads\/2025\/02\/Uwin-Crystal-20000-Puffs-Disposable-Vape-banner-768x512.webp 768w, https:\/\/www.vape4wholesale.com\/wp-content\/uploads\/2025\/02\/Uwin-Crystal-20000-Puffs-Disposable-Vape-banner-18x12.webp 18w\" sizes=\"auto, (max-width: 1000px) 100vw, 1000px\" \/><figcaption id=\"caption-attachment-20245\" class=\"wp-caption-text\">Jednorazowy baner Vape Uwin Crystal 20000 Puffs<\/figcaption><\/figure>\n<h2>DLACZEGO MY?<\/h2>\r\n<ul>\r\n<li>Prawdziwe, godne zaufania i profesjonalne \u017ar\u00f3d\u0142o vape.<\/li>\r\n<li>Gwarancja oryginalno\u015bci 100%: Dostarczamy tylko oryginalne i oryginalne produkty, odmawiamy podrabiania.<\/li>\r\n<li>Gwarancja dostawy 100%: U\u017cywamy najlepszej metody wysy\u0142ki, aby zapewni\u0107, \u017ce otrzymasz zam\u00f3wienie 100%.<\/li>\r\n<li>Po wysy\u0142ce podamy numer przesy\u0142ki i etykiet\u0119 wysy\u0142kow\u0105 oraz b\u0119dziemy \u015bledzi\u0107 towary do momentu ich podpisania.<\/li>\r\n<li>Brak problem\u00f3w celnych, brak taryf<\/li>\r\n<\/ul>","protected":false},"excerpt":{"rendered":"<div class=\"wsppc_div_block woocommerce_before_add_to_cart_form\">\r\n<p><strong><span style=\"color: #00a859;\">Clear customs<\/span> before delivery &amp; 100% Delivery Guarantee, Delivery in 19~25 days around.\u00a0<\/strong><\/p>\r\n<\/div>","protected":false},"featured_media":20246,"comment_status":"open","ping_status":"closed","template":"","meta":[],"pwb-brand":[1274],"product_cat":[874],"product_tag":[936,22,24,692,794],"class_list":{"0":"post-20242","1":"product","2":"type-product","3":"status-publish","4":"has-post-thumbnail","6":"pwb-brand-uwin","7":"product_cat-shisha-type","8":"product_tag-uwin","9":"product_tag-disposable","10":"product_tag-wholesale","11":"product_tag-25-0ml","12":"product_tag-20000-puffs","13":"wcpa_has_options","15":"first","16":"instock","17":"featured","18":"shipping-taxable","19":"purchasable","20":"product-type-variable"},"aioseo_notices":[],"brands":[{"id":1274,"name":"Uwin","slug":"uwin"}],"_links":{"self":[{"href":"https:\/\/www.vape4wholesale.com\/pl\/wp-json\/wp\/v2\/product\/20242","targetHints":{"allow":["GET"]}}],"collection":[{"href":"https:\/\/www.vape4wholesale.com\/pl\/wp-json\/wp\/v2\/product"}],"about":[{"href":"https:\/\/www.vape4wholesale.com\/pl\/wp-json\/wp\/v2\/types\/product"}],"replies":[{"embeddable":true,"href":"https:\/\/www.vape4wholesale.com\/pl\/wp-json\/wp\/v2\/comments?post=20242"}],"wp:featuredmedia":[{"embeddable":true,"href":"https:\/\/www.vape4wholesale.com\/pl\/wp-json\/wp\/v2\/media\/20246"}],"wp:attachment":[{"href":"https:\/\/www.vape4wholesale.com\/pl\/wp-json\/wp\/v2\/media?parent=20242"}],"wp:term":[{"taxonomy":"pwb-brand","embeddable":true,"href":"https:\/\/www.vape4wholesale.com\/pl\/wp-json\/wp\/v2\/pwb-brand?post=20242"},{"taxonomy":"product_cat","embeddable":true,"href":"https:\/\/www.vape4wholesale.com\/pl\/wp-json\/wp\/v2\/product_cat?post=20242"},{"taxonomy":"product_tag","embeddable":true,"href":"https:\/\/www.vape4wholesale.com\/pl\/wp-json\/wp\/v2\/product_tag?post=20242"}],"curies":[{"name":"wp","href":"https:\/\/api.w.org\/{rel}","templated":true}]}}