{"id":19758,"date":"2025-02-05T21:57:56","date_gmt":"2025-02-05T13:57:56","guid":{"rendered":"https:\/\/www.vape4wholesale.com\/?post_type=product&#038;p=19758"},"modified":"2026-03-30T11:13:42","modified_gmt":"2026-03-30T03:13:42","slug":"fumot-tornado-20000-hurtownia-vape-jednorazowego-uzytku","status":"publish","type":"product","link":"https:\/\/www.vape4wholesale.com\/pl\/product\/fumot-tornado-20000-disposable-vape-wholesale","title":{"rendered":"Fumot Tornado 20000 Jednorazowa sprzeda\u017c hurtowa Vape"},"content":{"rendered":"<p><strong>Fumot Tornado 20000 Vape jednorazowego u\u017cytku<\/strong>\u00a0to jednorazowe urz\u0105dzenie vape z podw\u00f3jn\u0105 cewk\u0105 siatkow\u0105 i inteligentnym ekranem LED. Dzi\u0119ki podw\u00f3jnym cewkom siatkowym mo\u017cesz spodziewa\u0107 si\u0119 bogatszego, bardziej satysfakcjonuj\u0105cego smaku przy ka\u017cdym zaci\u0105gni\u0119ciu. Inteligentny wy\u015bwietlacz LED zapewnia informacje w czasie rzeczywistym, pozwalaj\u0105c vaperom pozna\u0107 szczeg\u00f3\u0142y importu na pierwszy rzut oka, wy\u015bwietlacz pokazuje \u017cywotno\u015b\u0107 baterii i poziom e-juice. Jest wype\u0142niony 20 ml e-soku i mo\u017ce by\u0107 zaci\u0105gany do 20 000 razy. Fumot Tornado 20000 ma typ 5% i 20 smak\u00f3w do wyboru. Fumot Tornado 20000 posiada akumulator o pojemno\u015bci 900 mAh. Ta pot\u0119\u017cna bateria zapewnia d\u0142u\u017cszy czas u\u017cytkowania i mo\u017ce by\u0107 \u0142atwo \u0142adowana przez port typu C. Po\u017cegnaj si\u0119 z jednorazowymi waporyzatorami, w kt\u00f3rych bateria wyczerpuje si\u0119 zbyt szybko!<\/p>\n<h2><strong>Fumot Tornado 20000 Szybkie szczeg\u00f3\u0142y<\/strong><\/h2>\n<ul>\n<li>Typ: 5% Nic<\/li>\n<li>Bateria: akumulator 900 mAh<\/li>\n<li>Zaci\u0105gni\u0119cia: 20000 zaci\u0105gni\u0119\u0107<\/li>\n<li>Pojemno\u015b\u0107: 20 ml<\/li>\n<li>Wy\u015bwietlacz ze wska\u017anikiem oleju i akumulatora<\/li>\n<li>Port typu C<\/li>\n<li>20 smak\u00f3w<\/li>\n<li>Cewka: Podw\u00f3jna cewka siatkowa<\/li>\n<\/ul>\n<h2><strong>Dost\u0119pne smaki<\/strong><\/h2>\n<p>1 twardy cukierek jagodowo-malinowy<br \/>\n2 Blue Razz<br \/>\n3 Truskawka Kiwi<br \/>\n4 Brzoskwinia Ananas Pomara\u0144cza<br \/>\n5 kr\u0119gli<br \/>\n6 Brzoskwinia Mango Arbuz<br \/>\n7 Lody truskawkowe<br \/>\n8 L\u00f3d gruszkowy<br \/>\n9 Wata cukrowa<br \/>\n10 \u017celk\u00f3w<br \/>\n11 Lemoniada og\u00f3rkowa<br \/>\n12 Pina Colada<br \/>\n13 Huckleberry<br \/>\n14 L\u00f3d arbuzowy<br \/>\n15 Arbuz truskawkowy<br \/>\n16 Mixed Berry<br \/>\n17 Liczi Hami Melon<br \/>\n18 Cherry Lime<br \/>\n19 Ananas Cytryna Zielone Jab\u0142ko<br \/>\n20 Ciasto bananowe<br \/>\n21 Mr Blue<br \/>\n22 Cherry<br \/>\n23 Bor\u00f3wka Malina<br \/>\n24 Cherry Cola<br \/>\n25 Kiwi Passion Fruit Guava<br \/>\n26 L\u00f3d truskawkowy<br \/>\n27 L\u00f3d truskawkowo-malinowo-wi\u015bniowy<br \/>\n28 Cherry Berry<br \/>\n29 Kwa\u015bna malina z jagodami<br \/>\n30 Peach Berry<br \/>\n31 Blue Razz Gummy Bear<br \/>\n32 Cool Mint<br \/>\n33 Jagoda na lodzie<br \/>\n34 Cactus Ice<br \/>\n35 Red Grape Lime<br \/>\n36 Cola Lemon<br \/>\n37 Jab\u0142ko z czarn\u0105 porzeczk\u0105<br \/>\n38 Cactus Kiwi<br \/>\n39 Cola Ice<br \/>\n40 Mango Grape lce<br \/>\n41 Blueberry Cactus lce<br \/>\n42 Grape Kiwi<br \/>\n43 Jab\u0142ko Grejpfrut<\/p>\n<figure id=\"attachment_26815\" aria-describedby=\"caption-attachment-26815\" style=\"width: 800px\" class=\"wp-caption alignnone\"><img loading=\"lazy\" decoding=\"async\" class=\"size-full wp-image-26815\" title=\"Fumot Tornado 20000 Jednorazowa sprzeda\u017c hurtowa Vape\" src=\"https:\/\/www.vape4wholesale.com\/wp-content\/uploads\/2025\/02\/Fumot-Tornado-20000-Disposable-Vape-Wholesale-1.jpg\" alt=\"Fumot Tornado 20000 Jednorazowa sprzeda\u017c hurtowa Vape\" width=\"800\" height=\"800\" srcset=\"https:\/\/www.vape4wholesale.com\/wp-content\/uploads\/2025\/02\/Fumot-Tornado-20000-Disposable-Vape-Wholesale-1.jpg 800w, https:\/\/www.vape4wholesale.com\/wp-content\/uploads\/2025\/02\/Fumot-Tornado-20000-Disposable-Vape-Wholesale-1-300x300.jpg 300w, https:\/\/www.vape4wholesale.com\/wp-content\/uploads\/2025\/02\/Fumot-Tornado-20000-Disposable-Vape-Wholesale-1-150x150.jpg 150w, https:\/\/www.vape4wholesale.com\/wp-content\/uploads\/2025\/02\/Fumot-Tornado-20000-Disposable-Vape-Wholesale-1-768x768.jpg 768w, https:\/\/www.vape4wholesale.com\/wp-content\/uploads\/2025\/02\/Fumot-Tornado-20000-Disposable-Vape-Wholesale-1-12x12.jpg 12w, https:\/\/www.vape4wholesale.com\/wp-content\/uploads\/2025\/02\/Fumot-Tornado-20000-Disposable-Vape-Wholesale-1-247x247.jpg 247w, https:\/\/www.vape4wholesale.com\/wp-content\/uploads\/2025\/02\/Fumot-Tornado-20000-Disposable-Vape-Wholesale-1-510x510.jpg 510w, https:\/\/www.vape4wholesale.com\/wp-content\/uploads\/2025\/02\/Fumot-Tornado-20000-Disposable-Vape-Wholesale-1-100x100.jpg 100w\" sizes=\"auto, (max-width: 800px) 100vw, 800px\" \/><figcaption id=\"caption-attachment-26815\" class=\"wp-caption-text\">Fumot Tornado 20000 Jednorazowa sprzeda\u017c hurtowa Vape<\/figcaption><\/figure>\n<h2>DLACZEGO MY?<\/h2>\r\n<ul>\r\n<li>Prawdziwe, godne zaufania i profesjonalne \u017ar\u00f3d\u0142o vape.<\/li>\r\n<li>Gwarancja oryginalno\u015bci 100%: Dostarczamy tylko oryginalne i oryginalne produkty, odmawiamy podrabiania.<\/li>\r\n<li>Gwarancja dostawy 100%: U\u017cywamy najlepszej metody wysy\u0142ki, aby zapewni\u0107, \u017ce otrzymasz zam\u00f3wienie 100%.<\/li>\r\n<li>Po wysy\u0142ce podamy numer przesy\u0142ki i etykiet\u0119 wysy\u0142kow\u0105 oraz b\u0119dziemy \u015bledzi\u0107 towary do momentu ich podpisania.<\/li>\r\n<li>Brak problem\u00f3w celnych, brak taryf<\/li>\r\n<\/ul>","protected":false},"excerpt":{"rendered":"<div class=\"wsppc_div_block woocommerce_before_add_to_cart_form\">\r\n<p><strong><span style=\"color: #00a859;\">Ocli\u0107 si\u0119<\/span> przed dostaw\u0105 i 100% Gwarancja Dostawy, Dostawa w oko\u0142o 19\u201325 dni.\u00a0<\/strong><\/p>\r\n<\/div>","protected":false},"featured_media":26815,"comment_status":"open","ping_status":"closed","template":"","meta":[],"pwb-brand":[1269],"product_cat":[873],"product_tag":[172,592,794,22,24],"class_list":{"0":"post-19758","1":"product","2":"type-product","3":"status-publish","4":"has-post-thumbnail","6":"pwb-brand-fumot","7":"product_cat-above-20k-puffs","8":"product_tag-20-0ml","9":"product_tag-fumot","10":"product_tag-20000-puffs","11":"product_tag-disposable","12":"product_tag-wholesale","13":"wcpa_has_options","15":"first","16":"instock","17":"featured","18":"shipping-taxable","19":"purchasable","20":"product-type-variable"},"aioseo_notices":[],"brands":[{"id":1269,"name":"Fumot","slug":"fumot"}],"_links":{"self":[{"href":"https:\/\/www.vape4wholesale.com\/pl\/wp-json\/wp\/v2\/product\/19758","targetHints":{"allow":["GET"]}}],"collection":[{"href":"https:\/\/www.vape4wholesale.com\/pl\/wp-json\/wp\/v2\/product"}],"about":[{"href":"https:\/\/www.vape4wholesale.com\/pl\/wp-json\/wp\/v2\/types\/product"}],"replies":[{"embeddable":true,"href":"https:\/\/www.vape4wholesale.com\/pl\/wp-json\/wp\/v2\/comments?post=19758"}],"wp:featuredmedia":[{"embeddable":true,"href":"https:\/\/www.vape4wholesale.com\/pl\/wp-json\/wp\/v2\/media\/26815"}],"wp:attachment":[{"href":"https:\/\/www.vape4wholesale.com\/pl\/wp-json\/wp\/v2\/media?parent=19758"}],"wp:term":[{"taxonomy":"pwb-brand","embeddable":true,"href":"https:\/\/www.vape4wholesale.com\/pl\/wp-json\/wp\/v2\/pwb-brand?post=19758"},{"taxonomy":"product_cat","embeddable":true,"href":"https:\/\/www.vape4wholesale.com\/pl\/wp-json\/wp\/v2\/product_cat?post=19758"},{"taxonomy":"product_tag","embeddable":true,"href":"https:\/\/www.vape4wholesale.com\/pl\/wp-json\/wp\/v2\/product_tag?post=19758"}],"curies":[{"name":"wp","href":"https:\/\/api.w.org\/{rel}","templated":true}]}}