{"id":18888,"date":"2025-01-07T12:11:21","date_gmt":"2025-01-07T04:11:21","guid":{"rendered":"https:\/\/www.vape4wholesale.com\/?post_type=product&#038;p=18888"},"modified":"2026-04-14T15:44:39","modified_gmt":"2026-04-14T07:44:39","slug":"happ-bar-ck36000-jednorazowa-sprzedaz-hurtowa-vape","status":"publish","type":"product","link":"https:\/\/www.vape4wholesale.com\/pl\/product\/happ-bar-ck36000-disposable-vape-wholesale","title":{"rendered":"Happ Bar CK36000 Jednorazowa sprzeda\u017c hurtowa Vape"},"content":{"rendered":"<p>The <a title=\"Happ Bar\" href=\"https:\/\/www.vape4wholesale.com\/pl\/product_brand\/happ-bar\/\">Happ Bar<\/a> CK36000 to estetyczny jednorazowy vape o tr\u00f3jk\u0105tnym kszta\u0142cie i czarnym pasku biegn\u0105cym w g\u00f3r\u0119 i w d\u00f3\u0142 z ukrytym wy\u015bwietlaczem w \u015brodkowej cz\u0119\u015bci urz\u0105dzenia, co nadaje mu charakterystyczny wygl\u0105d.<\/p>\n<p>Wyposa\u017cony jest w akumulator o pojemno\u015bci 650 mAh oraz du\u017cy pojemnik o pojemno\u015bci 40 ml, dzi\u0119ki czemu urz\u0105dzenie mo\u017ce obs\u0142u\u017cy\u0107 do 36 000 zaci\u0105gni\u0119\u0107.<\/p>\n<p>Dost\u0119pny jest w wersjach o mocy nikotyny 2% i 5%, a do wyboru jest 13 r\u00f3\u017cnych smak\u00f3w.<\/p>\n<h2>Happ Bar CK36000 Szybki szczeg\u00f3\u0142<\/h2>\n<ul>\n<li>Puffy: Do 36 000<\/li>\n<li>Moc nikotyny: 2%, 5%<\/li>\n<li>Pojemno\u015b\u0107 baterii: 650 mAh<\/li>\n<li>Port \u0142adowania: typ C<\/li>\n<li>Op\u00f3r: 1,0 ohm<\/li>\n<li>Pojemno\u015b\u0107 eliksiru: 40 ml<\/li>\n<\/ul>\n<h2>Dost\u0119pne smaki<\/h2>\n<ol>\n<li>Cherry Ice<\/li>\n<li>Cola Ice<\/li>\n<li>Lemon Lime<\/li>\n<li>Love 66<\/li>\n<li>Mamba<\/li>\n<li>Mr Blue<\/li>\n<li>L\u00f3d brzoskwiniowy<\/li>\n<li>Kwa\u015bne jab\u0142ko<\/li>\n<li>Banan truskawkowy<\/li>\n<li>L\u00f3d truskawkowy<\/li>\n<li>Truskawka Kiwi<\/li>\n<li>Truskawkowo-waniliowa cola<\/li>\n<li>Arbuzowy l\u00f3d<\/li>\n<li>Kiwi Passion Fruit<\/li>\n<li>Porzeczka z jagodami<\/li>\n<li>Brzoskwinia z jagodami<\/li>\n<\/ol>\n<figure id=\"attachment_18791\" aria-describedby=\"caption-attachment-18791\" style=\"width: 800px\" class=\"wp-caption alignnone\"><img loading=\"lazy\" decoding=\"async\" class=\"wp-image-18791 size-full\" title=\"Happ Bar CK36000 Jednorazowa sprzeda\u017c hurtowa Vape\" src=\"https:\/\/www.vape4wholesale.com\/wp-content\/uploads\/2025\/01\/Happ-Bar-CK36000-Disposable-Vape-Wholesale.webp\" alt=\"Happ Bar CK36000 Jednorazowa sprzeda\u017c hurtowa Vape\" width=\"800\" height=\"800\" srcset=\"https:\/\/www.vape4wholesale.com\/wp-content\/uploads\/2025\/01\/Happ-Bar-CK36000-Disposable-Vape-Wholesale.webp 800w, https:\/\/www.vape4wholesale.com\/wp-content\/uploads\/2025\/01\/Happ-Bar-CK36000-Disposable-Vape-Wholesale-247x247.webp 247w, https:\/\/www.vape4wholesale.com\/wp-content\/uploads\/2025\/01\/Happ-Bar-CK36000-Disposable-Vape-Wholesale-100x100.webp 100w, https:\/\/www.vape4wholesale.com\/wp-content\/uploads\/2025\/01\/Happ-Bar-CK36000-Disposable-Vape-Wholesale-510x510.webp 510w, https:\/\/www.vape4wholesale.com\/wp-content\/uploads\/2025\/01\/Happ-Bar-CK36000-Disposable-Vape-Wholesale-64x64.webp 64w, https:\/\/www.vape4wholesale.com\/wp-content\/uploads\/2025\/01\/Happ-Bar-CK36000-Disposable-Vape-Wholesale-300x300.webp 300w, https:\/\/www.vape4wholesale.com\/wp-content\/uploads\/2025\/01\/Happ-Bar-CK36000-Disposable-Vape-Wholesale-150x150.webp 150w, https:\/\/www.vape4wholesale.com\/wp-content\/uploads\/2025\/01\/Happ-Bar-CK36000-Disposable-Vape-Wholesale-768x768.webp 768w, https:\/\/www.vape4wholesale.com\/wp-content\/uploads\/2025\/01\/Happ-Bar-CK36000-Disposable-Vape-Wholesale-12x12.webp 12w\" sizes=\"auto, (max-width: 800px) 100vw, 800px\" \/><figcaption id=\"caption-attachment-18791\" class=\"wp-caption-text\">Happ Bar CK36000 Jednorazowa sprzeda\u017c hurtowa Vape<\/figcaption><\/figure>\n<h2>DLACZEGO MY?<\/h2>\r\n<ul>\r\n<li>Prawdziwe, godne zaufania i profesjonalne \u017ar\u00f3d\u0142o vape.<\/li>\r\n<li>Gwarancja oryginalno\u015bci 100%: Dostarczamy tylko oryginalne i oryginalne produkty, odmawiamy podrabiania.<\/li>\r\n<li>Gwarancja dostawy 100%: U\u017cywamy najlepszej metody wysy\u0142ki, aby zapewni\u0107, \u017ce otrzymasz zam\u00f3wienie 100%.<\/li>\r\n<li>Po wysy\u0142ce podamy numer przesy\u0142ki i etykiet\u0119 wysy\u0142kow\u0105 oraz b\u0119dziemy \u015bledzi\u0107 towary do momentu ich podpisania.<\/li>\r\n<li>Brak problem\u00f3w celnych, brak taryf<\/li>\r\n<\/ul>","protected":false},"excerpt":{"rendered":"<p><span style=\"color: #00a859;\"><strong>Ten produkt zosta\u0142 zaktualizowany do 40K Puffs i zmieni\u0142 nazw\u0119 na CK40000. Je\u015bli kupisz za po\u015brednictwem tego linku, wy\u015blemy najnowsz\u0105 wersj\u0119 40K.<\/strong><\/span><\/p>\n<p><b><span style=\"color: #00a859;\">Darmowa dostawa<\/span>\u00a0z europejskiego magazynu, czas dostawy 7-15 dni roboczych.<\/b><\/p>\r\n<div class=\"wsppc_div_block woocommerce_before_add_to_cart_form\">\r\n<p><strong>Odprawa celna przed dostaw\u0105 i 100% Gwarancja Dostawy<\/strong><\/p>\r\n<\/div>","protected":false},"featured_media":18796,"comment_status":"open","ping_status":"closed","template":"","meta":[],"pwb-brand":[1267],"product_cat":[938],"product_tag":[1026,1035,22,24,988],"class_list":{"0":"post-18888","1":"product","2":"type-product","3":"status-publish","4":"has-post-thumbnail","6":"pwb-brand-happ-bar","7":"product_cat-europe-warehouse","8":"product_tag-40-0ml","9":"product_tag-happ-bar","10":"product_tag-disposable","11":"product_tag-wholesale","12":"product_tag-36000-puffs","13":"product_shipping_class-eu-warehouse","14":"wcpa_has_options","16":"first","17":"instock","18":"featured","19":"shipping-taxable","20":"purchasable","21":"product-type-variable"},"aioseo_notices":[],"brands":[{"id":1267,"name":"Happ Bar","slug":"happ-bar"}],"_links":{"self":[{"href":"https:\/\/www.vape4wholesale.com\/pl\/wp-json\/wp\/v2\/product\/18888","targetHints":{"allow":["GET"]}}],"collection":[{"href":"https:\/\/www.vape4wholesale.com\/pl\/wp-json\/wp\/v2\/product"}],"about":[{"href":"https:\/\/www.vape4wholesale.com\/pl\/wp-json\/wp\/v2\/types\/product"}],"replies":[{"embeddable":true,"href":"https:\/\/www.vape4wholesale.com\/pl\/wp-json\/wp\/v2\/comments?post=18888"}],"wp:featuredmedia":[{"embeddable":true,"href":"https:\/\/www.vape4wholesale.com\/pl\/wp-json\/wp\/v2\/media\/18796"}],"wp:attachment":[{"href":"https:\/\/www.vape4wholesale.com\/pl\/wp-json\/wp\/v2\/media?parent=18888"}],"wp:term":[{"taxonomy":"pwb-brand","embeddable":true,"href":"https:\/\/www.vape4wholesale.com\/pl\/wp-json\/wp\/v2\/pwb-brand?post=18888"},{"taxonomy":"product_cat","embeddable":true,"href":"https:\/\/www.vape4wholesale.com\/pl\/wp-json\/wp\/v2\/product_cat?post=18888"},{"taxonomy":"product_tag","embeddable":true,"href":"https:\/\/www.vape4wholesale.com\/pl\/wp-json\/wp\/v2\/product_tag?post=18888"}],"curies":[{"name":"wp","href":"https:\/\/api.w.org\/{rel}","templated":true}]}}