{"id":18876,"date":"2025-01-07T12:07:18","date_gmt":"2025-01-07T04:07:18","guid":{"rendered":"https:\/\/www.vape4wholesale.com\/?post_type=product&#038;p=18876"},"modified":"2026-01-27T13:47:37","modified_gmt":"2026-01-27T13:47:37","slug":"happ-bar-twin-pod-25000-puffow-jednorazowa-sprzedaz-hurtowa-vape","status":"publish","type":"product","link":"https:\/\/www.vape4wholesale.com\/pl\/product\/happ-bar-twin-pod-25000-puffs-disposable-vape-wholesale","title":{"rendered":"Happ Bar Twin Pod 25000 Puffs Jednorazowa sprzeda\u017c hurtowa Vape"},"content":{"rendered":"<p>The <a title=\"Happ Bar\" href=\"https:\/\/www.vape4wholesale.com\/pl\/product_brand\/happ-bar\/\">Happ Bar<\/a> Twin Pod 25000 zosta\u0142 zaprojektowany z wbudowanymi podw\u00f3jnymi kapsu\u0142kami, dzi\u0119ki czemu mo\u017cliwe jest uzyskanie 2 smak\u00f3w w jednym urz\u0105dzeniu. Aby dostosowa\u0107 r\u00f3\u017cne smaki, wystarczy podnie\u015b\u0107 ustnik i obr\u00f3ci\u0107 go.<\/p>\n<p>Wy\u015bwietlacz dok\u0142adnie pokazuje aktualny poziom na\u0142adowania baterii i pojemno\u015b\u0107 eliquidu, a ekran znajduje si\u0119 na czarnym pasku biegn\u0105cym od g\u00f3ry do do\u0142u korpusu, dzi\u0119ki czemu ca\u0142a konstrukcja \u0142adnie si\u0119 komponuje.<\/p>\n<p>Posiada 2 wbudowane kapsu\u0142ki 16 ml o \u0142\u0105cznej pojemno\u015bci do 32 ml eliquidu, a 2 cewki siatkowe zwi\u0119kszaj\u0105 wydajno\u015b\u0107 i wra\u017cenia z waporyzacji urz\u0105dzenia. Obs\u0142uguje do 25000 zaci\u0105gni\u0119\u0107.<\/p>\n<h2>Happ Bar Twin Pod 25000 Vape Szybki szczeg\u00f3\u0142<\/h2>\n<ul>\n<li>Puffy: Do 25 000<\/li>\n<li>Moc nikotyny: 2%, 5%<\/li>\n<li>Pojemno\u015b\u0107 baterii: 650 mAh<\/li>\n<li>Port \u0142adowania: typ C<\/li>\n<li>Op\u00f3r: 1,0 ohm<\/li>\n<li>Pojemno\u015b\u0107 p\u0142ynu: 16 ml + 16 ml<\/li>\n<\/ul>\n<h2>Dost\u0119pne smaki<\/h2>\n<ol>\n<li>Lemoniada Blue Razz i l\u00f3d brzoskwiniowy<\/li>\n<li>Guma balonowa jagodowa, wi\u015bniowa, \u017curawinowa i arbuzowa<\/li>\n<li>L\u00f3d jagodowy, malinowy, cytrynowy i wi\u015bniowy<\/li>\n<li>L\u00f3d brzoskwiniowo-mango-ananasowo-truskawkowy<\/li>\n<li>L\u00f3d ananasowo-kokosowy i jagodowy<\/li>\n<li>Kr\u00f3wka malinowa i podw\u00f3jne jab\u0142ko<\/li>\n<li>Red Bull Ice &amp; Hami Melon<\/li>\n<li>Strawberry Banana &amp; Cola Ice<\/li>\n<li>Strawberry Kiwi &amp; Lush Ice<\/li>\n<li>Truskawkowo-waniliowa cola i mieszane jagody<\/li>\n<li>L\u00f3d arbuzowy i limonka cytrynowa<\/li>\n<\/ol>\n<figure id=\"attachment_18842\" aria-describedby=\"caption-attachment-18842\" style=\"width: 800px\" class=\"wp-caption alignnone\"><img loading=\"lazy\" decoding=\"async\" class=\"size-full wp-image-18842\" title=\"Happ Bar Twin Pod 25000 Puffs Jednorazowa sprzeda\u017c hurtowa Vape\" src=\"https:\/\/www.vape4wholesale.com\/wp-content\/uploads\/2025\/01\/Happ-Bar-Twin-Pod-25000-Puffs-Disposable-Vape-Wholesale.webp\" alt=\"Happ Bar Twin Pod 25000 Puffs Jednorazowa sprzeda\u017c hurtowa Vape\" width=\"800\" height=\"800\" srcset=\"https:\/\/www.vape4wholesale.com\/wp-content\/uploads\/2025\/01\/Happ-Bar-Twin-Pod-25000-Puffs-Disposable-Vape-Wholesale.webp 800w, https:\/\/www.vape4wholesale.com\/wp-content\/uploads\/2025\/01\/Happ-Bar-Twin-Pod-25000-Puffs-Disposable-Vape-Wholesale-247x247.webp 247w, https:\/\/www.vape4wholesale.com\/wp-content\/uploads\/2025\/01\/Happ-Bar-Twin-Pod-25000-Puffs-Disposable-Vape-Wholesale-100x100.webp 100w, https:\/\/www.vape4wholesale.com\/wp-content\/uploads\/2025\/01\/Happ-Bar-Twin-Pod-25000-Puffs-Disposable-Vape-Wholesale-510x510.webp 510w, https:\/\/www.vape4wholesale.com\/wp-content\/uploads\/2025\/01\/Happ-Bar-Twin-Pod-25000-Puffs-Disposable-Vape-Wholesale-64x64.webp 64w, https:\/\/www.vape4wholesale.com\/wp-content\/uploads\/2025\/01\/Happ-Bar-Twin-Pod-25000-Puffs-Disposable-Vape-Wholesale-300x300.webp 300w, https:\/\/www.vape4wholesale.com\/wp-content\/uploads\/2025\/01\/Happ-Bar-Twin-Pod-25000-Puffs-Disposable-Vape-Wholesale-150x150.webp 150w, https:\/\/www.vape4wholesale.com\/wp-content\/uploads\/2025\/01\/Happ-Bar-Twin-Pod-25000-Puffs-Disposable-Vape-Wholesale-768x768.webp 768w, https:\/\/www.vape4wholesale.com\/wp-content\/uploads\/2025\/01\/Happ-Bar-Twin-Pod-25000-Puffs-Disposable-Vape-Wholesale-12x12.webp 12w\" sizes=\"auto, (max-width: 800px) 100vw, 800px\" \/><figcaption id=\"caption-attachment-18842\" class=\"wp-caption-text\">Happ Bar Twin Pod 25000 Puffs Jednorazowa sprzeda\u017c hurtowa Vape<\/figcaption><\/figure>\n<h2>DLACZEGO MY?<\/h2>\r\n<ul>\r\n<li>Prawdziwe, godne zaufania i profesjonalne \u017ar\u00f3d\u0142o vape.<\/li>\r\n<li>Gwarancja oryginalno\u015bci 100%: Dostarczamy tylko oryginalne i oryginalne produkty, odmawiamy podrabiania.<\/li>\r\n<li>Gwarancja dostawy 100%: U\u017cywamy najlepszej metody wysy\u0142ki, aby zapewni\u0107, \u017ce otrzymasz zam\u00f3wienie 100%.<\/li>\r\n<li>Po wysy\u0142ce podamy numer przesy\u0142ki i etykiet\u0119 wysy\u0142kow\u0105 oraz b\u0119dziemy \u015bledzi\u0107 towary do momentu ich podpisania.<\/li>\r\n<li>Brak problem\u00f3w celnych, brak taryf<\/li>\r\n<\/ul>\n<p>&nbsp;<\/p>","protected":false},"excerpt":{"rendered":"<p><span style=\"color: #0000ff;\"><strong>Ten produkt nie jest ju\u017c dost\u0119pny, kliknij <span style=\"color: #ed1c24;\"><a style=\"color: #ed1c24;\" title=\"Happ Bar Twin Pod 35000 Vape\" href=\"https:\/\/www.vape4wholesale.com\/pl\/produkt\/happ-bar-twin-pod-35000-jednorazowy-vape\/\" target=\"_blank\" rel=\"noopener\">tutaj<\/a><\/span> aby odwiedzi\u0107 link do produktu dla nowej wersji 35000 Twin Pod.<\/strong><\/span><\/p>","protected":false},"featured_media":18847,"comment_status":"open","ping_status":"closed","template":"","meta":[],"pwb-brand":[1267],"product_cat":[938],"product_tag":[1047,22,24,915,1035],"class_list":{"0":"post-18876","1":"product","2":"type-product","3":"status-publish","4":"has-post-thumbnail","6":"pwb-brand-happ-bar","7":"product_cat-europe-warehouse","8":"product_tag-32-0ml","9":"product_tag-disposable","10":"product_tag-wholesale","11":"product_tag-25000-puffs","12":"product_tag-happ-bar","13":"product_shipping_class-eu-warehouse","14":"wcpa_has_options","16":"first","17":"outofstock","18":"shipping-taxable","19":"purchasable","20":"product-type-variable"},"aioseo_notices":[],"brands":[{"id":1267,"name":"Happ Bar","slug":"happ-bar"}],"_links":{"self":[{"href":"https:\/\/www.vape4wholesale.com\/pl\/wp-json\/wp\/v2\/product\/18876","targetHints":{"allow":["GET"]}}],"collection":[{"href":"https:\/\/www.vape4wholesale.com\/pl\/wp-json\/wp\/v2\/product"}],"about":[{"href":"https:\/\/www.vape4wholesale.com\/pl\/wp-json\/wp\/v2\/types\/product"}],"replies":[{"embeddable":true,"href":"https:\/\/www.vape4wholesale.com\/pl\/wp-json\/wp\/v2\/comments?post=18876"}],"wp:featuredmedia":[{"embeddable":true,"href":"https:\/\/www.vape4wholesale.com\/pl\/wp-json\/wp\/v2\/media\/18847"}],"wp:attachment":[{"href":"https:\/\/www.vape4wholesale.com\/pl\/wp-json\/wp\/v2\/media?parent=18876"}],"wp:term":[{"taxonomy":"pwb-brand","embeddable":true,"href":"https:\/\/www.vape4wholesale.com\/pl\/wp-json\/wp\/v2\/pwb-brand?post=18876"},{"taxonomy":"product_cat","embeddable":true,"href":"https:\/\/www.vape4wholesale.com\/pl\/wp-json\/wp\/v2\/product_cat?post=18876"},{"taxonomy":"product_tag","embeddable":true,"href":"https:\/\/www.vape4wholesale.com\/pl\/wp-json\/wp\/v2\/product_tag?post=18876"}],"curies":[{"name":"wp","href":"https:\/\/api.w.org\/{rel}","templated":true}]}}