{"id":18856,"date":"2025-01-07T11:31:25","date_gmt":"2025-01-07T03:31:25","guid":{"rendered":"https:\/\/www.vape4wholesale.com\/?post_type=product&#038;p=18856"},"modified":"2026-01-27T13:49:54","modified_gmt":"2026-01-27T13:49:54","slug":"happ-bar-gr20000-jednorazowa-sprzedaz-hurtowa-vape","status":"publish","type":"product","link":"https:\/\/www.vape4wholesale.com\/pl\/produkt\/happ-bar-gr20000-jednorazowa-sprzedaz-hurtowa-vape","title":{"rendered":"Happ Bar GR20000 Jednorazowa sprzeda\u017c hurtowa Vape"},"content":{"rendered":"<p>The <a title=\"Happ Bar\" href=\"https:\/\/www.vape4wholesale.com\/pl\/product_brand\/happ-bar\/\">Happ Bar<\/a> GR20000 to wyj\u0105tkowy jednorazowy waporyzator. Jest wyposa\u017cony w wy\u015bwietlacz poziomu cieczy i mocy, a jednocze\u015bnie dost\u0119pna jest regulacja przep\u0142ywu powietrza. Wbudowany 25 ml eliquid i akumulator 650 mAh, kt\u00f3ry mo\u017ce obs\u0142u\u017cy\u0107 do 20 000 zaci\u0105gni\u0119\u0107.<\/p>\n<p>Jest wyposa\u017cony w ma\u0142y wy\u015bwietlacz, kt\u00f3ry dok\u0142adnie pokazuje aktualn\u0105 moc baterii i pozosta\u0142\u0105 ilo\u015b\u0107 p\u0142ynu. Ma bardzo unikalny wygl\u0105d z dwukolorow\u0105 formowan\u0105 konstrukcj\u0105 i ergonomicznym korpusem. Tymczasem wykorzystuje now\u0105 generacj\u0119 cewek siatkowych, dzi\u0119ki czemu GR2000 zapewnia lepsze wra\u017cenia i smak.<\/p>\n<h2>Happ Bar GR20000 Jednorazowe Vape Szybki szczeg\u00f3\u0142<\/h2>\n<ul>\n<li>Puffy: Do 20 000<\/li>\n<li>Moc nikotyny: 2%, 5%<\/li>\n<li>Pojemno\u015b\u0107 baterii: 650 mAh<\/li>\n<li>Port \u0142adowania: typ C<\/li>\n<li>Op\u00f3r: 1,0 ohm<\/li>\n<li>Pojemno\u015b\u0107 p\u0142ynu: 25 ml<\/li>\n<\/ul>\n<h2>Dost\u0119pne smaki<\/h2>\n<ol>\n<li>Blue Razz Gummy Bear<\/li>\n<li>Jagoda Wi\u015bnia \u017burawina<\/li>\n<li>L\u00f3d jagodowy<\/li>\n<li>Bor\u00f3wka Malina<\/li>\n<li>Cherry Ice<\/li>\n<li>Cytryna kokosowa<\/li>\n<li>Hami Melon<\/li>\n<li>Kiwi Passion Fruit Guava<\/li>\n<li>Lemon Hail<\/li>\n<li>Monster Mango<\/li>\n<li>Ananas Kokos<\/li>\n<li>Arbuz malinowy<\/li>\n<li>Banan truskawkowy<\/li>\n<li>L\u00f3d truskawkowy<\/li>\n<li>Truskawka Kiwi<\/li>\n<li>Truskawka Malina<\/li>\n<li>Truskawkowo-waniliowa cola<\/li>\n<li>Arbuzowy l\u00f3d<\/li>\n<\/ol>\n<figure id=\"attachment_18817\" aria-describedby=\"caption-attachment-18817\" style=\"width: 800px\" class=\"wp-caption alignnone\"><img loading=\"lazy\" decoding=\"async\" class=\"size-full wp-image-18817\" title=\"Happ Bar GR20000 Jednorazowa sprzeda\u017c hurtowa Vape\" src=\"https:\/\/www.vape4wholesale.com\/wp-content\/uploads\/2025\/01\/Happ-Bar-GR20000-Disposable-Vape-Wholesale.webp\" alt=\"Happ Bar GR20000 Jednorazowa sprzeda\u017c hurtowa Vape\" width=\"800\" height=\"800\" srcset=\"https:\/\/www.vape4wholesale.com\/wp-content\/uploads\/2025\/01\/Happ-Bar-GR20000-Disposable-Vape-Wholesale.webp 800w, https:\/\/www.vape4wholesale.com\/wp-content\/uploads\/2025\/01\/Happ-Bar-GR20000-Disposable-Vape-Wholesale-247x247.webp 247w, https:\/\/www.vape4wholesale.com\/wp-content\/uploads\/2025\/01\/Happ-Bar-GR20000-Disposable-Vape-Wholesale-100x100.webp 100w, https:\/\/www.vape4wholesale.com\/wp-content\/uploads\/2025\/01\/Happ-Bar-GR20000-Disposable-Vape-Wholesale-510x510.webp 510w, https:\/\/www.vape4wholesale.com\/wp-content\/uploads\/2025\/01\/Happ-Bar-GR20000-Disposable-Vape-Wholesale-64x64.webp 64w, https:\/\/www.vape4wholesale.com\/wp-content\/uploads\/2025\/01\/Happ-Bar-GR20000-Disposable-Vape-Wholesale-300x300.webp 300w, https:\/\/www.vape4wholesale.com\/wp-content\/uploads\/2025\/01\/Happ-Bar-GR20000-Disposable-Vape-Wholesale-150x150.webp 150w, https:\/\/www.vape4wholesale.com\/wp-content\/uploads\/2025\/01\/Happ-Bar-GR20000-Disposable-Vape-Wholesale-768x768.webp 768w, https:\/\/www.vape4wholesale.com\/wp-content\/uploads\/2025\/01\/Happ-Bar-GR20000-Disposable-Vape-Wholesale-12x12.webp 12w\" sizes=\"auto, (max-width: 800px) 100vw, 800px\" \/><figcaption id=\"caption-attachment-18817\" class=\"wp-caption-text\">Happ Bar GR20000 Jednorazowa sprzeda\u017c hurtowa Vape<\/figcaption><\/figure>\n<h2>DLACZEGO MY?<\/h2>\r\n<ul>\r\n<li>Prawdziwe, godne zaufania i profesjonalne \u017ar\u00f3d\u0142o vape.<\/li>\r\n<li>Gwarancja oryginalno\u015bci 100%: Dostarczamy tylko oryginalne i oryginalne produkty, odmawiamy podrabiania.<\/li>\r\n<li>Gwarancja dostawy 100%: U\u017cywamy najlepszej metody wysy\u0142ki, aby zapewni\u0107, \u017ce otrzymasz zam\u00f3wienie 100%.<\/li>\r\n<li>Po wysy\u0142ce podamy numer przesy\u0142ki i etykiet\u0119 wysy\u0142kow\u0105 oraz b\u0119dziemy \u015bledzi\u0107 towary do momentu ich podpisania.<\/li>\r\n<li>Brak problem\u00f3w celnych, brak taryf<\/li>\r\n<\/ul>\n<p>&nbsp;<\/p>\n<p>&nbsp;<\/p>","protected":false},"excerpt":{"rendered":"<p><b><span style=\"color: #00a859;\">Free shipping<\/span>\u00a0from Europe warehouse, 7-15 working days delivery time.<\/b><\/p>\r\n<div class=\"wsppc_div_block woocommerce_before_add_to_cart_form\">\r\n<p><strong>Clear customs before delivery &amp; 100% Delivery Guarantee<\/strong><\/p>\r\n<\/div>\n<p><span style=\"color: #ff0000;\"><strong>Uwaga: Ten produkt zosta\u0142 zaktualizowany do wersji <a href=\"https:\/\/www.vape4wholesale.com\/pl\/produkt\/happ-bar-gr30000-jednorazowa-sprzedaz-hurtowa-vape\/\" target=\"_blank\" rel=\"noopener\">GR30000<\/a>, \u2192 <a href=\"https:\/\/www.vape4wholesale.com\/pl\/produkt\/happ-bar-gr30000-jednorazowa-sprzedaz-hurtowa-vape\/\" target=\"_blank\" rel=\"noopener\">Kliknij, aby zam\u00f3wi\u0107 now\u0105 wersj\u0119.<\/a><\/strong><\/span><\/p>","protected":false},"featured_media":18821,"comment_status":"open","ping_status":"closed","template":"","meta":[],"pwb-brand":[1267],"product_cat":[938],"product_tag":[22,24,692,794,1035],"class_list":{"0":"post-18856","1":"product","2":"type-product","3":"status-publish","4":"has-post-thumbnail","6":"pwb-brand-happ-bar","7":"product_cat-europe-warehouse","8":"product_tag-disposable","9":"product_tag-wholesale","10":"product_tag-25-0ml","11":"product_tag-20000-puffs","12":"product_tag-happ-bar","13":"product_shipping_class-eu-warehouse","14":"wcpa_has_options","16":"first","17":"instock","18":"shipping-taxable","19":"purchasable","20":"product-type-variable"},"aioseo_notices":[],"brands":[{"id":1267,"name":"Happ Bar","slug":"happ-bar"}],"_links":{"self":[{"href":"https:\/\/www.vape4wholesale.com\/pl\/wp-json\/wp\/v2\/product\/18856","targetHints":{"allow":["GET"]}}],"collection":[{"href":"https:\/\/www.vape4wholesale.com\/pl\/wp-json\/wp\/v2\/product"}],"about":[{"href":"https:\/\/www.vape4wholesale.com\/pl\/wp-json\/wp\/v2\/types\/product"}],"replies":[{"embeddable":true,"href":"https:\/\/www.vape4wholesale.com\/pl\/wp-json\/wp\/v2\/comments?post=18856"}],"wp:featuredmedia":[{"embeddable":true,"href":"https:\/\/www.vape4wholesale.com\/pl\/wp-json\/wp\/v2\/media\/18821"}],"wp:attachment":[{"href":"https:\/\/www.vape4wholesale.com\/pl\/wp-json\/wp\/v2\/media?parent=18856"}],"wp:term":[{"taxonomy":"pwb-brand","embeddable":true,"href":"https:\/\/www.vape4wholesale.com\/pl\/wp-json\/wp\/v2\/pwb-brand?post=18856"},{"taxonomy":"product_cat","embeddable":true,"href":"https:\/\/www.vape4wholesale.com\/pl\/wp-json\/wp\/v2\/product_cat?post=18856"},{"taxonomy":"product_tag","embeddable":true,"href":"https:\/\/www.vape4wholesale.com\/pl\/wp-json\/wp\/v2\/product_tag?post=18856"}],"curies":[{"name":"wp","href":"https:\/\/api.w.org\/{rel}","templated":true}]}}