{"id":18747,"date":"2025-01-06T12:32:13","date_gmt":"2025-01-06T04:32:13","guid":{"rendered":"https:\/\/www.vape4wholesale.com\/?post_type=product&#038;p=18747"},"modified":"2026-01-26T13:39:46","modified_gmt":"2026-01-26T13:39:46","slug":"vapsolo-galaxy-30000-puff-jednorazowe-vape-hurtownia-2","status":"publish","type":"product","link":"https:\/\/www.vape4wholesale.com\/pl\/produkt\/vapsolo-galaxy-30000-puff-jednorazowe-vape-hurtownia-2","title":{"rendered":"Vapsolo Galaxy 30000 Puffs Jednorazowy Vape Hurtownia"},"content":{"rendered":"<p>Vapsolo Galaxy 30000 to najnowszy produkt w ofercie Vapsolo. <a title=\"Vapsolo\" href=\"https:\/\/www.vape4wholesale.com\/pl\/product_brand\/vapsolo\/\">Vapsolo<\/a> Seria, wprowadzona na rynek w styczniu 2025 r., jest wyposa\u017cona w podw\u00f3jn\u0105 regulacj\u0119 tryb\u00f3w dla trybu normalnego i turbo, ekran z wbudowanymi \u015bwiat\u0142ami RGB, kt\u00f3ry pokazuje procentow\u0105 zawarto\u015b\u0107 p\u0142ynu i baterii.<\/p>\n<p><strong>Co wyr\u00f3\u017cnia Vapsolo Galaxy?<\/strong><\/p>\n<ul>\n<li>Po pierwsze, posiada wielofunkcyjny wy\u015bwietlacz, za pomoc\u0105 kt\u00f3rego mo\u017cna prze\u0142\u0105cza\u0107 si\u0119 bezpo\u015brednio mi\u0119dzy trybem normalnym i burst, aby uzyska\u0107 r\u00f3\u017cne wra\u017cenia z waporyzacji. Wy\u015bwietlacz pokazuje r\u00f3wnie\u017c ilo\u015b\u0107 pozosta\u0142ego p\u0142ynu i procent baterii.<\/li>\n<li>Ponownie, tylna obudowa wykonana jest z \u017cywicy, kt\u00f3ra uwydatnia tekstur\u0119 produktu, jednocze\u015bnie dodaj\u0105c do og\u00f3lnej estetyki produktu.<\/li>\n<li>Wreszcie, jest wyposa\u017cony w 40 ml eliquidu, akumulator 650 mah. Je\u015bli szukasz jednorazowego waporyzatora, kt\u00f3ry jest wystarczaj\u0105co mocny, aby pracowa\u0107 przez d\u0142u\u017cszy czas, to Vapsolo Galaxy b\u0119dzie najlepszym wyborem.<\/li>\n<\/ul>\n<h2>Vapsolo Galaxy 30000 Puffs jednorazowe Vape Szybkie szczeg\u00f3\u0142y<\/h2>\n<ul>\n<li>Marka i model: Vapsolo Galaxy<\/li>\n<li>Puffy: Do 30 000 zaci\u0105gni\u0119\u0107<\/li>\n<li>Cyfrowy ekran wy\u015bwietlacza<\/li>\n<li>Pojemno\u015b\u0107 e-cieczy: 40 ML<\/li>\n<li>Bateria: 850 mAh (akumulator)<\/li>\n<li>Port \u0142adowania: Typ-C<\/li>\n<li>Typ cewki: Cewka siatkowa<\/li>\n<li>Op\u00f3r cewki: 0,6 ohm<\/li>\n<\/ul>\n<h2>Dost\u0119pny smak<\/h2>\n<ol>\n<li>Black Ice Dragonfruit Strawberry<\/li>\n<li>Blue Razz<\/li>\n<li>Lemon Lime<\/li>\n<li>Brzoskwinia cytrynowa<\/li>\n<li>Ananas Kokos<\/li>\n<li>Arbuz malinowy<\/li>\n<li>Banan truskawkowy<\/li>\n<li>Truskawka Kiwi<\/li>\n<li>L\u00f3d truskawkowo-malinowo-wi\u015bniowy<\/li>\n<li>Truskawkowy Red Bull<\/li>\n<li>Potr\u00f3jny melon<\/li>\n<li>Arbuzowy l\u00f3d<\/li>\n<\/ol>\n<h2>Szczeg\u00f3\u0142y pakowania<\/h2>\n<ul>\n<li>1\/ Pojedyncze pude\u0142ko<\/li>\n<li>10\/ Pude\u0142ko ekspozycyjne<\/li>\n<li>200\/karton, 26 kg<\/li>\n<\/ul>\n<figure id=\"attachment_18762\" aria-describedby=\"caption-attachment-18762\" style=\"width: 800px\" class=\"wp-caption alignnone\"><img loading=\"lazy\" decoding=\"async\" class=\"wp-image-18762 size-full\" title=\"Vapsolo Galaxy 30000 Puffs Jednorazowy Vape Hurtownia\" src=\"https:\/\/www.vape4wholesale.com\/wp-content\/uploads\/2025\/01\/Vapsolo-Galaxy-30000-Puffs-Disposable-Vape-Wholesale.webp\" alt=\"Vapsolo Galaxy 30000 Puffs Jednorazowy Vape Hurtownia\" width=\"800\" height=\"800\" srcset=\"https:\/\/www.vape4wholesale.com\/wp-content\/uploads\/2025\/01\/Vapsolo-Galaxy-30000-Puffs-Disposable-Vape-Wholesale.webp 800w, https:\/\/www.vape4wholesale.com\/wp-content\/uploads\/2025\/01\/Vapsolo-Galaxy-30000-Puffs-Disposable-Vape-Wholesale-247x247.webp 247w, https:\/\/www.vape4wholesale.com\/wp-content\/uploads\/2025\/01\/Vapsolo-Galaxy-30000-Puffs-Disposable-Vape-Wholesale-100x100.webp 100w, https:\/\/www.vape4wholesale.com\/wp-content\/uploads\/2025\/01\/Vapsolo-Galaxy-30000-Puffs-Disposable-Vape-Wholesale-510x510.webp 510w, https:\/\/www.vape4wholesale.com\/wp-content\/uploads\/2025\/01\/Vapsolo-Galaxy-30000-Puffs-Disposable-Vape-Wholesale-64x64.webp 64w, https:\/\/www.vape4wholesale.com\/wp-content\/uploads\/2025\/01\/Vapsolo-Galaxy-30000-Puffs-Disposable-Vape-Wholesale-300x300.webp 300w, https:\/\/www.vape4wholesale.com\/wp-content\/uploads\/2025\/01\/Vapsolo-Galaxy-30000-Puffs-Disposable-Vape-Wholesale-150x150.webp 150w, https:\/\/www.vape4wholesale.com\/wp-content\/uploads\/2025\/01\/Vapsolo-Galaxy-30000-Puffs-Disposable-Vape-Wholesale-768x768.webp 768w, https:\/\/www.vape4wholesale.com\/wp-content\/uploads\/2025\/01\/Vapsolo-Galaxy-30000-Puffs-Disposable-Vape-Wholesale-12x12.webp 12w\" sizes=\"auto, (max-width: 800px) 100vw, 800px\" \/><figcaption id=\"caption-attachment-18762\" class=\"wp-caption-text\">Vapsolo Galaxy 30000 Puffs Jednorazowy Vape Hurtownia<\/figcaption><\/figure>\n<p><img loading=\"lazy\" decoding=\"async\" class=\"wp-image-18763 size-full\" title=\"Vapsolo Galaxy 30000 Puffs jednorazowe Vape\" src=\"https:\/\/www.vape4wholesale.com\/wp-content\/uploads\/2025\/01\/Vapsolo-Galaxy-30000-Puffs-Disposable-Vape.webp\" alt=\"Vapsolo Galaxy 30000 Puffs jednorazowe Vape\" width=\"800\" height=\"800\" srcset=\"https:\/\/www.vape4wholesale.com\/wp-content\/uploads\/2025\/01\/Vapsolo-Galaxy-30000-Puffs-Disposable-Vape.webp 800w, https:\/\/www.vape4wholesale.com\/wp-content\/uploads\/2025\/01\/Vapsolo-Galaxy-30000-Puffs-Disposable-Vape-247x247.webp 247w, https:\/\/www.vape4wholesale.com\/wp-content\/uploads\/2025\/01\/Vapsolo-Galaxy-30000-Puffs-Disposable-Vape-100x100.webp 100w, https:\/\/www.vape4wholesale.com\/wp-content\/uploads\/2025\/01\/Vapsolo-Galaxy-30000-Puffs-Disposable-Vape-510x510.webp 510w, https:\/\/www.vape4wholesale.com\/wp-content\/uploads\/2025\/01\/Vapsolo-Galaxy-30000-Puffs-Disposable-Vape-64x64.webp 64w, https:\/\/www.vape4wholesale.com\/wp-content\/uploads\/2025\/01\/Vapsolo-Galaxy-30000-Puffs-Disposable-Vape-300x300.webp 300w, https:\/\/www.vape4wholesale.com\/wp-content\/uploads\/2025\/01\/Vapsolo-Galaxy-30000-Puffs-Disposable-Vape-150x150.webp 150w, https:\/\/www.vape4wholesale.com\/wp-content\/uploads\/2025\/01\/Vapsolo-Galaxy-30000-Puffs-Disposable-Vape-768x768.webp 768w, https:\/\/www.vape4wholesale.com\/wp-content\/uploads\/2025\/01\/Vapsolo-Galaxy-30000-Puffs-Disposable-Vape-12x12.webp 12w\" sizes=\"auto, (max-width: 800px) 100vw, 800px\" \/><\/p>\n<h2>DLACZEGO MY?<\/h2>\r\n<ul>\r\n<li>Prawdziwe, godne zaufania i profesjonalne \u017ar\u00f3d\u0142o vape.<\/li>\r\n<li>Gwarancja oryginalno\u015bci 100%: Dostarczamy tylko oryginalne i oryginalne produkty, odmawiamy podrabiania.<\/li>\r\n<li>Gwarancja dostawy 100%: U\u017cywamy najlepszej metody wysy\u0142ki, aby zapewni\u0107, \u017ce otrzymasz zam\u00f3wienie 100%.<\/li>\r\n<li>Po wysy\u0142ce podamy numer przesy\u0142ki i etykiet\u0119 wysy\u0142kow\u0105 oraz b\u0119dziemy \u015bledzi\u0107 towary do momentu ich podpisania.<\/li>\r\n<li>Brak problem\u00f3w celnych, brak taryf<\/li>\r\n<\/ul>","protected":false},"excerpt":{"rendered":"<p><b><span style=\"color: #00a859;\">Free shipping<\/span>\u00a0from Europe warehouse, 7-15 working days delivery time.<\/b><\/p>\r\n<div class=\"wsppc_div_block woocommerce_before_add_to_cart_form\">\r\n<p><strong>Clear customs before delivery &amp; 100% Delivery Guarantee<\/strong><\/p>\r\n<\/div>","protected":false},"featured_media":18762,"comment_status":"open","ping_status":"closed","template":"","meta":[],"pwb-brand":[1271],"product_cat":[873],"product_tag":[22,24,850,899,1026],"class_list":{"0":"post-18747","1":"product","2":"type-product","3":"status-publish","4":"has-post-thumbnail","6":"pwb-brand-vapsolo","7":"product_cat-above-20k-puffs","8":"product_tag-disposable","9":"product_tag-wholesale","10":"product_tag-30000-puffs","11":"product_tag-vapsolo","12":"product_tag-40-0ml","13":"product_shipping_class-vapsolo-cn-eu","14":"wcpa_has_options","16":"first","17":"instock","18":"shipping-taxable","19":"purchasable","20":"product-type-variable"},"aioseo_notices":[],"brands":[{"id":1271,"name":"Vapsolo","slug":"vapsolo"}],"_links":{"self":[{"href":"https:\/\/www.vape4wholesale.com\/pl\/wp-json\/wp\/v2\/product\/18747","targetHints":{"allow":["GET"]}}],"collection":[{"href":"https:\/\/www.vape4wholesale.com\/pl\/wp-json\/wp\/v2\/product"}],"about":[{"href":"https:\/\/www.vape4wholesale.com\/pl\/wp-json\/wp\/v2\/types\/product"}],"replies":[{"embeddable":true,"href":"https:\/\/www.vape4wholesale.com\/pl\/wp-json\/wp\/v2\/comments?post=18747"}],"wp:featuredmedia":[{"embeddable":true,"href":"https:\/\/www.vape4wholesale.com\/pl\/wp-json\/wp\/v2\/media\/18762"}],"wp:attachment":[{"href":"https:\/\/www.vape4wholesale.com\/pl\/wp-json\/wp\/v2\/media?parent=18747"}],"wp:term":[{"taxonomy":"pwb-brand","embeddable":true,"href":"https:\/\/www.vape4wholesale.com\/pl\/wp-json\/wp\/v2\/pwb-brand?post=18747"},{"taxonomy":"product_cat","embeddable":true,"href":"https:\/\/www.vape4wholesale.com\/pl\/wp-json\/wp\/v2\/product_cat?post=18747"},{"taxonomy":"product_tag","embeddable":true,"href":"https:\/\/www.vape4wholesale.com\/pl\/wp-json\/wp\/v2\/product_tag?post=18747"}],"curies":[{"name":"wp","href":"https:\/\/api.w.org\/{rel}","templated":true}]}}