{"id":18489,"date":"2024-12-22T14:17:51","date_gmt":"2024-12-22T06:17:51","guid":{"rendered":"https:\/\/www.vape4wholesale.com\/?post_type=product&#038;p=18489"},"modified":"2026-03-30T11:16:09","modified_gmt":"2026-03-30T03:16:09","slug":"waspe-fihp-40000-puff-40k-jednorazowe-vape-hurtownia-2","status":"publish","type":"product","link":"https:\/\/www.vape4wholesale.com\/pl\/product\/waspe-fihp-40000-puffs-40k-disposable-vape-wholesale","title":{"rendered":"Waspe FIHP 40000 Puffs 40K Jednorazowa sprzeda\u017c hurtowa Vape"},"content":{"rendered":"<p>The <strong><a title=\"WASPE\" href=\"https:\/\/www.vape4wholesale.com\/pl\/product_brand\/osa\/\">WASPE<\/a> FIHP 40000 40K Puffs<\/strong> Disposable Vape to najnowocze\u015bniejsze urz\u0105dzenie do waporyzacji zaprojektowane dla os\u00f3b poszukuj\u0105cych innowacji i najwy\u017cszej wydajno\u015bci. Dostarcza ono do 40 000 zaci\u0105gni\u0119\u0107, zapewniaj\u0105c d\u0142ugotrwa\u0142e u\u017cytkowanie i sta\u0142\u0105 satysfakcj\u0119 z ka\u017cdego zaci\u0105gni\u0119cia. W zestawie znajduj\u0105 si\u0119 2 r\u00f3\u017cne kapsu\u0142ki smakowe, dzi\u0119ki czemu mo\u017cesz cieszy\u0107 si\u0119 2 r\u00f3\u017cnymi smakami w dowolnym momencie, posiadaj\u0105c jedno urz\u0105dzenie vape. Wystarczy wyci\u0105gn\u0105\u0107 dysz\u0119 i obr\u00f3ci\u0107 j\u0105, aby natychmiast cieszy\u0107 si\u0119 innym smakiem.<\/p>\n<p>WASPE FIHP 40000 40K Puffs posiada podw\u00f3jne cewki siatkowe 0,9ohm, kt\u00f3re zapewniaj\u0105 p\u0142ynn\u0105 i aromatyczn\u0105 produkcj\u0119 pary, zapewniaj\u0105c bogaty smak i satysfakcjonuj\u0105ce uczucie w gardle. Podw\u00f3jne cewki zapewniaj\u0105, \u017ce ka\u017cde zaci\u0105gni\u0119cie jest pe\u0142ne i aromatyczne, zwi\u0119kszaj\u0105c doznania podczas waporyzacji.<\/p>\n<p>Pojemno\u015b\u0107 36 ml e-liquidu zapewnia d\u0142ugie sesje waporyzacji, minimalizuj\u0105c potrzeb\u0119 cz\u0119stego uzupe\u0142niania, a akumulator o pojemno\u015bci 850 mAh zapewnia du\u017c\u0105 moc do d\u0142ugotrwa\u0142ego u\u017cytkowania. Dzi\u0119ki szybkiemu \u0142adowaniu typu C \u0142adowanie jest szybkie i \u0142atwe.<\/p>\n<p>Inteligentny wy\u015bwietlacz LED zapewnia natychmiastowe aktualizacje \u017cywotno\u015bci baterii i poziomu e-cieczy, dzi\u0119ki czemu mo\u017cesz by\u0107 na bie\u017c\u0105co ze stanem urz\u0105dzenia. Funkcja Dual Flavor Experience pozwala prze\u0142\u0105cza\u0107 si\u0119 mi\u0119dzy dwoma r\u00f3\u017cnymi smakami, zapewniaj\u0105c niestandardowe doznania podczas waporyzacji z niesko\u0144czonymi mo\u017cliwo\u015bciami.<\/p>\n<p>WASPE FIHP 40000 40K Puffs s\u0105 dost\u0119pne w mocach nikotyny 0%, 2% i 5%, zapewniaj\u0105c elastyczno\u015b\u0107 zar\u00f3wno dla zwyk\u0142ych, jak i do\u015bwiadczonych vaper\u00f3w. Z 16 r\u00f3\u017cnymi smakami do wyboru, b\u0119dziesz mia\u0142 wiele opcji, aby zaspokoi\u0107 swoje preferencje smakowe.<\/p>\n<h2>VASPE FIHP 40000 40K jednorazowe Vape Szybkie szczeg\u00f3\u0142y<\/h2>\n<ul>\n<li>Podw\u00f3jne kapsu\u0142ki, podw\u00f3jne smaki<\/li>\n<li>Moc nikotyny: 0%\/2%\/5%<\/li>\n<li>Puffs Deliers: 40000 Puff\u00f3w<\/li>\n<li>Pojemno\u015b\u0107 e-cieczy: 36 ml<\/li>\n<li>Podw\u00f3jne cewki siatkowe 0,9ohm zapewniaj\u0105 p\u0142ynne, aromatyczne ci\u0105gni\u0119cia<\/li>\n<li>Akumulator typu C do szybkiego \u0142adowania<\/li>\n<li>Akumulator o pojemno\u015bci 850 mAh<\/li>\n<li>Inteligentny wy\u015bwietlacz LED pokazuje \u017cywotno\u015b\u0107 baterii i poziom e-cieczy<\/li>\n<li>16 smak\u00f3w do wyboru<\/li>\n<\/ul>\n<h2>Dost\u0119pne smaki<\/h2>\n<ul>\n<li>01. Watermelon Ice &amp; Lemon Lime<\/li>\n<li>02. Musuj\u0105cy wi\u015bniowy l\u00f3d i jagodowa wata cukrowa<\/li>\n<li>03. Truskawkowy arbuz i jagodowa malina<\/li>\n<li>04. Red Bull Ice &amp; Strawberry Mango<\/li>\n<li>05. Peach Ice &amp; Pineapple Mango Peach<\/li>\n<li>06. Grape Ice &amp; Strawberry Kiwi<\/li>\n<li>07. Mieszane jagody i podw\u00f3jny l\u00f3d jab\u0142kowy<\/li>\n<li>08. Blue Razz Lemonade &amp; Watermelon Bubblegum<\/li>\n<li>09. Truskawka Malina Wi\u015bnia &amp; Mi\u0142o\u015b\u0107 666<\/li>\n<li>10. L\u00f3d truskawkowo-bananowo-ananasowo-kokosowy<\/li>\n<li>11. Truskawka, arbuz, guma balonowa i mieszane owoce<\/li>\n<li>12. Cherry Cola Ice i cukierki truskawkowo-malinowe<\/li>\n<li>13. Kwa\u015bne jab\u0142ko, malina i truskawka Big Bang<\/li>\n<li>14. Peach Berry &amp; Watermelon Mango Peach<\/li>\n<li>15. Blueberry Ice &amp; Black Dragon Ice<\/li>\n<li>16. Strawberry Cherry &amp; Kiwi Passion Fruit<\/li>\n<li>17. Gummy Bear &amp; Strawberry Cola<\/li>\n<li>18. L\u00f3d bananowo-ananasowy i Red Bull Ice<\/li>\n<li>19. Red Bull Strwaberry &amp; Blackcurrant Ice<\/li>\n<li>20. Potr\u00f3jny l\u00f3d melonowy i arbuz malinowy<\/li>\n<\/ul>\n<h2>Szczeg\u00f3\u0142y pakowania<\/h2>\n<ul>\n<li>Waga produktu: 120 g\/szt<\/li>\n<li>Rozmiar produktu: 61*31*115mm<\/li>\n<li>1 sztuka\/pojedyncze pude\u0142ko<\/li>\n<li>10 sztuk \/ pude\u0142ko ekspozycyjne<\/li>\n<li>ILO\u015a\u0106: 160 sztuk\/szt., 10 sztuk\/pude\u0142ko<\/li>\n<li>G.W.: 20 kg<\/li>\n<\/ul>\n<figure id=\"attachment_18490\" aria-describedby=\"caption-attachment-18490\" style=\"width: 1200px\" class=\"wp-caption alignnone\"><img loading=\"lazy\" decoding=\"async\" class=\"size-full wp-image-18490\" title=\"WASPE FIHP 40000 Puffs 40K Jednorazowy Vape Hurtownia\" src=\"https:\/\/www.vape4wholesale.com\/wp-content\/uploads\/2024\/12\/WASPE-FIHP-40000-Puffs-40K-Disposable-Vape-Wholesale.webp\" alt=\"WASPE FIHP 40000 Puffs 40K Jednorazowy Vape Hurtownia\" width=\"1200\" height=\"1200\" srcset=\"https:\/\/www.vape4wholesale.com\/wp-content\/uploads\/2024\/12\/WASPE-FIHP-40000-Puffs-40K-Disposable-Vape-Wholesale.webp 1200w, https:\/\/www.vape4wholesale.com\/wp-content\/uploads\/2024\/12\/WASPE-FIHP-40000-Puffs-40K-Disposable-Vape-Wholesale-247x247.webp 247w, https:\/\/www.vape4wholesale.com\/wp-content\/uploads\/2024\/12\/WASPE-FIHP-40000-Puffs-40K-Disposable-Vape-Wholesale-100x100.webp 100w, https:\/\/www.vape4wholesale.com\/wp-content\/uploads\/2024\/12\/WASPE-FIHP-40000-Puffs-40K-Disposable-Vape-Wholesale-510x510.webp 510w\" sizes=\"auto, (max-width: 1200px) 100vw, 1200px\" \/><figcaption id=\"caption-attachment-18490\" class=\"wp-caption-text\">WASPE FIHP 40000 Puffs 40K Jednorazowy Vape Hurtownia<\/figcaption><\/figure>\n<h2>DLACZEGO MY?<\/h2>\r\n<ul>\r\n<li>Prawdziwe, godne zaufania i profesjonalne \u017ar\u00f3d\u0142o vape.<\/li>\r\n<li>Gwarancja oryginalno\u015bci 100%: Dostarczamy tylko oryginalne i oryginalne produkty, odmawiamy podrabiania.<\/li>\r\n<li>Gwarancja dostawy 100%: U\u017cywamy najlepszej metody wysy\u0142ki, aby zapewni\u0107, \u017ce otrzymasz zam\u00f3wienie 100%.<\/li>\r\n<li>Po wysy\u0142ce podamy numer przesy\u0142ki i etykiet\u0119 wysy\u0142kow\u0105 oraz b\u0119dziemy \u015bledzi\u0107 towary do momentu ich podpisania.<\/li>\r\n<li>Brak problem\u00f3w celnych, brak taryf<\/li>\r\n<\/ul>","protected":false},"excerpt":{"rendered":"<div class=\"wsppc_div_block woocommerce_before_add_to_cart_form\">\r\n<p><strong><span style=\"color: #00a859;\">Ocli\u0107 si\u0119<\/span> przed dostaw\u0105 i 100% Gwarancja Dostawy, Dostawa w oko\u0142o 19\u201325 dni.\u00a0<\/strong><\/p>\r\n<\/div>","protected":false},"featured_media":18490,"comment_status":"open","ping_status":"closed","template":"","meta":[],"pwb-brand":[1272],"product_cat":[873],"product_tag":[22,24,849,999,1016],"class_list":{"0":"post-18489","1":"product","2":"type-product","3":"status-publish","4":"has-post-thumbnail","6":"pwb-brand-waspe","7":"product_cat-above-20k-puffs","8":"product_tag-disposable","9":"product_tag-wholesale","10":"product_tag-36-0ml","11":"product_tag-waspe","12":"product_tag-40000-puffs","13":"wcpa_has_options","15":"first","16":"instock","17":"featured","18":"shipping-taxable","19":"purchasable","20":"product-type-variable"},"aioseo_notices":[],"brands":[{"id":1272,"name":"Waspe","slug":"osa"}],"_links":{"self":[{"href":"https:\/\/www.vape4wholesale.com\/pl\/wp-json\/wp\/v2\/product\/18489","targetHints":{"allow":["GET"]}}],"collection":[{"href":"https:\/\/www.vape4wholesale.com\/pl\/wp-json\/wp\/v2\/product"}],"about":[{"href":"https:\/\/www.vape4wholesale.com\/pl\/wp-json\/wp\/v2\/types\/product"}],"replies":[{"embeddable":true,"href":"https:\/\/www.vape4wholesale.com\/pl\/wp-json\/wp\/v2\/comments?post=18489"}],"wp:featuredmedia":[{"embeddable":true,"href":"https:\/\/www.vape4wholesale.com\/pl\/wp-json\/wp\/v2\/media\/18490"}],"wp:attachment":[{"href":"https:\/\/www.vape4wholesale.com\/pl\/wp-json\/wp\/v2\/media?parent=18489"}],"wp:term":[{"taxonomy":"pwb-brand","embeddable":true,"href":"https:\/\/www.vape4wholesale.com\/pl\/wp-json\/wp\/v2\/pwb-brand?post=18489"},{"taxonomy":"product_cat","embeddable":true,"href":"https:\/\/www.vape4wholesale.com\/pl\/wp-json\/wp\/v2\/product_cat?post=18489"},{"taxonomy":"product_tag","embeddable":true,"href":"https:\/\/www.vape4wholesale.com\/pl\/wp-json\/wp\/v2\/product_tag?post=18489"}],"curies":[{"name":"wp","href":"https:\/\/api.w.org\/{rel}","templated":true}]}}