{"id":18353,"date":"2024-12-19T14:43:33","date_gmt":"2024-12-19T06:43:33","guid":{"rendered":"https:\/\/www.vape4wholesale.com\/?post_type=product&#038;p=18353"},"modified":"2026-01-27T13:58:08","modified_gmt":"2026-01-27T13:58:08","slug":"bang-36000-puff-inteligentny-pelnoekranowy-jednorazowy-vape-hurtownia","status":"publish","type":"product","link":"https:\/\/www.vape4wholesale.com\/pl\/product\/bang-36000-puffs-smart-full-screen-disposable-vape-wholesale","title":{"rendered":"Bang 36000 Puffs Smart Full Screen Jednorazowy Vape Hurtownia"},"content":{"rendered":"<p><strong><a title=\"Bang\" href=\"https:\/\/www.vape4wholesale.com\/pl\/product_brand\/huk\/\">Bang<\/a> 36000 Puffs Smart Full Screen<\/strong> Disposable Vape to najnowocze\u015bniejsze urz\u0105dzenie zaprojektowane dla vaper\u00f3w, kt\u00f3rzy ceni\u0105 sobie innowacyjno\u015b\u0107 i kontrol\u0119. Dostarczaj\u0105c do 36000 zaci\u0105gni\u0119\u0107, ten zaawansowany vape zapewnia d\u0142ugotrwa\u0142\u0105 satysfakcj\u0119 i doskona\u0142\u0105 wydajno\u015b\u0107.<\/p>\n<p>To urz\u0105dzenie zapewnia niezr\u00f3wnane wra\u017cenia z waporyzacji. Jest przeznaczone dla szerokiego grona u\u017cytkownik\u00f3w, zapewniaj\u0105c opcje zar\u00f3wno entuzjastom nikotyny, jak i osobom poszukuj\u0105cym wra\u017ce\u0144 bez nikotyny.<\/p>\n<p>Zasilany akumulatorem 850 mAh z \u0142adowaniem typu C, Bang 36000 zapewnia nieprzerwane sesje waporyzacji. Czujnik odcisk\u00f3w palc\u00f3w dodaje warstw\u0119 bezpiecze\u0144stwa i nowoczesn\u0105 funkcjonalno\u015b\u0107, dzi\u0119ki czemu jest zar\u00f3wno osobisty, jak i przyjazny dla u\u017cytkownika.<\/p>\n<p>Dost\u0119pne w wersjach o mocy nikotyny 0%, 2%, 3% i 5% oraz oferuj\u0105ce 12 wspania\u0142ych smak\u00f3w, urz\u0105dzenie to zaspokaja szerok\u0105 gam\u0119 gust\u00f3w i preferencji nikotynowych.<\/p>\n<p>Zam\u00f3w nasz szeroki wyb\u00f3r 12 smak\u00f3w jednorazowych Vape Bang 36000 Puffs w najlepszej cenie i szybkiej wysy\u0142ce, obejrzyj <a title=\"wideo z Bang 36K\" href=\"https:\/\/youtu.be\/o42OkKkQv0o?si=_WOO-oAe1LgSc6AM\" target=\"_blank\" rel=\"noopener\">wideo z Bang 36K<\/a><\/p>\n<h2>Bang 36000 Puffs jednorazowe Vape Szybkie szczeg\u00f3\u0142y<\/h2>\n<ul>\n<li>Moc nikotyny: 0\/2\/3\/5%<\/li>\n<li>PUFFS: do 36000<\/li>\n<li>Pojemno\u015b\u0107 e-liquidu: 36 ml<\/li>\n<li>Cewka z podw\u00f3jn\u0105 siatk\u0105<\/li>\n<li>Wska\u017anik LED poziomu baterii i cieczy<\/li>\n<li>Op\u00f3r: 1,0 ohm<\/li>\n<li>Pojemno\u015b\u0107 baterii: akumulator 850 mAh<\/li>\n<li>Typ \u0142adowania: Typ C<\/li>\n<li>Masa cia\u0142a: 124,6 g<\/li>\n<\/ul>\n<h2>Dost\u0119pne smaki<\/h2>\n<ol>\n<li>Mix owoc\u00f3w<\/li>\n<li>Triple Berry<\/li>\n<li>Brzoskwinia Mango Arbuz<\/li>\n<li>Bor\u00f3wka Malina<\/li>\n<li>Black Dragon Ice<\/li>\n<li>L\u00f3d winogronowy<\/li>\n<li>L\u00f3d jagodowy<\/li>\n<li>Arbuz truskawkowy<\/li>\n<li>Banan truskawkowy<\/li>\n<li>Truskawka Kiwi<\/li>\n<li>Mango truskawkowe<\/li>\n<li>Arbuzowy l\u00f3d<\/li>\n<\/ol>\n<h2>Informacje o pakowaniu<\/h2>\n<ul>\n<li>124,6 g\/ pojedynczy vape<\/li>\n<li>10 PCS\/pude\u0142ko ekspozycyjne<\/li>\n<li>160 PCS\/karton<\/li>\n<li>Waga: 21,38 kg<\/li>\n<li>49,6*36*27,7 CM<\/li>\n<\/ul>\n<figure id=\"attachment_20325\" aria-describedby=\"caption-attachment-20325\" style=\"width: 800px\" class=\"wp-caption alignnone\"><img loading=\"lazy\" decoding=\"async\" class=\"size-full wp-image-20325\" title=\"Bang 36000 Puffs Smart Full Screen Jednorazowy Vape Hurtownia Truskawka Kiwi\" src=\"https:\/\/www.vape4wholesale.com\/wp-content\/uploads\/2024\/12\/Bang-36000-Puffs-Smart-Full-Screen-Disposable-Vape-Wholesale-Strawberry-Kiwi-1.webp\" alt=\"Bang 36000 Puffs Smart Full Screen Jednorazowy Vape Hurtownia Truskawka Kiwi\" width=\"800\" height=\"800\" srcset=\"https:\/\/www.vape4wholesale.com\/wp-content\/uploads\/2024\/12\/Bang-36000-Puffs-Smart-Full-Screen-Disposable-Vape-Wholesale-Strawberry-Kiwi-1.webp 800w, https:\/\/www.vape4wholesale.com\/wp-content\/uploads\/2024\/12\/Bang-36000-Puffs-Smart-Full-Screen-Disposable-Vape-Wholesale-Strawberry-Kiwi-1-247x247.webp 247w, https:\/\/www.vape4wholesale.com\/wp-content\/uploads\/2024\/12\/Bang-36000-Puffs-Smart-Full-Screen-Disposable-Vape-Wholesale-Strawberry-Kiwi-1-100x100.webp 100w, https:\/\/www.vape4wholesale.com\/wp-content\/uploads\/2024\/12\/Bang-36000-Puffs-Smart-Full-Screen-Disposable-Vape-Wholesale-Strawberry-Kiwi-1-510x510.webp 510w, https:\/\/www.vape4wholesale.com\/wp-content\/uploads\/2024\/12\/Bang-36000-Puffs-Smart-Full-Screen-Disposable-Vape-Wholesale-Strawberry-Kiwi-1-64x64.webp 64w, https:\/\/www.vape4wholesale.com\/wp-content\/uploads\/2024\/12\/Bang-36000-Puffs-Smart-Full-Screen-Disposable-Vape-Wholesale-Strawberry-Kiwi-1-300x300.webp 300w, https:\/\/www.vape4wholesale.com\/wp-content\/uploads\/2024\/12\/Bang-36000-Puffs-Smart-Full-Screen-Disposable-Vape-Wholesale-Strawberry-Kiwi-1-150x150.webp 150w, https:\/\/www.vape4wholesale.com\/wp-content\/uploads\/2024\/12\/Bang-36000-Puffs-Smart-Full-Screen-Disposable-Vape-Wholesale-Strawberry-Kiwi-1-768x768.webp 768w, https:\/\/www.vape4wholesale.com\/wp-content\/uploads\/2024\/12\/Bang-36000-Puffs-Smart-Full-Screen-Disposable-Vape-Wholesale-Strawberry-Kiwi-1-12x12.webp 12w\" sizes=\"auto, (max-width: 800px) 100vw, 800px\" \/><figcaption id=\"caption-attachment-20325\" class=\"wp-caption-text\">Bang 36000 Puffs Smart Full Screen Jednorazowy Vape Hurtownia<\/figcaption><\/figure>\n<figure id=\"attachment_20330\" aria-describedby=\"caption-attachment-20330\" style=\"width: 1020px\" class=\"wp-caption alignnone\"><img loading=\"lazy\" decoding=\"async\" class=\"size-large wp-image-20330\" title=\"Bang 36000 Puffs Inteligentny pe\u0142noekranowy jednorazowy pakiet Vape\" src=\"https:\/\/www.vape4wholesale.com\/wp-content\/uploads\/2024\/12\/Bang-36000-Puffs-Smart-Full-Screen-Disposable-Vape-Package-1024x479.webp\" alt=\"Bang 36000 Puffs Inteligentny pe\u0142noekranowy jednorazowy pakiet Vape\" width=\"1020\" height=\"477\" srcset=\"https:\/\/www.vape4wholesale.com\/wp-content\/uploads\/2024\/12\/Bang-36000-Puffs-Smart-Full-Screen-Disposable-Vape-Package-1024x479.webp 1024w, https:\/\/www.vape4wholesale.com\/wp-content\/uploads\/2024\/12\/Bang-36000-Puffs-Smart-Full-Screen-Disposable-Vape-Package-510x238.webp 510w, https:\/\/www.vape4wholesale.com\/wp-content\/uploads\/2024\/12\/Bang-36000-Puffs-Smart-Full-Screen-Disposable-Vape-Package-64x30.webp 64w, https:\/\/www.vape4wholesale.com\/wp-content\/uploads\/2024\/12\/Bang-36000-Puffs-Smart-Full-Screen-Disposable-Vape-Package-300x140.webp 300w, https:\/\/www.vape4wholesale.com\/wp-content\/uploads\/2024\/12\/Bang-36000-Puffs-Smart-Full-Screen-Disposable-Vape-Package-768x359.webp 768w, https:\/\/www.vape4wholesale.com\/wp-content\/uploads\/2024\/12\/Bang-36000-Puffs-Smart-Full-Screen-Disposable-Vape-Package-18x8.webp 18w, https:\/\/www.vape4wholesale.com\/wp-content\/uploads\/2024\/12\/Bang-36000-Puffs-Smart-Full-Screen-Disposable-Vape-Package.webp 1200w\" sizes=\"auto, (max-width: 1020px) 100vw, 1020px\" \/><figcaption id=\"caption-attachment-20330\" class=\"wp-caption-text\">Bang 36000 Puffs Inteligentny pe\u0142noekranowy jednorazowy pakiet Vape<\/figcaption><\/figure>\n<h2>DLACZEGO MY?<\/h2>\r\n<ul>\r\n<li>Prawdziwe, godne zaufania i profesjonalne \u017ar\u00f3d\u0142o vape.<\/li>\r\n<li>Gwarancja oryginalno\u015bci 100%: Dostarczamy tylko oryginalne i oryginalne produkty, odmawiamy podrabiania.<\/li>\r\n<li>Gwarancja dostawy 100%: U\u017cywamy najlepszej metody wysy\u0142ki, aby zapewni\u0107, \u017ce otrzymasz zam\u00f3wienie 100%.<\/li>\r\n<li>Po wysy\u0142ce podamy numer przesy\u0142ki i etykiet\u0119 wysy\u0142kow\u0105 oraz b\u0119dziemy \u015bledzi\u0107 towary do momentu ich podpisania.<\/li>\r\n<li>Brak problem\u00f3w celnych, brak taryf<\/li>\r\n<\/ul>","protected":false},"excerpt":{"rendered":"<div class=\"wsppc_div_block woocommerce_before_add_to_cart_form\">\r\n<p><strong><span style=\"color: #00a859;\">Ocli\u0107 si\u0119<\/span> przed dostaw\u0105 i 100% Gwarancja Dostawy, Dostawa w oko\u0142o 19\u201325 dni.\u00a0<\/strong><\/p>\r\n<\/div>","protected":false},"featured_media":18382,"comment_status":"open","ping_status":"closed","template":"","meta":[],"pwb-brand":[1275],"product_cat":[873],"product_tag":[988,22,24,249,849],"class_list":{"0":"post-18353","1":"product","2":"type-product","3":"status-publish","4":"has-post-thumbnail","6":"pwb-brand-bang","7":"product_cat-above-20k-puffs","8":"product_tag-36000-puffs","9":"product_tag-disposable","10":"product_tag-wholesale","11":"product_tag-bang","12":"product_tag-36-0ml","13":"wcpa_has_options","15":"first","16":"instock","17":"shipping-taxable","18":"purchasable","19":"product-type-variable"},"aioseo_notices":[],"brands":[{"id":1275,"name":"Bang","slug":"huk"}],"_links":{"self":[{"href":"https:\/\/www.vape4wholesale.com\/pl\/wp-json\/wp\/v2\/product\/18353","targetHints":{"allow":["GET"]}}],"collection":[{"href":"https:\/\/www.vape4wholesale.com\/pl\/wp-json\/wp\/v2\/product"}],"about":[{"href":"https:\/\/www.vape4wholesale.com\/pl\/wp-json\/wp\/v2\/types\/product"}],"replies":[{"embeddable":true,"href":"https:\/\/www.vape4wholesale.com\/pl\/wp-json\/wp\/v2\/comments?post=18353"}],"wp:featuredmedia":[{"embeddable":true,"href":"https:\/\/www.vape4wholesale.com\/pl\/wp-json\/wp\/v2\/media\/18382"}],"wp:attachment":[{"href":"https:\/\/www.vape4wholesale.com\/pl\/wp-json\/wp\/v2\/media?parent=18353"}],"wp:term":[{"taxonomy":"pwb-brand","embeddable":true,"href":"https:\/\/www.vape4wholesale.com\/pl\/wp-json\/wp\/v2\/pwb-brand?post=18353"},{"taxonomy":"product_cat","embeddable":true,"href":"https:\/\/www.vape4wholesale.com\/pl\/wp-json\/wp\/v2\/product_cat?post=18353"},{"taxonomy":"product_tag","embeddable":true,"href":"https:\/\/www.vape4wholesale.com\/pl\/wp-json\/wp\/v2\/product_tag?post=18353"}],"curies":[{"name":"wp","href":"https:\/\/api.w.org\/{rel}","templated":true}]}}