{"id":18017,"date":"2024-12-10T10:25:05","date_gmt":"2024-12-10T02:25:05","guid":{"rendered":"https:\/\/www.vape4wholesale.com\/?post_type=product&#038;p=18017"},"modified":"2026-02-10T06:11:00","modified_gmt":"2026-02-09T22:11:00","slug":"vapsolo-triple-3in1-30000-puff-jednorazowe-vape-hurtownia","status":"publish","type":"product","link":"https:\/\/www.vape4wholesale.com\/pl\/product\/vapsolo-triple-3in1-30000-puffs-disposable-vape-wholesale","title":{"rendered":"Vapsolo Triple 3in1 30000 Puffs Jednorazowy Vape Hurtownia"},"content":{"rendered":"<p>The <a title=\"Vapsolo\" href=\"\/pl\/product_brand\/vapsolo\/\">Vapsolo<\/a> Potr\u00f3jne 3w1 z 3 smakami w jednym jednorazowym urz\u0105dzeniu vape z wy\u015bwietlaczem LCD, kt\u00f3re obs\u0142uguje do 30000 zaci\u0105gni\u0119\u0107.<\/p>\n<p>Ma tr\u00f3jk\u0105tny kszta\u0142t, a g\u00f3rn\u0105 dysz\u0119 mo\u017cna obraca\u0107, aby prze\u0142\u0105cza\u0107 si\u0119 mi\u0119dzy r\u00f3\u017cnymi smakami.<\/p>\n<p>Zam\u00f3w hurtowo nasz szeroki wyb\u00f3r 10 smak\u00f3w jednorazowych vape Vapsolo Triple 3in1 30K puffs w najlepszej cenie i szybkiej wysy\u0142ce.<\/p>\n<p>Ogl\u0105daj <a title=\"Wideo Vapesolo Triple 3in1\" href=\"https:\/\/youtu.be\/-PFrvuWt1GQ?si=f67BAwgB0PaSDQy0\" target=\"_blank\" rel=\"noopener\">Wideo Vapesolo Triple 3in1<\/a> aby dowiedzie\u0107 si\u0119 wi\u0119cej o funkcjach tego produktu.<\/p>\n<h2>Vapsolo Triple 3in1 30000 Puffs Jednorazowe Vape Szybkie szczeg\u00f3\u0142y<\/h2>\n<ul>\n<li>E-liquid: 45 ml<\/li>\n<li>Nikotyna: 2%, 5%<\/li>\n<li>Bateria: 850 mAh<\/li>\n<li>\u0141adowanie typu C<\/li>\n<li>10 sztuk w pude\u0142ku ekspozycyjnym<\/li>\n<\/ul>\n<h2>Dost\u0119pne smaki<\/h2>\n<p>1. l\u00f3d arbuzowy&amp; Red bull&amp; kiwi truskawkowe<br \/>\n2. limonka cytrynowa, arbuz truskawkowy i l\u00f3d jagodowy<br \/>\n3. banan truskawkowy&amp; arbuz malinowy&amp; limonka cytrynowa<br \/>\n4. truskawka kiwi&amp; kwa\u015bne mango ananas&amp; Red bull<br \/>\n5. owoce tropikalne i arbuz truskawkowy i brzoskwinia cytrynowa<br \/>\n6. ananasowo-kokosowy&amp; truskawkowo-bananowy&amp; blue razz<br \/>\n7. truskawka malina &amp; potr\u00f3jny melon &amp; kwa\u015bny ananas mango<br \/>\n8. arbuz malinowy&amp; brzoskwinia z mango&amp; kiwi truskawkowe<br \/>\n9.truskawkowo-waniliowa cola&amp; jagodowo-malinowa&amp; cytrynowo-limonkowa<br \/>\n10. lody arbuzowe&amp; lody truskawkowe&amp; potr\u00f3jny melon<\/p>\n<p><span style=\"color: #00a859;\"><strong>Dodatkowe smaki<\/strong><\/span><\/p>\n<p>11.Kiwi Passions Fruit&amp; Love 66&amp; Vanilla<br \/>\n12.Peach Ice &amp; Dragon Fruit Ice &amp; Mix Fruit<br \/>\n13.Peach Berry&amp; Black Ice&amp; Starwberry Vanilla Cola<br \/>\n14.Bluberry Sour Rasberry&amp; Strawberry Mango&amp; Lemon Cola<br \/>\n15.Blackcurrant Ice&amp; Pink Lemonade&amp; Kiwi Passion Fruit Guava<\/p>\n<h2>Szczeg\u00f3\u0142y pakowania<\/h2>\n<ul>\n<li>1\/pojedyncze pude\u0142ko<\/li>\n<li>10\/ Opakowanie<\/li>\n<li>200\/karton<\/li>\n<li>26 kg\/karton<\/li>\n<\/ul>\n<figure id=\"attachment_18139\" aria-describedby=\"caption-attachment-18139\" style=\"width: 800px\" class=\"wp-caption alignnone\"><img loading=\"lazy\" decoding=\"async\" class=\"size-full wp-image-18139\" title=\"Vapsolo Triple 3in1 30000 Puffs Jednorazowe Vape Hurtownia WATERMELON ICE RED BULL STRAWBERRY KIWI\" src=\"https:\/\/www.vape4wholesale.com\/wp-content\/uploads\/2024\/12\/Vapsolo-Triple-3in1-30000-Puffs-Disposable-Vape-Wholesale-WATERMELON-ICE-RED-BULL-STRAWBERRY-KIWI.jpg\" alt=\"Vapsolo Triple 3in1 30000 Puffs Jednorazowe Vape Hurtownia WATERMELON ICE RED BULL STRAWBERRY KIWI\" width=\"800\" height=\"800\" srcset=\"https:\/\/www.vape4wholesale.com\/wp-content\/uploads\/2024\/12\/Vapsolo-Triple-3in1-30000-Puffs-Disposable-Vape-Wholesale-WATERMELON-ICE-RED-BULL-STRAWBERRY-KIWI.jpg 800w, https:\/\/www.vape4wholesale.com\/wp-content\/uploads\/2024\/12\/Vapsolo-Triple-3in1-30000-Puffs-Disposable-Vape-Wholesale-WATERMELON-ICE-RED-BULL-STRAWBERRY-KIWI-247x247.jpg 247w, https:\/\/www.vape4wholesale.com\/wp-content\/uploads\/2024\/12\/Vapsolo-Triple-3in1-30000-Puffs-Disposable-Vape-Wholesale-WATERMELON-ICE-RED-BULL-STRAWBERRY-KIWI-100x100.jpg 100w, https:\/\/www.vape4wholesale.com\/wp-content\/uploads\/2024\/12\/Vapsolo-Triple-3in1-30000-Puffs-Disposable-Vape-Wholesale-WATERMELON-ICE-RED-BULL-STRAWBERRY-KIWI-510x510.jpg 510w, https:\/\/www.vape4wholesale.com\/wp-content\/uploads\/2024\/12\/Vapsolo-Triple-3in1-30000-Puffs-Disposable-Vape-Wholesale-WATERMELON-ICE-RED-BULL-STRAWBERRY-KIWI-64x64.jpg 64w, https:\/\/www.vape4wholesale.com\/wp-content\/uploads\/2024\/12\/Vapsolo-Triple-3in1-30000-Puffs-Disposable-Vape-Wholesale-WATERMELON-ICE-RED-BULL-STRAWBERRY-KIWI-300x300.jpg 300w, https:\/\/www.vape4wholesale.com\/wp-content\/uploads\/2024\/12\/Vapsolo-Triple-3in1-30000-Puffs-Disposable-Vape-Wholesale-WATERMELON-ICE-RED-BULL-STRAWBERRY-KIWI-150x150.jpg 150w, https:\/\/www.vape4wholesale.com\/wp-content\/uploads\/2024\/12\/Vapsolo-Triple-3in1-30000-Puffs-Disposable-Vape-Wholesale-WATERMELON-ICE-RED-BULL-STRAWBERRY-KIWI-768x768.jpg 768w, https:\/\/www.vape4wholesale.com\/wp-content\/uploads\/2024\/12\/Vapsolo-Triple-3in1-30000-Puffs-Disposable-Vape-Wholesale-WATERMELON-ICE-RED-BULL-STRAWBERRY-KIWI-12x12.jpg 12w\" sizes=\"auto, (max-width: 800px) 100vw, 800px\" \/><figcaption id=\"caption-attachment-18139\" class=\"wp-caption-text\">Vapsolo Triple 3in1 30000 Puffs Jednorazowy Vape Hurtownia<\/figcaption><\/figure>\n<figure id=\"attachment_18018\" aria-describedby=\"caption-attachment-18018\" style=\"width: 800px\" class=\"wp-caption alignnone\"><img loading=\"lazy\" decoding=\"async\" class=\"size-full wp-image-18018\" title=\"Vapsolo Triple 3in1 30000 Puffs Jednorazowy Vape Hurtowo (2 szt.)\" src=\"https:\/\/www.vape4wholesale.com\/wp-content\/uploads\/2024\/12\/Vapsolo-Triple-3in1-30000-Puffs-Disposable-Vape-Wholesale-2.jpg\" alt=\"Vapsolo Triple 3in1 30000 Puffs Jednorazowy Vape Hurtowo (2 szt.)\" width=\"800\" height=\"800\" srcset=\"https:\/\/www.vape4wholesale.com\/wp-content\/uploads\/2024\/12\/Vapsolo-Triple-3in1-30000-Puffs-Disposable-Vape-Wholesale-2.jpg 800w, https:\/\/www.vape4wholesale.com\/wp-content\/uploads\/2024\/12\/Vapsolo-Triple-3in1-30000-Puffs-Disposable-Vape-Wholesale-2-247x247.jpg 247w, https:\/\/www.vape4wholesale.com\/wp-content\/uploads\/2024\/12\/Vapsolo-Triple-3in1-30000-Puffs-Disposable-Vape-Wholesale-2-100x100.jpg 100w, https:\/\/www.vape4wholesale.com\/wp-content\/uploads\/2024\/12\/Vapsolo-Triple-3in1-30000-Puffs-Disposable-Vape-Wholesale-2-510x510.jpg 510w, https:\/\/www.vape4wholesale.com\/wp-content\/uploads\/2024\/12\/Vapsolo-Triple-3in1-30000-Puffs-Disposable-Vape-Wholesale-2-64x64.jpg 64w, https:\/\/www.vape4wholesale.com\/wp-content\/uploads\/2024\/12\/Vapsolo-Triple-3in1-30000-Puffs-Disposable-Vape-Wholesale-2-300x300.jpg 300w, https:\/\/www.vape4wholesale.com\/wp-content\/uploads\/2024\/12\/Vapsolo-Triple-3in1-30000-Puffs-Disposable-Vape-Wholesale-2-150x150.jpg 150w, https:\/\/www.vape4wholesale.com\/wp-content\/uploads\/2024\/12\/Vapsolo-Triple-3in1-30000-Puffs-Disposable-Vape-Wholesale-2-768x768.jpg 768w, https:\/\/www.vape4wholesale.com\/wp-content\/uploads\/2024\/12\/Vapsolo-Triple-3in1-30000-Puffs-Disposable-Vape-Wholesale-2-12x12.jpg 12w\" sizes=\"auto, (max-width: 800px) 100vw, 800px\" \/><figcaption id=\"caption-attachment-18018\" class=\"wp-caption-text\">Vapsolo Triple 3in1 30000 Puffs Jednorazowy Vape Hurtownia<\/figcaption><\/figure>\n<h2>DLACZEGO MY?<\/h2>\r\n<ul>\r\n<li>Prawdziwe, godne zaufania i profesjonalne \u017ar\u00f3d\u0142o vape.<\/li>\r\n<li>Gwarancja oryginalno\u015bci 100%: Dostarczamy tylko oryginalne i oryginalne produkty, odmawiamy podrabiania.<\/li>\r\n<li>Gwarancja dostawy 100%: U\u017cywamy najlepszej metody wysy\u0142ki, aby zapewni\u0107, \u017ce otrzymasz zam\u00f3wienie 100%.<\/li>\r\n<li>Po wysy\u0142ce podamy numer przesy\u0142ki i etykiet\u0119 wysy\u0142kow\u0105 oraz b\u0119dziemy \u015bledzi\u0107 towary do momentu ich podpisania.<\/li>\r\n<li>Brak problem\u00f3w celnych, brak taryf<\/li>\r\n<\/ul>","protected":false},"excerpt":{"rendered":"<p>Ten produkt zosta\u0142 ulepszony do 60K (60000 Puff\u00f3w), wi\u0119c wy\u015blemy <strong><span style=\"color: #ff6600;\">Vapsolo Triple 60K<\/span><\/strong> je\u015bli zam\u00f3wisz ten link.<\/p>\n<p><b><span style=\"color: #00a859;\">Darmowa dostawa<\/span>\u00a0z europejskiego magazynu, czas dostawy 7-15 dni roboczych.<\/b><\/p>\r\n<div class=\"wsppc_div_block woocommerce_before_add_to_cart_form\">\r\n<p><strong>Odprawa celna przed dostaw\u0105 i 100% Gwarancja Dostawy<\/strong><\/p>\r\n<\/div>","protected":false},"featured_media":21019,"comment_status":"open","ping_status":"closed","template":"","meta":[],"pwb-brand":[1271],"product_cat":[938],"product_tag":[964,22,24,850,899],"class_list":{"0":"post-18017","1":"product","2":"type-product","3":"status-publish","4":"has-post-thumbnail","6":"pwb-brand-vapsolo","7":"product_cat-europe-warehouse","8":"product_tag-45-0ml","9":"product_tag-disposable","10":"product_tag-wholesale","11":"product_tag-30000-puffs","12":"product_tag-vapsolo","13":"product_shipping_class-eu-warehouse","14":"wcpa_has_options","16":"first","17":"instock","18":"shipping-taxable","19":"purchasable","20":"product-type-variable"},"aioseo_notices":[],"brands":[{"id":1271,"name":"Vapsolo","slug":"vapsolo"}],"_links":{"self":[{"href":"https:\/\/www.vape4wholesale.com\/pl\/wp-json\/wp\/v2\/product\/18017","targetHints":{"allow":["GET"]}}],"collection":[{"href":"https:\/\/www.vape4wholesale.com\/pl\/wp-json\/wp\/v2\/product"}],"about":[{"href":"https:\/\/www.vape4wholesale.com\/pl\/wp-json\/wp\/v2\/types\/product"}],"replies":[{"embeddable":true,"href":"https:\/\/www.vape4wholesale.com\/pl\/wp-json\/wp\/v2\/comments?post=18017"}],"wp:featuredmedia":[{"embeddable":true,"href":"https:\/\/www.vape4wholesale.com\/pl\/wp-json\/wp\/v2\/media\/21019"}],"wp:attachment":[{"href":"https:\/\/www.vape4wholesale.com\/pl\/wp-json\/wp\/v2\/media?parent=18017"}],"wp:term":[{"taxonomy":"pwb-brand","embeddable":true,"href":"https:\/\/www.vape4wholesale.com\/pl\/wp-json\/wp\/v2\/pwb-brand?post=18017"},{"taxonomy":"product_cat","embeddable":true,"href":"https:\/\/www.vape4wholesale.com\/pl\/wp-json\/wp\/v2\/product_cat?post=18017"},{"taxonomy":"product_tag","embeddable":true,"href":"https:\/\/www.vape4wholesale.com\/pl\/wp-json\/wp\/v2\/product_tag?post=18017"}],"curies":[{"name":"wp","href":"https:\/\/api.w.org\/{rel}","templated":true}]}}