{"id":17790,"date":"2024-12-03T00:11:35","date_gmt":"2024-12-02T16:11:35","guid":{"rendered":"https:\/\/www.vape4wholesale.com\/?post_type=product&#038;p=17790"},"modified":"2026-01-27T14:28:03","modified_gmt":"2026-01-27T14:28:03","slug":"bang-kingdom-rex-32000-puff-jednorazowe-vape-hurtownia","status":"publish","type":"product","link":"https:\/\/www.vape4wholesale.com\/pl\/product\/bang-kingdom-rex-32000-puffs-disposable-vape-wholesale","title":{"rendered":"Bang Kingdom Rex 32000 Puffs Jednorazowa sprzeda\u017c hurtowa Vape"},"content":{"rendered":"<p>w <a title=\"Bang\" href=\"https:\/\/www.vape4wholesale.com\/pl\/product_brand\/huk\/\">Bang<\/a> Kingdom Rex to du\u017cy poziom diposable vape, kt\u00f3ry obs\u0142uguje do 32000 zaci\u0105gni\u0119\u0107, charakteryzuje si\u0119 podw\u00f3jnym smakiem i podw\u00f3jnymi 16 ml kapsu\u0142kami z podw\u00f3jnymi cewkami siatkowymi. <a title=\"bang King 25000\" href=\"https:\/\/www.vape4wholesale.com\/pl\/produkt\/bang-king-25000-jednorazowe-vape-hurtownia\/\">bang King 25000<\/a> kt\u00f3ry jest jednym z najlepiej sprzedaj\u0105cych si\u0119 produkt\u00f3w marki Bang.<\/p>\n<p>Bang Kingdom Rex 32K Podw\u00f3jne smaki Wyposa\u017cony w bateri\u0119 650 mAh z portem \u0142adowania typc-c, oto 12 smak\u00f3w do wyboru. Prze\u0142\u0105czanie mi\u0119dzy dwoma smakami nie wymaga wysi\u0142ku, zapewniaj\u0105c wszechstronne i przyjemne doznania podczas waporyzacji. Podw\u00f3jna konstrukcja siatki Zwi\u0119ksza produkcj\u0119 pary i poprawia smak, zapewniaj\u0105c entuzjastom e-papieros\u00f3w bardziej satysfakcjonuj\u0105ce i przyjemne doznania.<\/p>\n<p>Zam\u00f3w nasz szeroki wyb\u00f3r vape Bang Kingdoms Rex 32000 Puffs w najlepszej cenie i z szybk\u0105 wysy\u0142k\u0105, tylko w vape4wholesale.<\/p>\n<h2><strong>Bang Kingdom Rex 32000 Puffs Szybkie szczeg\u00f3\u0142y<\/strong><\/h2>\n<ul>\n<li>Nikotyna: 0% 2% 3% 5%<\/li>\n<li>Puffy: Do 32000<\/li>\n<li>Pojemno\u015b\u0107 kapsu\u0142ki: 26 ml + 26 ml<\/li>\n<li>Podw\u00f3jne kapsu\u0142ki, podw\u00f3jne smaki<\/li>\n<li>Dost\u0119pnych jest 12 smak\u00f3w<\/li>\n<li>Akumulator 650 mAh typu C<\/li>\n<li>Cewka z podw\u00f3jn\u0105 siatk\u0105<\/li>\n<\/ul>\n<h2><strong>Dost\u0119pne smaki<\/strong><\/h2>\n<p>1. l\u00f3d arbuzowy i mi\u0119ta jagodowa<br \/>\n2. arbuzowy l\u00f3d i truskawkowe mango<br \/>\n3. truskawka arbuz i kiwi marakuja guawa<br \/>\n4.Truskawkowy arbuz i l\u00f3d winogronowy<br \/>\n5.Blueberry Raspberry &amp; Peach Mango Watermeon<br \/>\n6. bor\u00f3wka arbuz i truskawka mango<br \/>\n7.Blueberry Ice &amp; Black Dragon Ice<br \/>\n8. l\u00f3d jagodowy i truskawkowo-bananowy<br \/>\n9.Red Bull &amp; Blueberry Watermeon<br \/>\n10.Red Bull &amp; Watermeon Bubble Candy<br \/>\n11.L\u00f3d truskawkowo-wi\u015bniowo-brzoskwiniowy<br \/>\n12.truskawka kiwi i kwa\u015bne jab\u0142ko malina<\/p>\n<h2><strong>Szczeg\u00f3\u0142y pakowania<\/strong><\/h2>\n<p>1 sztuka ka\u017cdego ma\u0142ego pude\u0142ka<br \/>\n10 sztuk w opakowaniu ekspozycyjnym<br \/>\n200 sztuk w kartonie<\/p>\n<figure id=\"attachment_17798\" aria-describedby=\"caption-attachment-17798\" style=\"width: 800px\" class=\"wp-caption alignnone\"><img loading=\"lazy\" decoding=\"async\" class=\"size-full wp-image-17798\" title=\"Bang Kingdom Rex 32000 Puffs Jednorazowe Vape Hurtownia Truskawka Kiwi Kwa\u015bne Jab\u0142ko Malina\" src=\"https:\/\/www.vape4wholesale.com\/wp-content\/uploads\/2024\/12\/Bang-Kingdom-Rex-32000-Puffs-Disposable-Vape-Wholesale-Strawberry-Kiwi-Sour-Apple-Raspberry.jpg\" alt=\"Bang Kingdom Rex 32000 Puffs Jednorazowe Vape Hurtownia Truskawka Kiwi Kwa\u015bne Jab\u0142ko Malina\" width=\"800\" height=\"800\" srcset=\"https:\/\/www.vape4wholesale.com\/wp-content\/uploads\/2024\/12\/Bang-Kingdom-Rex-32000-Puffs-Disposable-Vape-Wholesale-Strawberry-Kiwi-Sour-Apple-Raspberry.jpg 800w, https:\/\/www.vape4wholesale.com\/wp-content\/uploads\/2024\/12\/Bang-Kingdom-Rex-32000-Puffs-Disposable-Vape-Wholesale-Strawberry-Kiwi-Sour-Apple-Raspberry-247x247.jpg 247w, https:\/\/www.vape4wholesale.com\/wp-content\/uploads\/2024\/12\/Bang-Kingdom-Rex-32000-Puffs-Disposable-Vape-Wholesale-Strawberry-Kiwi-Sour-Apple-Raspberry-100x100.jpg 100w, https:\/\/www.vape4wholesale.com\/wp-content\/uploads\/2024\/12\/Bang-Kingdom-Rex-32000-Puffs-Disposable-Vape-Wholesale-Strawberry-Kiwi-Sour-Apple-Raspberry-510x510.jpg 510w\" sizes=\"auto, (max-width: 800px) 100vw, 800px\" \/><figcaption id=\"caption-attachment-17798\" class=\"wp-caption-text\">Bang Kingdom Rex 32000 Puffs Jednorazowa sprzeda\u017c hurtowa Vape<\/figcaption><\/figure>\n<h2>DLACZEGO MY?<\/h2>\r\n<ul>\r\n<li>Prawdziwe, godne zaufania i profesjonalne \u017ar\u00f3d\u0142o vape.<\/li>\r\n<li>Gwarancja oryginalno\u015bci 100%: Dostarczamy tylko oryginalne i oryginalne produkty, odmawiamy podrabiania.<\/li>\r\n<li>Gwarancja dostawy 100%: U\u017cywamy najlepszej metody wysy\u0142ki, aby zapewni\u0107, \u017ce otrzymasz zam\u00f3wienie 100%.<\/li>\r\n<li>Po wysy\u0142ce podamy numer przesy\u0142ki i etykiet\u0119 wysy\u0142kow\u0105 oraz b\u0119dziemy \u015bledzi\u0107 towary do momentu ich podpisania.<\/li>\r\n<li>Brak problem\u00f3w celnych, brak taryf<\/li>\r\n<\/ul>","protected":false},"excerpt":{"rendered":"<div class=\"wsppc_div_block woocommerce_before_add_to_cart_form\">\r\n<p><strong><span style=\"color: #00a859;\">Ocli\u0107 si\u0119<\/span> przed dostaw\u0105 i 100% Gwarancja Dostawy, Dostawa w oko\u0142o 19\u201325 dni.\u00a0<\/strong><\/p>\r\n<\/div>","protected":false},"featured_media":17791,"comment_status":"open","ping_status":"closed","template":"","meta":[],"pwb-brand":[1275],"product_cat":[873],"product_tag":[944,22,24,249,823],"class_list":{"0":"post-17790","1":"product","2":"type-product","3":"status-publish","4":"has-post-thumbnail","6":"pwb-brand-bang","7":"product_cat-above-20k-puffs","8":"product_tag-32000-puffs","9":"product_tag-disposable","10":"product_tag-wholesale","11":"product_tag-bang","12":"product_tag-26-0ml","13":"wcpa_has_options","15":"first","16":"instock","17":"featured","18":"shipping-taxable","19":"purchasable","20":"product-type-variable"},"aioseo_notices":[],"brands":[{"id":1275,"name":"Bang","slug":"huk"}],"_links":{"self":[{"href":"https:\/\/www.vape4wholesale.com\/pl\/wp-json\/wp\/v2\/product\/17790","targetHints":{"allow":["GET"]}}],"collection":[{"href":"https:\/\/www.vape4wholesale.com\/pl\/wp-json\/wp\/v2\/product"}],"about":[{"href":"https:\/\/www.vape4wholesale.com\/pl\/wp-json\/wp\/v2\/types\/product"}],"replies":[{"embeddable":true,"href":"https:\/\/www.vape4wholesale.com\/pl\/wp-json\/wp\/v2\/comments?post=17790"}],"wp:featuredmedia":[{"embeddable":true,"href":"https:\/\/www.vape4wholesale.com\/pl\/wp-json\/wp\/v2\/media\/17791"}],"wp:attachment":[{"href":"https:\/\/www.vape4wholesale.com\/pl\/wp-json\/wp\/v2\/media?parent=17790"}],"wp:term":[{"taxonomy":"pwb-brand","embeddable":true,"href":"https:\/\/www.vape4wholesale.com\/pl\/wp-json\/wp\/v2\/pwb-brand?post=17790"},{"taxonomy":"product_cat","embeddable":true,"href":"https:\/\/www.vape4wholesale.com\/pl\/wp-json\/wp\/v2\/product_cat?post=17790"},{"taxonomy":"product_tag","embeddable":true,"href":"https:\/\/www.vape4wholesale.com\/pl\/wp-json\/wp\/v2\/product_tag?post=17790"}],"curies":[{"name":"wp","href":"https:\/\/api.w.org\/{rel}","templated":true}]}}