{"id":17549,"date":"2024-11-17T00:36:25","date_gmt":"2024-11-16T16:36:25","guid":{"rendered":"https:\/\/www.vape4wholesale.com\/?post_type=product&#038;p=17549"},"modified":"2026-04-16T23:33:00","modified_gmt":"2026-04-16T15:33:00","slug":"uwin-crystal-10000-puff-jednorazowy-vape","status":"publish","type":"product","link":"https:\/\/www.vape4wholesale.com\/pl\/product\/uwin-crystal-10000-puffs-disposable-vape","title":{"rendered":"Vape jednorazowe Uwin Crystal 10000 Puffs"},"content":{"rendered":"<p>The\u00a0<strong><a href=\"\/pl\/product_brand\/uwin\/\">Uwin<\/a>\u00a0Crystal 10000<\/strong> Puffs Disposable Vape to kompaktowy, wst\u0119pnie nape\u0142niony waporyzator oferuj\u0105cy do 10000 zaci\u0105gni\u0119\u0107 aromatycznej pary. Jego elegancka konstrukcja zapewnia przeno\u015bno\u015b\u0107, a r\u00f3\u017cnorodno\u015b\u0107 smak\u00f3w zaspokaja indywidualne gusta. Wystarczy u\u017cy\u0107 i wyrzuci\u0107 po u\u017cyciu, aby wygodnie korzysta\u0107 z waporyzatora.<\/p>\n<p>Zam\u00f3w nasz szeroki wyb\u00f3r 15 smak\u00f3w Uwin Crystal 10000 w najlepszej cenie i z szybk\u0105 wysy\u0142k\u0105.<\/p>\n<h2><strong>Cechy urz\u0105dzenia Uwin Crystal 10000<\/strong><\/h2>\n<ul>\n<li>0% 2% 3% 5% Nikotyna<\/li>\n<li>Puffy:10000<\/li>\n<li>Pojemno\u015b\u0107: 18 ml<\/li>\n<li>200 sztuk\/karton<\/li>\n<li>10 sztuk \/ pude\u0142ko<\/li>\n<li>15 dost\u0119pnych smak\u00f3w<\/li>\n<li>650 mAh Akumulator kobaltowy z portem typu C<\/li>\n<li>Cewka: cewka siatkowa 0,8 ohm<\/li>\n<li>Ka\u017cdy karton: 17,3 kg<\/li>\n<li>Rozmiar kartonu: 36,5 * 36,7 * 31,5 CM<\/li>\n<li>\u015aWIAT\u0141A RGB<\/li>\n<\/ul>\n<h2><strong>Przegl\u0105d i funkcje produktu<\/strong><\/h2>\n<p>UWIN CRYSTAL 10000 Puffs Disposable Vape to godny uwagi konkurent na rynku jednorazowych vape, zaprojektowany z my\u015bl\u0105 zar\u00f3wno o pocz\u0105tkuj\u0105cych, jak i do\u015bwiadczonych u\u017cytkownikach. Jedn\u0105 z jego najbardziej imponuj\u0105cych cech jest znaczna liczba zaci\u0105gni\u0119\u0107, oferuj\u0105ca do 10000 zaci\u0105gni\u0119\u0107 na urz\u0105dzenie. Funkcja ta nie tylko poprawia og\u00f3lne wra\u017cenia z waporyzacji, ale tak\u017ce zapewnia doskona\u0142\u0105 warto\u015b\u0107 dla u\u017cytkownik\u00f3w poszukuj\u0105cych d\u0142ugowieczno\u015bci w swoich jednorazowych waporyzatorach.<\/p>\n<p>Je\u015bli chodzi o opcje smakowe, UWIN CRYSTAL oferuje szeroki wyb\u00f3r, obejmuj\u0105cy \u0142\u0105cznie 50 r\u00f3\u017cnych smak\u00f3w. Ta szeroka gama zaspokaja r\u00f3\u017cnorodne preferencje podniebienia, przemawiaj\u0105c do u\u017cytkownik\u00f3w, kt\u00f3rzy lubi\u0105 eksperymentowa\u0107 z r\u00f3\u017cnymi smakami. Od owocowych mikstur po tradycyjne mieszanki tytoniowe, asortyment zapewnia, \u017ce ka\u017cdy u\u017cytkownik mo\u017ce znale\u017a\u0107 sw\u00f3j idealny smak. Intryguj\u0105ce kombinacje i jako\u015b\u0107 smak\u00f3w odr\u00f3\u017cniaj\u0105 CRYSTAL od wielu konkurent\u00f3w w tym samym segmencie rynku.<\/p>\n<p>Przyjazna dla u\u017cytkownika konstrukcja urz\u0105dzenia zwi\u0119ksza jego atrakcyjno\u015b\u0107. Zbudowany z my\u015bl\u0105 o przeno\u015bno\u015bci, CRYSTAL wygodnie mie\u015bci si\u0119 w d\u0142oni, dzi\u0119ki czemu jest wygodny dla u\u017cytkownik\u00f3w w podr\u00f3\u017cy. Elegancka i lekka konstrukcja oznacza r\u00f3wnie\u017c, \u017ce mo\u017cna go \u0142atwo transportowa\u0107, pozwalaj\u0105c u\u017cytkownikom cieszy\u0107 si\u0119 waporyzacj\u0105 bez \u017cadnych k\u0142opot\u00f3w. Dodatkowo, urz\u0105dzenie wykorzystuje zaawansowan\u0105 technologi\u0119 waporyzacji, zapewniaj\u0105c p\u0142ynn\u0105 i sp\u00f3jn\u0105 produkcj\u0119 pary przy ka\u017cdym zaci\u0105gni\u0119ciu.<\/p>\n<p>\u017bywotno\u015b\u0107 baterii UWIN CRYSTAL jest kolejn\u0105 kluczow\u0105 cech\u0105, poniewa\u017c zosta\u0142a zaprojektowana tak, aby obs\u0142ugiwa\u0107 imponuj\u0105c\u0105 liczb\u0119 zaci\u0105gni\u0119\u0107 bez konieczno\u015bci cz\u0119stego \u0142adowania. Funkcjonalno\u015b\u0107 ta sprawia, \u017ce jest to idealne rozwi\u0105zanie dla u\u017cytkownik\u00f3w preferuj\u0105cych niezawodn\u0105 i nieprzerwan\u0105 sesj\u0119 waporyzacji. Og\u00f3lnie rzecz bior\u0105c, UWIN CRYSTAL 10000 Puffs Disposable Vape \u0142\u0105czy w sobie innowacyjny design, r\u00f3\u017cnorodno\u015b\u0107 smak\u00f3w i d\u0142ugotrwa\u0142\u0105 wydajno\u015b\u0107, wyr\u00f3\u017cniaj\u0105c si\u0119 jako najlepszy wyb\u00f3r w\u015br\u00f3d jednorazowych waporyzator\u00f3w dost\u0119pnych obecnie na rynku.<\/p>\n<h2><strong>R\u00f3\u017cnorodno\u015b\u0107 smak\u00f3w i wra\u017cenia u\u017cytkownika<\/strong><\/h2>\n<p>Jednorazowy waporyzator UWIN CRYSTAL 10000 Puffs s\u0142ynie z imponuj\u0105cej gamy opcji smakowych, zaspokajaj\u0105c potrzeby zr\u00f3\u017cnicowanej grupy entuzjast\u00f3w waporyzacji. U\u017cytkownicy mog\u0105 rozkoszowa\u0107 si\u0119 szerok\u0105 gam\u0105 profili, od \u017cywych owocowych mikstur po dekadenckie desery. R\u00f3\u017cnorodno\u015b\u0107 zapewnia, \u017ce zar\u00f3wno pocz\u0105tkuj\u0105cy waperzy, jak i do\u015bwiadczeni u\u017cytkownicy mog\u0105 znale\u017a\u0107 smaki, kt\u00f3re odpowiadaj\u0105 ich osobistym preferencjom, zwi\u0119kszaj\u0105c og\u00f3lne wra\u017cenia z waporyzacji.<\/p>\n<p>W\u015br\u00f3d popularnych owocowych smak\u00f3w mo\u017cna znale\u017a\u0107 takie opcje, jak arbuz, mango i mieszane jagody, kt\u00f3re wywo\u0142uj\u0105 orze\u017awiaj\u0105ce i orze\u017awiaj\u0105ce doznania. Smaki te cz\u0119sto charakteryzuj\u0105 si\u0119 kusz\u0105c\u0105 s\u0142odycz\u0105, zr\u00f3wnowa\u017con\u0105 \u017cywo\u015bci\u0105, kt\u00f3ra pobudza podniebienie. U\u017cytkownicy cz\u0119sto donosz\u0105 o przyjemnym odczuciu w ustach, gdzie naturalne nuty owocowe przechodz\u0105 p\u0142ynnie podczas inhalacji. Dodatkowo, posmak jest zazwyczaj czysty, pozwalaj\u0105c u\u017cytkownikom cieszy\u0107 si\u0119 utrzymuj\u0105c\u0105 si\u0119 esencj\u0105 wybranego smaku bez \u017cadnych nieprzyjemnych pozosta\u0142o\u015bci.<\/p>\n<p>Na drugim ko\u0144cu spektrum znajduj\u0105 si\u0119 pob\u0142a\u017cliwe smaki deserowe, takie jak krem waniliowy i kr\u00f3wka czekoladowa, oferuj\u0105ce satysfakcjonuj\u0105ce doznania dla os\u00f3b lubi\u0105cych s\u0142odycze. Smaki te cz\u0119sto prezentuj\u0105 bogatszy, bardziej kremowy profil, zapewniaj\u0105c kontrast z l\u017cejszymi opcjami owocowymi. Opinie klient\u00f3w podkre\u015blaj\u0105, \u017ce smaki deserowe cz\u0119sto skutkuj\u0105 mocniejszym uderzeniem w gard\u0142o, co jest korzystne dla os\u00f3b poszukuj\u0105cych g\u0142\u0119bszych dozna\u0144 podczas waporyzacji. Takie do\u015bwiadczenia mog\u0105 by\u0107 szczeg\u00f3lnie satysfakcjonuj\u0105ce, zw\u0142aszcza podczas okazjonalnych lub spokojnych sesji waporyzacji.<\/p>\n<p>Co wi\u0119cej, og\u00f3lna jako\u015b\u0107 zaci\u0105gania UWIN CRYSTAL 10000 jest godna pochwa\u0142y. U\u017cytkownicy cz\u0119sto wyra\u017caj\u0105 zadowolenie ze zr\u00f3wnowa\u017conej produkcji pary i retencji smaku, co przyczynia si\u0119 do sp\u00f3jnego do\u015bwiadczenia waporyzacji. Zdolno\u015b\u0107 urz\u0105dzenia do dostarczania sp\u00f3jnego smaku przez ca\u0142y okres u\u017cytkowania wyr\u00f3\u017cnia je na zat\u0142oczonym rynku. Niezale\u017cnie od tego, czy kto\u015b chce poeksperymentowa\u0107 z nowymi smakami, czy te\u017c zdecydowa\u0107 si\u0119 na ukochany ulubiony, UWIN CRYSTAL 10000 oferuje przekonuj\u0105cy pow\u00f3d, aby zapozna\u0107 si\u0119 z jego r\u00f3\u017cnorodn\u0105 ofert\u0105 smakow\u0105.<\/p>\n<h2><strong>Uwin Crystal 10000 <\/strong><strong>Dost\u0119pne smaki<\/strong><\/h2>\n<table width=\"333\">\n<tbody>\n<tr>\n<td width=\"333\">1. jagoda malina<\/td>\n<\/tr>\n<tr>\n<td>2.Grape ice<\/td>\n<\/tr>\n<tr>\n<td>3. arbuz truskawkowy<\/td>\n<\/tr>\n<tr>\n<td>4.Blueberry on ice<\/td>\n<\/tr>\n<tr>\n<td>5.Watermelon ice<\/td>\n<\/tr>\n<tr>\n<td>6.Cherry ice<\/td>\n<\/tr>\n<tr>\n<td>7.Strawberry raspberry cherry<\/td>\n<\/tr>\n<tr>\n<td>8.Kiwi Passion fruit guava<\/td>\n<\/tr>\n<tr>\n<td>9.L\u00f3d truskawkowy<\/td>\n<\/tr>\n<tr>\n<td>10.Peach ice<\/td>\n<\/tr>\n<tr>\n<td>11.Strawberry kiwi<\/td>\n<\/tr>\n<tr>\n<td>12.Peach berry<\/td>\n<\/tr>\n<tr>\n<td>13.Cherry cola<\/td>\n<\/tr>\n<tr>\n<td>14.Mixed berry<\/td>\n<\/tr>\n<tr>\n<td>15.Mr blue<\/td>\n<\/tr>\n<tr>\n<td>16.Lady Killa<\/td>\n<\/tr>\n<tr>\n<td>17.Love 66<\/td>\n<\/tr>\n<tr>\n<td>18.Strawberry Cranberry cherry<\/td>\n<\/tr>\n<tr>\n<td>19.banan truskawkowy<\/td>\n<\/tr>\n<tr>\n<td>20.Peach mango pineapple<\/td>\n<\/tr>\n<tr>\n<td>21.Blue razz lemonade<\/td>\n<\/tr>\n<tr>\n<td>22.Red Bull<\/td>\n<\/tr>\n<tr>\n<td>23.Strawberry grape<\/td>\n<\/tr>\n<tr>\n<td>24.Cherry berry<\/td>\n<\/tr>\n<tr>\n<td>25.Miami Mint<\/td>\n<\/tr>\n<tr>\n<td>26.Cola ice<\/td>\n<\/tr>\n<tr>\n<td>27.Two Apple<\/td>\n<\/tr>\n<tr>\n<td>28.Vanilla ice<\/td>\n<\/tr>\n<tr>\n<td>29.Passion Fruit ice<\/td>\n<\/tr>\n<tr>\n<td>30.Lemon lime<\/td>\n<\/tr>\n<\/tbody>\n<\/table>\n<figure id=\"attachment_17544\" aria-describedby=\"caption-attachment-17544\" style=\"width: 800px\" class=\"wp-caption alignnone\"><img loading=\"lazy\" decoding=\"async\" class=\"wp-image-17544 size-full\" title=\"Uwin Crystal 10000 Puffs Jednorazowe Vape Watermelon Ice\" src=\"https:\/\/www.vape4wholesale.com\/wp-content\/uploads\/2024\/11\/Uwin-Crystal-10000-Puffs-Disposable-Vape-Watermelon-Ice.jpg\" alt=\"Uwin Crystal 10000 Puffs Jednorazowe Vape Watermelon Ice\" width=\"800\" height=\"800\" srcset=\"https:\/\/www.vape4wholesale.com\/wp-content\/uploads\/2024\/11\/Uwin-Crystal-10000-Puffs-Disposable-Vape-Watermelon-Ice.jpg 800w, https:\/\/www.vape4wholesale.com\/wp-content\/uploads\/2024\/11\/Uwin-Crystal-10000-Puffs-Disposable-Vape-Watermelon-Ice-247x247.jpg 247w, https:\/\/www.vape4wholesale.com\/wp-content\/uploads\/2024\/11\/Uwin-Crystal-10000-Puffs-Disposable-Vape-Watermelon-Ice-100x100.jpg 100w, https:\/\/www.vape4wholesale.com\/wp-content\/uploads\/2024\/11\/Uwin-Crystal-10000-Puffs-Disposable-Vape-Watermelon-Ice-510x510.jpg 510w, https:\/\/www.vape4wholesale.com\/wp-content\/uploads\/2024\/11\/Uwin-Crystal-10000-Puffs-Disposable-Vape-Watermelon-Ice-64x64.jpg 64w, https:\/\/www.vape4wholesale.com\/wp-content\/uploads\/2024\/11\/Uwin-Crystal-10000-Puffs-Disposable-Vape-Watermelon-Ice-300x300.jpg 300w, https:\/\/www.vape4wholesale.com\/wp-content\/uploads\/2024\/11\/Uwin-Crystal-10000-Puffs-Disposable-Vape-Watermelon-Ice-150x150.jpg 150w, https:\/\/www.vape4wholesale.com\/wp-content\/uploads\/2024\/11\/Uwin-Crystal-10000-Puffs-Disposable-Vape-Watermelon-Ice-768x768.jpg 768w, https:\/\/www.vape4wholesale.com\/wp-content\/uploads\/2024\/11\/Uwin-Crystal-10000-Puffs-Disposable-Vape-Watermelon-Ice-12x12.jpg 12w\" sizes=\"auto, (max-width: 800px) 100vw, 800px\" \/><figcaption id=\"caption-attachment-17544\" class=\"wp-caption-text\">Uwin Crystal 10000 Puffs Jednorazowa sprzeda\u017c hurtowa Vape<\/figcaption><\/figure>\n<p><img loading=\"lazy\" decoding=\"async\" class=\"alignnone size-full wp-image-17548\" title=\"Jednorazowy baner Vape Uwin Crystal 10000 Puffs\" src=\"https:\/\/www.vape4wholesale.com\/wp-content\/uploads\/2024\/11\/Uwin-Crystal-10000-Puffs-Disposable-Vape-Banner.jpg\" alt=\"Jednorazowy baner Vape Uwin Crystal 10000 Puffs\" width=\"800\" height=\"500\" srcset=\"https:\/\/www.vape4wholesale.com\/wp-content\/uploads\/2024\/11\/Uwin-Crystal-10000-Puffs-Disposable-Vape-Banner.jpg 800w, https:\/\/www.vape4wholesale.com\/wp-content\/uploads\/2024\/11\/Uwin-Crystal-10000-Puffs-Disposable-Vape-Banner-510x319.jpg 510w, https:\/\/www.vape4wholesale.com\/wp-content\/uploads\/2024\/11\/Uwin-Crystal-10000-Puffs-Disposable-Vape-Banner-64x40.jpg 64w, https:\/\/www.vape4wholesale.com\/wp-content\/uploads\/2024\/11\/Uwin-Crystal-10000-Puffs-Disposable-Vape-Banner-300x188.jpg 300w, https:\/\/www.vape4wholesale.com\/wp-content\/uploads\/2024\/11\/Uwin-Crystal-10000-Puffs-Disposable-Vape-Banner-768x480.jpg 768w, https:\/\/www.vape4wholesale.com\/wp-content\/uploads\/2024\/11\/Uwin-Crystal-10000-Puffs-Disposable-Vape-Banner-18x12.jpg 18w\" sizes=\"auto, (max-width: 800px) 100vw, 800px\" \/> <img loading=\"lazy\" decoding=\"async\" class=\"alignnone size-full wp-image-17547\" title=\"Uwin Crystal 10000 Puffs Jednorazowy Vape Banner 2\" src=\"https:\/\/www.vape4wholesale.com\/wp-content\/uploads\/2024\/11\/Uwin-Crystal-10000-Puffs-Disposable-Vape-Banner-2.jpg\" alt=\"Uwin Crystal 10000 Puffs Jednorazowy Vape Banner 2\" width=\"800\" height=\"500\" srcset=\"https:\/\/www.vape4wholesale.com\/wp-content\/uploads\/2024\/11\/Uwin-Crystal-10000-Puffs-Disposable-Vape-Banner-2.jpg 800w, https:\/\/www.vape4wholesale.com\/wp-content\/uploads\/2024\/11\/Uwin-Crystal-10000-Puffs-Disposable-Vape-Banner-2-510x319.jpg 510w, https:\/\/www.vape4wholesale.com\/wp-content\/uploads\/2024\/11\/Uwin-Crystal-10000-Puffs-Disposable-Vape-Banner-2-64x40.jpg 64w, https:\/\/www.vape4wholesale.com\/wp-content\/uploads\/2024\/11\/Uwin-Crystal-10000-Puffs-Disposable-Vape-Banner-2-300x188.jpg 300w, https:\/\/www.vape4wholesale.com\/wp-content\/uploads\/2024\/11\/Uwin-Crystal-10000-Puffs-Disposable-Vape-Banner-2-768x480.jpg 768w, https:\/\/www.vape4wholesale.com\/wp-content\/uploads\/2024\/11\/Uwin-Crystal-10000-Puffs-Disposable-Vape-Banner-2-18x12.jpg 18w\" sizes=\"auto, (max-width: 800px) 100vw, 800px\" \/><\/p>\n<h2>DLACZEGO MY?<\/h2>\r\n<ul>\r\n<li>Prawdziwe, godne zaufania i profesjonalne \u017ar\u00f3d\u0142o vape.<\/li>\r\n<li>Gwarancja oryginalno\u015bci 100%: Dostarczamy tylko oryginalne i oryginalne produkty, odmawiamy podrabiania.<\/li>\r\n<li>Gwarancja dostawy 100%: U\u017cywamy najlepszej metody wysy\u0142ki, aby zapewni\u0107, \u017ce otrzymasz zam\u00f3wienie 100%.<\/li>\r\n<li>Po wysy\u0142ce podamy numer przesy\u0142ki i etykiet\u0119 wysy\u0142kow\u0105 oraz b\u0119dziemy \u015bledzi\u0107 towary do momentu ich podpisania.<\/li>\r\n<li>Brak problem\u00f3w celnych, brak taryf<\/li>\r\n<\/ul>","protected":false},"excerpt":{"rendered":"<div class=\"wsppc_div_block woocommerce_before_add_to_cart_form\">\r\n<p><strong><span style=\"color: #00a859;\">Clear customs<\/span> before delivery &amp; 100% Delivery Guarantee, Delivery in 19~25 days around.\u00a0<\/strong><\/p>\r\n<\/div>","protected":false},"featured_media":17540,"comment_status":"open","ping_status":"closed","template":"","meta":[],"pwb-brand":[1274],"product_cat":[871],"product_tag":[22,24,244,324,936],"class_list":{"0":"post-17549","1":"product","2":"type-product","3":"status-publish","4":"has-post-thumbnail","6":"pwb-brand-uwin","7":"product_cat-10-15k-puffs","8":"product_tag-disposable","9":"product_tag-wholesale","10":"product_tag-18-0ml","11":"product_tag-10000-puffs","12":"product_tag-uwin","13":"wcpa_has_options","15":"first","16":"instock","17":"shipping-taxable","18":"purchasable","19":"product-type-variable"},"aioseo_notices":[],"brands":[{"id":1274,"name":"Uwin","slug":"uwin"}],"_links":{"self":[{"href":"https:\/\/www.vape4wholesale.com\/pl\/wp-json\/wp\/v2\/product\/17549","targetHints":{"allow":["GET"]}}],"collection":[{"href":"https:\/\/www.vape4wholesale.com\/pl\/wp-json\/wp\/v2\/product"}],"about":[{"href":"https:\/\/www.vape4wholesale.com\/pl\/wp-json\/wp\/v2\/types\/product"}],"replies":[{"embeddable":true,"href":"https:\/\/www.vape4wholesale.com\/pl\/wp-json\/wp\/v2\/comments?post=17549"}],"wp:featuredmedia":[{"embeddable":true,"href":"https:\/\/www.vape4wholesale.com\/pl\/wp-json\/wp\/v2\/media\/17540"}],"wp:attachment":[{"href":"https:\/\/www.vape4wholesale.com\/pl\/wp-json\/wp\/v2\/media?parent=17549"}],"wp:term":[{"taxonomy":"pwb-brand","embeddable":true,"href":"https:\/\/www.vape4wholesale.com\/pl\/wp-json\/wp\/v2\/pwb-brand?post=17549"},{"taxonomy":"product_cat","embeddable":true,"href":"https:\/\/www.vape4wholesale.com\/pl\/wp-json\/wp\/v2\/product_cat?post=17549"},{"taxonomy":"product_tag","embeddable":true,"href":"https:\/\/www.vape4wholesale.com\/pl\/wp-json\/wp\/v2\/product_tag?post=17549"}],"curies":[{"name":"wp","href":"https:\/\/api.w.org\/{rel}","templated":true}]}}