{"id":17176,"date":"2024-10-26T23:03:00","date_gmt":"2024-10-26T15:03:00","guid":{"rendered":"https:\/\/www.vape4wholesale.com\/?post_type=product&#038;p=17176"},"modified":"2026-01-27T14:33:54","modified_gmt":"2026-01-27T14:33:54","slug":"bang-box-30000-puff-jednorazowy-vape-hurtownia","status":"publish","type":"product","link":"https:\/\/www.vape4wholesale.com\/pl\/product\/bang-box-30000-puffs-disposable-vape-wholesale","title":{"rendered":"Bang Box 30000 Puffs Jednorazowa sprzeda\u017c hurtowa Vape"},"content":{"rendered":"<p>Bang Box 30000 Puffs to jednorazowy vape z mo\u017cliwo\u015bci\u0105 \u0142adowania, o pojemno\u015bci 35 ML e-liquidu, oferuj\u0105cy do 30 000 zaci\u0105gni\u0119\u0107 i ulepszony smak dzi\u0119ki technologii podw\u00f3jnej cewki siatkowej, dost\u0119pny wy\u0142\u0105cznie w V4W. Wyposa\u017cony jest w 2 tryby, normalny i Boost, z trybem boost, b\u0119dziesz mia\u0142 ogromne do\u015bwiadczenie pary.<\/p>\n<p>Bang Box 30000 zosta\u0142 zaprojektowany z my\u015bl\u0105 o wygodzie, wyposa\u017cony w przyjazny dla u\u017cytkownika wy\u015bwietlacz poziomu na\u0142adowania baterii. Pozwala to na \u0142atwe monitorowanie zu\u017cycia i \u0142adowanie w dogodnym momencie za pomoc\u0105 nowoczesnego portu \u0142adowania typu C.<\/p>\n<p>Zam\u00f3w nasz szeroki wyb\u00f3r 12 smak\u00f3w Bang Box 30000 w najlepszej cenie i z szybk\u0105 wysy\u0142k\u0105.<\/p>\n<h2><strong>Bang Box 30000 Jednorazowe Vape Szybkie szczeg\u00f3\u0142y:<\/strong><\/h2>\n<ul>\n<li>Puffy: 30000 Puff\u00f3w<\/li>\n<li>Pojemno\u015b\u0107: 35 ml<\/li>\n<li>Bateria: 850 mAh<\/li>\n<li>Nikotyna: 0% 2% 3% 5%<\/li>\n<li>12 dost\u0119pnych smak\u00f3w<\/li>\n<li>Cewka z podw\u00f3jn\u0105 siatk\u0105<\/li>\n<li>2 tryby: Normal\/ Boost<\/li>\n<li>Inteligentny ekran: wska\u017anik e-juice\/zasilania<\/li>\n<\/ul>\n<h2><strong>Bang Box 30000 dost\u0119pnych smak\u00f3w<\/strong><\/h2>\n<ol>\n<li>Jab\u0142ko Brzoskwinia<\/li>\n<li>Black Burst<\/li>\n<li>L\u00f3d jagodowy<\/li>\n<li>Blueberry Pomegrante<\/li>\n<li>Kwa\u015bny l\u00f3d jagodowo-malinowy<\/li>\n<li>Blue Burst<\/li>\n<li>Double Grape<\/li>\n<li>Jungle Juice<\/li>\n<li>Truskawka Kiwi<\/li>\n<li>Arbuzowy l\u00f3d<\/li>\n<li>Arbuz truskawkowy<\/li>\n<li>Owoc m\u0119czennicy<\/li>\n<\/ol>\n<h2><strong>Szczeg\u00f3\u0142y pakowania<\/strong><\/h2>\n<ul>\n<li>Pojedynczy z ma\u0142ym opakowaniem<\/li>\n<li>10 sztuk w \u015brednim pude\u0142ku<\/li>\n<li>200 sztuk w kartonie<\/li>\n<\/ul>\n<figure id=\"attachment_17192\" aria-describedby=\"caption-attachment-17192\" style=\"width: 800px\" class=\"wp-caption alignnone\"><img loading=\"lazy\" decoding=\"async\" class=\"size-full wp-image-17192\" title=\"Bang Box 30000 Puffs Jednorazowe Vape Hurtownia Watermelon Ice\" src=\"https:\/\/www.vape4wholesale.com\/wp-content\/uploads\/2024\/10\/Bang-Box-30000-Puffs-Disposable-Vape-Wholesale-Watermelon-Ice.jpg\" alt=\"Bang Box 30000 Puffs Jednorazowe Vape Hurtownia Watermelon Ice\" width=\"800\" height=\"800\" srcset=\"https:\/\/www.vape4wholesale.com\/wp-content\/uploads\/2024\/10\/Bang-Box-30000-Puffs-Disposable-Vape-Wholesale-Watermelon-Ice.jpg 800w, https:\/\/www.vape4wholesale.com\/wp-content\/uploads\/2024\/10\/Bang-Box-30000-Puffs-Disposable-Vape-Wholesale-Watermelon-Ice-247x247.jpg 247w, https:\/\/www.vape4wholesale.com\/wp-content\/uploads\/2024\/10\/Bang-Box-30000-Puffs-Disposable-Vape-Wholesale-Watermelon-Ice-100x100.jpg 100w, https:\/\/www.vape4wholesale.com\/wp-content\/uploads\/2024\/10\/Bang-Box-30000-Puffs-Disposable-Vape-Wholesale-Watermelon-Ice-510x510.jpg 510w, https:\/\/www.vape4wholesale.com\/wp-content\/uploads\/2024\/10\/Bang-Box-30000-Puffs-Disposable-Vape-Wholesale-Watermelon-Ice-64x64.jpg 64w, https:\/\/www.vape4wholesale.com\/wp-content\/uploads\/2024\/10\/Bang-Box-30000-Puffs-Disposable-Vape-Wholesale-Watermelon-Ice-300x300.jpg 300w, https:\/\/www.vape4wholesale.com\/wp-content\/uploads\/2024\/10\/Bang-Box-30000-Puffs-Disposable-Vape-Wholesale-Watermelon-Ice-150x150.jpg 150w, https:\/\/www.vape4wholesale.com\/wp-content\/uploads\/2024\/10\/Bang-Box-30000-Puffs-Disposable-Vape-Wholesale-Watermelon-Ice-768x768.jpg 768w, https:\/\/www.vape4wholesale.com\/wp-content\/uploads\/2024\/10\/Bang-Box-30000-Puffs-Disposable-Vape-Wholesale-Watermelon-Ice-12x12.jpg 12w\" sizes=\"auto, (max-width: 800px) 100vw, 800px\" \/><figcaption id=\"caption-attachment-17192\" class=\"wp-caption-text\">Bang Box 30000 Puffs Jednorazowa sprzeda\u017c hurtowa Vape<\/figcaption><\/figure>\n<h2>DLACZEGO MY?<\/h2>\r\n<ul>\r\n<li>Prawdziwe, godne zaufania i profesjonalne \u017ar\u00f3d\u0142o vape.<\/li>\r\n<li>Gwarancja oryginalno\u015bci 100%: Dostarczamy tylko oryginalne i oryginalne produkty, odmawiamy podrabiania.<\/li>\r\n<li>Gwarancja dostawy 100%: U\u017cywamy najlepszej metody wysy\u0142ki, aby zapewni\u0107, \u017ce otrzymasz zam\u00f3wienie 100%.<\/li>\r\n<li>Po wysy\u0142ce podamy numer przesy\u0142ki i etykiet\u0119 wysy\u0142kow\u0105 oraz b\u0119dziemy \u015bledzi\u0107 towary do momentu ich podpisania.<\/li>\r\n<li>Brak problem\u00f3w celnych, brak taryf<\/li>\r\n<\/ul>","protected":false},"excerpt":{"rendered":"<div class=\"wsppc_div_block woocommerce_before_add_to_cart_form\">\r\n<p><strong><span style=\"color: #00a859;\">Ocli\u0107 si\u0119<\/span> przed dostaw\u0105 i 100% Gwarancja Dostawy, Dostawa w oko\u0142o 19\u201325 dni.\u00a0<\/strong><\/p>\r\n<\/div>","protected":false},"featured_media":17184,"comment_status":"open","ping_status":"closed","template":"","meta":[],"pwb-brand":[1275],"product_cat":[873],"product_tag":[933,22,24,249,850],"class_list":{"0":"post-17176","1":"product","2":"type-product","3":"status-publish","4":"has-post-thumbnail","6":"pwb-brand-bang","7":"product_cat-above-20k-puffs","8":"product_tag-35-0ml","9":"product_tag-disposable","10":"product_tag-wholesale","11":"product_tag-bang","12":"product_tag-30000-puffs","13":"wcpa_has_options","15":"first","16":"instock","17":"shipping-taxable","18":"purchasable","19":"product-type-variable"},"aioseo_notices":[],"brands":[{"id":1275,"name":"Bang","slug":"huk"}],"_links":{"self":[{"href":"https:\/\/www.vape4wholesale.com\/pl\/wp-json\/wp\/v2\/product\/17176","targetHints":{"allow":["GET"]}}],"collection":[{"href":"https:\/\/www.vape4wholesale.com\/pl\/wp-json\/wp\/v2\/product"}],"about":[{"href":"https:\/\/www.vape4wholesale.com\/pl\/wp-json\/wp\/v2\/types\/product"}],"replies":[{"embeddable":true,"href":"https:\/\/www.vape4wholesale.com\/pl\/wp-json\/wp\/v2\/comments?post=17176"}],"wp:featuredmedia":[{"embeddable":true,"href":"https:\/\/www.vape4wholesale.com\/pl\/wp-json\/wp\/v2\/media\/17184"}],"wp:attachment":[{"href":"https:\/\/www.vape4wholesale.com\/pl\/wp-json\/wp\/v2\/media?parent=17176"}],"wp:term":[{"taxonomy":"pwb-brand","embeddable":true,"href":"https:\/\/www.vape4wholesale.com\/pl\/wp-json\/wp\/v2\/pwb-brand?post=17176"},{"taxonomy":"product_cat","embeddable":true,"href":"https:\/\/www.vape4wholesale.com\/pl\/wp-json\/wp\/v2\/product_cat?post=17176"},{"taxonomy":"product_tag","embeddable":true,"href":"https:\/\/www.vape4wholesale.com\/pl\/wp-json\/wp\/v2\/product_tag?post=17176"}],"curies":[{"name":"wp","href":"https:\/\/api.w.org\/{rel}","templated":true}]}}