{"id":17032,"date":"2024-10-18T22:01:00","date_gmt":"2024-10-18T14:01:00","guid":{"rendered":"https:\/\/www.vape4wholesale.com\/?post_type=product&#038;p=17032"},"modified":"2026-01-27T14:35:14","modified_gmt":"2026-01-27T14:35:14","slug":"fumot-tornado-30k-music-jednorazowe-vape-hurtownia","status":"publish","type":"product","link":"https:\/\/www.vape4wholesale.com\/pl\/produkt\/fumot-tornado-30k-music-jednorazowe-vape-hurtownia","title":{"rendered":"Fumot Tornado 30K Music Jednorazowy Vape Hurtownia"},"content":{"rendered":"<p>Fumot Tornado 30K Music to jednorazowe urz\u0105dzenie vape o mocy 30 tys. puff\u00f3w zasilane przez RandM. Tornado 30K Music wykorzystuje cewk\u0119 siatkow\u0105 1,0\u03a9 i wbudowany akumulator 600 mAh. Do wyboru jest \u0142\u0105cznie 30 smak\u00f3w i 4 st\u0119\u017cenia nikotyny.<\/p>\n<p>Najciekawsz\u0105 cech\u0105 Tornado 30K Music jest to, \u017ce \u015bwiat\u0142o RGB mo\u017ce miga\u0107 w rytm muzyki. Wyobra\u017a sobie, \u017ce u\u017cywasz go w barze, mo\u017cesz nawet ta\u0144czy\u0107 do w\u0142asnego vape.<\/p>\n<h2><strong>Fumot Tornado 30K Szczeg\u00f3\u0142y muzyczne:<\/strong><\/h2>\n<p>0% 2% 3% 5% Nikotyna<br \/>\nPuffy: 30000<br \/>\n30 dost\u0119pnych smak\u00f3w<br \/>\nAkumulator 600 mAh<br \/>\nCewka siatkowa 1,0\u03a9<br \/>\n\u2611 Typ-C<br \/>\nka\u017cdy karton kg<br \/>\n\u015awiat\u0142a zmieniaj\u0105 si\u0119 wraz z muzyk\u0105<\/p>\n<h2><strong>Fumot Tornado 30K Music Opcjonalne smaki:<\/strong><\/h2>\n<p>1. L\u00f3d bananowy<br \/>\n2. Czarny l\u00f3d<br \/>\n3. Blue Razz Ice<br \/>\n4. Jagoda na lodzie<br \/>\n5. Bor\u00f3wka Malina<br \/>\n6. Kwa\u015bna malina z jagodami<br \/>\n7. Cherry Ice<br \/>\n8. Cherry Cola<br \/>\n9. Cola Ice<br \/>\n10. Cool Mint<br \/>\n11. Podw\u00f3jne jab\u0142ko<br \/>\n12. Dr Blue<br \/>\n13. L\u00f3d winogronowy<br \/>\n14. Ice Pop<br \/>\n15. Kiwi Passion Fruit Guava<br \/>\n16. Mi\u0142o\u015b\u0107 66<br \/>\n17. Lush Ice<br \/>\n18. Jagody mieszane<br \/>\n19. Peach Berry<br \/>\n20. L\u00f3d brzoskwiniowy<br \/>\n21. Peachy Mango Pineapple<br \/>\n22. L\u00f3d ananasowy<br \/>\n23. R\u00f3\u017cowa lemoniada<br \/>\n24. Kr\u0119gle<br \/>\n25. Banan truskawkowy<br \/>\n26. Winogrono truskawkowe<br \/>\n27. L\u00f3d truskawkowy<br \/>\n28. Arbuz truskawkowy<br \/>\n29. Potr\u00f3jne mango<br \/>\n30. Vimto<\/p>\n<p>&nbsp;<\/p>\n<h2>Szczeg\u00f3\u0142y pakowania<\/h2>\n<ul>\n<li>160 sztuk\/karton<\/li>\n<li>waga 20,07 kg<\/li>\n<li>rozmiar kartonu: 412 * 332 * 325 mm<\/li>\n<\/ul>\n<figure id=\"attachment_17096\" aria-describedby=\"caption-attachment-17096\" style=\"width: 800px\" class=\"wp-caption alignnone\"><img loading=\"lazy\" decoding=\"async\" class=\"wp-image-17096 size-full\" title=\"Fumot Tornado 30K Music Jednorazowy Vape Hurtownia (1 szt.)\" src=\"https:\/\/www.vape4wholesale.com\/wp-content\/uploads\/2024\/10\/Fumot-Tornado-30K-Music-Disposable-Vape-Wholesale-1.jpg\" alt=\"Fumot Tornado 30K Music Jednorazowy Vape Hurtownia (1 szt.)\" width=\"800\" height=\"800\" srcset=\"https:\/\/www.vape4wholesale.com\/wp-content\/uploads\/2024\/10\/Fumot-Tornado-30K-Music-Disposable-Vape-Wholesale-1.jpg 800w, https:\/\/www.vape4wholesale.com\/wp-content\/uploads\/2024\/10\/Fumot-Tornado-30K-Music-Disposable-Vape-Wholesale-1-247x247.jpg 247w, https:\/\/www.vape4wholesale.com\/wp-content\/uploads\/2024\/10\/Fumot-Tornado-30K-Music-Disposable-Vape-Wholesale-1-100x100.jpg 100w, https:\/\/www.vape4wholesale.com\/wp-content\/uploads\/2024\/10\/Fumot-Tornado-30K-Music-Disposable-Vape-Wholesale-1-510x510.jpg 510w\" sizes=\"auto, (max-width: 800px) 100vw, 800px\" \/><figcaption id=\"caption-attachment-17096\" class=\"wp-caption-text\">Fumot Tornado 30K Music Jednorazowy Vape Hurtownia<\/figcaption><\/figure>\n<p><img loading=\"lazy\" decoding=\"async\" class=\"alignnone size-full wp-image-17094\" title=\"Fumot Tornado 30K Music Jednorazowy Vape Hurtownia (2 szt.)\" src=\"https:\/\/www.vape4wholesale.com\/wp-content\/uploads\/2024\/10\/Fumot-Tornado-30K-Music-Disposable-Vape-Wholesale-2.jpg\" alt=\"Fumot Tornado 30K Music Jednorazowy Vape Hurtownia (2 szt.)\" width=\"800\" height=\"800\" srcset=\"https:\/\/www.vape4wholesale.com\/wp-content\/uploads\/2024\/10\/Fumot-Tornado-30K-Music-Disposable-Vape-Wholesale-2.jpg 800w, https:\/\/www.vape4wholesale.com\/wp-content\/uploads\/2024\/10\/Fumot-Tornado-30K-Music-Disposable-Vape-Wholesale-2-247x247.jpg 247w, https:\/\/www.vape4wholesale.com\/wp-content\/uploads\/2024\/10\/Fumot-Tornado-30K-Music-Disposable-Vape-Wholesale-2-100x100.jpg 100w, https:\/\/www.vape4wholesale.com\/wp-content\/uploads\/2024\/10\/Fumot-Tornado-30K-Music-Disposable-Vape-Wholesale-2-510x510.jpg 510w, https:\/\/www.vape4wholesale.com\/wp-content\/uploads\/2024\/10\/Fumot-Tornado-30K-Music-Disposable-Vape-Wholesale-2-64x64.jpg 64w, https:\/\/www.vape4wholesale.com\/wp-content\/uploads\/2024\/10\/Fumot-Tornado-30K-Music-Disposable-Vape-Wholesale-2-300x300.jpg 300w, https:\/\/www.vape4wholesale.com\/wp-content\/uploads\/2024\/10\/Fumot-Tornado-30K-Music-Disposable-Vape-Wholesale-2-150x150.jpg 150w, https:\/\/www.vape4wholesale.com\/wp-content\/uploads\/2024\/10\/Fumot-Tornado-30K-Music-Disposable-Vape-Wholesale-2-768x768.jpg 768w, https:\/\/www.vape4wholesale.com\/wp-content\/uploads\/2024\/10\/Fumot-Tornado-30K-Music-Disposable-Vape-Wholesale-2-12x12.jpg 12w\" sizes=\"auto, (max-width: 800px) 100vw, 800px\" \/> <img loading=\"lazy\" decoding=\"async\" class=\"alignnone size-full wp-image-17095\" title=\"Fumot Tornado 30K Music Jednorazowy Vape Hurtownia (3 szt.)\" src=\"https:\/\/www.vape4wholesale.com\/wp-content\/uploads\/2024\/10\/Fumot-Tornado-30K-Music-Disposable-Vape-Wholesale-3.jpg\" alt=\"Fumot Tornado 30K Music Jednorazowy Vape Hurtownia (3 szt.)\" width=\"800\" height=\"800\" srcset=\"https:\/\/www.vape4wholesale.com\/wp-content\/uploads\/2024\/10\/Fumot-Tornado-30K-Music-Disposable-Vape-Wholesale-3.jpg 800w, https:\/\/www.vape4wholesale.com\/wp-content\/uploads\/2024\/10\/Fumot-Tornado-30K-Music-Disposable-Vape-Wholesale-3-247x247.jpg 247w, https:\/\/www.vape4wholesale.com\/wp-content\/uploads\/2024\/10\/Fumot-Tornado-30K-Music-Disposable-Vape-Wholesale-3-100x100.jpg 100w, https:\/\/www.vape4wholesale.com\/wp-content\/uploads\/2024\/10\/Fumot-Tornado-30K-Music-Disposable-Vape-Wholesale-3-510x510.jpg 510w\" sizes=\"auto, (max-width: 800px) 100vw, 800px\" \/><\/p>\n<h2>DLACZEGO MY?<\/h2>\r\n<ul>\r\n<li>Prawdziwe, godne zaufania i profesjonalne \u017ar\u00f3d\u0142o vape.<\/li>\r\n<li>Gwarancja oryginalno\u015bci 100%: Dostarczamy tylko oryginalne i oryginalne produkty, odmawiamy podrabiania.<\/li>\r\n<li>Gwarancja dostawy 100%: U\u017cywamy najlepszej metody wysy\u0142ki, aby zapewni\u0107, \u017ce otrzymasz zam\u00f3wienie 100%.<\/li>\r\n<li>Po wysy\u0142ce podamy numer przesy\u0142ki i etykiet\u0119 wysy\u0142kow\u0105 oraz b\u0119dziemy \u015bledzi\u0107 towary do momentu ich podpisania.<\/li>\r\n<li>Brak problem\u00f3w celnych, brak taryf<\/li>\r\n<\/ul>","protected":false},"excerpt":{"rendered":"<p><strong><span style=\"color: #d83131;\">UWAGA: Ten produkt zosta\u0142 wycofany i nie jest ju\u017c dost\u0119pny. Mo\u017cesz kupi\u0107 podobny produkt za pomoc\u0105 poni\u017cszego przycisku<\/span><\/strong><\/p>\n<a href=\"\/pl\/produkt\/uwin-randm-tornado-beat-35k-jednorazowy-vape\/\" class=\"button secondary is-secondary is-medium\" >\n\t\t<span>\u2192 Zam\u00f3w podobny produkt<\/span>\n\t<\/a>","protected":false},"featured_media":17095,"comment_status":"open","ping_status":"closed","template":"","meta":[],"pwb-brand":[1269],"product_cat":[873],"product_tag":[22,24,592,692,850],"class_list":{"0":"post-17032","1":"product","2":"type-product","3":"status-publish","4":"has-post-thumbnail","6":"pwb-brand-fumot","7":"product_cat-above-20k-puffs","8":"product_tag-disposable","9":"product_tag-wholesale","10":"product_tag-fumot","11":"product_tag-25-0ml","12":"product_tag-30000-puffs","13":"wcpa_has_options","15":"first","16":"outofstock","17":"featured","18":"shipping-taxable","19":"purchasable","20":"product-type-variable"},"aioseo_notices":[],"brands":[{"id":1269,"name":"Fumot","slug":"fumot"}],"_links":{"self":[{"href":"https:\/\/www.vape4wholesale.com\/pl\/wp-json\/wp\/v2\/product\/17032","targetHints":{"allow":["GET"]}}],"collection":[{"href":"https:\/\/www.vape4wholesale.com\/pl\/wp-json\/wp\/v2\/product"}],"about":[{"href":"https:\/\/www.vape4wholesale.com\/pl\/wp-json\/wp\/v2\/types\/product"}],"replies":[{"embeddable":true,"href":"https:\/\/www.vape4wholesale.com\/pl\/wp-json\/wp\/v2\/comments?post=17032"}],"wp:featuredmedia":[{"embeddable":true,"href":"https:\/\/www.vape4wholesale.com\/pl\/wp-json\/wp\/v2\/media\/17095"}],"wp:attachment":[{"href":"https:\/\/www.vape4wholesale.com\/pl\/wp-json\/wp\/v2\/media?parent=17032"}],"wp:term":[{"taxonomy":"pwb-brand","embeddable":true,"href":"https:\/\/www.vape4wholesale.com\/pl\/wp-json\/wp\/v2\/pwb-brand?post=17032"},{"taxonomy":"product_cat","embeddable":true,"href":"https:\/\/www.vape4wholesale.com\/pl\/wp-json\/wp\/v2\/product_cat?post=17032"},{"taxonomy":"product_tag","embeddable":true,"href":"https:\/\/www.vape4wholesale.com\/pl\/wp-json\/wp\/v2\/product_tag?post=17032"}],"curies":[{"name":"wp","href":"https:\/\/api.w.org\/{rel}","templated":true}]}}