{"id":16797,"date":"2024-07-23T10:59:00","date_gmt":"2024-07-23T02:59:00","guid":{"rendered":"https:\/\/www.vape4wholesale.com\/?post_type=product&#038;p=16797"},"modified":"2026-01-27T14:44:18","modified_gmt":"2026-01-27T14:44:18","slug":"vapsolo-feed-bar-shisha-15000-jednorazowe-vape-hurtownia","status":"publish","type":"product","link":"https:\/\/www.vape4wholesale.com\/pl\/product\/vapsolo-feed-bar-shisha-15000-disposable-vape-wholesale","title":{"rendered":"Vapsolo Feed Bar Shisha 15000 Jednorazowa sprzeda\u017c hurtowa Vape"},"content":{"rendered":"<p>Vapsolo Feed Bar Shisha 15000 to wyrafinowany i wyj\u0105tkowy jednorazowy vape typu Shisha, kt\u00f3ry jest owini\u0119ty sk\u00f3r\u0105 i posiada cyfrowy wy\u015bwietlacz pokazuj\u0105cy aktualny poziom mocy i procent pozosta\u0142ego p\u0142ynu.<\/p>\n<p>Jest wyposa\u017cony w 25 ml p\u0142ynu, akumulator 650 mAh o rezystancji 0,6 oma, kt\u00f3ry zapewnia najlepszy smak i wi\u0119cej dymu. Obs\u0142uguje do 15 000 zaci\u0105gni\u0119\u0107.<\/p>\n<p>Zam\u00f3w nasz szeroki wyb\u00f3r 10 smak\u00f3w Vapsolo DG18000 w najlepszej cenie i szybkiej wysy\u0142ce.<\/p>\n<h2><strong>Vapsolo Feed Bar Shisha 15000 Puffs Szybkie szczeg\u00f3\u0142y:<\/strong><\/h2>\n<ul>\n<li>Wbudowany akumulator 650 mAh<\/li>\n<li>Akumulator (port typu C)<\/li>\n<li>Pojemno\u015b\u0107 soku: 25 ml<\/li>\n<li>Wydajne i sp\u00f3jne zasilanie<\/li>\n<li>Rezystancja cewki: 0.6\u03a9<\/li>\n<li>0% , 2% Poziom nikotyny<\/li>\n<li>Zadowoli\u0107 prawie 15000 os\u00f3b<\/li>\n<li>Siatka cewki<\/li>\n<li>Podw\u00f3jne kapsu\u0142y<\/li>\n<li>Zabezpieczenia: Przegrzanie, Zwarcie<\/li>\n<\/ul>\n<h2><strong>Dost\u0119pne smaki:<\/strong><\/h2>\n<ol>\n<li>Berry Ice<\/li>\n<li>L\u00f3d z czarnej porzeczki<\/li>\n<li>Lemoniada Blue Razz<\/li>\n<li>Guma jagodowa<\/li>\n<li>Wi\u015bniowa fiesta<\/li>\n<li>Mi\u0119ta winogronowa<\/li>\n<li>Mi\u0119ta cytrynowa<\/li>\n<li>Lush Ice<\/li>\n<li>Magiczna mi\u0142o\u015b\u0107<\/li>\n<li>Mango Ice<\/li>\n<li>L\u00f3d brzoskwiniowy<\/li>\n<li>Truskawka Kiwi<\/li>\n<li>Poncz truskawkowy<\/li>\n<li>Owoce Sweetpassion<\/li>\n<li>Dwa jab\u0142ka<\/li>\n<\/ol>\n<h2><strong>Szczeg\u00f3\u0142y pakowania:<\/strong><\/h2>\n<p>1 sztuka w pojedynczym pude\u0142ku<br data-filtered=\"filtered\" \/>10 sztuk w ka\u017cdym \u015brodkowym pude\u0142ku<br data-filtered=\"filtered\" \/>200 sztuk w kartonie \/ 19 kg<\/p>\n<figure id=\"attachment_16798\" aria-describedby=\"caption-attachment-16798\" style=\"width: 600px\" class=\"wp-caption alignnone\"><img loading=\"lazy\" decoding=\"async\" class=\"size-full wp-image-16798\" title=\"Vapsolo Feed Bar Shisha 15000 Jednorazowe Vape Hurtownia GRAPE MINT\" src=\"https:\/\/www.vape4wholesale.com\/wp-content\/uploads\/2024\/09\/Vapsolo-Feed-Bar-Shisha-15000-Disposable-Vape-Wholesale-GRAPE-MINT.png\" alt=\"Vapsolo Feed Bar Shisha 15000 Jednorazowe Vape Hurtownia GRAPE MINT\" width=\"600\" height=\"600\" srcset=\"https:\/\/www.vape4wholesale.com\/wp-content\/uploads\/2024\/09\/Vapsolo-Feed-Bar-Shisha-15000-Disposable-Vape-Wholesale-GRAPE-MINT.png 600w, https:\/\/www.vape4wholesale.com\/wp-content\/uploads\/2024\/09\/Vapsolo-Feed-Bar-Shisha-15000-Disposable-Vape-Wholesale-GRAPE-MINT-247x247.png 247w, https:\/\/www.vape4wholesale.com\/wp-content\/uploads\/2024\/09\/Vapsolo-Feed-Bar-Shisha-15000-Disposable-Vape-Wholesale-GRAPE-MINT-100x100.png 100w, https:\/\/www.vape4wholesale.com\/wp-content\/uploads\/2024\/09\/Vapsolo-Feed-Bar-Shisha-15000-Disposable-Vape-Wholesale-GRAPE-MINT-510x510.png 510w, https:\/\/www.vape4wholesale.com\/wp-content\/uploads\/2024\/09\/Vapsolo-Feed-Bar-Shisha-15000-Disposable-Vape-Wholesale-GRAPE-MINT-64x64.png 64w, https:\/\/www.vape4wholesale.com\/wp-content\/uploads\/2024\/09\/Vapsolo-Feed-Bar-Shisha-15000-Disposable-Vape-Wholesale-GRAPE-MINT-300x300.png 300w, https:\/\/www.vape4wholesale.com\/wp-content\/uploads\/2024\/09\/Vapsolo-Feed-Bar-Shisha-15000-Disposable-Vape-Wholesale-GRAPE-MINT-150x150.png 150w, https:\/\/www.vape4wholesale.com\/wp-content\/uploads\/2024\/09\/Vapsolo-Feed-Bar-Shisha-15000-Disposable-Vape-Wholesale-GRAPE-MINT-12x12.png 12w\" sizes=\"auto, (max-width: 600px) 100vw, 600px\" \/><figcaption id=\"caption-attachment-16798\" class=\"wp-caption-text\">Vapsolo Feed Bar Shisha 15000 Jednorazowa sprzeda\u017c hurtowa Vape<\/figcaption><\/figure>\n<h2>DLACZEGO MY?<\/h2>\r\n<ul>\r\n<li>Prawdziwe, godne zaufania i profesjonalne \u017ar\u00f3d\u0142o vape.<\/li>\r\n<li>Gwarancja oryginalno\u015bci 100%: Dostarczamy tylko oryginalne i oryginalne produkty, odmawiamy podrabiania.<\/li>\r\n<li>Gwarancja dostawy 100%: U\u017cywamy najlepszej metody wysy\u0142ki, aby zapewni\u0107, \u017ce otrzymasz zam\u00f3wienie 100%.<\/li>\r\n<li>Po wysy\u0142ce podamy numer przesy\u0142ki i etykiet\u0119 wysy\u0142kow\u0105 oraz b\u0119dziemy \u015bledzi\u0107 towary do momentu ich podpisania.<\/li>\r\n<li>Brak problem\u00f3w celnych, brak taryf<\/li>\r\n<\/ul>\n<p>&nbsp;<\/p>","protected":false},"excerpt":{"rendered":"<p><b><span style=\"color: #00a859;\">Darmowa dostawa<\/span>\u00a0z europejskiego magazynu, czas dostawy 7-15 dni roboczych.<\/b><\/p>\r\n<div class=\"wsppc_div_block woocommerce_before_add_to_cart_form\">\r\n<p><strong>Odprawa celna przed dostaw\u0105 i 100% Gwarancja Dostawy<\/strong><\/p>\r\n<\/div>","protected":false},"featured_media":16798,"comment_status":"open","ping_status":"closed","template":"","meta":[],"pwb-brand":[1271],"product_cat":[872],"product_tag":[22,24,684,692,726,899],"class_list":{"0":"post-16797","1":"product","2":"type-product","3":"status-publish","4":"has-post-thumbnail","6":"pwb-brand-vapsolo","7":"product_cat-15k-20k-puffs","8":"product_tag-disposable","9":"product_tag-wholesale","10":"product_tag-15000-puffs","11":"product_tag-25-0ml","12":"product_tag-shisha","13":"product_tag-vapsolo","14":"product_shipping_class-vapsolo-cn-eu","15":"wcpa_has_options","17":"first","18":"instock","19":"shipping-taxable","20":"purchasable","21":"product-type-variable"},"aioseo_notices":[],"brands":[{"id":1271,"name":"Vapsolo","slug":"vapsolo"}],"_links":{"self":[{"href":"https:\/\/www.vape4wholesale.com\/pl\/wp-json\/wp\/v2\/product\/16797","targetHints":{"allow":["GET"]}}],"collection":[{"href":"https:\/\/www.vape4wholesale.com\/pl\/wp-json\/wp\/v2\/product"}],"about":[{"href":"https:\/\/www.vape4wholesale.com\/pl\/wp-json\/wp\/v2\/types\/product"}],"replies":[{"embeddable":true,"href":"https:\/\/www.vape4wholesale.com\/pl\/wp-json\/wp\/v2\/comments?post=16797"}],"wp:featuredmedia":[{"embeddable":true,"href":"https:\/\/www.vape4wholesale.com\/pl\/wp-json\/wp\/v2\/media\/16798"}],"wp:attachment":[{"href":"https:\/\/www.vape4wholesale.com\/pl\/wp-json\/wp\/v2\/media?parent=16797"}],"wp:term":[{"taxonomy":"pwb-brand","embeddable":true,"href":"https:\/\/www.vape4wholesale.com\/pl\/wp-json\/wp\/v2\/pwb-brand?post=16797"},{"taxonomy":"product_cat","embeddable":true,"href":"https:\/\/www.vape4wholesale.com\/pl\/wp-json\/wp\/v2\/product_cat?post=16797"},{"taxonomy":"product_tag","embeddable":true,"href":"https:\/\/www.vape4wholesale.com\/pl\/wp-json\/wp\/v2\/product_tag?post=16797"}],"curies":[{"name":"wp","href":"https:\/\/api.w.org\/{rel}","templated":true}]}}