{"id":16512,"date":"2024-07-31T23:32:00","date_gmt":"2024-07-31T15:32:00","guid":{"rendered":"https:\/\/www.vape4wholesale.com\/?post_type=product&#038;p=16512"},"modified":"2026-01-26T13:40:20","modified_gmt":"2026-01-26T13:40:20","slug":"hurtownia-jednorazowych-vape-bang-30000-puffow-2","status":"publish","type":"product","link":"https:\/\/www.vape4wholesale.com\/pl\/product\/bang-king-coloor-30000-puffs-disposable-vape-wholesale","title":{"rendered":"Bang King Coloor 30000 Puffs Jednorazowa sprzeda\u017c hurtowa Vape"},"content":{"rendered":"<p>Bang King Coloor 30000 Puffs charakteryzuje si\u0119 podw\u00f3jnym smakiem, kt\u00f3ry zapewnia wyj\u0105tkowe doznania podczas waporyzacji, jest wyposa\u017cony w cewk\u0119 siatkow\u0105 1,0ohm i zawiera 36 ml e-cieczy.<\/p>\n<p>Dost\u0119pny w mocach nikotyny 0%, 2%, 3% i 5%, zaspokajaj\u0105c r\u00f3\u017cne preferencje i potrzeby. Akumulator o pojemno\u015bci 550 mAh z obs\u0142ug\u0105 \u0142adowania typu C zapewnia szybkie i wydajne \u0142adowanie waporyzatora, dzi\u0119ki czemu jest on zawsze gotowy do u\u017cycia.<\/p>\n<p>TheBang 30000 Puffs jest przeznaczony zar\u00f3wno dla pocz\u0105tkuj\u0105cych, jak i do\u015bwiadczonych vaper\u00f3w, \u0142\u0105cz\u0105c w sobie du\u017c\u0105 pojemno\u015b\u0107, \u0142atwo\u015b\u0107 obs\u0142ugi i zaawansowan\u0105 technologi\u0119. Jego wyj\u0105tkowy smak i przyjazna dla u\u017cytkownika konstrukcja sprawiaj\u0105, \u017ce jest to najlepszy wyb\u00f3r na rynku waporyzacji. Uzyskaj najlepsz\u0105 cen\u0119 hurtow\u0105 i szybk\u0105 wysy\u0142k\u0119 od Vape4Wholesale.<\/p>\n<h2><strong>Cechy Bang King Coloor 30000 Puffs<\/strong><\/h2>\n<ul>\n<li>Puffy: Do 30000 zaci\u0105gni\u0119\u0107<\/li>\n<li>Rdze\u0144: Cewka siatkowa 1,0ohm<\/li>\n<li>E-liquid: 36 ml<\/li>\n<li>Nikotyna: 0%\/ 2%\/ 3%\/ 5%<\/li>\n<li>Bateria: 550 mAh<\/li>\n<li>Mo\u017cliwo\u015b\u0107 \u0142adowania: Typ-C<\/li>\n<li>Cyfrowy wy\u015bwietlacz LCD<\/li>\n<li>Podw\u00f3jny smak<\/li>\n<li>Bang 30000 Puffs<\/li>\n<\/ul>\n<h2><strong>Lista smak\u00f3w<\/strong><\/h2>\n<ul>\n<li>Arbuzowy l\u00f3d i jagodowa mi\u0119ta<\/li>\n<li>L\u00f3d arbuzowy oraz truskawka i mango<\/li>\n<li>Truskawka, arbuz i kiwi, marakuja, guawa<\/li>\n<li>L\u00f3d truskawkowy, arbuzowy i winogronowy<\/li>\n<li>Blueberry Ice i Black Dragon Ice<\/li>\n<li>L\u00f3d jagodowy, truskawkowy i bananowy<\/li>\n<li>Red Bull i arbuz jagodowy<\/li>\n<li>Red Bull i arbuzowe cukierki b\u0105belkowe<\/li>\n<li>Jagoda Malina &amp; Brzoskwinia Mango Arbuz<\/li>\n<li>Bor\u00f3wka, malina i mieszanka owoc\u00f3w ple\u015bniowych<\/li>\n<li>L\u00f3d truskawkowo-kiwiowo-brzoskwiniowy<\/li>\n<li>Truskawka Kiwi &amp; Kwa\u015bne Jab\u0142ko Malina<\/li>\n<\/ul>\n<figure id=\"attachment_16526\" aria-describedby=\"caption-attachment-16526\" style=\"width: 800px\" class=\"wp-caption alignnone\"><img loading=\"lazy\" decoding=\"async\" class=\"wp-image-16526 size-full\" title=\"Bang King Coloor 30000 Puffs Jednorazowa sprzeda\u017c hurtowa Vape (2 szt.)\" src=\"https:\/\/www.vape4wholesale.com\/wp-content\/uploads\/2024\/07\/Bang-King-Coloor-30000-Puffs-Disposable-Vape-Wholesale-2.jpg\" alt=\"Bang King Coloor 30000 Puffs Jednorazowa sprzeda\u017c hurtowa Vape (2 szt.)\" width=\"800\" height=\"800\" srcset=\"https:\/\/www.vape4wholesale.com\/wp-content\/uploads\/2024\/07\/Bang-King-Coloor-30000-Puffs-Disposable-Vape-Wholesale-2.jpg 800w, https:\/\/www.vape4wholesale.com\/wp-content\/uploads\/2024\/07\/Bang-King-Coloor-30000-Puffs-Disposable-Vape-Wholesale-2-247x247.jpg 247w, https:\/\/www.vape4wholesale.com\/wp-content\/uploads\/2024\/07\/Bang-King-Coloor-30000-Puffs-Disposable-Vape-Wholesale-2-100x100.jpg 100w, https:\/\/www.vape4wholesale.com\/wp-content\/uploads\/2024\/07\/Bang-King-Coloor-30000-Puffs-Disposable-Vape-Wholesale-2-510x510.jpg 510w\" sizes=\"auto, (max-width: 800px) 100vw, 800px\" \/><figcaption id=\"caption-attachment-16526\" class=\"wp-caption-text\">Bang King Coloor 30000 Puffs Jednorazowa sprzeda\u017c hurtowa Vape<\/figcaption><\/figure>\n<p><img loading=\"lazy\" decoding=\"async\" class=\"alignnone size-full wp-image-16527\" title=\"Bang King Coloor 30000 Puffs Jednorazowa sprzeda\u017c hurtowa Vape (3)\" src=\"https:\/\/www.vape4wholesale.com\/wp-content\/uploads\/2024\/07\/Bang-King-Coloor-30000-Puffs-Disposable-Vape-Wholesale-3.jpg\" alt=\"Bang King Coloor 30000 Puffs Jednorazowa sprzeda\u017c hurtowa Vape (3)\" width=\"800\" height=\"800\" srcset=\"https:\/\/www.vape4wholesale.com\/wp-content\/uploads\/2024\/07\/Bang-King-Coloor-30000-Puffs-Disposable-Vape-Wholesale-3.jpg 800w, https:\/\/www.vape4wholesale.com\/wp-content\/uploads\/2024\/07\/Bang-King-Coloor-30000-Puffs-Disposable-Vape-Wholesale-3-247x247.jpg 247w, https:\/\/www.vape4wholesale.com\/wp-content\/uploads\/2024\/07\/Bang-King-Coloor-30000-Puffs-Disposable-Vape-Wholesale-3-100x100.jpg 100w, https:\/\/www.vape4wholesale.com\/wp-content\/uploads\/2024\/07\/Bang-King-Coloor-30000-Puffs-Disposable-Vape-Wholesale-3-510x510.jpg 510w\" sizes=\"auto, (max-width: 800px) 100vw, 800px\" \/><\/p>\n<h2>DLACZEGO MY?<\/h2>\r\n<ul>\r\n<li>Prawdziwe, godne zaufania i profesjonalne \u017ar\u00f3d\u0142o vape.<\/li>\r\n<li>Gwarancja oryginalno\u015bci 100%: Dostarczamy tylko oryginalne i oryginalne produkty, odmawiamy podrabiania.<\/li>\r\n<li>Gwarancja dostawy 100%: U\u017cywamy najlepszej metody wysy\u0142ki, aby zapewni\u0107, \u017ce otrzymasz zam\u00f3wienie 100%.<\/li>\r\n<li>Po wysy\u0142ce podamy numer przesy\u0142ki i etykiet\u0119 wysy\u0142kow\u0105 oraz b\u0119dziemy \u015bledzi\u0107 towary do momentu ich podpisania.<\/li>\r\n<li>Brak problem\u00f3w celnych, brak taryf<\/li>\r\n<\/ul>","protected":false},"excerpt":{"rendered":"<div class=\"wsppc_div_block woocommerce_before_add_to_cart_form\">\r\n<p><strong><span style=\"color: #00a859;\">Ocli\u0107 si\u0119<\/span> przed dostaw\u0105 i 100% Gwarancja Dostawy, Dostawa w oko\u0142o 19\u201325 dni.\u00a0<\/strong><\/p>\r\n<\/div>","protected":false},"featured_media":16537,"comment_status":"open","ping_status":"closed","template":"","meta":[],"pwb-brand":[1275],"product_cat":[873],"product_tag":[22,24,249,849,850],"class_list":{"0":"post-16512","1":"product","2":"type-product","3":"status-publish","4":"has-post-thumbnail","6":"pwb-brand-bang","7":"product_cat-above-20k-puffs","8":"product_tag-disposable","9":"product_tag-wholesale","10":"product_tag-bang","11":"product_tag-36-0ml","12":"product_tag-30000-puffs","13":"wcpa_has_options","15":"first","16":"instock","17":"shipping-taxable","18":"purchasable","19":"product-type-variable"},"aioseo_notices":[],"brands":[{"id":1275,"name":"Bang","slug":"huk"}],"_links":{"self":[{"href":"https:\/\/www.vape4wholesale.com\/pl\/wp-json\/wp\/v2\/product\/16512","targetHints":{"allow":["GET"]}}],"collection":[{"href":"https:\/\/www.vape4wholesale.com\/pl\/wp-json\/wp\/v2\/product"}],"about":[{"href":"https:\/\/www.vape4wholesale.com\/pl\/wp-json\/wp\/v2\/types\/product"}],"replies":[{"embeddable":true,"href":"https:\/\/www.vape4wholesale.com\/pl\/wp-json\/wp\/v2\/comments?post=16512"}],"wp:featuredmedia":[{"embeddable":true,"href":"https:\/\/www.vape4wholesale.com\/pl\/wp-json\/wp\/v2\/media\/16537"}],"wp:attachment":[{"href":"https:\/\/www.vape4wholesale.com\/pl\/wp-json\/wp\/v2\/media?parent=16512"}],"wp:term":[{"taxonomy":"pwb-brand","embeddable":true,"href":"https:\/\/www.vape4wholesale.com\/pl\/wp-json\/wp\/v2\/pwb-brand?post=16512"},{"taxonomy":"product_cat","embeddable":true,"href":"https:\/\/www.vape4wholesale.com\/pl\/wp-json\/wp\/v2\/product_cat?post=16512"},{"taxonomy":"product_tag","embeddable":true,"href":"https:\/\/www.vape4wholesale.com\/pl\/wp-json\/wp\/v2\/product_tag?post=16512"}],"curies":[{"name":"wp","href":"https:\/\/api.w.org\/{rel}","templated":true}]}}