{"id":16486,"date":"2024-07-30T21:08:00","date_gmt":"2024-07-30T13:08:00","guid":{"rendered":"https:\/\/www.vape4wholesale.com\/?post_type=product&#038;p=16486"},"modified":"2026-01-26T13:40:22","modified_gmt":"2026-01-26T13:40:22","slug":"bang-25000-puff-jednorazowe-vape-hurtowo","status":"publish","type":"product","link":"https:\/\/www.vape4wholesale.com\/pl\/product\/bang-25000-puffs-disposable-vape-wholesale","title":{"rendered":"Bang 25000 Puffs Jednorazowa sprzeda\u017c hurtowa Vape"},"content":{"rendered":"<p>Bang 25000 to \u0142adnie zaprojektowany, jednorazowy vape z wy\u015bwietlaczem poziomu na\u0142adowania baterii i e-juice, wyposa\u017cony w akumulator 650 mAh i 25 ml p\u0142ynu, kt\u00f3ry obs\u0142uguje do 25000 zaci\u0105gni\u0119\u0107.<\/p>\n<p>Zam\u00f3w hurtowo nasz szeroki wyb\u00f3r 10 smak\u00f3w jednorazowych vape Bang 25000 w najlepszej cenie i z szybk\u0105 wysy\u0142k\u0105<\/p>\n<h2><strong>Bang 25000 Puffs Jednorazowy Vape Szczeg\u00f3\u0142y:<\/strong><\/h2>\n<ul>\n<li>Akumulator 650 mAh<\/li>\n<li>Wst\u0119pnie nape\u0142niony e-liquid 25 ml<\/li>\n<li>Moc nikotyny 0\/2\/3\/5%<\/li>\n<li>Zasi\u0119g do 25000 zaci\u0105gni\u0119\u0107<\/li>\n<li>Cewka siatkowa 1,0 ohm<\/li>\n<li>Port \u0142adowania typu C<\/li>\n<\/ul>\n<h2><strong>Bang 25000 Puffs Opcjonalne smaki:<\/strong><\/h2>\n<ul>\n<li>L\u00f3d jagodowy<\/li>\n<li>Bor\u00f3wka Malina<\/li>\n<li>Mi\u0119ta jagodowa<\/li>\n<li>L\u00f3d winogronowy<\/li>\n<li>Arbuz truskawkowy<\/li>\n<li>Truskawka Kiwi<\/li>\n<li>Guma arbuzowa<\/li>\n<li>Tygrysia Krew<\/li>\n<li>Arbuzowy l\u00f3d<\/li>\n<li>L\u00f3d truskawkowy<\/li>\n<li>Mango Brzoskwinia<\/li>\n<li>Mix owoc\u00f3w<\/li>\n<\/ul>\n<figure id=\"attachment_16498\" aria-describedby=\"caption-attachment-16498\" style=\"width: 800px\" class=\"wp-caption alignnone\"><img loading=\"lazy\" decoding=\"async\" class=\"size-full wp-image-16498\" title=\"Bang 25000 Puffs Jednorazowe Vape Hurtownia Tiger blood\" src=\"https:\/\/www.vape4wholesale.com\/wp-content\/uploads\/2024\/07\/Bang-25000-Puffs-Disposable-Vape-Wholesale-Tiger-blood.jpg\" alt=\"Bang 25000 Puffs Jednorazowe Vape Hurtownia Tiger blood\" width=\"800\" height=\"800\" srcset=\"https:\/\/www.vape4wholesale.com\/wp-content\/uploads\/2024\/07\/Bang-25000-Puffs-Disposable-Vape-Wholesale-Tiger-blood.jpg 800w, https:\/\/www.vape4wholesale.com\/wp-content\/uploads\/2024\/07\/Bang-25000-Puffs-Disposable-Vape-Wholesale-Tiger-blood-247x247.jpg 247w, https:\/\/www.vape4wholesale.com\/wp-content\/uploads\/2024\/07\/Bang-25000-Puffs-Disposable-Vape-Wholesale-Tiger-blood-100x100.jpg 100w, https:\/\/www.vape4wholesale.com\/wp-content\/uploads\/2024\/07\/Bang-25000-Puffs-Disposable-Vape-Wholesale-Tiger-blood-510x510.jpg 510w, https:\/\/www.vape4wholesale.com\/wp-content\/uploads\/2024\/07\/Bang-25000-Puffs-Disposable-Vape-Wholesale-Tiger-blood-64x64.jpg 64w, https:\/\/www.vape4wholesale.com\/wp-content\/uploads\/2024\/07\/Bang-25000-Puffs-Disposable-Vape-Wholesale-Tiger-blood-300x300.jpg 300w, https:\/\/www.vape4wholesale.com\/wp-content\/uploads\/2024\/07\/Bang-25000-Puffs-Disposable-Vape-Wholesale-Tiger-blood-150x150.jpg 150w, https:\/\/www.vape4wholesale.com\/wp-content\/uploads\/2024\/07\/Bang-25000-Puffs-Disposable-Vape-Wholesale-Tiger-blood-768x768.jpg 768w, https:\/\/www.vape4wholesale.com\/wp-content\/uploads\/2024\/07\/Bang-25000-Puffs-Disposable-Vape-Wholesale-Tiger-blood-12x12.jpg 12w\" sizes=\"auto, (max-width: 800px) 100vw, 800px\" \/><figcaption id=\"caption-attachment-16498\" class=\"wp-caption-text\">Bang 25000 Puffs Jednorazowa sprzeda\u017c hurtowa Vape<\/figcaption><\/figure>\n<h2>DLACZEGO MY?<\/h2>\r\n<ul>\r\n<li>Prawdziwe, godne zaufania i profesjonalne \u017ar\u00f3d\u0142o vape.<\/li>\r\n<li>Gwarancja oryginalno\u015bci 100%: Dostarczamy tylko oryginalne i oryginalne produkty, odmawiamy podrabiania.<\/li>\r\n<li>Gwarancja dostawy 100%: U\u017cywamy najlepszej metody wysy\u0142ki, aby zapewni\u0107, \u017ce otrzymasz zam\u00f3wienie 100%.<\/li>\r\n<li>Po wysy\u0142ce podamy numer przesy\u0142ki i etykiet\u0119 wysy\u0142kow\u0105 oraz b\u0119dziemy \u015bledzi\u0107 towary do momentu ich podpisania.<\/li>\r\n<li>Brak problem\u00f3w celnych, brak taryf<\/li>\r\n<\/ul>","protected":false},"excerpt":{"rendered":"<div class=\"wsppc_div_block woocommerce_before_add_to_cart_form\">\r\n<p><strong><span style=\"color: #00a859;\">Ocli\u0107 si\u0119<\/span> przed dostaw\u0105 i 100% Gwarancja Dostawy, Dostawa w oko\u0142o 19\u201325 dni.\u00a0<\/strong><\/p>\r\n<\/div>","protected":false},"featured_media":16492,"comment_status":"open","ping_status":"closed","template":"","meta":[],"pwb-brand":[1275],"product_cat":[873],"product_tag":[22,24,249,692,915],"class_list":{"0":"post-16486","1":"product","2":"type-product","3":"status-publish","4":"has-post-thumbnail","6":"pwb-brand-bang","7":"product_cat-above-20k-puffs","8":"product_tag-disposable","9":"product_tag-wholesale","10":"product_tag-bang","11":"product_tag-25-0ml","12":"product_tag-25000-puffs","13":"wcpa_has_options","15":"first","16":"instock","17":"featured","18":"shipping-taxable","19":"purchasable","20":"product-type-variable"},"aioseo_notices":[],"brands":[{"id":1275,"name":"Bang","slug":"huk"}],"_links":{"self":[{"href":"https:\/\/www.vape4wholesale.com\/pl\/wp-json\/wp\/v2\/product\/16486","targetHints":{"allow":["GET"]}}],"collection":[{"href":"https:\/\/www.vape4wholesale.com\/pl\/wp-json\/wp\/v2\/product"}],"about":[{"href":"https:\/\/www.vape4wholesale.com\/pl\/wp-json\/wp\/v2\/types\/product"}],"replies":[{"embeddable":true,"href":"https:\/\/www.vape4wholesale.com\/pl\/wp-json\/wp\/v2\/comments?post=16486"}],"wp:featuredmedia":[{"embeddable":true,"href":"https:\/\/www.vape4wholesale.com\/pl\/wp-json\/wp\/v2\/media\/16492"}],"wp:attachment":[{"href":"https:\/\/www.vape4wholesale.com\/pl\/wp-json\/wp\/v2\/media?parent=16486"}],"wp:term":[{"taxonomy":"pwb-brand","embeddable":true,"href":"https:\/\/www.vape4wholesale.com\/pl\/wp-json\/wp\/v2\/pwb-brand?post=16486"},{"taxonomy":"product_cat","embeddable":true,"href":"https:\/\/www.vape4wholesale.com\/pl\/wp-json\/wp\/v2\/product_cat?post=16486"},{"taxonomy":"product_tag","embeddable":true,"href":"https:\/\/www.vape4wholesale.com\/pl\/wp-json\/wp\/v2\/product_tag?post=16486"}],"curies":[{"name":"wp","href":"https:\/\/api.w.org\/{rel}","templated":true}]}}