{"id":16479,"date":"2024-07-29T13:00:24","date_gmt":"2024-07-29T05:00:24","guid":{"rendered":"https:\/\/www.vape4wholesale.com\/?post_type=product&#038;p=16479"},"modified":"2026-01-26T13:40:24","modified_gmt":"2026-01-26T13:40:24","slug":"old-school-rrd-hurtownia-vape-do-wielokrotnego-napelniania","status":"publish","type":"product","link":"https:\/\/www.vape4wholesale.com\/pl\/product\/old-school-rrd-refillable-vape-wholesale","title":{"rendered":"Hurtownia Vape do wielokrotnego nape\u0142niania Old School RRD"},"content":{"rendered":"<p>Old School RRD vape jest wielokrotnego u\u017cytku i ma dwukolorow\u0105 gradientow\u0105 konstrukcj\u0119, jest wyposa\u017cony w akumulator 650 mAh, kapsu\u0142ka mo\u017ce pomie\u015bci\u0107 maksymalnie 4 ml p\u0142ynu.<\/p>\n<h2><strong>Informacje o produkcie Old School RRD<\/strong><\/h2>\n<ul>\n<li>Funkcja w\u0142\u0105czania i wy\u0142\u0105czania: 5 klikni\u0119\u0107 w ci\u0105gu 2 sekund, a czerwone \u015bwiat\u0142o miga 5 razy przed w\u0142\u0105czeniem\/wy\u0142\u0105czeniem.<\/li>\n<li>Funkcja regulacji ci\u015bnienia: 3 klikni\u0119cia z rz\u0119du w celu prze\u0142\u0105czenia bieg\u00f3w<\/li>\n<li>Czerwone \u015bwiat\u0142o: 3,0 V<\/li>\n<li>NIEBIESKIE \u015aWIAT\u0141O: 3,5 V<\/li>\n<li>Greenlight:4.0v<\/li>\n<li>Bateria: akumulator 650 mAh<\/li>\n<li>Pojemno\u015b\u0107 kapsu\u0142ki: 4 ml<\/li>\n<\/ul>\n<h2><strong>Dost\u0119pne kolory<\/strong><\/h2>\n<ul>\n<li>Czerwony i pomara\u0144czowy<\/li>\n<li>Niebieski i fioletowy<\/li>\n<li>Zielony i szary<\/li>\n<li>Fioletowy i niebieski<\/li>\n<li>Niebieski i \u017c\u00f3\u0142ty<\/li>\n<li>Zielony i czerwony<\/li>\n<\/ul>\n<h2><strong>Specyfikacja produktu<\/strong><\/h2>\n<ul>\n<li>Pude\u0142ko upominkowe: 49*17*100mm 1PCS 45g<\/li>\n<li>Du\u017ce pude\u0142ko: 101*91*103mm 10PCS 477g<\/li>\n<li>Karton zewn\u0119trzny: 325 * 479 * 237 mm 300 SZTUK 16,3 kg<\/li>\n<\/ul>\n<figure id=\"attachment_16472\" aria-describedby=\"caption-attachment-16472\" style=\"width: 1000px\" class=\"wp-caption alignnone\"><img loading=\"lazy\" decoding=\"async\" class=\"wp-image-16472 size-full\" title=\"Hurtownia Vape do wielokrotnego nape\u0142niania Old School RRD (8)\" src=\"https:\/\/www.vape4wholesale.com\/wp-content\/uploads\/2024\/07\/Old-School-RRD-Refillable-Vape-Wholesale-8.webp\" alt=\"Hurtownia Vape do wielokrotnego nape\u0142niania Old School RRD (8)\" width=\"1000\" height=\"1000\" srcset=\"https:\/\/www.vape4wholesale.com\/wp-content\/uploads\/2024\/07\/Old-School-RRD-Refillable-Vape-Wholesale-8.webp 1000w, https:\/\/www.vape4wholesale.com\/wp-content\/uploads\/2024\/07\/Old-School-RRD-Refillable-Vape-Wholesale-8-247x247.webp 247w, https:\/\/www.vape4wholesale.com\/wp-content\/uploads\/2024\/07\/Old-School-RRD-Refillable-Vape-Wholesale-8-100x100.webp 100w, https:\/\/www.vape4wholesale.com\/wp-content\/uploads\/2024\/07\/Old-School-RRD-Refillable-Vape-Wholesale-8-510x510.webp 510w, https:\/\/www.vape4wholesale.com\/wp-content\/uploads\/2024\/07\/Old-School-RRD-Refillable-Vape-Wholesale-8-64x64.webp 64w, https:\/\/www.vape4wholesale.com\/wp-content\/uploads\/2024\/07\/Old-School-RRD-Refillable-Vape-Wholesale-8-300x300.webp 300w, https:\/\/www.vape4wholesale.com\/wp-content\/uploads\/2024\/07\/Old-School-RRD-Refillable-Vape-Wholesale-8-150x150.webp 150w, https:\/\/www.vape4wholesale.com\/wp-content\/uploads\/2024\/07\/Old-School-RRD-Refillable-Vape-Wholesale-8-768x768.webp 768w, https:\/\/www.vape4wholesale.com\/wp-content\/uploads\/2024\/07\/Old-School-RRD-Refillable-Vape-Wholesale-8-12x12.webp 12w\" sizes=\"auto, (max-width: 1000px) 100vw, 1000px\" \/><figcaption id=\"caption-attachment-16472\" class=\"wp-caption-text\">Hurtownia Vape do wielokrotnego nape\u0142niania Old School RRD<\/figcaption><\/figure>\n<p><img loading=\"lazy\" decoding=\"async\" class=\"alignnone size-full wp-image-16474\" title=\"Hurtownia Vape Old School RRD do wielokrotnego nape\u0142niania (10)\" src=\"https:\/\/www.vape4wholesale.com\/wp-content\/uploads\/2024\/07\/Old-School-RRD-Refillable-Vape-Wholesale-10.webp\" alt=\"Hurtownia Vape Old School RRD do wielokrotnego nape\u0142niania (10)\" width=\"1000\" height=\"1000\" srcset=\"https:\/\/www.vape4wholesale.com\/wp-content\/uploads\/2024\/07\/Old-School-RRD-Refillable-Vape-Wholesale-10.webp 1000w, https:\/\/www.vape4wholesale.com\/wp-content\/uploads\/2024\/07\/Old-School-RRD-Refillable-Vape-Wholesale-10-247x247.webp 247w, https:\/\/www.vape4wholesale.com\/wp-content\/uploads\/2024\/07\/Old-School-RRD-Refillable-Vape-Wholesale-10-100x100.webp 100w, https:\/\/www.vape4wholesale.com\/wp-content\/uploads\/2024\/07\/Old-School-RRD-Refillable-Vape-Wholesale-10-510x510.webp 510w\" sizes=\"auto, (max-width: 1000px) 100vw, 1000px\" \/><\/p>\n<h2>DLACZEGO MY?<\/h2>\r\n<ul>\r\n<li>Prawdziwe, godne zaufania i profesjonalne \u017ar\u00f3d\u0142o vape.<\/li>\r\n<li>Gwarancja oryginalno\u015bci 100%: Dostarczamy tylko oryginalne i oryginalne produkty, odmawiamy podrabiania.<\/li>\r\n<li>Gwarancja dostawy 100%: U\u017cywamy najlepszej metody wysy\u0142ki, aby zapewni\u0107, \u017ce otrzymasz zam\u00f3wienie 100%.<\/li>\r\n<li>Po wysy\u0142ce podamy numer przesy\u0142ki i etykiet\u0119 wysy\u0142kow\u0105 oraz b\u0119dziemy \u015bledzi\u0107 towary do momentu ich podpisania.<\/li>\r\n<li>Brak problem\u00f3w celnych, brak taryf<\/li>\r\n<\/ul>","protected":false},"excerpt":{"rendered":"<div class=\"wsppc_div_block woocommerce_before_add_to_cart_form\">\r\n<p><strong><span style=\"color: #00a859;\">Ocli\u0107 si\u0119<\/span> przed dostaw\u0105 i 100% Gwarancja Dostawy, Dostawa w oko\u0142o 19\u201325 dni.\u00a0<\/strong><\/p>\r\n<\/div>\n<p>Ten produkt nie zawiera p\u0142ynu<\/p>\n<p>MOQ: 200 sztuk\/kolor<\/p>","protected":false},"featured_media":16473,"comment_status":"open","ping_status":"closed","template":"","meta":[],"pwb-brand":[1289],"product_cat":[15],"product_tag":[],"class_list":{"0":"post-16479","1":"product","2":"type-product","3":"status-publish","4":"has-post-thumbnail","6":"pwb-brand-others","7":"product_cat-others","9":"first","10":"instock","11":"shipping-taxable","12":"purchasable","13":"product-type-variable"},"aioseo_notices":[],"brands":[{"id":1289,"name":"Inne","slug":"inni"}],"_links":{"self":[{"href":"https:\/\/www.vape4wholesale.com\/pl\/wp-json\/wp\/v2\/product\/16479","targetHints":{"allow":["GET"]}}],"collection":[{"href":"https:\/\/www.vape4wholesale.com\/pl\/wp-json\/wp\/v2\/product"}],"about":[{"href":"https:\/\/www.vape4wholesale.com\/pl\/wp-json\/wp\/v2\/types\/product"}],"replies":[{"embeddable":true,"href":"https:\/\/www.vape4wholesale.com\/pl\/wp-json\/wp\/v2\/comments?post=16479"}],"wp:featuredmedia":[{"embeddable":true,"href":"https:\/\/www.vape4wholesale.com\/pl\/wp-json\/wp\/v2\/media\/16473"}],"wp:attachment":[{"href":"https:\/\/www.vape4wholesale.com\/pl\/wp-json\/wp\/v2\/media?parent=16479"}],"wp:term":[{"taxonomy":"pwb-brand","embeddable":true,"href":"https:\/\/www.vape4wholesale.com\/pl\/wp-json\/wp\/v2\/pwb-brand?post=16479"},{"taxonomy":"product_cat","embeddable":true,"href":"https:\/\/www.vape4wholesale.com\/pl\/wp-json\/wp\/v2\/product_cat?post=16479"},{"taxonomy":"product_tag","embeddable":true,"href":"https:\/\/www.vape4wholesale.com\/pl\/wp-json\/wp\/v2\/product_tag?post=16479"}],"curies":[{"name":"wp","href":"https:\/\/api.w.org\/{rel}","templated":true}]}}