{"id":16445,"date":"2024-07-24T15:10:00","date_gmt":"2024-07-24T07:10:00","guid":{"rendered":"https:\/\/www.vape4wholesale.com\/?post_type=product&#038;p=16445"},"modified":"2026-03-18T00:14:59","modified_gmt":"2026-03-17T16:14:59","slug":"vapsolo-twins-20000-puff-jednorazowe-vape-hurtownia","status":"publish","type":"product","link":"https:\/\/www.vape4wholesale.com\/pl\/produkt\/vapsolo-twins-20000-puff-jednorazowe-vape-hurtownia","title":{"rendered":"Vapsolo Twins 20000 Puffs jednorazowe Vape hurtowo"},"content":{"rendered":"<p>The <a href=\"\/pl\/product_brand\/vapsolo\/\" rel=\"sponsored\">VapSolo<\/a> Twins 20000 to najwy\u017cszej jako\u015bci i najnowocze\u015bniejszy jednorazowy vape, dostarczany z 25 ml eliquidu i cewk\u0105 siatkow\u0105 o rezystancji 0,6\u03a9, a jego konstrukcja z akumulatorem 650 mAh zapewnia obs\u0142ug\u0119 do 2000 zaci\u0105gni\u0119\u0107.<\/p>\n<p>Wyposa\u017cony jest w podw\u00f3jne smaki do prze\u0142\u0105czania i inteligentny ekran do wy\u015bwietlania stanu na\u0142adowania baterii i poziomu p\u0142ynu.<\/p>\n<p>Zam\u00f3w nasz szeroki wyb\u00f3r 10 smak\u00f3w Vapsolo Twins w najlepszej cenie i z szybk\u0105 wysy\u0142k\u0105.<\/p>\n<p>Ogl\u0105daj <a title=\"wideo vapesolo twins\" href=\"https:\/\/youtube.com\/shorts\/jYfwcxRsAnc?si=cJjFvkdWPRfrGENx\" target=\"_blank\" rel=\"noopener\">wideo vapesolo twins<\/a> aby dowiedzie\u0107 si\u0119 wi\u0119cej o funkcjach tego produktu.<\/p>\n<h2>Vapsolo Twins 20000 Puffs Jednorazowe Vape Szybki szczeg\u00f3\u0142<\/h2>\n<ul>\n<li>Puff: Do 20000 zaci\u0105gni\u0119\u0107<\/li>\n<li>P\u0142yn: 19 ml wst\u0119pnie nape\u0142niony Dul Tant<\/li>\n<li>Nikotyna: 0%\/2%\/3%\/5%<\/li>\n<li>Bateria: akumulator 650 mAh<\/li>\n<li>Rdze\u0144: Cewka siatkowa 1,0 \u03a9<\/li>\n<li>Mo\u017cliwo\u015b\u0107 \u0142adowania, port \u0142adowania typu C<\/li>\n<li>Inteligentny ekran wy\u015bwietlacza<\/li>\n<li>Cewka z podw\u00f3jn\u0105 siatk\u0105<\/li>\n<li>Kontrola przep\u0142ywu powietrza<\/li>\n<li>Wyb\u00f3r wielu smak\u00f3w 2 w 1<\/li>\n<li>Zestaw kapsu\u0142 aktywowanych rysowaniem<\/li>\n<li>\u0141atwe w u\u017cyciu urz\u0105dzenie do waporyzacji MTL<\/li>\n<\/ul>\n<h2>Dost\u0119pne smaki<\/h2>\n<p>01# Lemon Lime &amp; Watermelon Ice<br \/>\n02# Grape Ice &amp; Strawberry Kiwi<br \/>\n03# Pineapple Coconut&amp; Strawberry Banana<br \/>\n04# Orange Mango Watermelon &amp; Red Bull<br \/>\n05# Blueberry Ice &amp; Fizzy Cherry<br \/>\n06# Watermelon Ice &amp; Mixed Berry<br \/>\n07# Strawberry Banana &amp; Fizzy Cherry<br \/>\n08# Strawberry Raspberry Cherry Ice &amp; Grape Ice<br \/>\n09# Blue Razz Lemonade &amp; Lemon Lime<br \/>\n10# Watermelon Ice &amp; Strawberry Mango<br \/>\n11# Potr\u00f3jny melon i arbuz malinowy<br \/>\n12# Black ice Dragon Fruit Strawberry &amp; Raspberry Watermelon<br \/>\n13# Pineapple Coconut &amp; Watermelon Ice<br \/>\n14# Strawberry Ice &amp; Mango Peach Watermelon<br \/>\n15# Strawberry Kiwi &amp; Strawberry Raspberry Cherry Ice<br \/>\n16# Triple Melon &amp; Pineapple Coconut<br \/>\n17# Cherry Cola&amp; Juicy Peach Ice<br \/>\n18# Strawberry Watermelon&amp; Gummy Bear<br \/>\n19# Blueberry Blackcurrant&amp; Grapefruit Refresher<br \/>\n20# Passion Fruit Mojito&amp; Triple Mint<\/p>\n<h2>Szczeg\u00f3\u0142y pakowania<\/h2>\n<ul>\n<li>Waga pojedyncza\uff1a108g\/szt<\/li>\n<li>200szt\/ctn; 10szt\/pude\u0142ko<\/li>\n<li>23,3 kg\/ctn<\/li>\n<li>Rozmiar kartonu: 44*43*26,5 cm<\/li>\n<\/ul>\n<figure id=\"attachment_16450\" aria-describedby=\"caption-attachment-16450\" style=\"width: 800px\" class=\"wp-caption alignnone\"><img loading=\"lazy\" decoding=\"async\" class=\"size-full wp-image-16450\" title=\"Vapsolo Twins 20000 Puffs Jednorazowe Vape Hurtownia BLACK ICE DRAGONFRUIT STRAWBERRY\" src=\"https:\/\/www.vape4wholesale.com\/wp-content\/uploads\/2024\/07\/Vapsolo-Twins-20000-Puffs-Disposable-Vape-Wholesale-BLACK-ICE-DRAGONFRUIT-STRAWBERRY.jpg\" alt=\"Vapsolo Twins 20000 Puffs Jednorazowe Vape Hurtownia BLACK ICE DRAGONFRUIT STRAWBERRY\" width=\"800\" height=\"800\" srcset=\"https:\/\/www.vape4wholesale.com\/wp-content\/uploads\/2024\/07\/Vapsolo-Twins-20000-Puffs-Disposable-Vape-Wholesale-BLACK-ICE-DRAGONFRUIT-STRAWBERRY.jpg 800w, https:\/\/www.vape4wholesale.com\/wp-content\/uploads\/2024\/07\/Vapsolo-Twins-20000-Puffs-Disposable-Vape-Wholesale-BLACK-ICE-DRAGONFRUIT-STRAWBERRY-247x247.jpg 247w, https:\/\/www.vape4wholesale.com\/wp-content\/uploads\/2024\/07\/Vapsolo-Twins-20000-Puffs-Disposable-Vape-Wholesale-BLACK-ICE-DRAGONFRUIT-STRAWBERRY-100x100.jpg 100w, https:\/\/www.vape4wholesale.com\/wp-content\/uploads\/2024\/07\/Vapsolo-Twins-20000-Puffs-Disposable-Vape-Wholesale-BLACK-ICE-DRAGONFRUIT-STRAWBERRY-510x510.jpg 510w, https:\/\/www.vape4wholesale.com\/wp-content\/uploads\/2024\/07\/Vapsolo-Twins-20000-Puffs-Disposable-Vape-Wholesale-BLACK-ICE-DRAGONFRUIT-STRAWBERRY-64x64.jpg 64w, https:\/\/www.vape4wholesale.com\/wp-content\/uploads\/2024\/07\/Vapsolo-Twins-20000-Puffs-Disposable-Vape-Wholesale-BLACK-ICE-DRAGONFRUIT-STRAWBERRY-300x300.jpg 300w, https:\/\/www.vape4wholesale.com\/wp-content\/uploads\/2024\/07\/Vapsolo-Twins-20000-Puffs-Disposable-Vape-Wholesale-BLACK-ICE-DRAGONFRUIT-STRAWBERRY-150x150.jpg 150w, https:\/\/www.vape4wholesale.com\/wp-content\/uploads\/2024\/07\/Vapsolo-Twins-20000-Puffs-Disposable-Vape-Wholesale-BLACK-ICE-DRAGONFRUIT-STRAWBERRY-768x768.jpg 768w, https:\/\/www.vape4wholesale.com\/wp-content\/uploads\/2024\/07\/Vapsolo-Twins-20000-Puffs-Disposable-Vape-Wholesale-BLACK-ICE-DRAGONFRUIT-STRAWBERRY-12x12.jpg 12w\" sizes=\"auto, (max-width: 800px) 100vw, 800px\" \/><figcaption id=\"caption-attachment-16450\" class=\"wp-caption-text\">Vapsolo Twins 20000 Puffs jednorazowe Vape hurtowo<\/figcaption><\/figure>\n<h2>DLACZEGO MY?<\/h2>\r\n<ul>\r\n<li>Prawdziwe, godne zaufania i profesjonalne \u017ar\u00f3d\u0142o vape.<\/li>\r\n<li>Gwarancja oryginalno\u015bci 100%: Dostarczamy tylko oryginalne i oryginalne produkty, odmawiamy podrabiania.<\/li>\r\n<li>Gwarancja dostawy 100%: U\u017cywamy najlepszej metody wysy\u0142ki, aby zapewni\u0107, \u017ce otrzymasz zam\u00f3wienie 100%.<\/li>\r\n<li>Po wysy\u0142ce podamy numer przesy\u0142ki i etykiet\u0119 wysy\u0142kow\u0105 oraz b\u0119dziemy \u015bledzi\u0107 towary do momentu ich podpisania.<\/li>\r\n<li>Brak problem\u00f3w celnych, brak taryf<\/li>\r\n<\/ul>","protected":false},"excerpt":{"rendered":"<p><b><span style=\"color: #00a859;\">Free shipping<\/span>\u00a0from Europe warehouse, 7-15 working days delivery time.<\/b><\/p>\r\n<div class=\"wsppc_div_block woocommerce_before_add_to_cart_form\">\r\n<p><strong>Clear customs before delivery &amp; 100% Delivery Guarantee<\/strong><\/p>\r\n<\/div>","protected":false},"featured_media":16447,"comment_status":"open","ping_status":"closed","template":"","meta":[],"pwb-brand":[1271],"product_cat":[938],"product_tag":[22,24,692,794,899],"class_list":{"0":"post-16445","1":"product","2":"type-product","3":"status-publish","4":"has-post-thumbnail","6":"pwb-brand-vapsolo","7":"product_cat-europe-warehouse","8":"product_tag-disposable","9":"product_tag-wholesale","10":"product_tag-25-0ml","11":"product_tag-20000-puffs","12":"product_tag-vapsolo","13":"product_shipping_class-eu-warehouse","14":"wcpa_has_options","16":"first","17":"instock","18":"shipping-taxable","19":"purchasable","20":"product-type-variable"},"aioseo_notices":[],"brands":[{"id":1271,"name":"Vapsolo","slug":"vapsolo"}],"_links":{"self":[{"href":"https:\/\/www.vape4wholesale.com\/pl\/wp-json\/wp\/v2\/product\/16445","targetHints":{"allow":["GET"]}}],"collection":[{"href":"https:\/\/www.vape4wholesale.com\/pl\/wp-json\/wp\/v2\/product"}],"about":[{"href":"https:\/\/www.vape4wholesale.com\/pl\/wp-json\/wp\/v2\/types\/product"}],"replies":[{"embeddable":true,"href":"https:\/\/www.vape4wholesale.com\/pl\/wp-json\/wp\/v2\/comments?post=16445"}],"wp:featuredmedia":[{"embeddable":true,"href":"https:\/\/www.vape4wholesale.com\/pl\/wp-json\/wp\/v2\/media\/16447"}],"wp:attachment":[{"href":"https:\/\/www.vape4wholesale.com\/pl\/wp-json\/wp\/v2\/media?parent=16445"}],"wp:term":[{"taxonomy":"pwb-brand","embeddable":true,"href":"https:\/\/www.vape4wholesale.com\/pl\/wp-json\/wp\/v2\/pwb-brand?post=16445"},{"taxonomy":"product_cat","embeddable":true,"href":"https:\/\/www.vape4wholesale.com\/pl\/wp-json\/wp\/v2\/product_cat?post=16445"},{"taxonomy":"product_tag","embeddable":true,"href":"https:\/\/www.vape4wholesale.com\/pl\/wp-json\/wp\/v2\/product_tag?post=16445"}],"curies":[{"name":"wp","href":"https:\/\/api.w.org\/{rel}","templated":true}]}}