{"id":16414,"date":"2024-07-23T14:13:00","date_gmt":"2024-07-23T06:13:00","guid":{"rendered":"https:\/\/www.vape4wholesale.com\/?post_type=product&#038;p=16414"},"modified":"2026-02-02T07:02:18","modified_gmt":"2026-02-02T07:02:18","slug":"vapsolo-viking-12000-puff-jednorazowe-vape-hurtownia","status":"publish","type":"product","link":"https:\/\/www.vape4wholesale.com\/pl\/product\/vapsolo-viking-12000-puffs-disposable-vape-wholesale","title":{"rendered":"Vapsolo Viking 12000 Puffs Jednorazowy Vape Hurtownia"},"content":{"rendered":"<p>The <a href=\"\/pl\/product_brand\/vapsolo\/\">VapSolo<\/a> Viking 12000 to wyj\u0105tkowy jednorazowy waporyzator wyposa\u017cony w cewk\u0119 siatkow\u0105, wst\u0119pnie nape\u0142niony 22 ml e-liquidu oraz akumulator typu C o pojemno\u015bci 650 mAh. Dzi\u0119ki 4-stopniowemu sterowaniu przep\u0142ywem powietrza i wy\u015bwietlaczowi LCD mo\u017cna zobaczy\u0107 pozosta\u0142\u0105 pojemno\u015b\u0107 baterii i p\u0142ynu.<\/p>\n<p>Zam\u00f3w hurtowo nasz szeroki wyb\u00f3r 15 smak\u00f3w jednorazowych waporyzator\u00f3w Vapsolo Viking 12000 w najlepszej cenie i z szybk\u0105 wysy\u0142k\u0105.<\/p>\n<div>\n<h2>Vapsolo Viking 12000 Puffs Jednorazowe Vape Szybki szczeg\u00f3\u0142<\/h2>\n<ul>\n<li>Puff: Do 12000 zaci\u0105gni\u0119\u0107<\/li>\n<li>P\u0142yn: 22 ml wst\u0119pnie nape\u0142niony<\/li>\n<li>Nikotyna: 2%\/5%<\/li>\n<li>Bateria: akumulator 650 mAh<\/li>\n<li>Rdze\u0144: Cewka siatkowa 1,0 \u03a9<\/li>\n<li>Wst\u0119pnie nape\u0142niona cewka +Mesh*2<\/li>\n<li>Mo\u017cliwo\u015b\u0107 \u0142adowania, port \u0142adowania typu C<\/li>\n<li>Kontrola przep\u0142ywu powietrza: 4 poziomy<\/li>\n<li>Wy\u015bwietlacz zasilania i e-juice<\/li>\n<\/ul>\n<\/div>\n<div>\n<div class=\"wmkc-template-12\">\n<h2 class=\"wmkc-white\">Dost\u0119pne smaki<\/h2>\n<\/div>\n<ol>\n<li>Bor\u00f3wka Malina<\/li>\n<li>Jagoda<\/li>\n<li>Fizzy Cherry<\/li>\n<li>Arbuzowy l\u00f3d<\/li>\n<li>Truskawka Kiwi<\/li>\n<li>Arbuz truskawkowy<\/li>\n<li>Letni sen<\/li>\n<li>Jagoda Wi\u015bnia \u017burawina<\/li>\n<li>Lemon Lime<\/li>\n<li>Gummy Bear<\/li>\n<li>Banan truskawkowy<\/li>\n<li>\u015awie\u017ca mi\u0119ta<\/li>\n<li>L\u00f3d truskawkowo-malinowy<\/li>\n<li>Brzoskwinia cytrynowa<\/li>\n<li>Red Apple Ice<\/li>\n<\/ol>\n<\/div>\n<h2>Szczeg\u00f3\u0142y pakowania:<\/h2>\n<ul>\n<li>200szt\/ctn; 10szt\/pude\u0142ko<\/li>\n<li>Waga\uff1a85g\/szt<\/li>\n<li>18,6 kg\/ctn<\/li>\n<li>Rozmiar kartonu: 44*43*26,5 cm<\/li>\n<\/ul>\n<figure id=\"attachment_16422\" aria-describedby=\"caption-attachment-16422\" style=\"width: 800px\" class=\"wp-caption alignnone\"><img loading=\"lazy\" decoding=\"async\" class=\"size-full wp-image-16422\" title=\"Vapsolo Viking 12000 Puffs Jednorazowe Vape Hurtownia Lemon Peach\" src=\"https:\/\/www.vape4wholesale.com\/wp-content\/uploads\/2024\/07\/Vapsolo-Viking-12000-Puffs-Disposable-Vape-Wholesale-Lemon-Peach.jpg\" alt=\"Vapsolo Viking 12000 Puffs Jednorazowe Vape Hurtownia Lemon Peach\" width=\"800\" height=\"800\" srcset=\"https:\/\/www.vape4wholesale.com\/wp-content\/uploads\/2024\/07\/Vapsolo-Viking-12000-Puffs-Disposable-Vape-Wholesale-Lemon-Peach.jpg 800w, https:\/\/www.vape4wholesale.com\/wp-content\/uploads\/2024\/07\/Vapsolo-Viking-12000-Puffs-Disposable-Vape-Wholesale-Lemon-Peach-247x247.jpg 247w, https:\/\/www.vape4wholesale.com\/wp-content\/uploads\/2024\/07\/Vapsolo-Viking-12000-Puffs-Disposable-Vape-Wholesale-Lemon-Peach-100x100.jpg 100w, https:\/\/www.vape4wholesale.com\/wp-content\/uploads\/2024\/07\/Vapsolo-Viking-12000-Puffs-Disposable-Vape-Wholesale-Lemon-Peach-510x510.jpg 510w, https:\/\/www.vape4wholesale.com\/wp-content\/uploads\/2024\/07\/Vapsolo-Viking-12000-Puffs-Disposable-Vape-Wholesale-Lemon-Peach-64x64.jpg 64w, https:\/\/www.vape4wholesale.com\/wp-content\/uploads\/2024\/07\/Vapsolo-Viking-12000-Puffs-Disposable-Vape-Wholesale-Lemon-Peach-300x300.jpg 300w, https:\/\/www.vape4wholesale.com\/wp-content\/uploads\/2024\/07\/Vapsolo-Viking-12000-Puffs-Disposable-Vape-Wholesale-Lemon-Peach-150x150.jpg 150w, https:\/\/www.vape4wholesale.com\/wp-content\/uploads\/2024\/07\/Vapsolo-Viking-12000-Puffs-Disposable-Vape-Wholesale-Lemon-Peach-768x768.jpg 768w, https:\/\/www.vape4wholesale.com\/wp-content\/uploads\/2024\/07\/Vapsolo-Viking-12000-Puffs-Disposable-Vape-Wholesale-Lemon-Peach-12x12.jpg 12w\" sizes=\"auto, (max-width: 800px) 100vw, 800px\" \/><figcaption id=\"caption-attachment-16422\" class=\"wp-caption-text\">Vapsolo Viking 12000 Puffs Jednorazowy Vape Hurtownia<\/figcaption><\/figure>\n<h2>DLACZEGO MY?<\/h2>\r\n<ul>\r\n<li>Prawdziwe, godne zaufania i profesjonalne \u017ar\u00f3d\u0142o vape.<\/li>\r\n<li>Gwarancja oryginalno\u015bci 100%: Dostarczamy tylko oryginalne i oryginalne produkty, odmawiamy podrabiania.<\/li>\r\n<li>Gwarancja dostawy 100%: U\u017cywamy najlepszej metody wysy\u0142ki, aby zapewni\u0107, \u017ce otrzymasz zam\u00f3wienie 100%.<\/li>\r\n<li>Po wysy\u0142ce podamy numer przesy\u0142ki i etykiet\u0119 wysy\u0142kow\u0105 oraz b\u0119dziemy \u015bledzi\u0107 towary do momentu ich podpisania.<\/li>\r\n<li>Brak problem\u00f3w celnych, brak taryf<\/li>\r\n<\/ul>","protected":false},"excerpt":{"rendered":"<p><b><span style=\"color: #00a859;\">Darmowa dostawa<\/span>\u00a0z europejskiego magazynu, czas dostawy 7-15 dni roboczych.<\/b><\/p>\r\n<div class=\"wsppc_div_block woocommerce_before_add_to_cart_form\">\r\n<p><strong>Odprawa celna przed dostaw\u0105 i 100% Gwarancja Dostawy<\/strong><\/p>\r\n<\/div>","protected":false},"featured_media":16419,"comment_status":"open","ping_status":"closed","template":"","meta":[],"pwb-brand":[1271],"product_cat":[871],"product_tag":[899,22,24,556,877],"class_list":{"0":"post-16414","1":"product","2":"type-product","3":"status-publish","4":"has-post-thumbnail","6":"pwb-brand-vapsolo","7":"product_cat-10-15k-puffs","8":"product_tag-vapsolo","9":"product_tag-disposable","10":"product_tag-wholesale","11":"product_tag-12000-puffs","12":"product_tag-22-0ml","13":"product_shipping_class-vapsolo-cn-eu","14":"wcpa_has_options","16":"first","17":"outofstock","18":"shipping-taxable","19":"purchasable","20":"product-type-variable"},"aioseo_notices":[],"brands":[{"id":1271,"name":"Vapsolo","slug":"vapsolo"}],"_links":{"self":[{"href":"https:\/\/www.vape4wholesale.com\/pl\/wp-json\/wp\/v2\/product\/16414","targetHints":{"allow":["GET"]}}],"collection":[{"href":"https:\/\/www.vape4wholesale.com\/pl\/wp-json\/wp\/v2\/product"}],"about":[{"href":"https:\/\/www.vape4wholesale.com\/pl\/wp-json\/wp\/v2\/types\/product"}],"replies":[{"embeddable":true,"href":"https:\/\/www.vape4wholesale.com\/pl\/wp-json\/wp\/v2\/comments?post=16414"}],"wp:featuredmedia":[{"embeddable":true,"href":"https:\/\/www.vape4wholesale.com\/pl\/wp-json\/wp\/v2\/media\/16419"}],"wp:attachment":[{"href":"https:\/\/www.vape4wholesale.com\/pl\/wp-json\/wp\/v2\/media?parent=16414"}],"wp:term":[{"taxonomy":"pwb-brand","embeddable":true,"href":"https:\/\/www.vape4wholesale.com\/pl\/wp-json\/wp\/v2\/pwb-brand?post=16414"},{"taxonomy":"product_cat","embeddable":true,"href":"https:\/\/www.vape4wholesale.com\/pl\/wp-json\/wp\/v2\/product_cat?post=16414"},{"taxonomy":"product_tag","embeddable":true,"href":"https:\/\/www.vape4wholesale.com\/pl\/wp-json\/wp\/v2\/product_tag?post=16414"}],"curies":[{"name":"wp","href":"https:\/\/api.w.org\/{rel}","templated":true}]}}