{"id":16379,"date":"2024-07-24T11:33:00","date_gmt":"2024-07-24T03:33:00","guid":{"rendered":"https:\/\/www.vape4wholesale.com\/?post_type=product&#038;p=16379"},"modified":"2026-03-30T08:19:54","modified_gmt":"2026-03-30T00:19:54","slug":"vapsolo-super-15000-puff-jednorazowe-vape-hurtownia","status":"publish","type":"product","link":"https:\/\/www.vape4wholesale.com\/pl\/product\/vapsolo-super-15000-puffs-disposable-vape-wholesale","title":{"rendered":"Vapsolo Super 15000 Puffs jednorazowe Vape hurtowo"},"content":{"rendered":"<p>The <a href=\"\/pl\/product_brand\/vapsolo\/\">Vapsolo<\/a> Super 15000 Puffs to wysokiej jako\u015bci jednorazowy vape z mo\u017cliwo\u015bci\u0105 \u0142adowania, oferuj\u0105cy do 15 000 zaci\u0105gni\u0119\u0107 z opcj\u0105 nikotynow\u0105 2% lub 5%, z bateri\u0105 650 mAh, pojemno\u015bci\u0105 25 ml e-liguidu i r\u00f3\u017cnorodno\u015bci\u0105 bogatych smak\u00f3w, idealny dla hurtownik\u00f3w i sprzedawc\u00f3w detalicznych poszukuj\u0105cych wysokiej jako\u015bci produkt\u00f3w do waporyzacji.<\/p>\n<p>Zam\u00f3w nasz szeroki wyb\u00f3r 15 smak\u00f3w Vapsolo Super 15000 puffs vape w najlepszej cenie i z szybk\u0105 wysy\u0142k\u0105.<\/p>\n<h2><strong>Vapsolo Super 15000 Puffs Jednorazowe Vape Szybki szczeg\u00f3\u0142<\/strong><\/h2>\n<ul>\n<li>Puffy: 15000 Puff\u00f3w<\/li>\n<li>4 poziomy przep\u0142ywu powietrza<\/li>\n<li>Pojemno\u015b\u0107 e-p\u0142ynu: 25 ML<\/li>\n<li>Pojemno\u015b\u0107 akumulatora: 650 mAh<\/li>\n<li>Siatkowa cewka<\/li>\n<li>Rezystancja cewki: 1,0\u03a9<\/li>\n<li>port typu C, akumulator<\/li>\n<\/ul>\n<h2><strong>Dost\u0119pne smaki<\/strong><\/h2>\n<ol>\n<li>Blue Razz<\/li>\n<li>L\u00f3d jagodowy<\/li>\n<li>Podw\u00f3jne jab\u0142ko<\/li>\n<li>Arbuzowy l\u00f3d<\/li>\n<li>Truskawka Kiwi<\/li>\n<li>Mixed Berry<\/li>\n<li>Red Bull<\/li>\n<li>Jagoda Wi\u015bnia \u017burawina<\/li>\n<li>Lemon Lime<\/li>\n<li>Kr\u0119gle<\/li>\n<li>Letni sen<\/li>\n<li>Banan truskawkowy<\/li>\n<li>Arbuz malinowy<\/li>\n<li>Blueberry Cherry Cola<\/li>\n<li>Black Ice Dragonfruit Strawberry<\/li>\n<li>Strawberry Vanilla Cola<\/li>\n<li>R\u00f3\u017cowa Lemoniada<\/li>\n<li>L\u00f3d truskawkowy<\/li>\n<li>Brzoskwinia Mango Ananas<\/li>\n<li>L\u00f3d jagodowy z czarn\u0105 porzeczk\u0105<\/li>\n<\/ol>\n<h2><strong>Lista pakowania<\/strong><\/h2>\n<p>200szt\/ctn; 21,9kg\/ctn<br \/>\nRozmiar kartonu: 44*43*26,5 cm<\/p>\n<figure id=\"attachment_16389\" aria-describedby=\"caption-attachment-16389\" style=\"width: 800px\" class=\"wp-caption alignnone\"><img loading=\"lazy\" decoding=\"async\" class=\"size-full wp-image-16389\" title=\"Vapsolo Super 15000 Puffs Jednorazowe Vape Hurtownia Red Bull\" src=\"https:\/\/www.vape4wholesale.com\/wp-content\/uploads\/2024\/07\/Vapsolo-Super-15000-Puffs-Disposable-Vape-Wholesale-Red-Bull.jpg\" alt=\"Vapsolo Super 15000 Puffs Jednorazowe Vape Hurtownia Red Bull\" width=\"800\" height=\"800\" srcset=\"https:\/\/www.vape4wholesale.com\/wp-content\/uploads\/2024\/07\/Vapsolo-Super-15000-Puffs-Disposable-Vape-Wholesale-Red-Bull.jpg 800w, https:\/\/www.vape4wholesale.com\/wp-content\/uploads\/2024\/07\/Vapsolo-Super-15000-Puffs-Disposable-Vape-Wholesale-Red-Bull-247x247.jpg 247w, https:\/\/www.vape4wholesale.com\/wp-content\/uploads\/2024\/07\/Vapsolo-Super-15000-Puffs-Disposable-Vape-Wholesale-Red-Bull-100x100.jpg 100w, https:\/\/www.vape4wholesale.com\/wp-content\/uploads\/2024\/07\/Vapsolo-Super-15000-Puffs-Disposable-Vape-Wholesale-Red-Bull-510x510.jpg 510w, https:\/\/www.vape4wholesale.com\/wp-content\/uploads\/2024\/07\/Vapsolo-Super-15000-Puffs-Disposable-Vape-Wholesale-Red-Bull-64x64.jpg 64w, https:\/\/www.vape4wholesale.com\/wp-content\/uploads\/2024\/07\/Vapsolo-Super-15000-Puffs-Disposable-Vape-Wholesale-Red-Bull-300x300.jpg 300w, https:\/\/www.vape4wholesale.com\/wp-content\/uploads\/2024\/07\/Vapsolo-Super-15000-Puffs-Disposable-Vape-Wholesale-Red-Bull-150x150.jpg 150w, https:\/\/www.vape4wholesale.com\/wp-content\/uploads\/2024\/07\/Vapsolo-Super-15000-Puffs-Disposable-Vape-Wholesale-Red-Bull-768x768.jpg 768w, https:\/\/www.vape4wholesale.com\/wp-content\/uploads\/2024\/07\/Vapsolo-Super-15000-Puffs-Disposable-Vape-Wholesale-Red-Bull-12x12.jpg 12w\" sizes=\"auto, (max-width: 800px) 100vw, 800px\" \/><figcaption id=\"caption-attachment-16389\" class=\"wp-caption-text\">Vapsolo Super 15000 Puffs jednorazowe Vape hurtowo<\/figcaption><\/figure>\n<h2>DLACZEGO MY?<\/h2>\r\n<ul>\r\n<li>Prawdziwe, godne zaufania i profesjonalne \u017ar\u00f3d\u0142o vape.<\/li>\r\n<li>Gwarancja oryginalno\u015bci 100%: Dostarczamy tylko oryginalne i oryginalne produkty, odmawiamy podrabiania.<\/li>\r\n<li>Gwarancja dostawy 100%: U\u017cywamy najlepszej metody wysy\u0142ki, aby zapewni\u0107, \u017ce otrzymasz zam\u00f3wienie 100%.<\/li>\r\n<li>Po wysy\u0142ce podamy numer przesy\u0142ki i etykiet\u0119 wysy\u0142kow\u0105 oraz b\u0119dziemy \u015bledzi\u0107 towary do momentu ich podpisania.<\/li>\r\n<li>Brak problem\u00f3w celnych, brak taryf<\/li>\r\n<\/ul>","protected":false},"excerpt":{"rendered":"<p><b><span style=\"color: #00a859;\">Darmowa dostawa<\/span>\u00a0z europejskiego magazynu, czas dostawy 7-15 dni roboczych.<\/b><\/p>\r\n<div class=\"wsppc_div_block woocommerce_before_add_to_cart_form\">\r\n<p><strong>Odprawa celna przed dostaw\u0105 i 100% Gwarancja Dostawy<\/strong><\/p>\r\n<\/div>","protected":false},"featured_media":16388,"comment_status":"open","ping_status":"closed","template":"","meta":[],"pwb-brand":[1271],"product_cat":[938],"product_tag":[899,22,24,684,692],"class_list":{"0":"post-16379","1":"product","2":"type-product","3":"status-publish","4":"has-post-thumbnail","6":"pwb-brand-vapsolo","7":"product_cat-europe-warehouse","8":"product_tag-vapsolo","9":"product_tag-disposable","10":"product_tag-wholesale","11":"product_tag-15000-puffs","12":"product_tag-25-0ml","13":"product_shipping_class-eu-warehouse","14":"wcpa_has_options","16":"first","17":"instock","18":"shipping-taxable","19":"purchasable","20":"product-type-variable"},"aioseo_notices":[],"brands":[{"id":1271,"name":"Vapsolo","slug":"vapsolo"}],"_links":{"self":[{"href":"https:\/\/www.vape4wholesale.com\/pl\/wp-json\/wp\/v2\/product\/16379","targetHints":{"allow":["GET"]}}],"collection":[{"href":"https:\/\/www.vape4wholesale.com\/pl\/wp-json\/wp\/v2\/product"}],"about":[{"href":"https:\/\/www.vape4wholesale.com\/pl\/wp-json\/wp\/v2\/types\/product"}],"replies":[{"embeddable":true,"href":"https:\/\/www.vape4wholesale.com\/pl\/wp-json\/wp\/v2\/comments?post=16379"}],"wp:featuredmedia":[{"embeddable":true,"href":"https:\/\/www.vape4wholesale.com\/pl\/wp-json\/wp\/v2\/media\/16388"}],"wp:attachment":[{"href":"https:\/\/www.vape4wholesale.com\/pl\/wp-json\/wp\/v2\/media?parent=16379"}],"wp:term":[{"taxonomy":"pwb-brand","embeddable":true,"href":"https:\/\/www.vape4wholesale.com\/pl\/wp-json\/wp\/v2\/pwb-brand?post=16379"},{"taxonomy":"product_cat","embeddable":true,"href":"https:\/\/www.vape4wholesale.com\/pl\/wp-json\/wp\/v2\/product_cat?post=16379"},{"taxonomy":"product_tag","embeddable":true,"href":"https:\/\/www.vape4wholesale.com\/pl\/wp-json\/wp\/v2\/product_tag?post=16379"}],"curies":[{"name":"wp","href":"https:\/\/api.w.org\/{rel}","templated":true}]}}