{"id":16238,"date":"2024-07-19T21:24:00","date_gmt":"2024-07-19T13:24:00","guid":{"rendered":"https:\/\/www.vape4wholesale.com\/?post_type=product&#038;p=16238"},"modified":"2026-01-27T14:50:06","modified_gmt":"2026-01-27T14:50:06","slug":"bang-przekladnia-mechaniczna-20000-puffow-jednorazowe-vape-hurtowo","status":"publish","type":"product","link":"https:\/\/www.vape4wholesale.com\/pl\/product\/bang-mechanical-gear-20000-puffs-disposable-vape-wholesale","title":{"rendered":"Bang Mechanical Gear 20000 Puffs Jednorazowa sprzeda\u017c hurtowa Vape"},"content":{"rendered":"<p>Bang Mechanical Gear 20000 to fajny jednorazowy Vape z mechaniczn\u0105 przek\u0142adni\u0105, kt\u00f3ra b\u0119dzie si\u0119 obraca\u0107 podczas waporyzacji, ma pojemno\u015b\u0107 25 ml eliquidu i akumulator 550 mAh, kt\u00f3ry obs\u0142uguje do 20000 zaci\u0105gni\u0119\u0107.<\/p>\n<p>Zam\u00f3w nasz szeroki wyb\u00f3r 16 smak\u00f3w Bang Mechanical Gear vape w nikotynie 0%, 2%, 3%, 5% w najlepszej cenie i szybkiej wysy\u0142ce.<\/p>\n<h2><strong>Cechy Bang Mechanical Gear 20000 Vape<\/strong><\/h2>\n<ul>\n<li>Puffy: Do 20000 zaci\u0105gni\u0119\u0107<\/li>\n<li>eLiquid: 25 ml wst\u0119pnie nape\u0142nionego e-liquidu<\/li>\n<li>Nikotyna: 0%\/ 2%\/ 3%\/ 5%S\u00f3l nikotynowa.<\/li>\n<li>Typy:Jednorazowe<\/li>\n<li>Bateria 500 mAh<\/li>\n<li>Ekran LED<\/li>\n<li>Mo\u017cliwo\u015b\u0107 \u0142adowania typu C<\/li>\n<li>12 dost\u0119pnych smak\u00f3w<\/li>\n<\/ul>\n<p>&nbsp;<\/p>\n<h2><strong>Lista smak\u00f3w<\/strong><\/h2>\n<p>1. mango truskawkowe<br \/>\n2. nap\u00f3j energetyczny<br \/>\n3. lemoniada jagodowo-wi\u015bniowa<br \/>\n4. czarny smoczy l\u00f3d<br \/>\n5.L\u00f3d brzoskwiniowy<br \/>\n6.banan truskawkowy<br \/>\n7.Mix owoc\u00f3w<br \/>\n8. l\u00f3d jagodowy<br \/>\n9. arbuzowy l\u00f3d<br \/>\n10.Truskawka Kiwi<br \/>\n11.Bleueberry Raspberry<br \/>\n12.arbuz truskawkowy<\/p>\n<figure id=\"attachment_16239\" aria-describedby=\"caption-attachment-16239\" style=\"width: 800px\" class=\"wp-caption alignnone\"><img loading=\"lazy\" decoding=\"async\" class=\"size-full wp-image-16239\" title=\"Bang Mechanical Gear 20000 Puffs Jednorazowa sprzeda\u017c hurtowa Vape (5)\" src=\"https:\/\/www.vape4wholesale.com\/wp-content\/uploads\/2024\/07\/Bang-Mechanical-Gear-20000-Puffs-Disposable-Vape-Wholesale-5.jpg\" alt=\"Bang Mechanical Gear 20000 Puffs Jednorazowa sprzeda\u017c hurtowa Vape (5)\" width=\"800\" height=\"800\" srcset=\"https:\/\/www.vape4wholesale.com\/wp-content\/uploads\/2024\/07\/Bang-Mechanical-Gear-20000-Puffs-Disposable-Vape-Wholesale-5.jpg 800w, https:\/\/www.vape4wholesale.com\/wp-content\/uploads\/2024\/07\/Bang-Mechanical-Gear-20000-Puffs-Disposable-Vape-Wholesale-5-247x247.jpg 247w, https:\/\/www.vape4wholesale.com\/wp-content\/uploads\/2024\/07\/Bang-Mechanical-Gear-20000-Puffs-Disposable-Vape-Wholesale-5-100x100.jpg 100w, https:\/\/www.vape4wholesale.com\/wp-content\/uploads\/2024\/07\/Bang-Mechanical-Gear-20000-Puffs-Disposable-Vape-Wholesale-5-510x510.jpg 510w, https:\/\/www.vape4wholesale.com\/wp-content\/uploads\/2024\/07\/Bang-Mechanical-Gear-20000-Puffs-Disposable-Vape-Wholesale-5-64x64.jpg 64w, https:\/\/www.vape4wholesale.com\/wp-content\/uploads\/2024\/07\/Bang-Mechanical-Gear-20000-Puffs-Disposable-Vape-Wholesale-5-300x300.jpg 300w, https:\/\/www.vape4wholesale.com\/wp-content\/uploads\/2024\/07\/Bang-Mechanical-Gear-20000-Puffs-Disposable-Vape-Wholesale-5-150x150.jpg 150w, https:\/\/www.vape4wholesale.com\/wp-content\/uploads\/2024\/07\/Bang-Mechanical-Gear-20000-Puffs-Disposable-Vape-Wholesale-5-768x768.jpg 768w\" sizes=\"auto, (max-width: 800px) 100vw, 800px\" \/><figcaption id=\"caption-attachment-16239\" class=\"wp-caption-text\">Bang Mechanical Gear 20000 Puffs Jednorazowa sprzeda\u017c hurtowa Vape<\/figcaption><\/figure>\n<h2>DLACZEGO MY?<\/h2>\r\n<ul>\r\n<li>Prawdziwe, godne zaufania i profesjonalne \u017ar\u00f3d\u0142o vape.<\/li>\r\n<li>Gwarancja oryginalno\u015bci 100%: Dostarczamy tylko oryginalne i oryginalne produkty, odmawiamy podrabiania.<\/li>\r\n<li>Gwarancja dostawy 100%: U\u017cywamy najlepszej metody wysy\u0142ki, aby zapewni\u0107, \u017ce otrzymasz zam\u00f3wienie 100%.<\/li>\r\n<li>Po wysy\u0142ce podamy numer przesy\u0142ki i etykiet\u0119 wysy\u0142kow\u0105 oraz b\u0119dziemy \u015bledzi\u0107 towary do momentu ich podpisania.<\/li>\r\n<li>Brak problem\u00f3w celnych, brak taryf<\/li>\r\n<\/ul>","protected":false},"excerpt":{"rendered":"<div class=\"wsppc_div_block woocommerce_before_add_to_cart_form\">\r\n<p><strong><span style=\"color: #00a859;\">Clear customs<\/span> before delivery &amp; 100% Delivery Guarantee, Delivery in 19~25 days around.\u00a0<\/strong><\/p>\r\n<\/div>","protected":false},"featured_media":16244,"comment_status":"open","ping_status":"closed","template":"","meta":[],"pwb-brand":[1275],"product_cat":[873],"product_tag":[794,22,24,249,692],"class_list":{"0":"post-16238","1":"product","2":"type-product","3":"status-publish","4":"has-post-thumbnail","6":"pwb-brand-bang","7":"product_cat-above-20k-puffs","8":"product_tag-20000-puffs","9":"product_tag-disposable","10":"product_tag-wholesale","11":"product_tag-bang","12":"product_tag-25-0ml","13":"wcpa_has_options","15":"first","16":"outofstock","17":"shipping-taxable","18":"purchasable","19":"product-type-variable"},"aioseo_notices":[],"brands":[{"id":1275,"name":"Bang","slug":"huk"}],"_links":{"self":[{"href":"https:\/\/www.vape4wholesale.com\/pl\/wp-json\/wp\/v2\/product\/16238","targetHints":{"allow":["GET"]}}],"collection":[{"href":"https:\/\/www.vape4wholesale.com\/pl\/wp-json\/wp\/v2\/product"}],"about":[{"href":"https:\/\/www.vape4wholesale.com\/pl\/wp-json\/wp\/v2\/types\/product"}],"replies":[{"embeddable":true,"href":"https:\/\/www.vape4wholesale.com\/pl\/wp-json\/wp\/v2\/comments?post=16238"}],"wp:featuredmedia":[{"embeddable":true,"href":"https:\/\/www.vape4wholesale.com\/pl\/wp-json\/wp\/v2\/media\/16244"}],"wp:attachment":[{"href":"https:\/\/www.vape4wholesale.com\/pl\/wp-json\/wp\/v2\/media?parent=16238"}],"wp:term":[{"taxonomy":"pwb-brand","embeddable":true,"href":"https:\/\/www.vape4wholesale.com\/pl\/wp-json\/wp\/v2\/pwb-brand?post=16238"},{"taxonomy":"product_cat","embeddable":true,"href":"https:\/\/www.vape4wholesale.com\/pl\/wp-json\/wp\/v2\/product_cat?post=16238"},{"taxonomy":"product_tag","embeddable":true,"href":"https:\/\/www.vape4wholesale.com\/pl\/wp-json\/wp\/v2\/product_tag?post=16238"}],"curies":[{"name":"wp","href":"https:\/\/api.w.org\/{rel}","templated":true}]}}