{"id":16152,"date":"2024-07-03T09:36:00","date_gmt":"2024-07-03T01:36:00","guid":{"rendered":"https:\/\/www.vape4wholesale.com\/?post_type=product&#038;p=16152"},"modified":"2026-01-26T13:40:43","modified_gmt":"2026-01-26T13:40:43","slug":"fihp-shisha-hookah-15000-pro-jednorazowe-vape-hurtownia","status":"publish","type":"product","link":"https:\/\/www.vape4wholesale.com\/pl\/product\/fihp-shisha-hookah-15000-pro-disposable-vape-wholesale","title":{"rendered":"FIHP Shisha Hookah 15000 Pro Jednorazowa sprzeda\u017c hurtowa Vape"},"content":{"rendered":"<p>FIHP Shisha Hookah 15000 to \u0142adnie zaprojektowany jednorazowy vape Shisha Hookah, wyposa\u017cony w ekran ledowy. zbudowany z akumulatora 650 mAh i 20 ml eliquidu, kt\u00f3ry obs\u0142uguje maksymalnie 15000 zaci\u0105gni\u0119\u0107.<\/p>\n<p>Zam\u00f3w nasze 10 smak\u00f3w FIHP Shisha Hookah 15000 Pro w najlepszej cenie i z szybk\u0105 wysy\u0142k\u0105.<\/p>\n<h2><strong>Cechy FIHP Shisha Hookah 15000 Pro<\/strong><\/h2>\n<p>Zaci\u0105gni\u0119cia: 15000 zaci\u0105gni\u0119\u0107, co zapewnia d\u0142ugotrwa\u0142e u\u017cytkowanie.<br \/>\nRdze\u0144: Wyposa\u017cony w cewk\u0119 siatkow\u0105 0,6ohm dla optymalnego dostarczania smaku.<br \/>\nE-ciecz: Zawiera 22 ml najwy\u017cszej jako\u015bci e-liquidu, stworzonego z my\u015bl\u0105 o bogatym i sp\u00f3jnym smaku.<br \/>\nNikotyna: Niska zawarto\u015b\u0107 nikotyny na poziomie 6 mg, odpowiednia do p\u0142ynnego waporyzowania.<br \/>\nBateria: Wydajna bateria 650 mAh dla d\u0142u\u017cszego u\u017cytkowania.<br \/>\nMo\u017cliwo\u015b\u0107 \u0142adowania: Port typu C do szybkiego i wygodnego \u0142adowania.<br \/>\nWy\u015bwietlacz: Wy\u015bwietlacz LED do \u0142atwego monitorowania \u017cywotno\u015bci i zu\u017cycia baterii.<\/p>\n<h2><strong>Lista smak\u00f3w<\/strong><\/h2>\n<p>Arbuzowy l\u00f3d<br \/>\nBlack Dragon Ice<br \/>\nBor\u00f3wka Malina<br \/>\nTruskawka Kiwi<br \/>\nJagody mieszane<br \/>\nArbuz truskawkowy<br \/>\nPina Colada<br \/>\nPeachy Mango Pineapple<br \/>\nKiwi Passion Fruit Guava<br \/>\nTruskawka Malina Wi\u015bnia<\/p>\n<figure id=\"attachment_16168\" aria-describedby=\"caption-attachment-16168\" style=\"width: 800px\" class=\"wp-caption alignnone\"><img loading=\"lazy\" decoding=\"async\" class=\"wp-image-16168 size-full\" title=\"FIHP Shisha Hookah 15000 Pro Jednorazowa sprzeda\u017c hurtowa Vape (6)\" src=\"https:\/\/www.vape4wholesale.com\/wp-content\/uploads\/2024\/07\/FIHP-Shisha-Hookah-15000-Pro-Disposable-Vape-Wholesale-6.webp\" alt=\"FIHP Shisha Hookah 15000 Pro Jednorazowa sprzeda\u017c hurtowa Vape (6)\" width=\"800\" height=\"800\" srcset=\"https:\/\/www.vape4wholesale.com\/wp-content\/uploads\/2024\/07\/FIHP-Shisha-Hookah-15000-Pro-Disposable-Vape-Wholesale-6.webp 800w, https:\/\/www.vape4wholesale.com\/wp-content\/uploads\/2024\/07\/FIHP-Shisha-Hookah-15000-Pro-Disposable-Vape-Wholesale-6-247x247.webp 247w, https:\/\/www.vape4wholesale.com\/wp-content\/uploads\/2024\/07\/FIHP-Shisha-Hookah-15000-Pro-Disposable-Vape-Wholesale-6-100x100.webp 100w, https:\/\/www.vape4wholesale.com\/wp-content\/uploads\/2024\/07\/FIHP-Shisha-Hookah-15000-Pro-Disposable-Vape-Wholesale-6-510x510.webp 510w, https:\/\/www.vape4wholesale.com\/wp-content\/uploads\/2024\/07\/FIHP-Shisha-Hookah-15000-Pro-Disposable-Vape-Wholesale-6-64x64.webp 64w, https:\/\/www.vape4wholesale.com\/wp-content\/uploads\/2024\/07\/FIHP-Shisha-Hookah-15000-Pro-Disposable-Vape-Wholesale-6-300x300.webp 300w, https:\/\/www.vape4wholesale.com\/wp-content\/uploads\/2024\/07\/FIHP-Shisha-Hookah-15000-Pro-Disposable-Vape-Wholesale-6-150x150.webp 150w, https:\/\/www.vape4wholesale.com\/wp-content\/uploads\/2024\/07\/FIHP-Shisha-Hookah-15000-Pro-Disposable-Vape-Wholesale-6-768x768.webp 768w\" sizes=\"auto, (max-width: 800px) 100vw, 800px\" \/><figcaption id=\"caption-attachment-16168\" class=\"wp-caption-text\">FIHP Shisha Hookah 15000 Pro Jednorazowa sprzeda\u017c hurtowa Vape<\/figcaption><\/figure>\n<p><img loading=\"lazy\" decoding=\"async\" class=\"alignnone size-full wp-image-16175\" title=\"FIHP Shisha Hookah 15000 Pro Jednorazowa sprzeda\u017c hurtowa Vape (13)\" src=\"https:\/\/www.vape4wholesale.com\/wp-content\/uploads\/2024\/07\/FIHP-Shisha-Hookah-15000-Pro-Disposable-Vape-Wholesale-13.webp\" alt=\"FIHP Shisha Hookah 15000 Pro Jednorazowa sprzeda\u017c hurtowa Vape (13)\" width=\"800\" height=\"800\" srcset=\"https:\/\/www.vape4wholesale.com\/wp-content\/uploads\/2024\/07\/FIHP-Shisha-Hookah-15000-Pro-Disposable-Vape-Wholesale-13.webp 800w, https:\/\/www.vape4wholesale.com\/wp-content\/uploads\/2024\/07\/FIHP-Shisha-Hookah-15000-Pro-Disposable-Vape-Wholesale-13-247x247.webp 247w, https:\/\/www.vape4wholesale.com\/wp-content\/uploads\/2024\/07\/FIHP-Shisha-Hookah-15000-Pro-Disposable-Vape-Wholesale-13-100x100.webp 100w, https:\/\/www.vape4wholesale.com\/wp-content\/uploads\/2024\/07\/FIHP-Shisha-Hookah-15000-Pro-Disposable-Vape-Wholesale-13-510x510.webp 510w, https:\/\/www.vape4wholesale.com\/wp-content\/uploads\/2024\/07\/FIHP-Shisha-Hookah-15000-Pro-Disposable-Vape-Wholesale-13-64x64.webp 64w, https:\/\/www.vape4wholesale.com\/wp-content\/uploads\/2024\/07\/FIHP-Shisha-Hookah-15000-Pro-Disposable-Vape-Wholesale-13-300x300.webp 300w, https:\/\/www.vape4wholesale.com\/wp-content\/uploads\/2024\/07\/FIHP-Shisha-Hookah-15000-Pro-Disposable-Vape-Wholesale-13-150x150.webp 150w, https:\/\/www.vape4wholesale.com\/wp-content\/uploads\/2024\/07\/FIHP-Shisha-Hookah-15000-Pro-Disposable-Vape-Wholesale-13-768x768.webp 768w\" sizes=\"auto, (max-width: 800px) 100vw, 800px\" \/> <img loading=\"lazy\" decoding=\"async\" class=\"alignnone size-full wp-image-16163\" title=\"FIHP Shisha Hookah 15000 Pro Jednorazowa sprzeda\u017c hurtowa Vape (1)\" src=\"https:\/\/www.vape4wholesale.com\/wp-content\/uploads\/2024\/07\/FIHP-Shisha-Hookah-15000-Pro-Disposable-Vape-Wholesale-1.webp\" alt=\"FIHP Shisha Hookah 15000 Pro Jednorazowa sprzeda\u017c hurtowa Vape (1)\" width=\"800\" height=\"800\" srcset=\"https:\/\/www.vape4wholesale.com\/wp-content\/uploads\/2024\/07\/FIHP-Shisha-Hookah-15000-Pro-Disposable-Vape-Wholesale-1.webp 800w, https:\/\/www.vape4wholesale.com\/wp-content\/uploads\/2024\/07\/FIHP-Shisha-Hookah-15000-Pro-Disposable-Vape-Wholesale-1-247x247.webp 247w, https:\/\/www.vape4wholesale.com\/wp-content\/uploads\/2024\/07\/FIHP-Shisha-Hookah-15000-Pro-Disposable-Vape-Wholesale-1-100x100.webp 100w, https:\/\/www.vape4wholesale.com\/wp-content\/uploads\/2024\/07\/FIHP-Shisha-Hookah-15000-Pro-Disposable-Vape-Wholesale-1-510x510.webp 510w, https:\/\/www.vape4wholesale.com\/wp-content\/uploads\/2024\/07\/FIHP-Shisha-Hookah-15000-Pro-Disposable-Vape-Wholesale-1-64x64.webp 64w, https:\/\/www.vape4wholesale.com\/wp-content\/uploads\/2024\/07\/FIHP-Shisha-Hookah-15000-Pro-Disposable-Vape-Wholesale-1-300x300.webp 300w, https:\/\/www.vape4wholesale.com\/wp-content\/uploads\/2024\/07\/FIHP-Shisha-Hookah-15000-Pro-Disposable-Vape-Wholesale-1-150x150.webp 150w, https:\/\/www.vape4wholesale.com\/wp-content\/uploads\/2024\/07\/FIHP-Shisha-Hookah-15000-Pro-Disposable-Vape-Wholesale-1-768x768.webp 768w\" sizes=\"auto, (max-width: 800px) 100vw, 800px\" \/><\/p>\n<h2>DLACZEGO MY?<\/h2>\r\n<ul>\r\n<li>Prawdziwe, godne zaufania i profesjonalne \u017ar\u00f3d\u0142o vape.<\/li>\r\n<li>Gwarancja oryginalno\u015bci 100%: Dostarczamy tylko oryginalne i oryginalne produkty, odmawiamy podrabiania.<\/li>\r\n<li>Gwarancja dostawy 100%: U\u017cywamy najlepszej metody wysy\u0142ki, aby zapewni\u0107, \u017ce otrzymasz zam\u00f3wienie 100%.<\/li>\r\n<li>Po wysy\u0142ce podamy numer przesy\u0142ki i etykiet\u0119 wysy\u0142kow\u0105 oraz b\u0119dziemy \u015bledzi\u0107 towary do momentu ich podpisania.<\/li>\r\n<li>Brak problem\u00f3w celnych, brak taryf<\/li>\r\n<\/ul>","protected":false},"excerpt":{"rendered":"<div class=\"wsppc_div_block woocommerce_before_add_to_cart_form\">\r\n<p><strong><span style=\"color: #00a859;\">Clear customs<\/span> before delivery &amp; 100% Delivery Guarantee, Delivery in 19~25 days around.\u00a0<\/strong><\/p>\r\n<\/div>","protected":false},"featured_media":16166,"comment_status":"open","ping_status":"closed","template":"","meta":[],"pwb-brand":[1279],"product_cat":[871],"product_tag":[22,24,684,877,878],"class_list":{"0":"post-16152","1":"product","2":"type-product","3":"status-publish","4":"has-post-thumbnail","6":"pwb-brand-fihp","7":"product_cat-10-15k-puffs","8":"product_tag-disposable","9":"product_tag-wholesale","10":"product_tag-15000-puffs","11":"product_tag-22-0ml","12":"product_tag-fihp","14":"first","15":"instock","16":"shipping-taxable","17":"purchasable","18":"product-type-variable"},"aioseo_notices":[],"brands":[{"id":1279,"name":"FIHP","slug":"fihp"}],"_links":{"self":[{"href":"https:\/\/www.vape4wholesale.com\/pl\/wp-json\/wp\/v2\/product\/16152","targetHints":{"allow":["GET"]}}],"collection":[{"href":"https:\/\/www.vape4wholesale.com\/pl\/wp-json\/wp\/v2\/product"}],"about":[{"href":"https:\/\/www.vape4wholesale.com\/pl\/wp-json\/wp\/v2\/types\/product"}],"replies":[{"embeddable":true,"href":"https:\/\/www.vape4wholesale.com\/pl\/wp-json\/wp\/v2\/comments?post=16152"}],"wp:featuredmedia":[{"embeddable":true,"href":"https:\/\/www.vape4wholesale.com\/pl\/wp-json\/wp\/v2\/media\/16166"}],"wp:attachment":[{"href":"https:\/\/www.vape4wholesale.com\/pl\/wp-json\/wp\/v2\/media?parent=16152"}],"wp:term":[{"taxonomy":"pwb-brand","embeddable":true,"href":"https:\/\/www.vape4wholesale.com\/pl\/wp-json\/wp\/v2\/pwb-brand?post=16152"},{"taxonomy":"product_cat","embeddable":true,"href":"https:\/\/www.vape4wholesale.com\/pl\/wp-json\/wp\/v2\/product_cat?post=16152"},{"taxonomy":"product_tag","embeddable":true,"href":"https:\/\/www.vape4wholesale.com\/pl\/wp-json\/wp\/v2\/product_tag?post=16152"}],"curies":[{"name":"wp","href":"https:\/\/api.w.org\/{rel}","templated":true}]}}