{"id":16121,"date":"2024-07-02T15:07:00","date_gmt":"2024-07-02T07:07:00","guid":{"rendered":"https:\/\/www.vape4wholesale.com\/?post_type=product&#038;p=16121"},"modified":"2026-01-27T14:55:36","modified_gmt":"2026-01-27T14:55:36","slug":"fihp-monster-shisha-12000-puffow-jednorazowe-vape-hurtownia","status":"publish","type":"product","link":"https:\/\/www.vape4wholesale.com\/pl\/product\/fihp-monster-shisha-12000-puffs-disposable-vape-wholesale","title":{"rendered":"FIHP Monster Shisha 12000 Puffs Jednorazowe Vape Hurtownia"},"content":{"rendered":"<p>FIHP Monster to \u0142adnie zaprojektowany jednorazowy waporyzator Shisha Hookah, wyposa\u017cony w kolorow\u0105, owini\u0119t\u0105 sk\u00f3r\u0105 obudow\u0119 i ekran LED. Zbudowany z akumulatora 650 mAh i 20 ml eliquidu, kt\u00f3ry obs\u0142uguje maksymalnie 12000 zaci\u0105gni\u0119\u0107.<\/p>\n<p>Zam\u00f3w nasze 10 smak\u00f3w FIHP Monster w najlepszej cenie i z szybk\u0105 wysy\u0142k\u0105.<\/p>\n<h2><strong>FIHP Monster Shisha 12000 Puffs Cechy produktu<\/strong><\/h2>\n<ul>\n<li><strong>Puffy<\/strong>: Ciesz si\u0119 do 12000 zaci\u0105gni\u0119\u0107 na urz\u0105dzenie, zapewniaj\u0105c d\u0142ugotrwa\u0142\u0105 satysfakcj\u0119.<\/li>\n<li><strong>Rdze\u0144<\/strong>: Wyposa\u017cony w najnowocze\u015bniejsz\u0105 cewk\u0119 siatkow\u0105 przy 0,6ohm dla p\u0142ynnej, sp\u00f3jnej produkcji pary.<\/li>\n<li><strong>E-liquid<\/strong>: Zawiera 22 ml e-liquidu na urz\u0105dzenie, stworzonego z my\u015bl\u0105 o bogatym smaku i d\u0142ugotrwa\u0142ej przyjemno\u015bci.<\/li>\n<li><strong>Nikotyna<\/strong>: Niska zawarto\u015b\u0107 nikotyny na poziomie 6 mg, idealna dla os\u00f3b poszukuj\u0105cych \u0142agodniejszych wra\u017ce\u0144 z waporyzacji.<\/li>\n<li><strong>Bateria<\/strong>: Zasilany wytrzyma\u0142\u0105 bateri\u0105 650 mAh, zapewniaj\u0105c\u0105 niezawodno\u015b\u0107 i d\u0142u\u017csze u\u017cytkowanie.<\/li>\n<li><strong>Akumulator<\/strong>: Wyposa\u017cony w funkcj\u0119 szybkiego \u0142adowania typu C dla wygodnego i szybkiego \u0142adowania.<\/li>\n<li><strong>Wy\u015bwietlacz LED<\/strong>: Zawiera intuicyjny wy\u015bwietlacz LED zapewniaj\u0105cy wyra\u017any podgl\u0105d \u017cywotno\u015bci baterii i statystyk u\u017cytkowania.<\/li>\n<\/ul>\n<h2><strong>Lista smak\u00f3w<\/strong><\/h2>\n<ol>\n<li><strong>Arbuzowy l\u00f3d<\/strong>: Chrupi\u0105cy arbuz z orze\u017awiaj\u0105cym lodowym wyko\u0144czeniem, idealny na gor\u0105ce dni.<\/li>\n<li><strong>L\u00f3d winogronowy<\/strong>: Soczyste winogrona w po\u0142\u0105czeniu z ch\u0142odz\u0105cym mentolowym akcentem, wspania\u0142y aromat na ca\u0142y dzie\u0144.<\/li>\n<li><strong>Bor\u00f3wka Malina<\/strong>: Harmonijne po\u0142\u0105czenie s\u0142odkich jag\u00f3d i cierpkich malin, owocowa eksplozja.<\/li>\n<li><strong>Truskawka Kiwi<\/strong>: Dojrza\u0142e truskawki w po\u0142\u0105czeniu z pikantnym kiwi to klasyczne po\u0142\u0105czenie.<\/li>\n<li><strong>Jagody mieszane<\/strong>: R\u00f3\u017cnorodne jagody pe\u0142ne naturalnej s\u0142odyczy, marzenie mi\u0142o\u015bnika jag\u00f3d.<\/li>\n<li><strong>Arbuz truskawkowy<\/strong>: S\u0142odkie truskawki zmieszane z soczystym arbuzem - letni faworyt.<\/li>\n<li><strong>Arbuz Bubblegum<\/strong>: Soczysty arbuz nasycony nostalgicznym smakiem gumy balonowej, figlarny smako\u0142yk.<\/li>\n<li><strong>Peachy Mango Pineapple<\/strong>: Tropikalny raj z dojrza\u0142ym mango, soczystymi brzoskwiniami i pikantnym ananasem.<\/li>\n<li><strong>Kiwi Passion Fruit Guava<\/strong>: Egzotyczna mieszanka kiwi, marakui i guawy zapewniaj\u0105ca tropikaln\u0105 ucieczk\u0119.<\/li>\n<li><strong>Truskawka Malina Wi\u015bnia<\/strong>: Wibruj\u0105ca mieszanka truskawek, malin i wi\u015bni, pe\u0142na owocowej dobroci.<\/li>\n<\/ol>\n<figure id=\"attachment_16133\" aria-describedby=\"caption-attachment-16133\" style=\"width: 800px\" class=\"wp-caption alignnone\"><img loading=\"lazy\" decoding=\"async\" class=\"wp-image-16133 size-full\" title=\"FIHP Monster Shisha 12000 Puffs Jednorazowe papierosy Vape hurtowo (12)\" src=\"https:\/\/www.vape4wholesale.com\/wp-content\/uploads\/2024\/07\/FIHP-Monster-Shisha-12000-Puffs-Disposable-Vape-Wholesale-12.webp\" alt=\"FIHP Monster Shisha 12000 Puffs Jednorazowe papierosy Vape hurtowo (12)\" width=\"800\" height=\"800\" srcset=\"https:\/\/www.vape4wholesale.com\/wp-content\/uploads\/2024\/07\/FIHP-Monster-Shisha-12000-Puffs-Disposable-Vape-Wholesale-12.webp 800w, https:\/\/www.vape4wholesale.com\/wp-content\/uploads\/2024\/07\/FIHP-Monster-Shisha-12000-Puffs-Disposable-Vape-Wholesale-12-247x247.webp 247w, https:\/\/www.vape4wholesale.com\/wp-content\/uploads\/2024\/07\/FIHP-Monster-Shisha-12000-Puffs-Disposable-Vape-Wholesale-12-100x100.webp 100w, https:\/\/www.vape4wholesale.com\/wp-content\/uploads\/2024\/07\/FIHP-Monster-Shisha-12000-Puffs-Disposable-Vape-Wholesale-12-510x510.webp 510w, https:\/\/www.vape4wholesale.com\/wp-content\/uploads\/2024\/07\/FIHP-Monster-Shisha-12000-Puffs-Disposable-Vape-Wholesale-12-64x64.webp 64w, https:\/\/www.vape4wholesale.com\/wp-content\/uploads\/2024\/07\/FIHP-Monster-Shisha-12000-Puffs-Disposable-Vape-Wholesale-12-300x300.webp 300w, https:\/\/www.vape4wholesale.com\/wp-content\/uploads\/2024\/07\/FIHP-Monster-Shisha-12000-Puffs-Disposable-Vape-Wholesale-12-150x150.webp 150w, https:\/\/www.vape4wholesale.com\/wp-content\/uploads\/2024\/07\/FIHP-Monster-Shisha-12000-Puffs-Disposable-Vape-Wholesale-12-768x768.webp 768w\" sizes=\"auto, (max-width: 800px) 100vw, 800px\" \/><figcaption id=\"caption-attachment-16133\" class=\"wp-caption-text\">FIHP Monster Shisha 12000 Puffs Jednorazowe Vape Hurtownia<\/figcaption><\/figure>\n<p><img loading=\"lazy\" decoding=\"async\" class=\"alignnone size-full wp-image-16135\" title=\"FIHP Monster Shisha 12000 Puffs Jednorazowe Vape Hurtownia\" src=\"https:\/\/www.vape4wholesale.com\/wp-content\/uploads\/2024\/07\/FIHP-Monster-Shisha-12000-Puffs-Disposable-Vape-Wholesale.webp\" alt=\"FIHP Monster Shisha 12000 Puffs Jednorazowe Vape Hurtownia\" width=\"800\" height=\"800\" srcset=\"https:\/\/www.vape4wholesale.com\/wp-content\/uploads\/2024\/07\/FIHP-Monster-Shisha-12000-Puffs-Disposable-Vape-Wholesale.webp 800w, https:\/\/www.vape4wholesale.com\/wp-content\/uploads\/2024\/07\/FIHP-Monster-Shisha-12000-Puffs-Disposable-Vape-Wholesale-247x247.webp 247w, https:\/\/www.vape4wholesale.com\/wp-content\/uploads\/2024\/07\/FIHP-Monster-Shisha-12000-Puffs-Disposable-Vape-Wholesale-100x100.webp 100w, https:\/\/www.vape4wholesale.com\/wp-content\/uploads\/2024\/07\/FIHP-Monster-Shisha-12000-Puffs-Disposable-Vape-Wholesale-510x510.webp 510w, https:\/\/www.vape4wholesale.com\/wp-content\/uploads\/2024\/07\/FIHP-Monster-Shisha-12000-Puffs-Disposable-Vape-Wholesale-64x64.webp 64w, https:\/\/www.vape4wholesale.com\/wp-content\/uploads\/2024\/07\/FIHP-Monster-Shisha-12000-Puffs-Disposable-Vape-Wholesale-300x300.webp 300w, https:\/\/www.vape4wholesale.com\/wp-content\/uploads\/2024\/07\/FIHP-Monster-Shisha-12000-Puffs-Disposable-Vape-Wholesale-150x150.webp 150w, https:\/\/www.vape4wholesale.com\/wp-content\/uploads\/2024\/07\/FIHP-Monster-Shisha-12000-Puffs-Disposable-Vape-Wholesale-768x768.webp 768w\" sizes=\"auto, (max-width: 800px) 100vw, 800px\" \/> <img loading=\"lazy\" decoding=\"async\" class=\"alignnone size-full wp-image-16134\" title=\"FIHP Monster Shisha 12000 Puffs Jednorazowa sprzeda\u017c hurtowa Vape (13)\" src=\"https:\/\/www.vape4wholesale.com\/wp-content\/uploads\/2024\/07\/FIHP-Monster-Shisha-12000-Puffs-Disposable-Vape-Wholesale-13.webp\" alt=\"FIHP Monster Shisha 12000 Puffs Jednorazowa sprzeda\u017c hurtowa Vape (13)\" width=\"800\" height=\"800\" srcset=\"https:\/\/www.vape4wholesale.com\/wp-content\/uploads\/2024\/07\/FIHP-Monster-Shisha-12000-Puffs-Disposable-Vape-Wholesale-13.webp 800w, https:\/\/www.vape4wholesale.com\/wp-content\/uploads\/2024\/07\/FIHP-Monster-Shisha-12000-Puffs-Disposable-Vape-Wholesale-13-247x247.webp 247w, https:\/\/www.vape4wholesale.com\/wp-content\/uploads\/2024\/07\/FIHP-Monster-Shisha-12000-Puffs-Disposable-Vape-Wholesale-13-100x100.webp 100w, https:\/\/www.vape4wholesale.com\/wp-content\/uploads\/2024\/07\/FIHP-Monster-Shisha-12000-Puffs-Disposable-Vape-Wholesale-13-510x510.webp 510w, https:\/\/www.vape4wholesale.com\/wp-content\/uploads\/2024\/07\/FIHP-Monster-Shisha-12000-Puffs-Disposable-Vape-Wholesale-13-64x64.webp 64w, https:\/\/www.vape4wholesale.com\/wp-content\/uploads\/2024\/07\/FIHP-Monster-Shisha-12000-Puffs-Disposable-Vape-Wholesale-13-300x300.webp 300w, https:\/\/www.vape4wholesale.com\/wp-content\/uploads\/2024\/07\/FIHP-Monster-Shisha-12000-Puffs-Disposable-Vape-Wholesale-13-150x150.webp 150w, https:\/\/www.vape4wholesale.com\/wp-content\/uploads\/2024\/07\/FIHP-Monster-Shisha-12000-Puffs-Disposable-Vape-Wholesale-13-768x768.webp 768w\" sizes=\"auto, (max-width: 800px) 100vw, 800px\" \/><\/p>\n<h2>DLACZEGO MY?<\/h2>\r\n<ul>\r\n<li>Prawdziwe, godne zaufania i profesjonalne \u017ar\u00f3d\u0142o vape.<\/li>\r\n<li>Gwarancja oryginalno\u015bci 100%: Dostarczamy tylko oryginalne i oryginalne produkty, odmawiamy podrabiania.<\/li>\r\n<li>Gwarancja dostawy 100%: U\u017cywamy najlepszej metody wysy\u0142ki, aby zapewni\u0107, \u017ce otrzymasz zam\u00f3wienie 100%.<\/li>\r\n<li>Po wysy\u0142ce podamy numer przesy\u0142ki i etykiet\u0119 wysy\u0142kow\u0105 oraz b\u0119dziemy \u015bledzi\u0107 towary do momentu ich podpisania.<\/li>\r\n<li>Brak problem\u00f3w celnych, brak taryf<\/li>\r\n<\/ul>","protected":false},"excerpt":{"rendered":"<div class=\"wsppc_div_block woocommerce_before_add_to_cart_form\">\r\n<p><strong><span style=\"color: #00a859;\">Ocli\u0107 si\u0119<\/span> przed dostaw\u0105 i 100% Gwarancja Dostawy, Dostawa w oko\u0142o 19\u201325 dni.\u00a0<\/strong><\/p>\r\n<\/div>","protected":false},"featured_media":16124,"comment_status":"open","ping_status":"closed","template":"","meta":[],"pwb-brand":[1279],"product_cat":[871],"product_tag":[22,24,556,877,878],"class_list":{"0":"post-16121","1":"product","2":"type-product","3":"status-publish","4":"has-post-thumbnail","6":"pwb-brand-fihp","7":"product_cat-10-15k-puffs","8":"product_tag-disposable","9":"product_tag-wholesale","10":"product_tag-12000-puffs","11":"product_tag-22-0ml","12":"product_tag-fihp","14":"first","15":"instock","16":"shipping-taxable","17":"purchasable","18":"product-type-variable"},"aioseo_notices":[],"brands":[{"id":1279,"name":"FIHP","slug":"fihp"}],"_links":{"self":[{"href":"https:\/\/www.vape4wholesale.com\/pl\/wp-json\/wp\/v2\/product\/16121","targetHints":{"allow":["GET"]}}],"collection":[{"href":"https:\/\/www.vape4wholesale.com\/pl\/wp-json\/wp\/v2\/product"}],"about":[{"href":"https:\/\/www.vape4wholesale.com\/pl\/wp-json\/wp\/v2\/types\/product"}],"replies":[{"embeddable":true,"href":"https:\/\/www.vape4wholesale.com\/pl\/wp-json\/wp\/v2\/comments?post=16121"}],"wp:featuredmedia":[{"embeddable":true,"href":"https:\/\/www.vape4wholesale.com\/pl\/wp-json\/wp\/v2\/media\/16124"}],"wp:attachment":[{"href":"https:\/\/www.vape4wholesale.com\/pl\/wp-json\/wp\/v2\/media?parent=16121"}],"wp:term":[{"taxonomy":"pwb-brand","embeddable":true,"href":"https:\/\/www.vape4wholesale.com\/pl\/wp-json\/wp\/v2\/pwb-brand?post=16121"},{"taxonomy":"product_cat","embeddable":true,"href":"https:\/\/www.vape4wholesale.com\/pl\/wp-json\/wp\/v2\/product_cat?post=16121"},{"taxonomy":"product_tag","embeddable":true,"href":"https:\/\/www.vape4wholesale.com\/pl\/wp-json\/wp\/v2\/product_tag?post=16121"}],"curies":[{"name":"wp","href":"https:\/\/api.w.org\/{rel}","templated":true}]}}