{"id":16011,"date":"2024-06-20T09:45:00","date_gmt":"2024-06-20T01:45:00","guid":{"rendered":"https:\/\/www.vape4wholesale.com\/?post_type=product&#038;p=16011"},"modified":"2026-01-26T13:40:50","modified_gmt":"2026-01-26T13:40:50","slug":"lavie-cyber-20000-puff-jednorazowe-vape-hurtownia","status":"publish","type":"product","link":"https:\/\/www.vape4wholesale.com\/pl\/product\/lavie-cyber-20000-puffs-disposable-vape-wholesale","title":{"rendered":"Lavie Cyber 20000 Puffs Jednorazowy Vape Hurtownia"},"content":{"rendered":"<p>Lavie Cyber 20000 to jednorazowy vape z podw\u00f3jnym wy\u015bwietlaczem LED, kt\u00f3ry mo\u017ce pokazywa\u0107 moc i poziom e-juice. Zawiera 26 ml e-soli nikotynowej 0\/2%\/5% i obs\u0142uguje do 20000 zaci\u0105gni\u0119\u0107. Do wyboru jest 10 podw\u00f3jnych smak\u00f3w. Port \u0142adowania w dolnej cz\u0119\u015bci urz\u0105dzenia gwarantuje doko\u0144czenie ostatniej kropli e-soku w zbiorniku przez ca\u0142y czas.<\/p>\n<p>Jest wyposa\u017cony w podw\u00f3jne smaki, aby zmieni\u0107 aktualny smak vape, podnie\u015b ustnik i obr\u00f3\u0107 go, jest \u0142atwy w obs\u0142udze.<\/p>\n<p>Zam\u00f3w hurtowo 10 wybranych smak\u00f3w Lavie Cyber 20000 Puffs w najlepszej cenie i z szybk\u0105 wysy\u0142k\u0105.<\/p>\n<h2><strong>Lavie Cyber 20000 Puffs Jednorazowe funkcje Vape:<\/strong><\/h2>\n<ul>\n<li>Akumulator 700 mAh (600 mAh na rynek korea\u0144ski)<\/li>\n<li>Wst\u0119pnie nape\u0142niony e-liquid 25 ml<\/li>\n<li>Moc nikotyny 0\/2\/3\/5%<\/li>\n<li>Zasi\u0119g do 20000 zaci\u0105gni\u0119\u0107<\/li>\n<li>Cewka siatkowa 1,0 ohm<\/li>\n<li>Podw\u00f3jny zbiornik (podw\u00f3jne smaki)<\/li>\n<li>Port \u0142adowania typu C<\/li>\n<\/ul>\n<h2><strong>Dost\u0119pne smaki:<\/strong><\/h2>\n<ul>\n<li>Aloe Grape &amp; Blueberry Raspberry Bubblegum<\/li>\n<li>Bacco &amp; Mango lce<\/li>\n<li>Double Apple &amp; Love 66<\/li>\n<li>Grape lce &amp; Mint lce<\/li>\n<li>Lemon Cola &amp; Passion FruitGuava<\/li>\n<li>Owoce liczi i arbuza<\/li>\n<li>Truskawka Kiwi &amp; Melon Ice<\/li>\n<li>Truskawkowy arbuz i je\u017cynowy l\u00f3d wi\u015bniowy<\/li>\n<li>Pineapple lce &amp; Taro lce<\/li>\n<li>Matcha i l\u00f3d kawowy<\/li>\n<\/ul>\n<h2><strong>Lista pakowania:<\/strong><\/h2>\n<ul>\n<li>Pojedyncze pude\u0142ko \/ vape<\/li>\n<li>10 sztuk\/\u015brednie pude\u0142ko<\/li>\n<li>200 sztuk\/karton (21 kg)<\/li>\n<\/ul>\n<figure id=\"attachment_16014\" aria-describedby=\"caption-attachment-16014\" style=\"width: 801px\" class=\"wp-caption alignnone\"><img loading=\"lazy\" decoding=\"async\" class=\"wp-image-16014 size-full\" title=\"Lavie Cyber 20000 Puffs Jednorazowe Vape Hurtownia Aloe Grape Blueberry Raspberry Bubblegum\" src=\"https:\/\/www.vape4wholesale.com\/wp-content\/uploads\/2024\/06\/Lavie-Cyber-20000-Puffs-Disposable-Vape-Wholesale-Aloe-Grape-Blueberry-Raspberry-Bubblegum.webp\" alt=\"Lavie Cyber 20000 Puffs Jednorazowe Vape Hurtownia Aloe Grape Blueberry Raspberry Bubblegum\" width=\"801\" height=\"797\" srcset=\"https:\/\/www.vape4wholesale.com\/wp-content\/uploads\/2024\/06\/Lavie-Cyber-20000-Puffs-Disposable-Vape-Wholesale-Aloe-Grape-Blueberry-Raspberry-Bubblegum.webp 801w, https:\/\/www.vape4wholesale.com\/wp-content\/uploads\/2024\/06\/Lavie-Cyber-20000-Puffs-Disposable-Vape-Wholesale-Aloe-Grape-Blueberry-Raspberry-Bubblegum-247x247.webp 247w, https:\/\/www.vape4wholesale.com\/wp-content\/uploads\/2024\/06\/Lavie-Cyber-20000-Puffs-Disposable-Vape-Wholesale-Aloe-Grape-Blueberry-Raspberry-Bubblegum-100x100.webp 100w, https:\/\/www.vape4wholesale.com\/wp-content\/uploads\/2024\/06\/Lavie-Cyber-20000-Puffs-Disposable-Vape-Wholesale-Aloe-Grape-Blueberry-Raspberry-Bubblegum-510x507.webp 510w, https:\/\/www.vape4wholesale.com\/wp-content\/uploads\/2024\/06\/Lavie-Cyber-20000-Puffs-Disposable-Vape-Wholesale-Aloe-Grape-Blueberry-Raspberry-Bubblegum-64x64.webp 64w, https:\/\/www.vape4wholesale.com\/wp-content\/uploads\/2024\/06\/Lavie-Cyber-20000-Puffs-Disposable-Vape-Wholesale-Aloe-Grape-Blueberry-Raspberry-Bubblegum-300x300.webp 300w, https:\/\/www.vape4wholesale.com\/wp-content\/uploads\/2024\/06\/Lavie-Cyber-20000-Puffs-Disposable-Vape-Wholesale-Aloe-Grape-Blueberry-Raspberry-Bubblegum-150x150.webp 150w, https:\/\/www.vape4wholesale.com\/wp-content\/uploads\/2024\/06\/Lavie-Cyber-20000-Puffs-Disposable-Vape-Wholesale-Aloe-Grape-Blueberry-Raspberry-Bubblegum-768x764.webp 768w\" sizes=\"auto, (max-width: 801px) 100vw, 801px\" \/><figcaption id=\"caption-attachment-16014\" class=\"wp-caption-text\">Lavie Cyber 20000 Puffs Jednorazowy Vape Hurtownia<\/figcaption><\/figure>\n<p><img loading=\"lazy\" decoding=\"async\" class=\"alignnone size-full wp-image-16013\" title=\"Lavie Cyber 20000 Puffs Jednorazowy Vape Hurt 3\" src=\"https:\/\/www.vape4wholesale.com\/wp-content\/uploads\/2024\/06\/Lavie-Cyber-20000-Puffs-Disposable-Vape-Wholesale-3.webp\" alt=\"Lavie Cyber 20000 Puffs Jednorazowy Vape Hurt 3\" width=\"800\" height=\"570\" srcset=\"https:\/\/www.vape4wholesale.com\/wp-content\/uploads\/2024\/06\/Lavie-Cyber-20000-Puffs-Disposable-Vape-Wholesale-3.webp 800w, https:\/\/www.vape4wholesale.com\/wp-content\/uploads\/2024\/06\/Lavie-Cyber-20000-Puffs-Disposable-Vape-Wholesale-3-510x363.webp 510w, https:\/\/www.vape4wholesale.com\/wp-content\/uploads\/2024\/06\/Lavie-Cyber-20000-Puffs-Disposable-Vape-Wholesale-3-64x46.webp 64w, https:\/\/www.vape4wholesale.com\/wp-content\/uploads\/2024\/06\/Lavie-Cyber-20000-Puffs-Disposable-Vape-Wholesale-3-300x214.webp 300w, https:\/\/www.vape4wholesale.com\/wp-content\/uploads\/2024\/06\/Lavie-Cyber-20000-Puffs-Disposable-Vape-Wholesale-3-768x547.webp 768w\" sizes=\"auto, (max-width: 800px) 100vw, 800px\" \/> <img loading=\"lazy\" decoding=\"async\" class=\"alignnone size-full wp-image-16012\" title=\"Lavie Cyber 20000 Puffs Jednorazowe Vape Hurtownia 1 1\" src=\"https:\/\/www.vape4wholesale.com\/wp-content\/uploads\/2024\/06\/Lavie-Cyber-20000-Puffs-Disposable-Vape-Wholesale-1-1.webp\" alt=\"Lavie Cyber 20000 Puffs Jednorazowe Vape Hurtownia 1 1\" width=\"800\" height=\"520\" srcset=\"https:\/\/www.vape4wholesale.com\/wp-content\/uploads\/2024\/06\/Lavie-Cyber-20000-Puffs-Disposable-Vape-Wholesale-1-1.webp 800w, https:\/\/www.vape4wholesale.com\/wp-content\/uploads\/2024\/06\/Lavie-Cyber-20000-Puffs-Disposable-Vape-Wholesale-1-1-510x332.webp 510w, https:\/\/www.vape4wholesale.com\/wp-content\/uploads\/2024\/06\/Lavie-Cyber-20000-Puffs-Disposable-Vape-Wholesale-1-1-64x42.webp 64w, https:\/\/www.vape4wholesale.com\/wp-content\/uploads\/2024\/06\/Lavie-Cyber-20000-Puffs-Disposable-Vape-Wholesale-1-1-300x195.webp 300w, https:\/\/www.vape4wholesale.com\/wp-content\/uploads\/2024\/06\/Lavie-Cyber-20000-Puffs-Disposable-Vape-Wholesale-1-1-768x499.webp 768w\" sizes=\"auto, (max-width: 800px) 100vw, 800px\" \/><\/p>\n<h2>DLACZEGO MY?<\/h2>\r\n<ul>\r\n<li>Prawdziwe, godne zaufania i profesjonalne \u017ar\u00f3d\u0142o vape.<\/li>\r\n<li>Gwarancja oryginalno\u015bci 100%: Dostarczamy tylko oryginalne i oryginalne produkty, odmawiamy podrabiania.<\/li>\r\n<li>Gwarancja dostawy 100%: U\u017cywamy najlepszej metody wysy\u0142ki, aby zapewni\u0107, \u017ce otrzymasz zam\u00f3wienie 100%.<\/li>\r\n<li>Po wysy\u0142ce podamy numer przesy\u0142ki i etykiet\u0119 wysy\u0142kow\u0105 oraz b\u0119dziemy \u015bledzi\u0107 towary do momentu ich podpisania.<\/li>\r\n<li>Brak problem\u00f3w celnych, brak taryf<\/li>\r\n<\/ul>","protected":false},"excerpt":{"rendered":"<div class=\"wsppc_div_block woocommerce_before_add_to_cart_form\">\r\n<p><strong><span style=\"color: #00a859;\">Ocli\u0107 si\u0119<\/span> przed dostaw\u0105 i 100% Gwarancja Dostawy, Dostawa w oko\u0142o 19\u201325 dni.\u00a0<\/strong><\/p>\r\n<\/div>","protected":false},"featured_media":16020,"comment_status":"open","ping_status":"closed","template":"","meta":[],"pwb-brand":[1277],"product_cat":[873],"product_tag":[22,24,37,692,794],"class_list":{"0":"post-16011","1":"product","2":"type-product","3":"status-publish","4":"has-post-thumbnail","6":"pwb-brand-lavie","7":"product_cat-above-20k-puffs","8":"product_tag-disposable","9":"product_tag-wholesale","10":"product_tag-lavie","11":"product_tag-25-0ml","12":"product_tag-20000-puffs","13":"wcpa_has_options","15":"first","16":"instock","17":"featured","18":"shipping-taxable","19":"purchasable","20":"product-type-variable"},"aioseo_notices":[],"brands":[{"id":1277,"name":"Lavie","slug":"lavie"}],"_links":{"self":[{"href":"https:\/\/www.vape4wholesale.com\/pl\/wp-json\/wp\/v2\/product\/16011","targetHints":{"allow":["GET"]}}],"collection":[{"href":"https:\/\/www.vape4wholesale.com\/pl\/wp-json\/wp\/v2\/product"}],"about":[{"href":"https:\/\/www.vape4wholesale.com\/pl\/wp-json\/wp\/v2\/types\/product"}],"replies":[{"embeddable":true,"href":"https:\/\/www.vape4wholesale.com\/pl\/wp-json\/wp\/v2\/comments?post=16011"}],"wp:featuredmedia":[{"embeddable":true,"href":"https:\/\/www.vape4wholesale.com\/pl\/wp-json\/wp\/v2\/media\/16020"}],"wp:attachment":[{"href":"https:\/\/www.vape4wholesale.com\/pl\/wp-json\/wp\/v2\/media?parent=16011"}],"wp:term":[{"taxonomy":"pwb-brand","embeddable":true,"href":"https:\/\/www.vape4wholesale.com\/pl\/wp-json\/wp\/v2\/pwb-brand?post=16011"},{"taxonomy":"product_cat","embeddable":true,"href":"https:\/\/www.vape4wholesale.com\/pl\/wp-json\/wp\/v2\/product_cat?post=16011"},{"taxonomy":"product_tag","embeddable":true,"href":"https:\/\/www.vape4wholesale.com\/pl\/wp-json\/wp\/v2\/product_tag?post=16011"}],"curies":[{"name":"wp","href":"https:\/\/api.w.org\/{rel}","templated":true}]}}