{"id":15929,"date":"2025-07-14T23:55:00","date_gmt":"2025-07-14T23:55:00","guid":{"rendered":"https:\/\/www.vape4wholesale.com\/?post_type=product&#038;p=15929"},"modified":"2026-03-15T22:36:40","modified_gmt":"2026-03-15T14:36:40","slug":"randm-tornado-15000-hurtownia-vape-jednorazowego-uzytku","status":"publish","type":"product","link":"https:\/\/www.vape4wholesale.com\/pl\/product\/randm-tornado-15000-disposable-vape-wholesale","title":{"rendered":"Randm Tornado 15000 Jednorazowa sprzeda\u017c hurtowa Vape"},"content":{"rendered":"<p>RandM Tornado 15000 to jednorazowe urz\u0105dzenie vape z akumulatorem i wy\u015bwietlaczem poziomu ejuice. Zawiera 25 ml e-soli nikotynowej 0\/2\/3\/5% i pozwala na wykonanie do 15000 zaci\u0105gni\u0119\u0107. Do wyboru jest 41 smak\u00f3w. Port \u0142adowania w dolnej cz\u0119\u015bci urz\u0105dzenia gwarantuje doko\u0144czenie ostatniej kropli e-soku w zbiorniku przez ca\u0142y czas.<\/p>\n<h2 class=\"p\">Cechy urz\u0105dzenia jednorazowego u\u017cytku RandM Tornado 15000:<\/h2>\n<p class=\"p\">0\/2\/3\/5% S\u00f3l nikotynowa.<br data-filtered=\"filtered\" \/>25 ml e-liquidu.<br data-filtered=\"filtered\" \/>Siatkowa cewka<br data-filtered=\"filtered\" \/>Mo\u017cliwo\u015b\u0107 \u0142adowania akumulatora<br data-filtered=\"filtered\" \/>Zintegrowana bateria 850 mAh.<br data-filtered=\"filtered\" \/>41 dost\u0119pnych smak\u00f3w.<br data-filtered=\"filtered\" \/>10 sztuk w pude\u0142ku ekspozycyjnym.<br data-filtered=\"filtered\" \/>160 sztuk w kartonie.<\/p>\n<h2 class=\"p\">Dost\u0119pne smaki:<\/h2>\n<p class=\"p\">01# Blue Razz Lemonade<br \/>\n02# Peach Ice<br \/>\n03# Kwa\u015bne jab\u0142ko<br \/>\n04# Watermelon Ice<br \/>\n05# Blueberry On Ice<br \/>\n06# Blueberry Raspberry<br \/>\n07# L\u00f3d ananasowy<br \/>\n08# Cherry<br \/>\n09# Strawberry Ice<br \/>\n10# Vimto<br \/>\n11# Grape Ice<br \/>\n12# Cola Ice<br \/>\n13# Arbuz truskawkowy<br \/>\n14# Pink Lemonade<br \/>\n15# Mixed Berry<br \/>\n16# Peach Mango<br \/>\n17# Smoczy owoc<br \/>\n18# Strawberry Grape<br \/>\n19# Mr Blue<br \/>\n20# Lush Ice<br \/>\n21# Ice Pop<br \/>\n22# Strawberry Kiwi<br \/>\n23# Kiwi Passion Fruit Guava<br \/>\n24# Triple Berry<br \/>\n25# Banana Ice<br \/>\n26# Cukierki brzoskwiniowo-jagodowe<br \/>\n27# Jab\u0142ko Brzoskwinia Gruszka<br \/>\n28# Berry Lemonade<br \/>\n29# Blue Razz Cherry<br \/>\n30# Blueberry Bubblegum<br \/>\n31# Blueberry Cherry Cranberry<br \/>\n32# Blueberry Pomegranate<br \/>\n33# Bluesour Raspberry<br \/>\n34# Cherry Cola<br \/>\n35# Gummy Bear<br \/>\n36# Lemon &amp; Lime<br \/>\n37# Mango On Ice<br \/>\n38# Red Energy Ice<br \/>\n39# Strawberry Banana<br \/>\n40# Strawberry Red Bull<br \/>\n41# Truskawkowa Lemoniada Arbuzowa<br \/>\n42# Ice Tea Lemon Ice<br \/>\n43# Ice Tea Peach Ice<br \/>\n44# Fizzy Cherry<br \/>\n45# Skittles<br \/>\n46# Cool Mint<br \/>\n47# Pina Colada<br \/>\n48# Huckleberry<br \/>\n49# Blueberry Peach Ice<br \/>\n50# Grape Lemon<br \/>\n51# Fanta<br \/>\n52# Fresh Menthol Mojito<br \/>\n53# Aloe Lemon Berries<br \/>\n54# Green Apple Citrus Menthol<br \/>\n55# Green Grape Melon<br \/>\n56# Cactus Kiwi<br \/>\n57# Cola Lemon<br \/>\n58# Cactus Ice<br \/>\n59# Blue Razz Gummy Bear<\/p>\n<figure id=\"attachment_15975\" aria-describedby=\"caption-attachment-15975\" style=\"width: 640px\" class=\"wp-caption alignnone\"><img loading=\"lazy\" decoding=\"async\" class=\"size-full wp-image-15975\" title=\"Randm Tornado 15000 Jednorazowa Sprzeda\u017c Hurtowa Vape (6)\" src=\"https:\/\/www.vape4wholesale.com\/wp-content\/uploads\/2024\/06\/Randm-Tornado-15000-Disposable-Vape-Wholesale-6.webp\" alt=\"Randm Tornado 15000 Jednorazowa Sprzeda\u017c Hurtowa Vape (6)\" width=\"640\" height=\"640\" srcset=\"https:\/\/www.vape4wholesale.com\/wp-content\/uploads\/2024\/06\/Randm-Tornado-15000-Disposable-Vape-Wholesale-6.webp 640w, https:\/\/www.vape4wholesale.com\/wp-content\/uploads\/2024\/06\/Randm-Tornado-15000-Disposable-Vape-Wholesale-6-247x247.webp 247w, https:\/\/www.vape4wholesale.com\/wp-content\/uploads\/2024\/06\/Randm-Tornado-15000-Disposable-Vape-Wholesale-6-100x100.webp 100w, https:\/\/www.vape4wholesale.com\/wp-content\/uploads\/2024\/06\/Randm-Tornado-15000-Disposable-Vape-Wholesale-6-510x510.webp 510w\" sizes=\"auto, (max-width: 640px) 100vw, 640px\" \/><figcaption id=\"caption-attachment-15975\" class=\"wp-caption-text\">Randm Tornado 15000 Jednorazowa sprzeda\u017c hurtowa Vape<\/figcaption><\/figure>\n<h2>DLACZEGO MY?<\/h2>\r\n<ul>\r\n<li>Prawdziwe, godne zaufania i profesjonalne \u017ar\u00f3d\u0142o vape.<\/li>\r\n<li>Gwarancja oryginalno\u015bci 100%: Dostarczamy tylko oryginalne i oryginalne produkty, odmawiamy podrabiania.<\/li>\r\n<li>Gwarancja dostawy 100%: U\u017cywamy najlepszej metody wysy\u0142ki, aby zapewni\u0107, \u017ce otrzymasz zam\u00f3wienie 100%.<\/li>\r\n<li>Po wysy\u0142ce podamy numer przesy\u0142ki i etykiet\u0119 wysy\u0142kow\u0105 oraz b\u0119dziemy \u015bledzi\u0107 towary do momentu ich podpisania.<\/li>\r\n<li>Brak problem\u00f3w celnych, brak taryf<\/li>\r\n<\/ul>\n<p>&nbsp;<\/p>","protected":false},"excerpt":{"rendered":"<div class=\"wsppc_div_block woocommerce_before_add_to_cart_form\">\r\n<p><strong><span style=\"color: #00a859;\">Ocli\u0107 si\u0119<\/span> przed dostaw\u0105 i 100% Gwarancja Dostawy, Dostawa w oko\u0142o 19\u201325 dni.\u00a0<\/strong><\/p>\r\n<\/div>","protected":false},"featured_media":15975,"comment_status":"open","ping_status":"closed","template":"","meta":[],"pwb-brand":[1269],"product_cat":[872],"product_tag":[22,24,180,684,692],"class_list":{"0":"post-15929","1":"product","2":"type-product","3":"status-publish","4":"has-post-thumbnail","6":"pwb-brand-fumot","7":"product_cat-15k-20k-puffs","8":"product_tag-disposable","9":"product_tag-wholesale","10":"product_tag-randm-tornado","11":"product_tag-15000-puffs","12":"product_tag-25-0ml","13":"wcpa_has_options","15":"first","16":"instock","17":"featured","18":"shipping-taxable","19":"purchasable","20":"product-type-variable"},"aioseo_notices":[],"brands":[{"id":1269,"name":"Fumot","slug":"fumot"}],"_links":{"self":[{"href":"https:\/\/www.vape4wholesale.com\/pl\/wp-json\/wp\/v2\/product\/15929","targetHints":{"allow":["GET"]}}],"collection":[{"href":"https:\/\/www.vape4wholesale.com\/pl\/wp-json\/wp\/v2\/product"}],"about":[{"href":"https:\/\/www.vape4wholesale.com\/pl\/wp-json\/wp\/v2\/types\/product"}],"replies":[{"embeddable":true,"href":"https:\/\/www.vape4wholesale.com\/pl\/wp-json\/wp\/v2\/comments?post=15929"}],"wp:featuredmedia":[{"embeddable":true,"href":"https:\/\/www.vape4wholesale.com\/pl\/wp-json\/wp\/v2\/media\/15975"}],"wp:attachment":[{"href":"https:\/\/www.vape4wholesale.com\/pl\/wp-json\/wp\/v2\/media?parent=15929"}],"wp:term":[{"taxonomy":"pwb-brand","embeddable":true,"href":"https:\/\/www.vape4wholesale.com\/pl\/wp-json\/wp\/v2\/pwb-brand?post=15929"},{"taxonomy":"product_cat","embeddable":true,"href":"https:\/\/www.vape4wholesale.com\/pl\/wp-json\/wp\/v2\/product_cat?post=15929"},{"taxonomy":"product_tag","embeddable":true,"href":"https:\/\/www.vape4wholesale.com\/pl\/wp-json\/wp\/v2\/product_tag?post=15929"}],"curies":[{"name":"wp","href":"https:\/\/api.w.org\/{rel}","templated":true}]}}