{"id":15878,"date":"2025-10-29T16:52:00","date_gmt":"2025-10-29T08:52:00","guid":{"rendered":"https:\/\/www.vape4wholesale.com\/?post_type=product&#038;p=15878"},"modified":"2026-03-30T11:12:14","modified_gmt":"2026-03-30T03:12:14","slug":"elf-bar-raya-d3-25000-puffow-jednorazowe-vape-hurtownia","status":"publish","type":"product","link":"https:\/\/www.vape4wholesale.com\/pl\/produkt\/elf-bar-raya-d3-25000-puffow-jednorazowe-vape-hurtownia","title":{"rendered":"Elf Bar Raya D3 25000 Puff\u00f3w Jednorazowe Vape Hurtownia"},"content":{"rendered":"<p>Jednorazowy waporyzator Elf Bar Raya D3 zapewnia niezr\u00f3wnane wra\u017cenia z waporyzacji dzi\u0119ki prze\u0142omowej pojemno\u015bci 25 tys. zaci\u0105gni\u0119\u0107 oraz zintegrowanemu systemowi regulacji powietrza i ci\u015bnienia. To \u0142adowalne urz\u0105dzenie mo\u017ce pochwali\u0107 si\u0119 du\u017cym cyfrowym ekranem bocznym tuby i urzekaj\u0105cym monochromatycznym niebieskim pod\u015bwietleniem pier\u015bcienia zewn\u0119trznego, wyznaczaj\u0105c nowy standard dla jednorazowych waporyzator\u00f3w.<\/p>\n<p>Posiada 3 tryby: Lite, Smooth i Turbo, dzi\u0119ki czemu mo\u017cna uzyska\u0107 wi\u0119cej zaci\u0105gni\u0119\u0107 lub mocniejsze chmury, jak chcesz, bez wysi\u0142ku prze\u0142\u0105cza\u0107 si\u0119 mi\u0119dzy 3 trybami<\/p>\n<h2><strong>Elf Bar Raya D3 Informacje o produkcie:<\/strong><\/h2>\n<ul>\n<li>Ogromna pojemno\u015b\u0107 na sok Vape: Poka\u017ana pojemno\u015b\u0107 23 ml e-liquidu.<\/li>\n<li>System cewek z potr\u00f3jn\u0105 siatk\u0105: Zapewnia doskona\u0142y smak i produkcj\u0119 pary.<\/li>\n<li>Zmienne ustawienia zaci\u0105gni\u0119\u0107: Trzy ustawienia biegu do regulacji liczby zaci\u0105gni\u0119\u0107 - 25K, 20K i 15K.<\/li>\n<li>Bateria o du\u017cej pojemno\u015bci: Wyposa\u017cony w bateri\u0119 850 mAh i \u0142adowanie typu C.<\/li>\n<li>Zaawansowany ekran boczny: Du\u017cy cyfrowy wy\u015bwietlacz lampowy u\u0142atwiaj\u0105cy monitorowanie.<\/li>\n<li>Personalizacja przep\u0142ywu powietrza i ci\u015bnienia: Zintegrowany system pozwalaj\u0105cy na dostosowanie wra\u017ce\u0144 z waporyzacji.<\/li>\n<li>Stylowy wygl\u0105d: Posiada zewn\u0119trzny pier\u015bcie\u0144 z monochromatycznym niebieskim \u015bwiat\u0142em.<\/li>\n<li>Szeroki wyb\u00f3r smak\u00f3w: Wybieraj spo\u015br\u00f3d 15 wy\u015bmienitych smak\u00f3w.<\/li>\n<\/ul>\n<h2><strong>Smaki:<\/strong><\/h2>\n<p>VMT<br \/>\nPodw\u00f3jne mango<br \/>\nL\u00f3d brzoskwiniowy<br \/>\nMango Brzoskwinia<br \/>\nMango Brzoskwinia Arbuz<br \/>\nKiwi Passion Fruit Guava<br \/>\nL\u00f3d winogronowy<br \/>\nPeach Berry<br \/>\nArbuzowa guma balonowa<br \/>\nL\u00f3d jagodowy<br \/>\nPodw\u00f3jne jab\u0142ko<br \/>\nTyto\u0144<br \/>\nMango<br \/>\nBor\u00f3wka Malina<br \/>\nArbuzowy l\u00f3d<br \/>\nAlpine Mint<br \/>\nKawa Arabica<br \/>\nArbuz Cytryna<br \/>\nWinogrono truskawkowe<br \/>\nKiwi Pineapple Ice<br \/>\nGrape Cherry<\/p>\n<h2><strong>Szczeg\u00f3\u0142y pakowania<\/strong><\/h2>\n<p>1szt\/opakowanie<br data-filtered=\"filtered\" \/>10 opakowa\u0144\/pude\u0142ko<br data-filtered=\"filtered\" \/>200 sztuk\/karton<\/p>\n<p><strong>Wymiar:<\/strong><br \/>\n65*35*27cm<br \/>\n21 kg\/karton<\/p>\n<p><img loading=\"lazy\" decoding=\"async\" class=\"alignnone size-full wp-image-26772\" title=\"Elf bar RAYA D3\" src=\"https:\/\/www.vape4wholesale.com\/wp-content\/uploads\/2025\/10\/Elf-bar-RAYA-D3.webp\" alt=\"Elf bar RAYA D3\" width=\"800\" height=\"800\" srcset=\"https:\/\/www.vape4wholesale.com\/wp-content\/uploads\/2025\/10\/Elf-bar-RAYA-D3.webp 800w, https:\/\/www.vape4wholesale.com\/wp-content\/uploads\/2025\/10\/Elf-bar-RAYA-D3-247x247.webp 247w, https:\/\/www.vape4wholesale.com\/wp-content\/uploads\/2025\/10\/Elf-bar-RAYA-D3-100x100.webp 100w, https:\/\/www.vape4wholesale.com\/wp-content\/uploads\/2025\/10\/Elf-bar-RAYA-D3-510x510.webp 510w, https:\/\/www.vape4wholesale.com\/wp-content\/uploads\/2025\/10\/Elf-bar-RAYA-D3-300x300.webp 300w, https:\/\/www.vape4wholesale.com\/wp-content\/uploads\/2025\/10\/Elf-bar-RAYA-D3-150x150.webp 150w, https:\/\/www.vape4wholesale.com\/wp-content\/uploads\/2025\/10\/Elf-bar-RAYA-D3-768x768.webp 768w, https:\/\/www.vape4wholesale.com\/wp-content\/uploads\/2025\/10\/Elf-bar-RAYA-D3-12x12.webp 12w\" sizes=\"auto, (max-width: 800px) 100vw, 800px\" \/><\/p>\n<h2>DLACZEGO MY?<\/h2>\r\n<ul>\r\n<li>Prawdziwe, godne zaufania i profesjonalne \u017ar\u00f3d\u0142o vape.<\/li>\r\n<li>Gwarancja oryginalno\u015bci 100%: Dostarczamy tylko oryginalne i oryginalne produkty, odmawiamy podrabiania.<\/li>\r\n<li>Gwarancja dostawy 100%: U\u017cywamy najlepszej metody wysy\u0142ki, aby zapewni\u0107, \u017ce otrzymasz zam\u00f3wienie 100%.<\/li>\r\n<li>Po wysy\u0142ce podamy numer przesy\u0142ki i etykiet\u0119 wysy\u0142kow\u0105 oraz b\u0119dziemy \u015bledzi\u0107 towary do momentu ich podpisania.<\/li>\r\n<li>Brak problem\u00f3w celnych, brak taryf<\/li>\r\n<\/ul>","protected":false},"excerpt":{"rendered":"<p><b><span style=\"color: #00a859;\">Free shipping<\/span>\u00a0from Europe warehouse, 7-15 working days delivery time.<\/b><\/p>\r\n<div class=\"wsppc_div_block woocommerce_before_add_to_cart_form\">\r\n<p><strong>Clear customs before delivery &amp; 100% Delivery Guarantee<\/strong><\/p>\r\n<\/div>","protected":false},"featured_media":26772,"comment_status":"open","ping_status":"closed","template":"","meta":[],"pwb-brand":[1278],"product_cat":[938],"product_tag":[22,24,60,557,780,828],"class_list":{"0":"post-15878","1":"product","2":"type-product","3":"status-publish","4":"has-post-thumbnail","6":"pwb-brand-elf-bar","7":"product_cat-europe-warehouse","8":"product_tag-disposable","9":"product_tag-wholesale","10":"product_tag-elf-bar","11":"product_tag-23-0ml","12":"product_tag-23000-puffs","13":"product_tag-raya-d3","14":"product_shipping_class-eu-warehouse","16":"first","17":"instock","18":"featured","19":"shipping-taxable","20":"purchasable","21":"product-type-variable"},"aioseo_notices":[],"brands":[{"id":1278,"name":"Elf bar","slug":"elf-bar"}],"_links":{"self":[{"href":"https:\/\/www.vape4wholesale.com\/pl\/wp-json\/wp\/v2\/product\/15878","targetHints":{"allow":["GET"]}}],"collection":[{"href":"https:\/\/www.vape4wholesale.com\/pl\/wp-json\/wp\/v2\/product"}],"about":[{"href":"https:\/\/www.vape4wholesale.com\/pl\/wp-json\/wp\/v2\/types\/product"}],"replies":[{"embeddable":true,"href":"https:\/\/www.vape4wholesale.com\/pl\/wp-json\/wp\/v2\/comments?post=15878"}],"wp:featuredmedia":[{"embeddable":true,"href":"https:\/\/www.vape4wholesale.com\/pl\/wp-json\/wp\/v2\/media\/26772"}],"wp:attachment":[{"href":"https:\/\/www.vape4wholesale.com\/pl\/wp-json\/wp\/v2\/media?parent=15878"}],"wp:term":[{"taxonomy":"pwb-brand","embeddable":true,"href":"https:\/\/www.vape4wholesale.com\/pl\/wp-json\/wp\/v2\/pwb-brand?post=15878"},{"taxonomy":"product_cat","embeddable":true,"href":"https:\/\/www.vape4wholesale.com\/pl\/wp-json\/wp\/v2\/product_cat?post=15878"},{"taxonomy":"product_tag","embeddable":true,"href":"https:\/\/www.vape4wholesale.com\/pl\/wp-json\/wp\/v2\/product_tag?post=15878"}],"curies":[{"name":"wp","href":"https:\/\/api.w.org\/{rel}","templated":true}]}}