{"id":15844,"date":"2024-05-28T11:37:00","date_gmt":"2024-05-28T03:37:00","guid":{"rendered":"https:\/\/www.vape4wholesale.com\/?post_type=product&#038;p=15844"},"modified":"2026-01-26T13:40:56","modified_gmt":"2026-01-26T13:40:56","slug":"vapme-monster-16000-puff-jednorazowe-vape-hurtownia","status":"publish","type":"product","link":"https:\/\/www.vape4wholesale.com\/pl\/product\/vapme-monster-16000-puffs-disposable-vape-wholesale","title":{"rendered":"Vapme Monster 16000 Puffs Jednorazowa sprzeda\u017c hurtowa Vape"},"content":{"rendered":"<p>w <strong>Vapme Monster 16000<\/strong> Jest to jednorazowy vape z wy\u015bwietlaczem LED, wyposa\u017cony w 26 ml ejuice, akumulator 850 mAh i podw\u00f3jn\u0105 cewk\u0119 siatkow\u0105 o oporno\u015bci 1,0 oma. Obs\u0142uguje do 16000 zaci\u0105gni\u0119\u0107, zapewniaj\u0105c d\u0142ugotrwa\u0142\u0105 satysfakcj\u0119 z ka\u017cdego u\u017cycia.<\/p>\n<p>Zam\u00f3w nasze 12 sekcji smak\u00f3w Vapme Monster 16000 w najlepszej cenie i z szybk\u0105 wysy\u0142k\u0105.<\/p>\n<h2><strong>VAPME Monster 16000 Puffs Najwa\u017cniejsze cechy:<\/strong><\/h2>\n<ul>\n<li><strong>Zwi\u0119kszona pojemno\u015b\u0107 dmuchawy<\/strong>: Do 16000 zaci\u0105gni\u0119\u0107, idealne do d\u0142ugotrwa\u0142ego u\u017cytkowania.<\/li>\n<li><strong>Du\u017ca pojemno\u015b\u0107 p\u0142ynu E-Liquid<\/strong>: Wst\u0119pnie nape\u0142niony wk\u0142adem z e-liquidem o pojemno\u015bci 26 ml.<\/li>\n<li><strong>R\u00f3\u017cne st\u0119\u017cenia nikotyny<\/strong>: Dost\u0119pne w opcjach nikotynowych 0\/2%\/3% i 5%, aby dopasowa\u0107 si\u0119 do Twoich preferencji.<\/li>\n<li><strong>Wydajny akumulator<\/strong>: Akumulator o pojemno\u015bci 850 mAh i zakresie mocy 7 W zapewnia sta\u0142\u0105 wydajno\u015b\u0107.<\/li>\n<li><strong>Regulowany przep\u0142yw powietrza<\/strong>: Dostosuj swoje doznania z waporyzacji dzi\u0119ki cewce 1.0 Mesh Coil i regulowanemu przep\u0142ywowi powietrza.<\/li>\n<li><strong>Wygodne \u0142adowanie<\/strong>: Konstrukcja typu C umo\u017cliwiaj\u0105ca \u0142atwe i wydajne \u0142adowanie.<\/li>\n<li><strong>R\u00f3\u017cnorodno\u015b\u0107 smak\u00f3w<\/strong>: Dost\u0119pny w 12 wspania\u0142ych smakach, kt\u00f3re zadowol\u0105 ka\u017cde podniebienie.<\/li>\n<\/ul>\n<h2><strong>Lista smak\u00f3w:<\/strong><\/h2>\n<ol>\n<li>Lemoniada Blue Razz<\/li>\n<li>L\u00f3d brzoskwiniowy<\/li>\n<li>Arbuzowy l\u00f3d<\/li>\n<li>Bor\u00f3wka Malina<\/li>\n<li>Cherry Ice<\/li>\n<li>L\u00f3d truskawkowy<\/li>\n<li>Arbuz truskawkowy<\/li>\n<li>Jagody mieszane<\/li>\n<li>Truskawka Kiwi<\/li>\n<li>Kiwi Passion Fruit Guava<\/li>\n<li>Truskawkowy Red Bull<\/li>\n<li>Brzoskwinia Mango Ananas<\/li>\n<\/ol>\n<h2><strong>Szczeg\u00f3\u0142y pakietu<\/strong><\/h2>\n<ul>\n<li>1\/ma\u0142e pude\u0142ko<\/li>\n<li>10\/ Pude\u0142ko ekspozycyjne<\/li>\n<li>200\/karton zbiorczy, 20 kg<\/li>\n<\/ul>\n<figure id=\"attachment_15849\" aria-describedby=\"caption-attachment-15849\" style=\"width: 800px\" class=\"wp-caption alignnone\"><img loading=\"lazy\" decoding=\"async\" class=\"wp-image-15849 size-full\" title=\"Vapme Monster 16000 Puffs Jednorazowa sprzeda\u017c hurtowa Vape (3)\" src=\"https:\/\/www.vape4wholesale.com\/wp-content\/uploads\/2024\/05\/Vapme-Monster-16000-Puffs-Disposable-Vape-Wholesale-3.webp\" alt=\"Vapme Monster 16000 Puffs Jednorazowa sprzeda\u017c hurtowa Vape (3)\" width=\"800\" height=\"800\" srcset=\"https:\/\/www.vape4wholesale.com\/wp-content\/uploads\/2024\/05\/Vapme-Monster-16000-Puffs-Disposable-Vape-Wholesale-3.webp 800w, https:\/\/www.vape4wholesale.com\/wp-content\/uploads\/2024\/05\/Vapme-Monster-16000-Puffs-Disposable-Vape-Wholesale-3-247x247.webp 247w, https:\/\/www.vape4wholesale.com\/wp-content\/uploads\/2024\/05\/Vapme-Monster-16000-Puffs-Disposable-Vape-Wholesale-3-100x100.webp 100w, https:\/\/www.vape4wholesale.com\/wp-content\/uploads\/2024\/05\/Vapme-Monster-16000-Puffs-Disposable-Vape-Wholesale-3-510x510.webp 510w, https:\/\/www.vape4wholesale.com\/wp-content\/uploads\/2024\/05\/Vapme-Monster-16000-Puffs-Disposable-Vape-Wholesale-3-64x64.webp 64w, https:\/\/www.vape4wholesale.com\/wp-content\/uploads\/2024\/05\/Vapme-Monster-16000-Puffs-Disposable-Vape-Wholesale-3-300x300.webp 300w, https:\/\/www.vape4wholesale.com\/wp-content\/uploads\/2024\/05\/Vapme-Monster-16000-Puffs-Disposable-Vape-Wholesale-3-150x150.webp 150w, https:\/\/www.vape4wholesale.com\/wp-content\/uploads\/2024\/05\/Vapme-Monster-16000-Puffs-Disposable-Vape-Wholesale-3-768x768.webp 768w\" sizes=\"auto, (max-width: 800px) 100vw, 800px\" \/><figcaption id=\"caption-attachment-15849\" class=\"wp-caption-text\">Vapme Monster 16000 Puffs Jednorazowa sprzeda\u017c hurtowa Vape<\/figcaption><\/figure>\n<figure id=\"attachment_15850\" aria-describedby=\"caption-attachment-15850\" style=\"width: 800px\" class=\"wp-caption alignnone\"><img loading=\"lazy\" decoding=\"async\" class=\"wp-image-15850 size-full\" title=\"Vapme Monster 16000 Puffs Jednorazowa sprzeda\u017c hurtowa Vape (4)\" src=\"https:\/\/www.vape4wholesale.com\/wp-content\/uploads\/2024\/05\/Vapme-Monster-16000-Puffs-Disposable-Vape-Wholesale-4.webp\" alt=\"Vapme Monster 16000 Puffs Jednorazowa sprzeda\u017c hurtowa Vape (4)\" width=\"800\" height=\"800\" srcset=\"https:\/\/www.vape4wholesale.com\/wp-content\/uploads\/2024\/05\/Vapme-Monster-16000-Puffs-Disposable-Vape-Wholesale-4.webp 800w, https:\/\/www.vape4wholesale.com\/wp-content\/uploads\/2024\/05\/Vapme-Monster-16000-Puffs-Disposable-Vape-Wholesale-4-247x247.webp 247w, https:\/\/www.vape4wholesale.com\/wp-content\/uploads\/2024\/05\/Vapme-Monster-16000-Puffs-Disposable-Vape-Wholesale-4-100x100.webp 100w, https:\/\/www.vape4wholesale.com\/wp-content\/uploads\/2024\/05\/Vapme-Monster-16000-Puffs-Disposable-Vape-Wholesale-4-510x510.webp 510w, https:\/\/www.vape4wholesale.com\/wp-content\/uploads\/2024\/05\/Vapme-Monster-16000-Puffs-Disposable-Vape-Wholesale-4-64x64.webp 64w, https:\/\/www.vape4wholesale.com\/wp-content\/uploads\/2024\/05\/Vapme-Monster-16000-Puffs-Disposable-Vape-Wholesale-4-300x300.webp 300w, https:\/\/www.vape4wholesale.com\/wp-content\/uploads\/2024\/05\/Vapme-Monster-16000-Puffs-Disposable-Vape-Wholesale-4-150x150.webp 150w, https:\/\/www.vape4wholesale.com\/wp-content\/uploads\/2024\/05\/Vapme-Monster-16000-Puffs-Disposable-Vape-Wholesale-4-768x768.webp 768w\" sizes=\"auto, (max-width: 800px) 100vw, 800px\" \/><figcaption id=\"caption-attachment-15850\" class=\"wp-caption-text\">Pakowanie Vapme Monster 16000 Puffs Jednorazowa sprzeda\u017c hurtowa Vape<\/figcaption><\/figure>\n<h2>DLACZEGO MY?<\/h2>\r\n<ul>\r\n<li>Prawdziwe, godne zaufania i profesjonalne \u017ar\u00f3d\u0142o vape.<\/li>\r\n<li>Gwarancja oryginalno\u015bci 100%: Dostarczamy tylko oryginalne i oryginalne produkty, odmawiamy podrabiania.<\/li>\r\n<li>Gwarancja dostawy 100%: U\u017cywamy najlepszej metody wysy\u0142ki, aby zapewni\u0107, \u017ce otrzymasz zam\u00f3wienie 100%.<\/li>\r\n<li>Po wysy\u0142ce podamy numer przesy\u0142ki i etykiet\u0119 wysy\u0142kow\u0105 oraz b\u0119dziemy \u015bledzi\u0107 towary do momentu ich podpisania.<\/li>\r\n<li>Brak problem\u00f3w celnych, brak taryf<\/li>\r\n<\/ul>","protected":false},"excerpt":{"rendered":"<div class=\"wsppc_div_block woocommerce_before_add_to_cart_form\">\r\n<p><strong><span style=\"color: #00a859;\">Clear customs<\/span> before delivery &amp; 100% Delivery Guarantee, Delivery in 19~25 days around.\u00a0<\/strong><\/p>\r\n<\/div>","protected":false},"featured_media":15849,"comment_status":"open","ping_status":"closed","template":"","meta":[],"pwb-brand":[1290],"product_cat":[872],"product_tag":[24,696,822,823,22],"class_list":{"0":"post-15844","1":"product","2":"type-product","3":"status-publish","4":"has-post-thumbnail","6":"pwb-brand-vapme","7":"product_cat-15k-20k-puffs","8":"product_tag-wholesale","9":"product_tag-vapme","10":"product_tag-16000-puffs","11":"product_tag-26-0ml","12":"product_tag-disposable","13":"wcpa_has_options","15":"first","16":"outofstock","17":"shipping-taxable","18":"purchasable","19":"product-type-variable"},"aioseo_notices":[],"brands":[{"id":1290,"name":"Vapme","slug":"vapme"}],"_links":{"self":[{"href":"https:\/\/www.vape4wholesale.com\/pl\/wp-json\/wp\/v2\/product\/15844","targetHints":{"allow":["GET"]}}],"collection":[{"href":"https:\/\/www.vape4wholesale.com\/pl\/wp-json\/wp\/v2\/product"}],"about":[{"href":"https:\/\/www.vape4wholesale.com\/pl\/wp-json\/wp\/v2\/types\/product"}],"replies":[{"embeddable":true,"href":"https:\/\/www.vape4wholesale.com\/pl\/wp-json\/wp\/v2\/comments?post=15844"}],"wp:featuredmedia":[{"embeddable":true,"href":"https:\/\/www.vape4wholesale.com\/pl\/wp-json\/wp\/v2\/media\/15849"}],"wp:attachment":[{"href":"https:\/\/www.vape4wholesale.com\/pl\/wp-json\/wp\/v2\/media?parent=15844"}],"wp:term":[{"taxonomy":"pwb-brand","embeddable":true,"href":"https:\/\/www.vape4wholesale.com\/pl\/wp-json\/wp\/v2\/pwb-brand?post=15844"},{"taxonomy":"product_cat","embeddable":true,"href":"https:\/\/www.vape4wholesale.com\/pl\/wp-json\/wp\/v2\/product_cat?post=15844"},{"taxonomy":"product_tag","embeddable":true,"href":"https:\/\/www.vape4wholesale.com\/pl\/wp-json\/wp\/v2\/product_tag?post=15844"}],"curies":[{"name":"wp","href":"https:\/\/api.w.org\/{rel}","templated":true}]}}