{"id":15767,"date":"2024-05-20T09:26:22","date_gmt":"2024-05-20T01:26:22","guid":{"rendered":"https:\/\/www.vape4wholesale.com\/?post_type=product&#038;p=15767"},"modified":"2026-01-26T13:41:01","modified_gmt":"2026-01-26T13:41:01","slug":"rabbeats-rc10000-hurtownia-vape-jednorazowego-uzytku","status":"publish","type":"product","link":"https:\/\/www.vape4wholesale.com\/pl\/product\/rabbeats-rc10000-disposable-vape-wholesale","title":{"rendered":"RabBeats RC10000 Jednorazowa sprzeda\u017c hurtowa Vape"},"content":{"rendered":"<p>w\u00a0<b>RabBeats RC10000 Vape jednorazowego u\u017cytku <\/b>Wyposa\u017cony w solidn\u0105 bateri\u0119 620 mAh, pojemno\u015b\u0107 18 ml i niezb\u0119dne funkcje, takie jak wska\u017anik \u017cywotno\u015bci baterii i wska\u017anik e-liquidu. Ten jednorazowy vape mo\u017ce pochwali\u0107 si\u0119 niezwyk\u0142\u0105 \u017cywotno\u015bci\u0105, oferuj\u0105c do 10 000 zaci\u0105gni\u0119\u0107 dla d\u0142u\u017cszego do\u015bwiadczenia waporyzacji.<\/p>\n<p>RabBeats RC10000 Disposable Vape to arcydzie\u0142o w dziedzinie waporyzacji, stworzone dla tych, kt\u00f3rzy pragn\u0105 niezr\u00f3wnanego smaku i trwa\u0142ej wydajno\u015bci. Z obietnic\u0105 do 10 000 zaci\u0105gni\u0119\u0107, urz\u0105dzenie to nie jest tylko narz\u0119dziem do wapowania, ale podr\u00f3\u017c\u0105 przez bogaty gobelin smak\u00f3w, zaprojektowan\u0105 z my\u015bl\u0105 o najbardziej wymagaj\u0105cych podniebieniach.<\/p>\n<p>&nbsp;<\/p>\n<h3><strong>RabBeats RC10000 Jednorazowe funkcje Vape<\/strong><\/h3>\n<ol>\n<li>Du\u017ca pojemno\u015b\u0107: Zbiornik na e-liquid o pojemno\u015bci 18 ml zapewnia do 10 000 zaci\u0105gni\u0119\u0107.<\/li>\n<li>Wydajna bateria: Akumulator USB-C o pojemno\u015bci 620 mAh zapewnia d\u0142ugotrwa\u0142\u0105 wydajno\u015b\u0107.<\/li>\n<li>Elegancki wygl\u0105d: Pokryte gum\u0105 dla wygody, ze stylowym b\u0142yszcz\u0105cym panelem przednim.<\/li>\n<li>Zaawansowany wy\u015bwietlacz: Ekran LCD do monitorowania w czasie rzeczywistym poziomu na\u0142adowania baterii i poziomu e-cieczy.<\/li>\n<li>Innowacyjna technologia cewki: Siatkowa cewka z technologi\u0105 zapobiegaj\u0105c\u0105 przypalaniu zapewnia g\u0142adkie, aromatyczne zaci\u0105gni\u0119cia.<\/li>\n<\/ol>\n<h2>Quick Deteils<\/h2>\n<ul>\n<li>18 ml wst\u0119pnie nape\u0142nionego p\u0142ynu E-Liquid<\/li>\n<li>5%(50mg) Si\u0142a nikotyny<\/li>\n<li>Akumulator 620 mAh<\/li>\n<li>USB typu C (kabel nie wchodzi w sk\u0142ad zestawu)<\/li>\n<li>Oko\u0142o 10000 zaci\u0105gni\u0119\u0107<\/li>\n<li>Siatkowa cewka<\/li>\n<li>Aktywowany rysowaniem<\/li>\n<li>MTL Vaping<\/li>\n<li>Wy\u015bwietlacz baterii i e-p\u0142ynu<\/li>\n<li>Zaawansowana technologia cewek siatkowych<\/li>\n<li>Ochrona przed suchym oparzeniem<\/li>\n<\/ul>\n<p class=\"second-title\">Smaki<\/p>\n<ul>\n<li><b>Straberry Ice<\/b>: Mieszany smak kwa\u015bnej truskawki z nut\u0105 mi\u0119ty.<\/li>\n<li><b>Brzoskwinia Mango<\/b>: Tropikalny raj nami\u0119tnego mango i soczystej brzoskwini<\/li>\n<li><b>L\u00f3d winogronowy<\/b>: Duet cierpkich winogron i ch\u0142odnej mi\u0119ty<\/li>\n<li><b>Grape Cherry<\/b>: Wybuch po zderzeniu s\u0142odkiej wi\u015bni i kwa\u015bnego winogrona<\/li>\n<li><b>Fuji Ice<\/b>: Zimny jak \u015bnieg na g\u00f3rze Fuji i w niczym nie ust\u0119puje mi\u0119t\u00f3wkom.<\/li>\n<li><b>Crazy Berry Cherry<\/b>: Ciesz si\u0119 eksplozj\u0105 s\u0142odkich jag\u00f3d i pikantnych wi\u015bni na swoich kubkach smakowych.<\/li>\n<li><b>Mi\u0119ta jagodowa<\/b>: Klasyczny owocowo-mi\u0119towy smak, kt\u00f3ry jest kwa\u015bny, s\u0142odki i lodowaty.<\/li>\n<li><b>Blueberry Cloudz<\/b>: Dla poszukiwaczy chmur, kt\u00f3rzy lubi\u0105 r\u00f3wnie\u017c s\u0142odkie, kwiatowe jagody.<\/li>\n<li><b>Blue Razz Ice<\/b>: Przygotuj si\u0119 na podmuch niebieskiej maliny<\/li>\n<li><b>L\u00f3d truskawkowy z kiwi<\/b>: Idealne po\u0142\u0105czenie pysznej truskawki i kiwi z trzeci\u0105 mi\u0119t\u0105<\/li>\n<li><b>Miami Mint<\/b>: \u015awie\u017ca mieszanka cytrus\u00f3w z orze\u017awiaj\u0105c\u0105 mi\u0119t\u0105<\/li>\n<li><b>Ananas Truskawka Banan<\/b>: Wspania\u0142e po\u0142\u0105czenie cierpkiego ananasa, soczystej truskawki i dojrza\u0142ego banana.<\/li>\n<li><b>Lemon Lime<\/b>: Ciesz si\u0119 pikantn\u0105 i przepyszn\u0105 uczt\u0105 z cytryny i limonki.<\/li>\n<li><b>Je\u017cyna \u017burawina<\/b>: Przyjemne doznania z waporyzacji z apetyczn\u0105 je\u017cyn\u0105 i smaczn\u0105 \u017curawin\u0105<\/li>\n<\/ul>\n<figure id=\"attachment_15795\" aria-describedby=\"caption-attachment-15795\" style=\"width: 800px\" class=\"wp-caption aligncenter\"><img loading=\"lazy\" decoding=\"async\" class=\"size-full wp-image-15795\" title=\"RabBeats RC10000 Jednorazowa hurtownia Vape Blueberry Mint\" src=\"https:\/\/www.vape4wholesale.com\/wp-content\/uploads\/2024\/05\/RabBeats-RC10000-Disposable-Vape-Wholesale_Blueberry-Mint.jpg\" alt=\"RabBeats RC10000 Jednorazowa hurtownia Vape Blueberry Mint\" width=\"800\" height=\"800\" srcset=\"https:\/\/www.vape4wholesale.com\/wp-content\/uploads\/2024\/05\/RabBeats-RC10000-Disposable-Vape-Wholesale_Blueberry-Mint.jpg 800w, https:\/\/www.vape4wholesale.com\/wp-content\/uploads\/2024\/05\/RabBeats-RC10000-Disposable-Vape-Wholesale_Blueberry-Mint-247x247.jpg 247w, https:\/\/www.vape4wholesale.com\/wp-content\/uploads\/2024\/05\/RabBeats-RC10000-Disposable-Vape-Wholesale_Blueberry-Mint-100x100.jpg 100w, https:\/\/www.vape4wholesale.com\/wp-content\/uploads\/2024\/05\/RabBeats-RC10000-Disposable-Vape-Wholesale_Blueberry-Mint-510x510.jpg 510w, https:\/\/www.vape4wholesale.com\/wp-content\/uploads\/2024\/05\/RabBeats-RC10000-Disposable-Vape-Wholesale_Blueberry-Mint-64x64.jpg 64w, https:\/\/www.vape4wholesale.com\/wp-content\/uploads\/2024\/05\/RabBeats-RC10000-Disposable-Vape-Wholesale_Blueberry-Mint-300x300.jpg 300w, https:\/\/www.vape4wholesale.com\/wp-content\/uploads\/2024\/05\/RabBeats-RC10000-Disposable-Vape-Wholesale_Blueberry-Mint-150x150.jpg 150w, https:\/\/www.vape4wholesale.com\/wp-content\/uploads\/2024\/05\/RabBeats-RC10000-Disposable-Vape-Wholesale_Blueberry-Mint-768x768.jpg 768w\" sizes=\"auto, (max-width: 800px) 100vw, 800px\" \/><figcaption id=\"caption-attachment-15795\" class=\"wp-caption-text\">RabBeats RC10000 Jednorazowa sprzeda\u017c hurtowa Vape<\/figcaption><\/figure>\n<figure id=\"attachment_15805\" aria-describedby=\"caption-attachment-15805\" style=\"width: 1200px\" class=\"wp-caption aligncenter\"><img loading=\"lazy\" decoding=\"async\" class=\"wp-image-15805 size-full\" title=\"RabBeats RC10000 Jednorazowy Vape Przegl\u0105d hurtowy\" src=\"https:\/\/www.vape4wholesale.com\/wp-content\/uploads\/2024\/05\/RabBeats-RC10000-Disposable-Vape-Wholesale-Overview.jpg\" alt=\"RabBeats RC10000 Jednorazowy Vape Przegl\u0105d hurtowy\" width=\"1200\" height=\"1767\" srcset=\"https:\/\/www.vape4wholesale.com\/wp-content\/uploads\/2024\/05\/RabBeats-RC10000-Disposable-Vape-Wholesale-Overview.jpg 1200w, https:\/\/www.vape4wholesale.com\/wp-content\/uploads\/2024\/05\/RabBeats-RC10000-Disposable-Vape-Wholesale-Overview-510x751.jpg 510w, https:\/\/www.vape4wholesale.com\/wp-content\/uploads\/2024\/05\/RabBeats-RC10000-Disposable-Vape-Wholesale-Overview-64x94.jpg 64w, https:\/\/www.vape4wholesale.com\/wp-content\/uploads\/2024\/05\/RabBeats-RC10000-Disposable-Vape-Wholesale-Overview-204x300.jpg 204w, https:\/\/www.vape4wholesale.com\/wp-content\/uploads\/2024\/05\/RabBeats-RC10000-Disposable-Vape-Wholesale-Overview-695x1024.jpg 695w, https:\/\/www.vape4wholesale.com\/wp-content\/uploads\/2024\/05\/RabBeats-RC10000-Disposable-Vape-Wholesale-Overview-768x1131.jpg 768w, https:\/\/www.vape4wholesale.com\/wp-content\/uploads\/2024\/05\/RabBeats-RC10000-Disposable-Vape-Wholesale-Overview-1043x1536.jpg 1043w\" sizes=\"auto, (max-width: 1200px) 100vw, 1200px\" \/><figcaption id=\"caption-attachment-15805\" class=\"wp-caption-text\">RabBeats RC10000 Jednorazowa sprzeda\u017c hurtowa Vape<\/figcaption><\/figure>\n<h2>DLACZEGO MY?<\/h2>\r\n<ul>\r\n<li>Prawdziwe, godne zaufania i profesjonalne \u017ar\u00f3d\u0142o vape.<\/li>\r\n<li>Gwarancja oryginalno\u015bci 100%: Dostarczamy tylko oryginalne i oryginalne produkty, odmawiamy podrabiania.<\/li>\r\n<li>Gwarancja dostawy 100%: U\u017cywamy najlepszej metody wysy\u0142ki, aby zapewni\u0107, \u017ce otrzymasz zam\u00f3wienie 100%.<\/li>\r\n<li>Po wysy\u0142ce podamy numer przesy\u0142ki i etykiet\u0119 wysy\u0142kow\u0105 oraz b\u0119dziemy \u015bledzi\u0107 towary do momentu ich podpisania.<\/li>\r\n<li>Brak problem\u00f3w celnych, brak taryf<\/li>\r\n<\/ul>","protected":false},"excerpt":{"rendered":"<div class=\"wsppc_div_block woocommerce_before_add_to_cart_form\">\r\n<p><strong><span style=\"color: #00a859;\">Ocli\u0107 si\u0119<\/span> przed dostaw\u0105 i 100% Gwarancja Dostawy, Dostawa w oko\u0142o 19\u201325 dni.\u00a0<\/strong><\/p>\r\n<\/div>\n<p><strong>Ze wzgl\u0119du na cz\u0119ste zmiany w zapasach produkt\u00f3w, minimalnej ilo\u015bci zam\u00f3wienia i cenie, prosimy o kontakt przed z\u0142o\u017ceniem zam\u00f3wienia.<\/strong><\/p>","protected":false},"featured_media":15788,"comment_status":"open","ping_status":"closed","template":"","meta":[],"pwb-brand":[1289],"product_cat":[871],"product_tag":[324,808,22,24,60,244],"class_list":{"0":"post-15767","1":"product","2":"type-product","3":"status-publish","4":"has-post-thumbnail","6":"pwb-brand-others","7":"product_cat-10-15k-puffs","8":"product_tag-10000-puffs","9":"product_tag-rabbeats","10":"product_tag-disposable","11":"product_tag-wholesale","12":"product_tag-elf-bar","13":"product_tag-18-0ml","15":"first","16":"instock","17":"shipping-taxable","18":"purchasable","19":"product-type-variable"},"aioseo_notices":[],"brands":[{"id":1289,"name":"Inne","slug":"inni"}],"_links":{"self":[{"href":"https:\/\/www.vape4wholesale.com\/pl\/wp-json\/wp\/v2\/product\/15767","targetHints":{"allow":["GET"]}}],"collection":[{"href":"https:\/\/www.vape4wholesale.com\/pl\/wp-json\/wp\/v2\/product"}],"about":[{"href":"https:\/\/www.vape4wholesale.com\/pl\/wp-json\/wp\/v2\/types\/product"}],"replies":[{"embeddable":true,"href":"https:\/\/www.vape4wholesale.com\/pl\/wp-json\/wp\/v2\/comments?post=15767"}],"wp:featuredmedia":[{"embeddable":true,"href":"https:\/\/www.vape4wholesale.com\/pl\/wp-json\/wp\/v2\/media\/15788"}],"wp:attachment":[{"href":"https:\/\/www.vape4wholesale.com\/pl\/wp-json\/wp\/v2\/media?parent=15767"}],"wp:term":[{"taxonomy":"pwb-brand","embeddable":true,"href":"https:\/\/www.vape4wholesale.com\/pl\/wp-json\/wp\/v2\/pwb-brand?post=15767"},{"taxonomy":"product_cat","embeddable":true,"href":"https:\/\/www.vape4wholesale.com\/pl\/wp-json\/wp\/v2\/product_cat?post=15767"},{"taxonomy":"product_tag","embeddable":true,"href":"https:\/\/www.vape4wholesale.com\/pl\/wp-json\/wp\/v2\/product_tag?post=15767"}],"curies":[{"name":"wp","href":"https:\/\/api.w.org\/{rel}","templated":true}]}}