{"id":15742,"date":"2024-05-19T21:10:00","date_gmt":"2024-05-19T13:10:00","guid":{"rendered":"https:\/\/www.vape4wholesale.com\/?post_type=product&#038;p=15742"},"modified":"2026-01-26T13:41:03","modified_gmt":"2026-01-26T13:41:03","slug":"elf-bar-fs18000-hurtownia-vape-jednorazowego-uzytku","status":"publish","type":"product","link":"https:\/\/www.vape4wholesale.com\/pl\/product\/elf-bar-fs18000-disposable-vape-wholesale","title":{"rendered":"Elf Bar FS18000 Jednorazowy Vape Hurtownia"},"content":{"rendered":"<p>The <b>Elf Bar FS18000 Jednorazowy <\/b>zapocz\u0105tkowuje now\u0105 er\u0119 waporyzacji dzi\u0119ki innowacyjnym regulowanym trybom, podw\u00f3jnemu systemowi cewek siatkowych i \u017cywemu interfejsowi u\u017cytkownika z p\u0142askim ekranem. Do\u015bwiadcz waporyzacji jak nigdy dot\u0105d dzi\u0119ki 18000 zaci\u0105gni\u0119\u0107 i wyborowi spo\u015br\u00f3d 30 kusz\u0105cych smak\u00f3w<\/p>\n<p>Zapewnia najnowsze funkcje, takie jak regulowane tryby waporyzacji i ekran wy\u015bwietlacza z najnowsz\u0105 technologi\u0105. Zbiornik e-juice FS18000 mo\u017ce pomie\u015bci\u0107 du\u017c\u0105 ilo\u015b\u0107 e-liquidu do d\u0142ugotrwa\u0142ej waporyzacji. Podw\u00f3jne cewki siatkowe s\u0105 kluczem do ci\u0105g\u0142ej mocy dla dw\u00f3ch r\u00f3\u017cnych tryb\u00f3w waporyzacji. Tryb Boost zwi\u0119ksza produkcj\u0119 aromatu i wydajno\u015b\u0107 FS18000. Z drugiej strony, tryb Smooth zapewnia wi\u0119ksz\u0105 liczb\u0119 zaci\u0105gni\u0119\u0107 oraz p\u0142ynne i satysfakcjonuj\u0105ce zaci\u0105gni\u0119cia.<\/p>\n<p>Elf Bar FS18000 to nie tylko urz\u0105dzenie vape; to arcydzie\u0142o in\u017cynierii stworzone, aby przekracza\u0107 oczekiwania. Dzi\u0119ki imponuj\u0105cej liczbie zaci\u0105gni\u0119\u0107 wynosz\u0105cej 18000, urz\u0105dzenie to zapewnia d\u0142ugotrwa\u0142\u0105 przyjemno\u015b\u0107 bez konieczno\u015bci cz\u0119stego uzupe\u0142niania lub \u0142adowania. Niezale\u017cnie od tego, czy jeste\u015b do\u015bwiadczonym waperem, czy nowicjuszem w \u015bwiecie wapowania, ELFBAR FS18000 zosta\u0142 zaprojektowany tak, aby zaspokoi\u0107 Twoje potrzeby i preferencje.<\/p>\n<h2 class=\"second-title\"><strong>Elf Bar FS18000 Jednorazowy Vape Cechy:<\/strong><\/h2>\n<ul>\n<li>Wbudowany akumulator<\/li>\n<li>Liczba zaci\u0105gni\u0119\u0107: Oko\u0142o 18000 (tryb Smooth) \/ 10000 zaci\u0105gni\u0119\u0107 (tryb Boost)<\/li>\n<li>Wst\u0119pnie nape\u0142niony E-Juice<\/li>\n<li>R\u00f3\u017cne tryby waporyzacji: Tryb Smooth\/Boost<\/li>\n<li>P\u0142aski ekran z kolorowym interfejsem u\u017cytkownika<\/li>\n<li>Cewka z podw\u00f3jn\u0105 siatk\u0105<\/li>\n<li>5%(50mg) Si\u0142a nikotyny<\/li>\n<li>\u0141adowanie przez USB typu C (brak w zestawie)<\/li>\n<li>Aktywowany rysowaniem<\/li>\n<li>MTL Vaping<\/li>\n<\/ul>\n<h2><strong>Dlaczego jest \u015bwietny?<\/strong><\/h2>\n<ol>\n<li><strong>Podw\u00f3jne tryby waporyzacji:<\/strong>\u00a0Wybierz pomi\u0119dzy trybem Boost dla intensywnego smaku lub trybem Smooth dla wi\u0119kszej liczby zaci\u0105gni\u0119\u0107.<\/li>\n<li><strong>Najnowocze\u015bniejsza cewka z podw\u00f3jn\u0105 siatk\u0105:<\/strong>\u00a0Do\u015bwiadcz sp\u00f3jnej, bogatej pary przy ka\u017cdym zaci\u0105gni\u0119ciu.<\/li>\n<li><strong>Przyjazny dla u\u017cytkownika p\u0142aski ekran:<\/strong>\u00a0Poruszaj si\u0119 po ustawieniach i preferencjach za pomoc\u0105 intuicyjnego i kolorowego interfejsu u\u017cytkownika.<\/li>\n<li><strong>Wska\u017aniki czasu rzeczywistego:<\/strong>\u00a0Czytelne wska\u017aniki poziomu na\u0142adowania baterii i poziomu e-liquidu pozwalaj\u0105 by\u0107 na bie\u017c\u0105co.<\/li>\n<li><strong>Du\u017ca r\u00f3\u017cnorodno\u015b\u0107 smak\u00f3w:<\/strong>\u00a0Rozkoszuj si\u0119 spektrum 30 r\u00f3\u017cnych smak\u00f3w dostosowanych do ka\u017cdego gustu.<\/li>\n<\/ol>\n<h2><strong>Smaki:<\/strong><\/h2>\n<ol>\n<li>\u017burawina<\/li>\n<li>Arbuz Cytryna<\/li>\n<li>Arbuzowy l\u00f3d<\/li>\n<li>Arbuzowa guma balonowa<\/li>\n<li>Winogrono truskawkowe<\/li>\n<li>Kokos z granatem<\/li>\n<li>L\u00f3d brzoskwiniowy<\/li>\n<li>Peach Berry<\/li>\n<li>Pomara\u0144czowy arbuz<\/li>\n<li>Mi\u0119ta cytrynowa<\/li>\n<li>Kiwi Pineapple Ice<\/li>\n<li>Winogrono Malina<\/li>\n<li>L\u00f3d winogronowy<\/li>\n<li>Grape Cherry<\/li>\n<li>Podw\u00f3jne jab\u0142ko<\/li>\n<li>Lemoniada wi\u015bniowo-brzoskwiniowa<\/li>\n<li>Blueberry Razz Lemon<\/li>\n<li>Bor\u00f3wka Malina<\/li>\n<li>L\u00f3d jagodowy<\/li>\n<li>Je\u017cyna \u017burawina<\/li>\n<\/ol>\n<figure id=\"attachment_15766\" aria-describedby=\"caption-attachment-15766\" style=\"width: 606px\" class=\"wp-caption alignnone\"><img loading=\"lazy\" decoding=\"async\" class=\"size-full wp-image-15766\" title=\"Elf Bar FS18000 Jednorazowy Vape Hurtownia (2 szt.)\" src=\"https:\/\/www.vape4wholesale.com\/wp-content\/uploads\/2024\/05\/Elf-Bar-FS18000-Disposable-Vape-Wholesale-2.jpg\" alt=\"Elf Bar FS18000 Jednorazowy Vape Hurtownia (2 szt.)\" width=\"606\" height=\"810\" srcset=\"https:\/\/www.vape4wholesale.com\/wp-content\/uploads\/2024\/05\/Elf-Bar-FS18000-Disposable-Vape-Wholesale-2.jpg 606w, https:\/\/www.vape4wholesale.com\/wp-content\/uploads\/2024\/05\/Elf-Bar-FS18000-Disposable-Vape-Wholesale-2-510x682.jpg 510w, https:\/\/www.vape4wholesale.com\/wp-content\/uploads\/2024\/05\/Elf-Bar-FS18000-Disposable-Vape-Wholesale-2-64x86.jpg 64w, https:\/\/www.vape4wholesale.com\/wp-content\/uploads\/2024\/05\/Elf-Bar-FS18000-Disposable-Vape-Wholesale-2-224x300.jpg 224w\" sizes=\"auto, (max-width: 606px) 100vw, 606px\" \/><figcaption id=\"caption-attachment-15766\" class=\"wp-caption-text\">Elf Bar FS18000 Jednorazowy Vape Hurtownia<\/figcaption><\/figure>\n<h2>DLACZEGO MY?<\/h2>\r\n<ul>\r\n<li>Prawdziwe, godne zaufania i profesjonalne \u017ar\u00f3d\u0142o vape.<\/li>\r\n<li>Gwarancja oryginalno\u015bci 100%: Dostarczamy tylko oryginalne i oryginalne produkty, odmawiamy podrabiania.<\/li>\r\n<li>Gwarancja dostawy 100%: U\u017cywamy najlepszej metody wysy\u0142ki, aby zapewni\u0107, \u017ce otrzymasz zam\u00f3wienie 100%.<\/li>\r\n<li>Po wysy\u0142ce podamy numer przesy\u0142ki i etykiet\u0119 wysy\u0142kow\u0105 oraz b\u0119dziemy \u015bledzi\u0107 towary do momentu ich podpisania.<\/li>\r\n<li>Brak problem\u00f3w celnych, brak taryf<\/li>\r\n<\/ul>","protected":false},"excerpt":{"rendered":"<div class=\"wsppc_div_block woocommerce_before_add_to_cart_form\">\r\n<p><strong><span style=\"color: #00a859;\">Ocli\u0107 si\u0119<\/span> przed dostaw\u0105 i 100% Gwarancja Dostawy, Dostawa w oko\u0142o 19\u201325 dni.\u00a0<\/strong><\/p>\r\n<\/div>\n<p><strong>Ze wzgl\u0119du na cz\u0119ste zmiany w zapasach produkt\u00f3w, minimalnej ilo\u015bci zam\u00f3wienia i cenie, prosimy o kontakt przed z\u0142o\u017ceniem zam\u00f3wienia.<\/strong><\/p>","protected":false},"featured_media":15766,"comment_status":"open","ping_status":"closed","template":"","meta":[],"pwb-brand":[1278],"product_cat":[872],"product_tag":[22,24,60,557,719],"class_list":{"0":"post-15742","1":"product","2":"type-product","3":"status-publish","4":"has-post-thumbnail","6":"pwb-brand-elf-bar","7":"product_cat-15k-20k-puffs","8":"product_tag-disposable","9":"product_tag-wholesale","10":"product_tag-elf-bar","11":"product_tag-23-0ml","12":"product_tag-18000-puffs","14":"first","15":"instock","16":"shipping-taxable","17":"purchasable","18":"product-type-variable"},"aioseo_notices":[],"brands":[{"id":1278,"name":"Elf bar","slug":"elf-bar"}],"_links":{"self":[{"href":"https:\/\/www.vape4wholesale.com\/pl\/wp-json\/wp\/v2\/product\/15742","targetHints":{"allow":["GET"]}}],"collection":[{"href":"https:\/\/www.vape4wholesale.com\/pl\/wp-json\/wp\/v2\/product"}],"about":[{"href":"https:\/\/www.vape4wholesale.com\/pl\/wp-json\/wp\/v2\/types\/product"}],"replies":[{"embeddable":true,"href":"https:\/\/www.vape4wholesale.com\/pl\/wp-json\/wp\/v2\/comments?post=15742"}],"wp:featuredmedia":[{"embeddable":true,"href":"https:\/\/www.vape4wholesale.com\/pl\/wp-json\/wp\/v2\/media\/15766"}],"wp:attachment":[{"href":"https:\/\/www.vape4wholesale.com\/pl\/wp-json\/wp\/v2\/media?parent=15742"}],"wp:term":[{"taxonomy":"pwb-brand","embeddable":true,"href":"https:\/\/www.vape4wholesale.com\/pl\/wp-json\/wp\/v2\/pwb-brand?post=15742"},{"taxonomy":"product_cat","embeddable":true,"href":"https:\/\/www.vape4wholesale.com\/pl\/wp-json\/wp\/v2\/product_cat?post=15742"},{"taxonomy":"product_tag","embeddable":true,"href":"https:\/\/www.vape4wholesale.com\/pl\/wp-json\/wp\/v2\/product_tag?post=15742"}],"curies":[{"name":"wp","href":"https:\/\/api.w.org\/{rel}","templated":true}]}}