{"id":15675,"date":"2025-10-29T18:51:50","date_gmt":"2025-10-29T10:51:50","guid":{"rendered":"https:\/\/www.vape4wholesale.com\/?post_type=product&#038;p=15675"},"modified":"2026-03-19T19:01:42","modified_gmt":"2026-03-19T11:01:42","slug":"elf-bar-gh23000-hurtownia-vape-jednorazowego-uzytku","status":"publish","type":"product","link":"https:\/\/www.vape4wholesale.com\/pl\/product\/elf-bar-gh23000-disposable-vape-wholesale","title":{"rendered":"Elf Bar GH23000 Jednorazowa sprzeda\u017c hurtowa Vape"},"content":{"rendered":"<p>Jednorazowy waporyzator Elf Bar GH23000 zapewnia niezr\u00f3wnane wra\u017cenia z wapowania dzi\u0119ki prze\u0142omowej pojemno\u015bci 23 tys. zaci\u0105gni\u0119\u0107 oraz zintegrowanemu systemowi regulacji powietrza i ci\u015bnienia. To \u0142adowalne urz\u0105dzenie mo\u017ce pochwali\u0107 si\u0119 du\u017cym cyfrowym ekranem bocznym tuby i urzekaj\u0105cym monochromatycznym niebieskim pod\u015bwietleniem pier\u015bcienia zewn\u0119trznego, wyznaczaj\u0105c nowy standard dla jednorazowych waporyzator\u00f3w.<\/p>\n<h2><strong>Elf Bar GH23000 Informacje o produkcie:<\/strong><\/h2>\n<ul>\n<li>Ogromna pojemno\u015b\u0107 na sok Vape: Poka\u017ana pojemno\u015b\u0107 23 ml e-liquidu.<\/li>\n<li>System cewek z potr\u00f3jn\u0105 siatk\u0105: Zapewnia doskona\u0142y smak i produkcj\u0119 pary.<\/li>\n<li>Zmienne ustawienia zaci\u0105gni\u0119\u0107: Trzy ustawienia biegu do regulacji liczby zaci\u0105gni\u0119\u0107 - 23K, 17K i 12K.<\/li>\n<li>Bateria o du\u017cej pojemno\u015bci: Wyposa\u017cony w bateri\u0119 850 mAh i \u0142adowanie typu C.<\/li>\n<li>Zaawansowany ekran boczny: Du\u017cy cyfrowy wy\u015bwietlacz lampowy u\u0142atwiaj\u0105cy monitorowanie.<\/li>\n<li>Personalizacja przep\u0142ywu powietrza i ci\u015bnienia: Zintegrowany system pozwalaj\u0105cy na dostosowanie wra\u017ce\u0144 z waporyzacji.<\/li>\n<li>Stylowy wygl\u0105d: Posiada zewn\u0119trzny pier\u015bcie\u0144 z monochromatycznym niebieskim \u015bwiat\u0142em.<\/li>\n<li>Szeroki wyb\u00f3r smak\u00f3w: Wybieraj spo\u015br\u00f3d 15 wy\u015bmienitych smak\u00f3w.<\/li>\n<\/ul>\n<h2><strong>Smaki:<\/strong><\/h2>\n<ol>\n<li>L\u00f3d winogronowy<\/li>\n<li>Green Apple Ice<\/li>\n<li>Arbuzowy l\u00f3d<\/li>\n<li>L\u00f3d jagodowo-malinowy<\/li>\n<li>Banan truskawkowy<\/li>\n<li>Arbuz Wi\u015bnia<\/li>\n<li>Malina Arbuz Cytryna<\/li>\n<li>Green Plum Sour Lime<\/li>\n<li>Jab\u0142ko Gruszka<\/li>\n<li>Jasmine Raspberry<\/li>\n<li>Polar Mint<\/li>\n<li>Fioletowa mi\u0119ta<\/li>\n<li>Guma balonowa truskawkowo-arbuzowa<\/li>\n<li>Kwa\u015bne cukierki arbuzowe<\/li>\n<li>Cherry Cola<\/li>\n<\/ol>\n<h2><strong>Szczeg\u00f3\u0142y pakowania<\/strong><\/h2>\n<p>1szt\/opakowanie<br data-filtered=\"filtered\" \/>10 opakowa\u0144\/pude\u0142ko<br data-filtered=\"filtered\" \/>200 sztuk\/karton<\/p>\n<p><strong>Wymiar:<\/strong><br \/>\n58*29*14cm<br \/>\n24 kg\/karton<\/p>\n<figure id=\"attachment_15692\" aria-describedby=\"caption-attachment-15692\" style=\"width: 800px\" class=\"wp-caption alignnone\"><img loading=\"lazy\" decoding=\"async\" class=\"size-full wp-image-15692\" title=\"ELF BAR GH23000 Jednorazowa sprzeda\u017c hurtowa Vape (4)\" src=\"https:\/\/www.vape4wholesale.com\/wp-content\/uploads\/2024\/05\/ELF-BAR-GH23000-Disposable-Vape-Wholesale-4.webp\" alt=\"ELF BAR GH23000 Jednorazowa sprzeda\u017c hurtowa Vape (4)\" width=\"800\" height=\"644\" srcset=\"https:\/\/www.vape4wholesale.com\/wp-content\/uploads\/2024\/05\/ELF-BAR-GH23000-Disposable-Vape-Wholesale-4.webp 800w, https:\/\/www.vape4wholesale.com\/wp-content\/uploads\/2024\/05\/ELF-BAR-GH23000-Disposable-Vape-Wholesale-4-510x411.webp 510w\" sizes=\"auto, (max-width: 800px) 100vw, 800px\" \/><figcaption id=\"caption-attachment-15692\" class=\"wp-caption-text\">ELF BAR GH23000 Jednorazowa sprzeda\u017c hurtowa Vape<\/figcaption><\/figure>\n<h2>DLACZEGO MY?<\/h2>\r\n<ul>\r\n<li>Prawdziwe, godne zaufania i profesjonalne \u017ar\u00f3d\u0142o vape.<\/li>\r\n<li>Gwarancja oryginalno\u015bci 100%: Dostarczamy tylko oryginalne i oryginalne produkty, odmawiamy podrabiania.<\/li>\r\n<li>Gwarancja dostawy 100%: U\u017cywamy najlepszej metody wysy\u0142ki, aby zapewni\u0107, \u017ce otrzymasz zam\u00f3wienie 100%.<\/li>\r\n<li>Po wysy\u0142ce podamy numer przesy\u0142ki i etykiet\u0119 wysy\u0142kow\u0105 oraz b\u0119dziemy \u015bledzi\u0107 towary do momentu ich podpisania.<\/li>\r\n<li>Brak problem\u00f3w celnych, brak taryf<\/li>\r\n<\/ul>","protected":false},"excerpt":{"rendered":"<p><b><span style=\"color: #00a859;\">Darmowa dostawa<\/span>\u00a0z europejskiego magazynu, czas dostawy 7-15 dni roboczych.<\/b><\/p>\r\n<div class=\"wsppc_div_block woocommerce_before_add_to_cart_form\">\r\n<p><strong>Odprawa celna przed dostaw\u0105 i 100% Gwarancja Dostawy<\/strong><\/p>\r\n<\/div>","protected":false},"featured_media":26773,"comment_status":"open","ping_status":"closed","template":"","meta":[],"pwb-brand":[1278],"product_cat":[938],"product_tag":[22,24,60,557,780],"class_list":{"0":"post-15675","1":"product","2":"type-product","3":"status-publish","4":"has-post-thumbnail","6":"pwb-brand-elf-bar","7":"product_cat-europe-warehouse","8":"product_tag-disposable","9":"product_tag-wholesale","10":"product_tag-elf-bar","11":"product_tag-23-0ml","12":"product_tag-23000-puffs","13":"product_shipping_class-eu-warehouse","15":"first","16":"instock","17":"shipping-taxable","18":"purchasable","19":"product-type-variable"},"aioseo_notices":[],"brands":[{"id":1278,"name":"Elf bar","slug":"elf-bar"}],"_links":{"self":[{"href":"https:\/\/www.vape4wholesale.com\/pl\/wp-json\/wp\/v2\/product\/15675","targetHints":{"allow":["GET"]}}],"collection":[{"href":"https:\/\/www.vape4wholesale.com\/pl\/wp-json\/wp\/v2\/product"}],"about":[{"href":"https:\/\/www.vape4wholesale.com\/pl\/wp-json\/wp\/v2\/types\/product"}],"replies":[{"embeddable":true,"href":"https:\/\/www.vape4wholesale.com\/pl\/wp-json\/wp\/v2\/comments?post=15675"}],"wp:featuredmedia":[{"embeddable":true,"href":"https:\/\/www.vape4wholesale.com\/pl\/wp-json\/wp\/v2\/media\/26773"}],"wp:attachment":[{"href":"https:\/\/www.vape4wholesale.com\/pl\/wp-json\/wp\/v2\/media?parent=15675"}],"wp:term":[{"taxonomy":"pwb-brand","embeddable":true,"href":"https:\/\/www.vape4wholesale.com\/pl\/wp-json\/wp\/v2\/pwb-brand?post=15675"},{"taxonomy":"product_cat","embeddable":true,"href":"https:\/\/www.vape4wholesale.com\/pl\/wp-json\/wp\/v2\/product_cat?post=15675"},{"taxonomy":"product_tag","embeddable":true,"href":"https:\/\/www.vape4wholesale.com\/pl\/wp-json\/wp\/v2\/product_tag?post=15675"}],"curies":[{"name":"wp","href":"https:\/\/api.w.org\/{rel}","templated":true}]}}