{"id":15573,"date":"2024-04-17T22:26:53","date_gmt":"2024-04-17T14:26:53","guid":{"rendered":"https:\/\/www.vape4wholesale.com\/?post_type=product&#038;p=15573"},"modified":"2026-01-26T13:41:07","modified_gmt":"2026-01-26T13:41:07","slug":"lavie-plus-15000-jednorazowe-vape-hurtownia","status":"publish","type":"product","link":"https:\/\/www.vape4wholesale.com\/pl\/product\/lavie-plus-15000-disposable-vape-wholesale","title":{"rendered":"Lavie Plus 15000 Jednorazowa sprzeda\u017c hurtowa Vape"},"content":{"rendered":"<p>Lavie Plus 15000 to rewolucyjne jednorazowe urz\u0105dzenie vape opracowane i wyprodukowane przez Lavie przy u\u017cyciu najnowocze\u015bniejszej technologii, mo\u017ce osi\u0105gn\u0105\u0107 do 15000 zaci\u0105gni\u0119\u0107, wyposa\u017cone w akumulator 650 mAh. Dzi\u0119ki du\u017cej pojemno\u015bci 25 ml e-liquidu i kusz\u0105cej gamie 12 smak\u00f3w do wyboru, Lavie Plus 15000 zapewnia aromatyczne doznania za ka\u017cdym razem.<\/p>\n<p>Lavie Plus 15000 jest dost\u0119pny w dw\u00f3ch r\u00f3\u017cnych trybach: Tryb \"Normal\" zasilany pojedyncz\u0105 cewk\u0105 siatkow\u0105, ka\u017cde zaci\u0105gni\u0119cie zapewnia zniuansowane smaki i delikatne chmury. Model \"Pulse+\" wzmacnia go moc\u0105 podw\u00f3jnej cewki siatkowej.<\/p>\n<p>Zam\u00f3w hurtowo nasz szeroki wyb\u00f3r 12 smak\u00f3w Lavie Plus 15000 Puffs w najlepszej cenie hurtowej i szybkiej wysy\u0142ce!<\/p>\n<h2><strong>Lavie Plus 15000 jednorazowy Vape Szczeg\u00f3\u0142y:<\/strong><\/h2>\n<ul>\n<li>25 ml wst\u0119pnie nape\u0142nionego p\u0142ynu E-Liquid<\/li>\n<li>5% Moc nikotyny<\/li>\n<li>Akumulator 650 mAh<\/li>\n<li>Do 15000 zaci\u0105gni\u0119\u0107<\/li>\n<li>\u0141adowanie typu C<\/li>\n<\/ul>\n<h2><strong>Dost\u0119pne upominki:<\/strong><\/h2>\n<ol>\n<li>R\u00f3\u017cowa Lemoniada<\/li>\n<li>Arbuzowy l\u00f3d<\/li>\n<li>Meksyk Mango<\/li>\n<li>Tropical Rainbow Blast<\/li>\n<li>Mango truskawkowe<\/li>\n<li>Blue Razz Ice<\/li>\n<li>Miami Mint<\/li>\n<li>Soczysty brzoskwiniowy l\u00f3d<\/li>\n<li>L\u00f3d z kwa\u015bnego jab\u0142ka<\/li>\n<li>Wi\u015bnia kalifornijska<\/li>\n<li>Cukierki ananasowe z mango<\/li>\n<li>Meta Moon<\/li>\n<\/ol>\n<h2><strong>Szczeg\u00f3\u0142y pakowania:<\/strong><\/h2>\n<ul>\n<li>1szt\/opakowanie<\/li>\n<li>10 opakowa\u0144\/pude\u0142ko<\/li>\n<li>200 sztuk\/karton<\/li>\n<li>20 kg\/karton<\/li>\n<\/ul>\n<figure id=\"attachment_15586\" aria-describedby=\"caption-attachment-15586\" style=\"width: 800px\" class=\"wp-caption alignnone\"><img loading=\"lazy\" decoding=\"async\" class=\"wp-image-15586 size-full\" title=\"LAVIE PLUS 15000 Puffs Jednorazowe Vape Hurtownia Smak\u00f3w\" src=\"https:\/\/www.vape4wholesale.com\/wp-content\/uploads\/2024\/04\/LAVIE-PLUS-15000-Puffs-Disposable-Vape-Wholesale-Flavors.webp\" alt=\"LAVIE PLUS 15000 Puffs Jednorazowe Vape Hurtownia Smak\u00f3w\" width=\"800\" height=\"1298\" srcset=\"https:\/\/www.vape4wholesale.com\/wp-content\/uploads\/2024\/04\/LAVIE-PLUS-15000-Puffs-Disposable-Vape-Wholesale-Flavors.webp 800w, https:\/\/www.vape4wholesale.com\/wp-content\/uploads\/2024\/04\/LAVIE-PLUS-15000-Puffs-Disposable-Vape-Wholesale-Flavors-510x827.webp 510w, https:\/\/www.vape4wholesale.com\/wp-content\/uploads\/2024\/04\/LAVIE-PLUS-15000-Puffs-Disposable-Vape-Wholesale-Flavors-64x104.webp 64w, https:\/\/www.vape4wholesale.com\/wp-content\/uploads\/2024\/04\/LAVIE-PLUS-15000-Puffs-Disposable-Vape-Wholesale-Flavors-185x300.webp 185w, https:\/\/www.vape4wholesale.com\/wp-content\/uploads\/2024\/04\/LAVIE-PLUS-15000-Puffs-Disposable-Vape-Wholesale-Flavors-631x1024.webp 631w, https:\/\/www.vape4wholesale.com\/wp-content\/uploads\/2024\/04\/LAVIE-PLUS-15000-Puffs-Disposable-Vape-Wholesale-Flavors-768x1246.webp 768w\" sizes=\"auto, (max-width: 800px) 100vw, 800px\" \/><figcaption id=\"caption-attachment-15586\" class=\"wp-caption-text\">LAVIE PLUS 15000 Puffs Jednorazowe Vape Hurtownia Wszystkie smaki<\/figcaption><\/figure>\n<h2>DLACZEGO MY?<\/h2>\r\n<ul>\r\n<li>Prawdziwe, godne zaufania i profesjonalne \u017ar\u00f3d\u0142o vape.<\/li>\r\n<li>Gwarancja oryginalno\u015bci 100%: Dostarczamy tylko oryginalne i oryginalne produkty, odmawiamy podrabiania.<\/li>\r\n<li>Gwarancja dostawy 100%: U\u017cywamy najlepszej metody wysy\u0142ki, aby zapewni\u0107, \u017ce otrzymasz zam\u00f3wienie 100%.<\/li>\r\n<li>Po wysy\u0142ce podamy numer przesy\u0142ki i etykiet\u0119 wysy\u0142kow\u0105 oraz b\u0119dziemy \u015bledzi\u0107 towary do momentu ich podpisania.<\/li>\r\n<li>Brak problem\u00f3w celnych, brak taryf<\/li>\r\n<\/ul>","protected":false},"excerpt":{"rendered":"<div class=\"wsppc_div_block woocommerce_before_add_to_cart_form\">\r\n<p><strong><span style=\"color: #00a859;\">Ocli\u0107 si\u0119<\/span> przed dostaw\u0105 i 100% Gwarancja Dostawy, Dostawa w oko\u0142o 19\u201325 dni.\u00a0<\/strong><\/p>\r\n<\/div>","protected":false},"featured_media":15574,"comment_status":"open","ping_status":"closed","template":"","meta":[],"pwb-brand":[1277],"product_cat":[872],"product_tag":[22,24,37,684,692],"class_list":{"0":"post-15573","1":"product","2":"type-product","3":"status-publish","4":"has-post-thumbnail","6":"pwb-brand-lavie","7":"product_cat-15k-20k-puffs","8":"product_tag-disposable","9":"product_tag-wholesale","10":"product_tag-lavie","11":"product_tag-15000-puffs","12":"product_tag-25-0ml","13":"wcpa_has_options","15":"first","16":"instock","17":"shipping-taxable","18":"purchasable","19":"product-type-variable"},"aioseo_notices":[],"brands":[{"id":1277,"name":"Lavie","slug":"lavie"}],"_links":{"self":[{"href":"https:\/\/www.vape4wholesale.com\/pl\/wp-json\/wp\/v2\/product\/15573","targetHints":{"allow":["GET"]}}],"collection":[{"href":"https:\/\/www.vape4wholesale.com\/pl\/wp-json\/wp\/v2\/product"}],"about":[{"href":"https:\/\/www.vape4wholesale.com\/pl\/wp-json\/wp\/v2\/types\/product"}],"replies":[{"embeddable":true,"href":"https:\/\/www.vape4wholesale.com\/pl\/wp-json\/wp\/v2\/comments?post=15573"}],"wp:featuredmedia":[{"embeddable":true,"href":"https:\/\/www.vape4wholesale.com\/pl\/wp-json\/wp\/v2\/media\/15574"}],"wp:attachment":[{"href":"https:\/\/www.vape4wholesale.com\/pl\/wp-json\/wp\/v2\/media?parent=15573"}],"wp:term":[{"taxonomy":"pwb-brand","embeddable":true,"href":"https:\/\/www.vape4wholesale.com\/pl\/wp-json\/wp\/v2\/pwb-brand?post=15573"},{"taxonomy":"product_cat","embeddable":true,"href":"https:\/\/www.vape4wholesale.com\/pl\/wp-json\/wp\/v2\/product_cat?post=15573"},{"taxonomy":"product_tag","embeddable":true,"href":"https:\/\/www.vape4wholesale.com\/pl\/wp-json\/wp\/v2\/product_tag?post=15573"}],"curies":[{"name":"wp","href":"https:\/\/api.w.org\/{rel}","templated":true}]}}