{"id":15543,"date":"2024-04-16T11:06:31","date_gmt":"2024-04-16T03:06:31","guid":{"rendered":"https:\/\/www.vape4wholesale.com\/?post_type=product&#038;p=15543"},"modified":"2026-01-26T13:41:10","modified_gmt":"2026-01-26T13:41:10","slug":"vapme-crown-bar-pro-max-shisha-18000-jednorazowe-vape-hurtownia","status":"publish","type":"product","link":"https:\/\/www.vape4wholesale.com\/pl\/produkt\/vapme-crown-bar-pro-max-shisha-18000-jednorazowe-vape-hurtownia","title":{"rendered":"Vapme Crown Bar Pro Max Shisha 18000 Jednorazowa sprzeda\u017c hurtowa Vape"},"content":{"rendered":"<p>Vapme Crown Bar Pro Max to \u0142adnie zaprojektowany vape Shisha DTL, zbudowany z akumulatora 850 mah i 25 ml eliquidu. Moc nikotyny 0\/2%\/3%\/5% do wyboru.<\/p>\n<p>Obs\u0142uguje do 18000 zaci\u0105gni\u0119\u0107, a po pe\u0142nym na\u0142adowaniu mo\u017cesz cieszy\u0107 si\u0119 wspania\u0142ymi wra\u017ceniami z waporyzacji.<\/p>\n<p>Zam\u00f3w hurtowo nasz szeroki wyb\u00f3r 12 <strong>Vapme Crown Bar Pro Max Shisha 18000<\/strong> smaki w najlepszej cenie hurtowej i z szybk\u0105 wysy\u0142k\u0105!<\/p>\n<h2><strong>Vapme Crown Bar Pro Max Shisha 18000 Szybkie szczeg\u00f3\u0142y:<\/strong><\/h2>\n<ul>\n<li>Puffy: 18000 Puff\u00f3w<\/li>\n<li>Nikotyna: 0%, 2%, 3%, 5%<\/li>\n<li>Pojemno\u015b\u0107 e-soku: 25 ML<\/li>\n<li>Bateria: 850 mAh (z mo\u017cliwo\u015bci\u0105 \u0142adowania)<\/li>\n<li>Port \u0142adowania: Typ C<\/li>\n<li>Op\u00f3r: 0.6\u03a9<\/li>\n<\/ul>\n<h2><strong>Dost\u0119pne smaki\uff1a<\/strong><\/h2>\n<ol>\n<li>Lush Ice<\/li>\n<li>Berry Ice<\/li>\n<li>Guma jagodowa<\/li>\n<li>Wi\u015bniowa fiesta<\/li>\n<li>Poncz winogronowy<\/li>\n<li>Arbuz truskawkowy<\/li>\n<li>Mango Freeze<\/li>\n<li>Poncz truskawkowy<\/li>\n<li>S\u0142odki marakuja<\/li>\n<li>Bor\u00f3wka Malina<\/li>\n<li>Podw\u00f3jne jab\u0142ko<\/li>\n<li>Love 66<\/li>\n<\/ol>\n<h2><strong>Zawarto\u015b\u0107 opakowania:<\/strong><\/h2>\n<ul>\n<li>10 sztuk \/ \u015brednie pude\u0142ko.<\/li>\n<li>200 sztuk\/karton<\/li>\n<li>20 kg\/karton<\/li>\n<\/ul>\n<figure id=\"attachment_15544\" aria-describedby=\"caption-attachment-15544\" style=\"width: 800px\" class=\"wp-caption alignnone\"><img loading=\"lazy\" decoding=\"async\" class=\"size-full wp-image-15544\" title=\"Vapme Crown Bar Pro Max 18000 Jednorazowy Vapewholesale (2)\" src=\"https:\/\/www.vape4wholesale.com\/wp-content\/uploads\/2024\/04\/Vapme-Crown-Bar-Pro-Max-18000-Disposable-Vapewholesale-2.webp\" alt=\"Vapme Crown Bar Pro Max 18000 Jednorazowy Vapewholesale (2)\" width=\"800\" height=\"800\" srcset=\"https:\/\/www.vape4wholesale.com\/wp-content\/uploads\/2024\/04\/Vapme-Crown-Bar-Pro-Max-18000-Disposable-Vapewholesale-2.webp 800w, https:\/\/www.vape4wholesale.com\/wp-content\/uploads\/2024\/04\/Vapme-Crown-Bar-Pro-Max-18000-Disposable-Vapewholesale-2-247x247.webp 247w, https:\/\/www.vape4wholesale.com\/wp-content\/uploads\/2024\/04\/Vapme-Crown-Bar-Pro-Max-18000-Disposable-Vapewholesale-2-100x100.webp 100w, https:\/\/www.vape4wholesale.com\/wp-content\/uploads\/2024\/04\/Vapme-Crown-Bar-Pro-Max-18000-Disposable-Vapewholesale-2-510x510.webp 510w, https:\/\/www.vape4wholesale.com\/wp-content\/uploads\/2024\/04\/Vapme-Crown-Bar-Pro-Max-18000-Disposable-Vapewholesale-2-64x64.webp 64w, https:\/\/www.vape4wholesale.com\/wp-content\/uploads\/2024\/04\/Vapme-Crown-Bar-Pro-Max-18000-Disposable-Vapewholesale-2-300x300.webp 300w, https:\/\/www.vape4wholesale.com\/wp-content\/uploads\/2024\/04\/Vapme-Crown-Bar-Pro-Max-18000-Disposable-Vapewholesale-2-150x150.webp 150w, https:\/\/www.vape4wholesale.com\/wp-content\/uploads\/2024\/04\/Vapme-Crown-Bar-Pro-Max-18000-Disposable-Vapewholesale-2-768x768.webp 768w\" sizes=\"auto, (max-width: 800px) 100vw, 800px\" \/><figcaption id=\"caption-attachment-15544\" class=\"wp-caption-text\">Vapme Crown Bar Pro Max 18000 Jednorazowy Vapewholesale<\/figcaption><\/figure>\n<h2>DLACZEGO MY?<\/h2>\r\n<ul>\r\n<li>Prawdziwe, godne zaufania i profesjonalne \u017ar\u00f3d\u0142o vape.<\/li>\r\n<li>Gwarancja oryginalno\u015bci 100%: Dostarczamy tylko oryginalne i oryginalne produkty, odmawiamy podrabiania.<\/li>\r\n<li>Gwarancja dostawy 100%: U\u017cywamy najlepszej metody wysy\u0142ki, aby zapewni\u0107, \u017ce otrzymasz zam\u00f3wienie 100%.<\/li>\r\n<li>Po wysy\u0142ce podamy numer przesy\u0142ki i etykiet\u0119 wysy\u0142kow\u0105 oraz b\u0119dziemy \u015bledzi\u0107 towary do momentu ich podpisania.<\/li>\r\n<li>Brak problem\u00f3w celnych, brak taryf<\/li>\r\n<\/ul>","protected":false},"excerpt":{"rendered":"<div class=\"wsppc_div_block woocommerce_before_add_to_cart_form\">\r\n<p><strong><span style=\"color: #00a859;\">Clear customs<\/span> before delivery &amp; 100% Delivery Guarantee, Delivery in 19~25 days around.\u00a0<\/strong><\/p>\r\n<\/div>","protected":false},"featured_media":15563,"comment_status":"open","ping_status":"closed","template":"","meta":[],"pwb-brand":[1290],"product_cat":[872],"product_tag":[22,24,692,696,719],"class_list":{"0":"post-15543","1":"product","2":"type-product","3":"status-publish","4":"has-post-thumbnail","6":"pwb-brand-vapme","7":"product_cat-15k-20k-puffs","8":"product_tag-disposable","9":"product_tag-wholesale","10":"product_tag-25-0ml","11":"product_tag-vapme","12":"product_tag-18000-puffs","13":"wcpa_has_options","15":"first","16":"outofstock","17":"shipping-taxable","18":"purchasable","19":"product-type-variable"},"aioseo_notices":[],"brands":[{"id":1290,"name":"Vapme","slug":"vapme"}],"_links":{"self":[{"href":"https:\/\/www.vape4wholesale.com\/pl\/wp-json\/wp\/v2\/product\/15543","targetHints":{"allow":["GET"]}}],"collection":[{"href":"https:\/\/www.vape4wholesale.com\/pl\/wp-json\/wp\/v2\/product"}],"about":[{"href":"https:\/\/www.vape4wholesale.com\/pl\/wp-json\/wp\/v2\/types\/product"}],"replies":[{"embeddable":true,"href":"https:\/\/www.vape4wholesale.com\/pl\/wp-json\/wp\/v2\/comments?post=15543"}],"wp:featuredmedia":[{"embeddable":true,"href":"https:\/\/www.vape4wholesale.com\/pl\/wp-json\/wp\/v2\/media\/15563"}],"wp:attachment":[{"href":"https:\/\/www.vape4wholesale.com\/pl\/wp-json\/wp\/v2\/media?parent=15543"}],"wp:term":[{"taxonomy":"pwb-brand","embeddable":true,"href":"https:\/\/www.vape4wholesale.com\/pl\/wp-json\/wp\/v2\/pwb-brand?post=15543"},{"taxonomy":"product_cat","embeddable":true,"href":"https:\/\/www.vape4wholesale.com\/pl\/wp-json\/wp\/v2\/product_cat?post=15543"},{"taxonomy":"product_tag","embeddable":true,"href":"https:\/\/www.vape4wholesale.com\/pl\/wp-json\/wp\/v2\/product_tag?post=15543"}],"curies":[{"name":"wp","href":"https:\/\/api.w.org\/{rel}","templated":true}]}}