{"id":15476,"date":"2024-04-11T12:20:52","date_gmt":"2024-04-11T04:20:52","guid":{"rendered":"https:\/\/www.vape4wholesale.com\/?post_type=product&#038;p=15476"},"modified":"2026-01-26T13:41:14","modified_gmt":"2026-01-26T13:41:14","slug":"elf-bar-bc15000-hurtownia-vape-jednorazowego-uzytku","status":"publish","type":"product","link":"https:\/\/www.vape4wholesale.com\/pl\/product\/elf-bar-bc15000-disposable-vape-wholesale","title":{"rendered":"Elf Bar BC15000 Jednorazowy Vape Hurtownia"},"content":{"rendered":"<p>Elf bar BC15000 to najnowocze\u015bniejszy jednorazowy vape z akumulatorem 650 mAh i wst\u0119pnie nape\u0142nionym zbiornikiem e-liquidu o pojemno\u015bci 23 ml, zapewniaj\u0105cym do 15 000 zaci\u0105gni\u0119\u0107. Innowacyjny pasek post\u0119pu z wy\u015bwietlaczem zasilania oferuje u\u017cytkownikom informacje zwrotne w czasie rzeczywistym na temat zu\u017cycia energii<\/p>\n<p>Elfbar BC15000 oferuje dwa r\u00f3\u017cne tryby - \"Smooth\" dla satysfakcjonuj\u0105cego zaci\u0105gania si\u0119 i \"Turbo\" dla g\u0119stej produkcji pary. Jego kompaktowa, ale mocna konstrukcja zapewnia wygodne, wysokiej jako\u015bci doznania podczas waporyzacji.<br \/>\nZam\u00f3w hurtowo nasze 15 ekskluzywnych smak\u00f3w Elf Bar BC15000 w bezkonkurencyjnych cenach hurtowych z szybk\u0105 wysy\u0142k\u0105.<\/p>\n<h2><strong>Elf Bar BC15000 Jednorazowy Vape Cechy:<\/strong><\/h2>\n<ul>\n<li>Marka: Elf Bar<\/li>\n<li>Typ: BC15000<\/li>\n<li>Puffy: 15000 Puff\u00f3w<\/li>\n<li>Nikotyna: 5%<\/li>\n<li>Pojemno\u015b\u0107 e-soku: 23 ML<\/li>\n<li>Pojemno\u015b\u0107 baterii: 650 mAh (z mo\u017cliwo\u015bci\u0105 \u0142adowania)<\/li>\n<li>Port \u0142adowania: Typ C<\/li>\n<\/ul>\n<h2><strong>Dost\u0119pne smaki\uff1a<\/strong><\/h2>\n<ol>\n<li>Blackberry Cherry<\/li>\n<li>Blue Razz Ice<\/li>\n<li>Cherry Lime<\/li>\n<li>\u017burawina winogronowa<\/li>\n<li>L\u00f3d winogronowy<\/li>\n<li>Kiwi Passionfruit Guava<\/li>\n<li>Brzoskwinia Mango Arbuz<\/li>\n<li>Ananas Smoczy owoc Grejpfrut<\/li>\n<li>Kwa\u015bne jab\u0142ko<\/li>\n<li>Banan truskawkowy<\/li>\n<li>Truskawka Kiwi<\/li>\n<li>Mi\u0119ta pieprzowa<\/li>\n<li>Arbuzowy l\u00f3d<\/li>\n<li>Kiwi Ananas Brzoskwinia<\/li>\n<li>Grejpfrut Marakuja<\/li>\n<\/ol>\n<h2><strong>Szczeg\u00f3\u0142y pakowania<\/strong><\/h2>\n<p>1szt\/opakowanie<br data-filtered=\"filtered\" \/>10 opakowa\u0144\/pude\u0142ko<br data-filtered=\"filtered\" \/>200 sztuk\/karton<\/p>\n<p><strong>Wymiar:<\/strong><br data-filtered=\"filtered\" \/>55,5*29,5*27,5 cm<br data-filtered=\"filtered\" \/>26 kg\/karton<\/p>\n<figure id=\"attachment_15493\" aria-describedby=\"caption-attachment-15493\" style=\"width: 800px\" class=\"wp-caption alignnone\"><img loading=\"lazy\" decoding=\"async\" class=\"wp-image-15493 size-full\" title=\"Elf Bar BC15000 Jednorazowy Vape Hurtownia Kwa\u015bne Jab\u0142ko 15000 Puff\u00f3w\" src=\"https:\/\/www.vape4wholesale.com\/wp-content\/uploads\/2024\/04\/Elf-Bar-BC15000-Disposable-Vape-Wholesale-Sour-Apple-15000-Puffs.webp\" alt=\"Elf Bar BC15000 Jednorazowy Vape Hurtownia Kwa\u015bne Jab\u0142ko 15000 Puff\u00f3w\" width=\"800\" height=\"800\" srcset=\"https:\/\/www.vape4wholesale.com\/wp-content\/uploads\/2024\/04\/Elf-Bar-BC15000-Disposable-Vape-Wholesale-Sour-Apple-15000-Puffs.webp 800w, https:\/\/www.vape4wholesale.com\/wp-content\/uploads\/2024\/04\/Elf-Bar-BC15000-Disposable-Vape-Wholesale-Sour-Apple-15000-Puffs-247x247.webp 247w, https:\/\/www.vape4wholesale.com\/wp-content\/uploads\/2024\/04\/Elf-Bar-BC15000-Disposable-Vape-Wholesale-Sour-Apple-15000-Puffs-100x100.webp 100w, https:\/\/www.vape4wholesale.com\/wp-content\/uploads\/2024\/04\/Elf-Bar-BC15000-Disposable-Vape-Wholesale-Sour-Apple-15000-Puffs-510x510.webp 510w, https:\/\/www.vape4wholesale.com\/wp-content\/uploads\/2024\/04\/Elf-Bar-BC15000-Disposable-Vape-Wholesale-Sour-Apple-15000-Puffs-64x64.webp 64w, https:\/\/www.vape4wholesale.com\/wp-content\/uploads\/2024\/04\/Elf-Bar-BC15000-Disposable-Vape-Wholesale-Sour-Apple-15000-Puffs-300x300.webp 300w, https:\/\/www.vape4wholesale.com\/wp-content\/uploads\/2024\/04\/Elf-Bar-BC15000-Disposable-Vape-Wholesale-Sour-Apple-15000-Puffs-150x150.webp 150w, https:\/\/www.vape4wholesale.com\/wp-content\/uploads\/2024\/04\/Elf-Bar-BC15000-Disposable-Vape-Wholesale-Sour-Apple-15000-Puffs-768x768.webp 768w\" sizes=\"auto, (max-width: 800px) 100vw, 800px\" \/><figcaption id=\"caption-attachment-15493\" class=\"wp-caption-text\">Elf Bar BC15000 Jednorazowy Vape Hurtownia<\/figcaption><\/figure>\n<h2>DLACZEGO MY?<\/h2>\r\n<ul>\r\n<li>Prawdziwe, godne zaufania i profesjonalne \u017ar\u00f3d\u0142o vape.<\/li>\r\n<li>Gwarancja oryginalno\u015bci 100%: Dostarczamy tylko oryginalne i oryginalne produkty, odmawiamy podrabiania.<\/li>\r\n<li>Gwarancja dostawy 100%: U\u017cywamy najlepszej metody wysy\u0142ki, aby zapewni\u0107, \u017ce otrzymasz zam\u00f3wienie 100%.<\/li>\r\n<li>Po wysy\u0142ce podamy numer przesy\u0142ki i etykiet\u0119 wysy\u0142kow\u0105 oraz b\u0119dziemy \u015bledzi\u0107 towary do momentu ich podpisania.<\/li>\r\n<li>Brak problem\u00f3w celnych, brak taryf<\/li>\r\n<\/ul>","protected":false},"excerpt":{"rendered":"<div class=\"wsppc_div_block woocommerce_before_add_to_cart_form\">\r\n<p><strong><span style=\"color: #00a859;\">Ocli\u0107 si\u0119<\/span> przed dostaw\u0105 i 100% Gwarancja Dostawy, Dostawa w oko\u0142o 19\u201325 dni.\u00a0<\/strong><\/p>\r\n<\/div>\n<p><strong>Ze wzgl\u0119du na cz\u0119ste zmiany w zapasach produkt\u00f3w, minimalnej ilo\u015bci zam\u00f3wienia i cenie, prosimy o kontakt przed z\u0142o\u017ceniem zam\u00f3wienia.<\/strong><\/p>","protected":false},"featured_media":15493,"comment_status":"open","ping_status":"closed","template":"","meta":[],"pwb-brand":[1278],"product_cat":[872],"product_tag":[60,557,684,22,24],"class_list":{"0":"post-15476","1":"product","2":"type-product","3":"status-publish","4":"has-post-thumbnail","6":"pwb-brand-elf-bar","7":"product_cat-15k-20k-puffs","8":"product_tag-elf-bar","9":"product_tag-23-0ml","10":"product_tag-15000-puffs","11":"product_tag-disposable","12":"product_tag-wholesale","14":"first","15":"instock","16":"shipping-taxable","17":"purchasable","18":"product-type-variable"},"aioseo_notices":[],"brands":[{"id":1278,"name":"Elf bar","slug":"elf-bar"}],"_links":{"self":[{"href":"https:\/\/www.vape4wholesale.com\/pl\/wp-json\/wp\/v2\/product\/15476","targetHints":{"allow":["GET"]}}],"collection":[{"href":"https:\/\/www.vape4wholesale.com\/pl\/wp-json\/wp\/v2\/product"}],"about":[{"href":"https:\/\/www.vape4wholesale.com\/pl\/wp-json\/wp\/v2\/types\/product"}],"replies":[{"embeddable":true,"href":"https:\/\/www.vape4wholesale.com\/pl\/wp-json\/wp\/v2\/comments?post=15476"}],"wp:featuredmedia":[{"embeddable":true,"href":"https:\/\/www.vape4wholesale.com\/pl\/wp-json\/wp\/v2\/media\/15493"}],"wp:attachment":[{"href":"https:\/\/www.vape4wholesale.com\/pl\/wp-json\/wp\/v2\/media?parent=15476"}],"wp:term":[{"taxonomy":"pwb-brand","embeddable":true,"href":"https:\/\/www.vape4wholesale.com\/pl\/wp-json\/wp\/v2\/pwb-brand?post=15476"},{"taxonomy":"product_cat","embeddable":true,"href":"https:\/\/www.vape4wholesale.com\/pl\/wp-json\/wp\/v2\/product_cat?post=15476"},{"taxonomy":"product_tag","embeddable":true,"href":"https:\/\/www.vape4wholesale.com\/pl\/wp-json\/wp\/v2\/product_tag?post=15476"}],"curies":[{"name":"wp","href":"https:\/\/api.w.org\/{rel}","templated":true}]}}