{"id":15324,"date":"2023-01-13T11:02:43","date_gmt":"2023-01-13T03:02:43","guid":{"rendered":"https:\/\/www.vape4wholesale.com\/?post_type=product&#038;p=15324"},"modified":"2026-01-26T13:43:08","modified_gmt":"2026-01-26T13:43:08","slug":"lavie-bar-1600-puffs-jednorazowe-vape-hurtownia","status":"publish","type":"product","link":"https:\/\/www.vape4wholesale.com\/pl\/product\/lavie-bar-1600-puffs-disposable-vape-wholesale","title":{"rendered":"Lavie Bar 1600 Puffs Jednorazowa sprzeda\u017c hurtowa Vape"},"content":{"rendered":"<p>Lavie Bar 1600 to stylowo zaprojektowany jednorazowy waporyzator z wbudowan\u0105 bateri\u0105 o du\u017cej pojemno\u015bci 800 mAh i pojemno\u015bci\u0105 5,3 ml e-liquidu na 1600 zaci\u0105gni\u0119\u0107 o g\u0142adkim smaku i uroczym, kompaktowym rozmiarze, kt\u00f3ry jest \u0142atwy do przenoszenia i zapewnia smaczniejsze doznania z waporyzacji.<\/p>\n<p>Zam\u00f3w hurtowo nasz szeroki wyb\u00f3r 8 smak\u00f3w Lavie Bar 1600 w najlepszej cenie hurtowej i szybkiej wysy\u0142ce!<\/p>\n<h2><strong>Lavie Bar 1600 Jednorazowe Specyfikacje Vape:<\/strong><\/h2>\n<p>Marka:Lavie<\/p>\n<p>Puffy:1600 Puff\u00f3w jest dost\u0119pnych na urz\u0105dzenie<\/p>\n<p>Nicotine:0%\/2%\/5%<\/p>\n<p>Pojemno\u015b\u0107 e-soku: 5,3 ml<\/p>\n<p>Bateria: 800 mAh<\/p>\n<p>&nbsp;<\/p>\n<h2>Smaki<\/h2>\n<ol>\n<li>Wata cukrowa<\/li>\n<li>Truskawka Coco Ananas<\/li>\n<li>Mango Ice<\/li>\n<li>L\u00f3d brzoskwiniowy<\/li>\n<li>Arbuzowy l\u00f3d<\/li>\n<li>Mixed Berry<\/li>\n<li>Winogrono Pomara\u0144cza Jab\u0142ko<\/li>\n<li>Pomara\u0144cza Mango Guawa<\/li>\n<\/ol>\n<p>&nbsp;<\/p>\n<h2>Pakowanie i waga<\/h2>\n<p>0,05 kg\/sztuka, 10 sztuk\/\u015brednie pude\u0142ko.<\/p>\n<p>300 SZTUK \/ karton zbiorczy, 17,5 kg w kartonie<\/p>\n<figure id=\"attachment_15325\" aria-describedby=\"caption-attachment-15325\" style=\"width: 800px\" class=\"wp-caption alignnone\"><img loading=\"lazy\" decoding=\"async\" class=\"size-full wp-image-15325\" title=\"Lavie Bar 1600 Puffs Jednorazowa sprzeda\u017c hurtowa Vape\" src=\"https:\/\/www.vape4wholesale.com\/wp-content\/uploads\/2024\/03\/Lavie-Bar-1600-Puffs-Disposable-Vape-Wholesale.jpg\" alt=\"Lavie Bar 1600 Puffs Jednorazowa sprzeda\u017c hurtowa Vape\" width=\"800\" height=\"800\" srcset=\"https:\/\/www.vape4wholesale.com\/wp-content\/uploads\/2024\/03\/Lavie-Bar-1600-Puffs-Disposable-Vape-Wholesale.jpg 800w, https:\/\/www.vape4wholesale.com\/wp-content\/uploads\/2024\/03\/Lavie-Bar-1600-Puffs-Disposable-Vape-Wholesale-247x247.jpg 247w, https:\/\/www.vape4wholesale.com\/wp-content\/uploads\/2024\/03\/Lavie-Bar-1600-Puffs-Disposable-Vape-Wholesale-100x100.jpg 100w, https:\/\/www.vape4wholesale.com\/wp-content\/uploads\/2024\/03\/Lavie-Bar-1600-Puffs-Disposable-Vape-Wholesale-510x510.jpg 510w, https:\/\/www.vape4wholesale.com\/wp-content\/uploads\/2024\/03\/Lavie-Bar-1600-Puffs-Disposable-Vape-Wholesale-64x64.jpg 64w, https:\/\/www.vape4wholesale.com\/wp-content\/uploads\/2024\/03\/Lavie-Bar-1600-Puffs-Disposable-Vape-Wholesale-300x300.jpg 300w, https:\/\/www.vape4wholesale.com\/wp-content\/uploads\/2024\/03\/Lavie-Bar-1600-Puffs-Disposable-Vape-Wholesale-150x150.jpg 150w, https:\/\/www.vape4wholesale.com\/wp-content\/uploads\/2024\/03\/Lavie-Bar-1600-Puffs-Disposable-Vape-Wholesale-768x768.jpg 768w\" sizes=\"auto, (max-width: 800px) 100vw, 800px\" \/><figcaption id=\"caption-attachment-15325\" class=\"wp-caption-text\">Lavie Bar 1600 Puffs Jednorazowa sprzeda\u017c hurtowa Vape<\/figcaption><\/figure>","protected":false},"excerpt":{"rendered":"[scf-template id=&#8217;11434&#8242;]\n","protected":false},"featured_media":15325,"comment_status":"open","ping_status":"closed","template":"","meta":[],"pwb-brand":[1277],"product_cat":[48],"product_tag":[22,24,37,43,753],"class_list":{"0":"post-15324","1":"product","2":"type-product","3":"status-publish","4":"has-post-thumbnail","6":"pwb-brand-lavie","7":"product_cat-below-2000-puffs","8":"product_tag-disposable","9":"product_tag-wholesale","10":"product_tag-lavie","11":"product_tag-1600-puffs","12":"product_tag-5-3ml","13":"wcpa_has_options","15":"first","16":"outofstock","17":"shipping-taxable","18":"purchasable","19":"product-type-variable"},"aioseo_notices":[],"brands":[{"id":1277,"name":"Lavie","slug":"lavie"}],"_links":{"self":[{"href":"https:\/\/www.vape4wholesale.com\/pl\/wp-json\/wp\/v2\/product\/15324","targetHints":{"allow":["GET"]}}],"collection":[{"href":"https:\/\/www.vape4wholesale.com\/pl\/wp-json\/wp\/v2\/product"}],"about":[{"href":"https:\/\/www.vape4wholesale.com\/pl\/wp-json\/wp\/v2\/types\/product"}],"replies":[{"embeddable":true,"href":"https:\/\/www.vape4wholesale.com\/pl\/wp-json\/wp\/v2\/comments?post=15324"}],"wp:featuredmedia":[{"embeddable":true,"href":"https:\/\/www.vape4wholesale.com\/pl\/wp-json\/wp\/v2\/media\/15325"}],"wp:attachment":[{"href":"https:\/\/www.vape4wholesale.com\/pl\/wp-json\/wp\/v2\/media?parent=15324"}],"wp:term":[{"taxonomy":"pwb-brand","embeddable":true,"href":"https:\/\/www.vape4wholesale.com\/pl\/wp-json\/wp\/v2\/pwb-brand?post=15324"},{"taxonomy":"product_cat","embeddable":true,"href":"https:\/\/www.vape4wholesale.com\/pl\/wp-json\/wp\/v2\/product_cat?post=15324"},{"taxonomy":"product_tag","embeddable":true,"href":"https:\/\/www.vape4wholesale.com\/pl\/wp-json\/wp\/v2\/product_tag?post=15324"}],"curies":[{"name":"wp","href":"https:\/\/api.w.org\/{rel}","templated":true}]}}