{"id":15236,"date":"2024-02-29T22:53:23","date_gmt":"2024-02-29T14:53:23","guid":{"rendered":"https:\/\/www.vape4wholesale.com\/?post_type=product&#038;p=15236"},"modified":"2026-01-26T13:41:21","modified_gmt":"2026-01-26T13:41:21","slug":"elf-bar-raya-d1-13000-puffow-jednorazowe-vape-hurtownia","status":"publish","type":"product","link":"https:\/\/www.vape4wholesale.com\/pl\/product\/elf-bar-raya-d1-13000-puffs-disposable-vape-wholesale","title":{"rendered":"Elf Bar Raya D1 13000 Puffs Jednorazowy Vape Hurtownia"},"content":{"rendered":"<p>Elfbar Raya D1 jest wyposa\u017cony w 13 000 puff\u00f3w, co jest najnowocze\u015bniejszym jednorazowym urz\u0105dzeniem kapsu\u0142kowym zaprojektowanym z my\u015bl\u0105 o przed\u0142u\u017conym i satysfakcjonuj\u0105cym do\u015bwiadczeniu waporyzacji. Dzi\u0119ki imponuj\u0105cej pojemno\u015bci puff\u00f3w, urz\u0105dzenie to zapewnia d\u0142ugotrwa\u0142\u0105 i aromatyczn\u0105 podr\u00f3\u017c. Dzi\u0119ki innowacyjnej technologii Elfbar zapewnia bezproblemowe i wygodne rozwi\u0105zanie do waporyzacji. Wariant Raya D1 oferuje zachwycaj\u0105c\u0105 mieszank\u0119 smak\u00f3w arbuza i spadzi, zapewniaj\u0105c orze\u017awiaj\u0105cy i przyjemny profil smakowy. Idealny dla u\u017cytkownik\u00f3w poszukuj\u0105cych jednorazowej opcji z du\u017c\u0105 ilo\u015bci\u0105 zaci\u0105gni\u0119\u0107, Elfbar Raya D1 obiecuje wci\u0105gaj\u0105c\u0105 sesj\u0119 waporyzacji przy ka\u017cdym zaci\u0105gni\u0119ciu.<\/p>\n<p>Zawiera 50 mg nikotyny do wyboru, zam\u00f3w hurtowo nasz szeroki wyb\u00f3r 23 smak\u00f3w Elf Bar Raya D1 13000 w najlepszej cenie hurtowej i szybkiej wysy\u0142ce!<\/p>\n<h2><strong>Elf Bar Raya D1 13000 Szybki szczeg\u00f3\u0142<\/strong><\/h2>\n<ul>\n<li>Pojemno\u015b\u0107 e-liquidu: 18 ml<\/li>\n<li>Pojemno\u015b\u0107 baterii: 650 mAh<\/li>\n<li>Puffy: Do 13000<\/li>\n<li>Moc nikotyny: 50 mg\/ml<\/li>\n<li>Wy\u015bwietlacz LED: Power &amp; Eliquid<\/li>\n<li>Akumulator typu C<\/li>\n<\/ul>\n<h2><strong>Dost\u0119pne smaki Elf Bar Raya D1<\/strong><\/h2>\n<p>1.Americano Ice<br \/>\n2.Apple Ice<br \/>\n3.Blueberry Gami<br \/>\n4. l\u00f3d jagodowy<br \/>\n5.Grape Ice<br \/>\n6.Miami Mint<br \/>\n7.Peach Ice<br \/>\n8. l\u00f3d ananasowy<br \/>\n9.L\u00f3d truskawkowy<br \/>\n10.Tyto\u0144<br \/>\n11.arbuzowy l\u00f3d<br \/>\n12.je\u017cyna \u017curawina<br \/>\n13.Blue Razz Ice<br \/>\n14.Blueberry Mint<br \/>\n15.wi\u015bniowy arbuz<br \/>\n16.Double Mango<br \/>\n17.Grape Cherry<br \/>\n18.Lemon Lime<br \/>\n19.Brzoskwinia Mango<br \/>\n20.ananas truskawka banan<br \/>\n21.Red Berry Cherry<br \/>\n22.banan truskawkowy<br \/>\n23.Strawberry Kiwi Ice<\/p>\n<h2><strong>Szczeg\u00f3\u0142y pakowania<\/strong><\/h2>\n<p>1szt\/opakowanie<br \/>\n10 opakowa\u0144\/pude\u0142ko<br \/>\n200 sztuk\/karton<\/p>\n<p>Wymiar: 56*28*24cm<br \/>\n26 kg\/karton<\/p>\n<figure id=\"attachment_15240\" aria-describedby=\"caption-attachment-15240\" style=\"width: 600px\" class=\"wp-caption alignnone\"><img loading=\"lazy\" decoding=\"async\" class=\"wp-image-15240 size-full\" title=\"Elf Bar Raya D1 13000 Puffs Jednorazowy Vape Hurtownia\" src=\"https:\/\/www.vape4wholesale.com\/wp-content\/uploads\/2024\/02\/Elf-Bar-Raya-D1-13000-Disposable-Vape-Wholesale-2.png\" alt=\"Elf Bar Raya D1 13000 Puffs Jednorazowy Vape Hurtownia\" width=\"600\" height=\"600\" srcset=\"https:\/\/www.vape4wholesale.com\/wp-content\/uploads\/2024\/02\/Elf-Bar-Raya-D1-13000-Disposable-Vape-Wholesale-2.png 600w, https:\/\/www.vape4wholesale.com\/wp-content\/uploads\/2024\/02\/Elf-Bar-Raya-D1-13000-Disposable-Vape-Wholesale-2-247x247.png 247w, https:\/\/www.vape4wholesale.com\/wp-content\/uploads\/2024\/02\/Elf-Bar-Raya-D1-13000-Disposable-Vape-Wholesale-2-100x100.png 100w, https:\/\/www.vape4wholesale.com\/wp-content\/uploads\/2024\/02\/Elf-Bar-Raya-D1-13000-Disposable-Vape-Wholesale-2-510x510.png 510w, https:\/\/www.vape4wholesale.com\/wp-content\/uploads\/2024\/02\/Elf-Bar-Raya-D1-13000-Disposable-Vape-Wholesale-2-64x64.png 64w, https:\/\/www.vape4wholesale.com\/wp-content\/uploads\/2024\/02\/Elf-Bar-Raya-D1-13000-Disposable-Vape-Wholesale-2-300x300.png 300w, https:\/\/www.vape4wholesale.com\/wp-content\/uploads\/2024\/02\/Elf-Bar-Raya-D1-13000-Disposable-Vape-Wholesale-2-150x150.png 150w\" sizes=\"auto, (max-width: 600px) 100vw, 600px\" \/><figcaption id=\"caption-attachment-15240\" class=\"wp-caption-text\">Elf Bar Raya D1 13000 Puffs Jednorazowy Vape Hurtownia<\/figcaption><\/figure>\n<h2>DLACZEGO MY?<\/h2>\r\n<ul>\r\n<li>Prawdziwe, godne zaufania i profesjonalne \u017ar\u00f3d\u0142o vape.<\/li>\r\n<li>Gwarancja oryginalno\u015bci 100%: Dostarczamy tylko oryginalne i oryginalne produkty, odmawiamy podrabiania.<\/li>\r\n<li>Gwarancja dostawy 100%: U\u017cywamy najlepszej metody wysy\u0142ki, aby zapewni\u0107, \u017ce otrzymasz zam\u00f3wienie 100%.<\/li>\r\n<li>Po wysy\u0142ce podamy numer przesy\u0142ki i etykiet\u0119 wysy\u0142kow\u0105 oraz b\u0119dziemy \u015bledzi\u0107 towary do momentu ich podpisania.<\/li>\r\n<li>Brak problem\u00f3w celnych, brak taryf<\/li>\r\n<\/ul>","protected":false},"excerpt":{"rendered":"<div class=\"wsppc_div_block woocommerce_before_add_to_cart_form\">\r\n<p><strong><span style=\"color: #00a859;\">Ocli\u0107 si\u0119<\/span> przed dostaw\u0105 i 100% Gwarancja Dostawy, Dostawa w oko\u0142o 19\u201325 dni.\u00a0<\/strong><\/p>\r\n<\/div>\n<p><strong>Ze wzgl\u0119du na cz\u0119ste zmiany w zapasach produkt\u00f3w, minimalnej ilo\u015bci zam\u00f3wienia i cenie, prosimy o kontakt przed z\u0142o\u017ceniem zam\u00f3wienia.<\/strong><\/p>","protected":false},"featured_media":15241,"comment_status":"open","ping_status":"closed","template":"","meta":[],"pwb-brand":[1278],"product_cat":[871],"product_tag":[22,24,60,244,737],"class_list":{"0":"post-15236","1":"product","2":"type-product","3":"status-publish","4":"has-post-thumbnail","6":"pwb-brand-elf-bar","7":"product_cat-10-15k-puffs","8":"product_tag-disposable","9":"product_tag-wholesale","10":"product_tag-elf-bar","11":"product_tag-18-0ml","12":"product_tag-13000-puffs","14":"first","15":"instock","16":"shipping-taxable","17":"purchasable","18":"product-type-variable"},"aioseo_notices":[],"brands":[{"id":1278,"name":"Elf bar","slug":"elf-bar"}],"_links":{"self":[{"href":"https:\/\/www.vape4wholesale.com\/pl\/wp-json\/wp\/v2\/product\/15236","targetHints":{"allow":["GET"]}}],"collection":[{"href":"https:\/\/www.vape4wholesale.com\/pl\/wp-json\/wp\/v2\/product"}],"about":[{"href":"https:\/\/www.vape4wholesale.com\/pl\/wp-json\/wp\/v2\/types\/product"}],"replies":[{"embeddable":true,"href":"https:\/\/www.vape4wholesale.com\/pl\/wp-json\/wp\/v2\/comments?post=15236"}],"wp:featuredmedia":[{"embeddable":true,"href":"https:\/\/www.vape4wholesale.com\/pl\/wp-json\/wp\/v2\/media\/15241"}],"wp:attachment":[{"href":"https:\/\/www.vape4wholesale.com\/pl\/wp-json\/wp\/v2\/media?parent=15236"}],"wp:term":[{"taxonomy":"pwb-brand","embeddable":true,"href":"https:\/\/www.vape4wholesale.com\/pl\/wp-json\/wp\/v2\/pwb-brand?post=15236"},{"taxonomy":"product_cat","embeddable":true,"href":"https:\/\/www.vape4wholesale.com\/pl\/wp-json\/wp\/v2\/product_cat?post=15236"},{"taxonomy":"product_tag","embeddable":true,"href":"https:\/\/www.vape4wholesale.com\/pl\/wp-json\/wp\/v2\/product_tag?post=15236"}],"curies":[{"name":"wp","href":"https:\/\/api.w.org\/{rel}","templated":true}]}}