{"id":15125,"date":"2024-02-27T22:49:31","date_gmt":"2024-02-27T14:49:31","guid":{"rendered":"https:\/\/www.vape4wholesale.com\/?post_type=product&#038;p=15125"},"modified":"2026-01-26T13:41:29","modified_gmt":"2026-01-26T13:41:29","slug":"hurtownia-jednorazowych-vape-bang-18000-puffow","status":"publish","type":"product","link":"https:\/\/www.vape4wholesale.com\/pl\/product\/bang-18000-puffs-disposable-vape-wholesale","title":{"rendered":"Bang 18000 Puffs Jednorazowa sprzeda\u017c hurtowa Vape"},"content":{"rendered":"<p>Jednorazowy Vape Bang 18000 Puffs posiada dwa tryby pracy (regularny i pulsacyjny), zawiera 16 ml eliquidu z akumulatorem 650 mAh i jest wyposa\u017cony w cewk\u0119 siatkow\u0105 1,2 oma.<\/p>\n<p>0\/20\/50mg nikotyny do wyboru, Zam\u00f3w hurtowo nasz szeroki wyb\u00f3r 12 smak\u00f3w Bang 18000 Puffs w najlepszej cenie hurtowej i szybkiej wysy\u0142ce!<\/p>\n<h2><strong>Bang 18000 Puffs jednorazowe Vape Szybkie szczeg\u00f3\u0142y<\/strong><\/h2>\n<ul>\n<li>Puffy: 18000<\/li>\n<li>Pojemno\u015b\u0107 baterii: 650 mAh<\/li>\n<li>Pojemno\u015b\u0107 e-cieczy: 16 ml<\/li>\n<li>Zawarto\u015b\u0107 nikotyny: 0\/20\/50mg S\u00f3l Nikotynowa<\/li>\n<li>Opakowanie: 10 sztuk w 1 pude\u0142ku ekspozycyjnym<\/li>\n<li>Wy\u015bwietlacz LED<\/li>\n<\/ul>\n<p>&nbsp;<\/p>\n<h2><strong>Dost\u0119pne smaki<\/strong><\/h2>\n<ol>\n<li>Blue Razz Lce<\/li>\n<li>Wi\u015bniowa bomba<\/li>\n<li>L\u00f3d winogronowy<\/li>\n<li>Soczysty brzoskwiniowy l\u00f3d<\/li>\n<li>Brzoskwinia Mango<\/li>\n<li>L\u00f3d z kwa\u015bnego jab\u0142ka<\/li>\n<li>Banan truskawkowy<\/li>\n<li>Mango truskawkowe<\/li>\n<li>Arbuz truskawkowy<\/li>\n<li>Triple Berry Ice<\/li>\n<li>Owoce tropikalne<\/li>\n<li>Arbuzowy l\u00f3d<\/li>\n<\/ol>\n<h2><strong>Zawarto\u015b\u0107 opakowania:<\/strong><\/h2>\n<ul>\n<li>10 sztuk \/ \u015brednie pude\u0142ko.<\/li>\n<li>200 sztuk\/karton<\/li>\n<li>26,0 kg\/karton<\/li>\n<\/ul>\n<figure id=\"attachment_15139\" aria-describedby=\"caption-attachment-15139\" style=\"width: 800px\" class=\"wp-caption alignnone\"><img loading=\"lazy\" decoding=\"async\" class=\"size-full wp-image-15139\" title=\"Bang 18000 Puffs Jednorazowa sprzeda\u017c hurtowa Vape\" src=\"https:\/\/www.vape4wholesale.com\/wp-content\/uploads\/2024\/02\/Bang-18000-Puffs-Disposable-Vape-Wholesale-2.jpg\" alt=\"Bang 18000 Puffs Jednorazowa sprzeda\u017c hurtowa Vape\" width=\"800\" height=\"800\" srcset=\"https:\/\/www.vape4wholesale.com\/wp-content\/uploads\/2024\/02\/Bang-18000-Puffs-Disposable-Vape-Wholesale-2.jpg 800w, https:\/\/www.vape4wholesale.com\/wp-content\/uploads\/2024\/02\/Bang-18000-Puffs-Disposable-Vape-Wholesale-2-247x247.jpg 247w, https:\/\/www.vape4wholesale.com\/wp-content\/uploads\/2024\/02\/Bang-18000-Puffs-Disposable-Vape-Wholesale-2-100x100.jpg 100w, https:\/\/www.vape4wholesale.com\/wp-content\/uploads\/2024\/02\/Bang-18000-Puffs-Disposable-Vape-Wholesale-2-510x510.jpg 510w, https:\/\/www.vape4wholesale.com\/wp-content\/uploads\/2024\/02\/Bang-18000-Puffs-Disposable-Vape-Wholesale-2-64x64.jpg 64w, https:\/\/www.vape4wholesale.com\/wp-content\/uploads\/2024\/02\/Bang-18000-Puffs-Disposable-Vape-Wholesale-2-300x300.jpg 300w, https:\/\/www.vape4wholesale.com\/wp-content\/uploads\/2024\/02\/Bang-18000-Puffs-Disposable-Vape-Wholesale-2-150x150.jpg 150w, https:\/\/www.vape4wholesale.com\/wp-content\/uploads\/2024\/02\/Bang-18000-Puffs-Disposable-Vape-Wholesale-2-768x768.jpg 768w\" sizes=\"auto, (max-width: 800px) 100vw, 800px\" \/><figcaption id=\"caption-attachment-15139\" class=\"wp-caption-text\">Bang 18000 Puffs Jednorazowa sprzeda\u017c hurtowa Vape<\/figcaption><\/figure>\n<h2>DLACZEGO MY?<\/h2>\r\n<ul>\r\n<li>Prawdziwe, godne zaufania i profesjonalne \u017ar\u00f3d\u0142o vape.<\/li>\r\n<li>Gwarancja oryginalno\u015bci 100%: Dostarczamy tylko oryginalne i oryginalne produkty, odmawiamy podrabiania.<\/li>\r\n<li>Gwarancja dostawy 100%: U\u017cywamy najlepszej metody wysy\u0142ki, aby zapewni\u0107, \u017ce otrzymasz zam\u00f3wienie 100%.<\/li>\r\n<li>Po wysy\u0142ce podamy numer przesy\u0142ki i etykiet\u0119 wysy\u0142kow\u0105 oraz b\u0119dziemy \u015bledzi\u0107 towary do momentu ich podpisania.<\/li>\r\n<li>Brak problem\u00f3w celnych, brak taryf<\/li>\r\n<\/ul>","protected":false},"excerpt":{"rendered":"<div class=\"wsppc_div_block woocommerce_before_add_to_cart_form\">\r\n<p><strong><span style=\"color: #00a859;\">Ocli\u0107 si\u0119<\/span> przed dostaw\u0105 i 100% Gwarancja Dostawy, Dostawa w oko\u0142o 19\u201325 dni.\u00a0<\/strong><\/p>\r\n<\/div>","protected":false},"featured_media":15142,"comment_status":"open","ping_status":"closed","template":"","meta":[],"pwb-brand":[1275],"product_cat":[872],"product_tag":[22,24,249,342,719],"class_list":{"0":"post-15125","1":"product","2":"type-product","3":"status-publish","4":"has-post-thumbnail","6":"pwb-brand-bang","7":"product_cat-15k-20k-puffs","8":"product_tag-disposable","9":"product_tag-wholesale","10":"product_tag-bang","11":"product_tag-16-0ml","12":"product_tag-18000-puffs","13":"wcpa_has_options","15":"first","16":"instock","17":"shipping-taxable","18":"purchasable","19":"product-type-variable"},"aioseo_notices":[],"brands":[{"id":1275,"name":"Bang","slug":"huk"}],"_links":{"self":[{"href":"https:\/\/www.vape4wholesale.com\/pl\/wp-json\/wp\/v2\/product\/15125","targetHints":{"allow":["GET"]}}],"collection":[{"href":"https:\/\/www.vape4wholesale.com\/pl\/wp-json\/wp\/v2\/product"}],"about":[{"href":"https:\/\/www.vape4wholesale.com\/pl\/wp-json\/wp\/v2\/types\/product"}],"replies":[{"embeddable":true,"href":"https:\/\/www.vape4wholesale.com\/pl\/wp-json\/wp\/v2\/comments?post=15125"}],"wp:featuredmedia":[{"embeddable":true,"href":"https:\/\/www.vape4wholesale.com\/pl\/wp-json\/wp\/v2\/media\/15142"}],"wp:attachment":[{"href":"https:\/\/www.vape4wholesale.com\/pl\/wp-json\/wp\/v2\/media?parent=15125"}],"wp:term":[{"taxonomy":"pwb-brand","embeddable":true,"href":"https:\/\/www.vape4wholesale.com\/pl\/wp-json\/wp\/v2\/pwb-brand?post=15125"},{"taxonomy":"product_cat","embeddable":true,"href":"https:\/\/www.vape4wholesale.com\/pl\/wp-json\/wp\/v2\/product_cat?post=15125"},{"taxonomy":"product_tag","embeddable":true,"href":"https:\/\/www.vape4wholesale.com\/pl\/wp-json\/wp\/v2\/product_tag?post=15125"}],"curies":[{"name":"wp","href":"https:\/\/api.w.org\/{rel}","templated":true}]}}