{"id":15054,"date":"2024-01-25T20:11:59","date_gmt":"2024-01-25T12:11:59","guid":{"rendered":"https:\/\/www.vape4wholesale.com\/?post_type=product&#038;p=15054"},"modified":"2026-01-26T13:41:33","modified_gmt":"2026-01-26T13:41:33","slug":"oco-sol-nikotynowa-eliquid-hurtownia","status":"publish","type":"product","link":"https:\/\/www.vape4wholesale.com\/pl\/product\/oco-salt-nicotine-eliquid-wholesale","title":{"rendered":"OCO Salt Nicotine Eliquid Sprzeda\u017c hurtowa"},"content":{"rendered":"<p>Eliquid OCO Salt Nicotine jest zasilany przez Lavie vape, s\u0105 to starannie opracowane eliquidy o przyjemnych smakach, dost\u0119pne w 30 ml na butelk\u0119.<\/p>\n<p>30 mg\/50 mg nikotyny do wyboru, zam\u00f3w hurtowo nasz szeroki wyb\u00f3r 12 smak\u00f3w OCO Salt Nicotine Eliquid w najlepszej cenie hurtowej i szybkiej wysy\u0142ce!<\/p>\n<p>&nbsp;<\/p>\n<h2>Dost\u0119pne smaki:<\/h2>\n<ol>\n<li>Arbuzowy l\u00f3d<\/li>\n<li>L\u00f3d winogronowy<\/li>\n<li>Mango Ice<\/li>\n<li>Arbuz truskawkowy<\/li>\n<li>L\u00f3d jagodowy<\/li>\n<li>L\u00f3d brzoskwiniowy<\/li>\n<li>Mango truskawkowe<\/li>\n<li>Mi\u0119ta<\/li>\n<li>L\u00f3d z czarnej porzeczki<\/li>\n<li>Lemon Cola Ice<\/li>\n<li>Herbata ja\u015bminowa<\/li>\n<li>Guava Ice<\/li>\n<\/ol>\n<p>&nbsp;<\/p>\n<p><span style=\"font-size: 150%\"><strong>Szczeg\u00f3\u0142y pakowania:<\/strong><\/span><\/p>\n<p class=\"mceTemp\">WYMIARY: 300x324x346 mm<br \/>\n200 sztuk\/karton<br \/>\nGW:12 KG<\/p>\n<figure id=\"attachment_15070\" aria-describedby=\"caption-attachment-15070\" style=\"width: 800px\" class=\"wp-caption alignnone\"><img loading=\"lazy\" decoding=\"async\" class=\"size-full wp-image-15070\" title=\"OCO Salt Nicotine Eliquid Sprzeda\u017c hurtowa (4)\" src=\"https:\/\/www.vape4wholesale.com\/wp-content\/uploads\/2024\/01\/OCO-Salt-Nicotine-Eliquid-Wholesale-4.jpg\" alt=\"OCO Salt Nicotine Eliquid Sprzeda\u017c hurtowa (4)\" width=\"800\" height=\"800\" srcset=\"https:\/\/www.vape4wholesale.com\/wp-content\/uploads\/2024\/01\/OCO-Salt-Nicotine-Eliquid-Wholesale-4.jpg 800w, https:\/\/www.vape4wholesale.com\/wp-content\/uploads\/2024\/01\/OCO-Salt-Nicotine-Eliquid-Wholesale-4-247x247.jpg 247w, https:\/\/www.vape4wholesale.com\/wp-content\/uploads\/2024\/01\/OCO-Salt-Nicotine-Eliquid-Wholesale-4-100x100.jpg 100w, https:\/\/www.vape4wholesale.com\/wp-content\/uploads\/2024\/01\/OCO-Salt-Nicotine-Eliquid-Wholesale-4-510x510.jpg 510w, https:\/\/www.vape4wholesale.com\/wp-content\/uploads\/2024\/01\/OCO-Salt-Nicotine-Eliquid-Wholesale-4-64x64.jpg 64w, https:\/\/www.vape4wholesale.com\/wp-content\/uploads\/2024\/01\/OCO-Salt-Nicotine-Eliquid-Wholesale-4-300x300.jpg 300w, https:\/\/www.vape4wholesale.com\/wp-content\/uploads\/2024\/01\/OCO-Salt-Nicotine-Eliquid-Wholesale-4-150x150.jpg 150w, https:\/\/www.vape4wholesale.com\/wp-content\/uploads\/2024\/01\/OCO-Salt-Nicotine-Eliquid-Wholesale-4-768x768.jpg 768w\" sizes=\"auto, (max-width: 800px) 100vw, 800px\" \/><figcaption id=\"caption-attachment-15070\" class=\"wp-caption-text\">OCO Salt Nicotine Eliquid Sprzeda\u017c hurtowa<\/figcaption><\/figure>","protected":false},"excerpt":{"rendered":"<p>W przypadku du\u017cych ilo\u015bci hurtowych lub OEM prosimy o kontakt!<\/p>","protected":false},"featured_media":15070,"comment_status":"open","ping_status":"closed","template":"","meta":[],"pwb-brand":[1289],"product_cat":[15],"product_tag":[708,709,710],"class_list":{"0":"post-15054","1":"product","2":"type-product","3":"status-publish","4":"has-post-thumbnail","6":"pwb-brand-others","7":"product_cat-others","8":"product_tag-oco-eliquid","9":"product_tag-salt-nicotine","10":"product_tag-eliquid","11":"wcpa_has_options","13":"first","14":"outofstock","15":"shipping-taxable","16":"purchasable","17":"product-type-variable"},"aioseo_notices":[],"brands":[{"id":1289,"name":"Inne","slug":"inni"}],"_links":{"self":[{"href":"https:\/\/www.vape4wholesale.com\/pl\/wp-json\/wp\/v2\/product\/15054","targetHints":{"allow":["GET"]}}],"collection":[{"href":"https:\/\/www.vape4wholesale.com\/pl\/wp-json\/wp\/v2\/product"}],"about":[{"href":"https:\/\/www.vape4wholesale.com\/pl\/wp-json\/wp\/v2\/types\/product"}],"replies":[{"embeddable":true,"href":"https:\/\/www.vape4wholesale.com\/pl\/wp-json\/wp\/v2\/comments?post=15054"}],"wp:featuredmedia":[{"embeddable":true,"href":"https:\/\/www.vape4wholesale.com\/pl\/wp-json\/wp\/v2\/media\/15070"}],"wp:attachment":[{"href":"https:\/\/www.vape4wholesale.com\/pl\/wp-json\/wp\/v2\/media?parent=15054"}],"wp:term":[{"taxonomy":"pwb-brand","embeddable":true,"href":"https:\/\/www.vape4wholesale.com\/pl\/wp-json\/wp\/v2\/pwb-brand?post=15054"},{"taxonomy":"product_cat","embeddable":true,"href":"https:\/\/www.vape4wholesale.com\/pl\/wp-json\/wp\/v2\/product_cat?post=15054"},{"taxonomy":"product_tag","embeddable":true,"href":"https:\/\/www.vape4wholesale.com\/pl\/wp-json\/wp\/v2\/product_tag?post=15054"}],"curies":[{"name":"wp","href":"https:\/\/api.w.org\/{rel}","templated":true}]}}