{"id":15012,"date":"2024-01-17T14:31:05","date_gmt":"2024-01-17T06:31:05","guid":{"rendered":"https:\/\/www.vape4wholesale.com\/?post_type=product&#038;p=15012"},"modified":"2026-03-27T10:12:39","modified_gmt":"2026-03-27T02:12:39","slug":"vapme-crystal-7000-puff-jednorazowe-vape-hurtownia","status":"publish","type":"product","link":"https:\/\/www.vape4wholesale.com\/pl\/product\/vapme-crystal-7000-puffs-disposable-vape-wholesale","title":{"rendered":"Vapme Crystal 7000 Puffs Jednorazowa sprzeda\u017c hurtowa Vape"},"content":{"rendered":"<p>Vapme Crystal 7000 to \u0142adnie zaprojektowany jednorazowy vape, z fajn\u0105 grafik\u0105 i przezroczyst\u0105 os\u0142on\u0105 na zewn\u0105trz, akumulatorem 650 mAh i 14 ml eliquidu, obs\u0142uguje do 7000 zaci\u0105gni\u0119\u0107.<\/p>\n<p>0%\/2%\/3%\/5% nikotyna do wyboru, Zam\u00f3w hurtowo nasz szeroki wyb\u00f3r 18 smak\u00f3w Vapme Crystal 7000 w najlepszej cenie hurtowej i szybkiej wysy\u0142ce!<\/p>\n<h2><strong>Vapme Crystal 7000 Puffs Jednorazowe Vape Szybkie szczeg\u00f3\u0142y:<\/strong><\/h2>\n<ul>\n<li>Puffy: 7000<\/li>\n<li>Pojemno\u015b\u0107 baterii: 650 mAh<\/li>\n<li>Pojemno\u015b\u0107 e-cieczy: 14 ml<\/li>\n<li>Zawarto\u015b\u0107 nikotyny: 2%\/\/5% S\u00f3l nikotynowa<\/li>\n<li>Opakowanie: 10 sztuk w 1 pude\u0142ku ekspozycyjnym<\/li>\n<\/ul>\n<h2><strong>Dost\u0119pne smaki<\/strong><\/h2>\n<table style=\"border-collapse: collapse;width: 214.53pt\" border=\"0\" width=\"286\" cellspacing=\"0\" cellpadding=\"0\">\n<tbody>\n<tr style=\"height: 15.75pt\">\n<td class=\"et2\" style=\"height: 15.75pt;width: 214.50pt\" width=\"286\" height=\"21\">Lemoniada Blue Razz<\/td>\n<\/tr>\n<tr style=\"height: 15.75pt\">\n<td class=\"et2\" style=\"height: 15.75pt\" height=\"21\">Bor\u00f3wka Malina<\/td>\n<\/tr>\n<tr style=\"height: 15.75pt\">\n<td class=\"et2\" style=\"height: 15.75pt\" height=\"21\">Cherry Cola<\/td>\n<\/tr>\n<tr style=\"height: 15.75pt\">\n<td class=\"et2\" style=\"height: 15.75pt\" height=\"21\">Cherry Ice<\/td>\n<\/tr>\n<tr style=\"height: 15.75pt\">\n<td class=\"et2\" style=\"height: 15.75pt\" height=\"21\">Nap\u00f3j energetyczny<\/td>\n<\/tr>\n<tr style=\"height: 15.75pt\">\n<td class=\"et2\" style=\"height: 15.75pt\" height=\"21\">Grape Berry<\/td>\n<\/tr>\n<tr style=\"height: 15.75pt\">\n<td class=\"et2\" style=\"height: 15.75pt\" height=\"21\">Kiwi Passionfruit Guava<\/td>\n<\/tr>\n<tr style=\"height: 15.75pt\">\n<td class=\"et2\" style=\"height: 15.75pt\" height=\"21\">Passionfruit Melon Ice<\/td>\n<\/tr>\n<tr style=\"height: 15.75pt\">\n<td class=\"et2\" style=\"height: 15.75pt\" height=\"21\">L\u00f3d brzoskwiniowy<\/td>\n<\/tr>\n<tr style=\"height: 15.75pt\">\n<td class=\"et2\" style=\"height: 15.75pt\" height=\"21\">Brzoskwinia Mango Ananas<\/td>\n<\/tr>\n<tr style=\"height: 15.75pt\">\n<td class=\"et2\" style=\"height: 15.75pt\" height=\"21\">Banan truskawkowy<\/td>\n<\/tr>\n<tr style=\"height: 15.75pt\">\n<td class=\"et2\" style=\"height: 15.75pt\" height=\"21\">L\u00f3d truskawkowy<\/td>\n<\/tr>\n<tr style=\"height: 15.75pt\">\n<td class=\"et2\" style=\"height: 15.75pt\" height=\"21\">Truskawka Kiwi<\/td>\n<\/tr>\n<tr style=\"height: 15.75pt\">\n<td class=\"et2\" style=\"height: 15.75pt\" height=\"21\">Mango truskawkowe<\/td>\n<\/tr>\n<tr style=\"height: 15.75pt\">\n<td class=\"et2\" style=\"height: 15.75pt\" height=\"21\">Cukierki truskawkowo-malinowe<\/td>\n<\/tr>\n<tr style=\"height: 15.75pt\">\n<td class=\"et2\" style=\"height: 15.75pt\" height=\"21\">Truskawkowy arbuz Bubblegum<\/td>\n<\/tr>\n<tr style=\"height: 15.75pt\">\n<td class=\"et2\" style=\"height: 15.75pt\" height=\"21\">Potr\u00f3jne Mango<\/td>\n<\/tr>\n<tr style=\"height: 15.75pt\">\n<td class=\"et2\" style=\"height: 15.75pt\" height=\"21\">Arbuzowy l\u00f3d<\/td>\n<\/tr>\n<\/tbody>\n<\/table>\n<h2><strong>Zawarto\u015b\u0107 opakowania:<\/strong><\/h2>\n<ul>\n<li>10 sztuk \/ \u015brednie pude\u0142ko.<\/li>\n<li>200 sztuk\/karton<\/li>\n<li>17,5 kg\/karton<\/li>\n<li>Rozmiar kartonu: 36,5 * 36,7 * 31,5 cm<\/li>\n<\/ul>\n<figure id=\"attachment_15026\" aria-describedby=\"caption-attachment-15026\" style=\"width: 800px\" class=\"wp-caption alignnone\"><img loading=\"lazy\" decoding=\"async\" class=\"wp-image-15026 size-full\" title=\"Vapme Crystal 7000 Puffs Jednorazowa Sprzeda\u017c Hurtowa Vape (13)\" src=\"https:\/\/www.vape4wholesale.com\/wp-content\/uploads\/2024\/01\/Vapme-Crystal-7000-Puffs-Disposable-Vape-Wholesale-13.jpg\" alt=\"Vapme Crystal 7000 Puffs Jednorazowa Sprzeda\u017c Hurtowa Vape (13)\" width=\"800\" height=\"800\" srcset=\"https:\/\/www.vape4wholesale.com\/wp-content\/uploads\/2024\/01\/Vapme-Crystal-7000-Puffs-Disposable-Vape-Wholesale-13.jpg 800w, https:\/\/www.vape4wholesale.com\/wp-content\/uploads\/2024\/01\/Vapme-Crystal-7000-Puffs-Disposable-Vape-Wholesale-13-247x247.jpg 247w, https:\/\/www.vape4wholesale.com\/wp-content\/uploads\/2024\/01\/Vapme-Crystal-7000-Puffs-Disposable-Vape-Wholesale-13-100x100.jpg 100w, https:\/\/www.vape4wholesale.com\/wp-content\/uploads\/2024\/01\/Vapme-Crystal-7000-Puffs-Disposable-Vape-Wholesale-13-510x510.jpg 510w, https:\/\/www.vape4wholesale.com\/wp-content\/uploads\/2024\/01\/Vapme-Crystal-7000-Puffs-Disposable-Vape-Wholesale-13-64x64.jpg 64w, https:\/\/www.vape4wholesale.com\/wp-content\/uploads\/2024\/01\/Vapme-Crystal-7000-Puffs-Disposable-Vape-Wholesale-13-300x300.jpg 300w, https:\/\/www.vape4wholesale.com\/wp-content\/uploads\/2024\/01\/Vapme-Crystal-7000-Puffs-Disposable-Vape-Wholesale-13-150x150.jpg 150w, https:\/\/www.vape4wholesale.com\/wp-content\/uploads\/2024\/01\/Vapme-Crystal-7000-Puffs-Disposable-Vape-Wholesale-13-768x768.jpg 768w\" sizes=\"auto, (max-width: 800px) 100vw, 800px\" \/><figcaption id=\"caption-attachment-15026\" class=\"wp-caption-text\">Vapme Crystal 7000 Puffs Jednorazowa sprzeda\u017c hurtowa Vape<\/figcaption><\/figure>\n<h2>DLACZEGO MY?<\/h2>\r\n<ul>\r\n<li>Prawdziwe, godne zaufania i profesjonalne \u017ar\u00f3d\u0142o vape.<\/li>\r\n<li>Gwarancja oryginalno\u015bci 100%: Dostarczamy tylko oryginalne i oryginalne produkty, odmawiamy podrabiania.<\/li>\r\n<li>Gwarancja dostawy 100%: U\u017cywamy najlepszej metody wysy\u0142ki, aby zapewni\u0107, \u017ce otrzymasz zam\u00f3wienie 100%.<\/li>\r\n<li>Po wysy\u0142ce podamy numer przesy\u0142ki i etykiet\u0119 wysy\u0142kow\u0105 oraz b\u0119dziemy \u015bledzi\u0107 towary do momentu ich podpisania.<\/li>\r\n<li>Brak problem\u00f3w celnych, brak taryf<\/li>\r\n<\/ul>","protected":false},"excerpt":{"rendered":"<div class=\"wsppc_div_block woocommerce_before_add_to_cart_form\">\r\n<p><strong><span style=\"color: #00a859;\">Clear customs<\/span> before delivery &amp; 100% Delivery Guarantee, Delivery in 19~25 days around.\u00a0<\/strong><\/p>\r\n<\/div>\n<p><span style=\"color: #ed1c24\"><strong>Ten produkt nie jest sprzedawany\/wysy\u0142any do Holandii<\/strong><\/span><\/p>","protected":false},"featured_media":15013,"comment_status":"open","ping_status":"closed","template":"","meta":[],"pwb-brand":[1290],"product_cat":[869],"product_tag":[22,24,177,178,696],"class_list":{"0":"post-15012","1":"product","2":"type-product","3":"status-publish","4":"has-post-thumbnail","6":"pwb-brand-vapme","7":"product_cat-5000-8000-puffs","8":"product_tag-disposable","9":"product_tag-wholesale","10":"product_tag-14-0ml","11":"product_tag-7000-puffs","12":"product_tag-vapme","13":"wcpa_has_options","15":"first","16":"outofstock","17":"shipping-taxable","18":"purchasable","19":"product-type-variable"},"aioseo_notices":[],"brands":[{"id":1290,"name":"Vapme","slug":"vapme"}],"_links":{"self":[{"href":"https:\/\/www.vape4wholesale.com\/pl\/wp-json\/wp\/v2\/product\/15012","targetHints":{"allow":["GET"]}}],"collection":[{"href":"https:\/\/www.vape4wholesale.com\/pl\/wp-json\/wp\/v2\/product"}],"about":[{"href":"https:\/\/www.vape4wholesale.com\/pl\/wp-json\/wp\/v2\/types\/product"}],"replies":[{"embeddable":true,"href":"https:\/\/www.vape4wholesale.com\/pl\/wp-json\/wp\/v2\/comments?post=15012"}],"wp:featuredmedia":[{"embeddable":true,"href":"https:\/\/www.vape4wholesale.com\/pl\/wp-json\/wp\/v2\/media\/15013"}],"wp:attachment":[{"href":"https:\/\/www.vape4wholesale.com\/pl\/wp-json\/wp\/v2\/media?parent=15012"}],"wp:term":[{"taxonomy":"pwb-brand","embeddable":true,"href":"https:\/\/www.vape4wholesale.com\/pl\/wp-json\/wp\/v2\/pwb-brand?post=15012"},{"taxonomy":"product_cat","embeddable":true,"href":"https:\/\/www.vape4wholesale.com\/pl\/wp-json\/wp\/v2\/product_cat?post=15012"},{"taxonomy":"product_tag","embeddable":true,"href":"https:\/\/www.vape4wholesale.com\/pl\/wp-json\/wp\/v2\/product_tag?post=15012"}],"curies":[{"name":"wp","href":"https:\/\/api.w.org\/{rel}","templated":true}]}}