{"id":14917,"date":"2024-01-07T10:10:12","date_gmt":"2024-01-07T02:10:12","guid":{"rendered":"https:\/\/www.vape4wholesale.com\/?post_type=product&#038;p=14917"},"modified":"2026-01-26T13:41:38","modified_gmt":"2026-01-26T13:41:38","slug":"vapme-fire-9000-puff-jednorazowe-vape-hurtownia","status":"publish","type":"product","link":"https:\/\/www.vape4wholesale.com\/pl\/product\/vapme-fire-9000-puffs-disposable-vape-wholesale","title":{"rendered":"Vapme Fire 9000 Puffs Jednorazowa sprzeda\u017c hurtowa Vape"},"content":{"rendered":"<p>Vapme Fire 9000 jest zasilany wbudowanym akumulatorem 850 mAh i zawiera 18 ml wst\u0119pnie nape\u0142nionego eliquidu, jest wyposa\u017cony w cewk\u0119 siatkow\u0105 0,8 \u03a9, kt\u00f3ra obs\u0142uguje do 9000 zaci\u0105gni\u0119\u0107.<\/p>\n<p>Zam\u00f3w nasz szeroki wyb\u00f3r 16 smak\u00f3w Vapme Fire 9000 Puffs w najlepszej cenie hurtowej i z szybk\u0105 wysy\u0142k\u0105!<\/p>\n<h2><strong>Vapeme Fire 9000 Szybkie szczeg\u00f3\u0142y:<\/strong><\/h2>\n<ul>\n<li>System kontroli przep\u0142ywu powietrza<\/li>\n<li>Pojemno\u015b\u0107 p\u0142ynu: 18 ml<\/li>\n<li>Akumulator 850 mAh<\/li>\n<li>Dolne \u015bwiat\u0142o RGB<\/li>\n<li>Akumulator typu C<\/li>\n<li>Odpalanie aktywowane losowaniem<\/li>\n<li>Zawarto\u015b\u0107 nikotyny: 0% 2% 3% 5%<\/li>\n<\/ul>\n<h2><strong>Dost\u0119pne smaki:<\/strong><\/h2>\n<ol>\n<li>Jagoda na lodzie<\/li>\n<li>Kiwi, marakuja, guawa<\/li>\n<li>Lemoniada Blue Razz<\/li>\n<li>Truskawka kiwi<\/li>\n<li>Czerwony energetyczny l\u00f3d<\/li>\n<li>Jagody mieszane<\/li>\n<li>Banan truskawkowy<\/li>\n<li>Arbuz truskawkowy<\/li>\n<li>L\u00f3d winogronowy<\/li>\n<li>Brzoskwinia mango<\/li>\n<li>Bujny l\u00f3d<\/li>\n<li>Truskawka malina wi\u015bnia<\/li>\n<li>Brzoskwinia mango ananas<\/li>\n<li>L\u00f3d truskawkowy<\/li>\n<li>L\u00f3d wi\u015bniowy<\/li>\n<li>Owoce big bang<\/li>\n<li>Pan niebieski<\/li>\n<li>Lemoniada wi\u015bniowo-brzoskwiniowa<\/li>\n<\/ol>\n<h2><strong>Zawarto\u015b\u0107 opakowania:<\/strong><\/h2>\n<ul>\n<li>10 sztuk \/ \u015brednie pude\u0142ko.<\/li>\n<li>200 sztuk\/karton<\/li>\n<li>22,5 kg\/karton<\/li>\n<li>Rozmiar kartonu: 42,5 * 42,5 * 31,2 cm<\/li>\n<\/ul>\n<figure id=\"attachment_14918\" aria-describedby=\"caption-attachment-14918\" style=\"width: 800px\" class=\"wp-caption alignnone\"><img loading=\"lazy\" decoding=\"async\" class=\"wp-image-14918 size-full\" title=\"Vapme Fire 9000 Puffs Jednorazowa sprzeda\u017c hurtowa Vape\" src=\"https:\/\/www.vape4wholesale.com\/wp-content\/uploads\/2024\/01\/Vapme-Fire-9000-Puffs-Disposable-Vape-Wholesale.jpg\" alt=\"Vapme Fire 9000 Puffs Jednorazowa sprzeda\u017c hurtowa Vape\" width=\"800\" height=\"533\" srcset=\"https:\/\/www.vape4wholesale.com\/wp-content\/uploads\/2024\/01\/Vapme-Fire-9000-Puffs-Disposable-Vape-Wholesale.jpg 800w, https:\/\/www.vape4wholesale.com\/wp-content\/uploads\/2024\/01\/Vapme-Fire-9000-Puffs-Disposable-Vape-Wholesale-510x340.jpg 510w, https:\/\/www.vape4wholesale.com\/wp-content\/uploads\/2024\/01\/Vapme-Fire-9000-Puffs-Disposable-Vape-Wholesale-64x43.jpg 64w, https:\/\/www.vape4wholesale.com\/wp-content\/uploads\/2024\/01\/Vapme-Fire-9000-Puffs-Disposable-Vape-Wholesale-300x200.jpg 300w, https:\/\/www.vape4wholesale.com\/wp-content\/uploads\/2024\/01\/Vapme-Fire-9000-Puffs-Disposable-Vape-Wholesale-768x512.jpg 768w\" sizes=\"auto, (max-width: 800px) 100vw, 800px\" \/><figcaption id=\"caption-attachment-14918\" class=\"wp-caption-text\">Vapme Fire 9000 Puffs Jednorazowa sprzeda\u017c hurtowa Vape<\/figcaption><\/figure>\n<h2>DLACZEGO MY?<\/h2>\r\n<ul>\r\n<li>Prawdziwe, godne zaufania i profesjonalne \u017ar\u00f3d\u0142o vape.<\/li>\r\n<li>Gwarancja oryginalno\u015bci 100%: Dostarczamy tylko oryginalne i oryginalne produkty, odmawiamy podrabiania.<\/li>\r\n<li>Gwarancja dostawy 100%: U\u017cywamy najlepszej metody wysy\u0142ki, aby zapewni\u0107, \u017ce otrzymasz zam\u00f3wienie 100%.<\/li>\r\n<li>Po wysy\u0142ce podamy numer przesy\u0142ki i etykiet\u0119 wysy\u0142kow\u0105 oraz b\u0119dziemy \u015bledzi\u0107 towary do momentu ich podpisania.<\/li>\r\n<li>Brak problem\u00f3w celnych, brak taryf<\/li>\r\n<\/ul>","protected":false},"excerpt":{"rendered":"<div class=\"wsppc_div_block woocommerce_before_add_to_cart_form\">\r\n<p><strong><span style=\"color: #00a859;\">Ocli\u0107 si\u0119<\/span> przed dostaw\u0105 i 100% Gwarancja Dostawy, Dostawa w oko\u0142o 19\u201325 dni.\u00a0<\/strong><\/p>\r\n<\/div>","protected":false},"featured_media":14924,"comment_status":"open","ping_status":"closed","template":"","meta":[],"pwb-brand":[1290],"product_cat":[870],"product_tag":[22,24,233,336,696],"class_list":{"0":"post-14917","1":"product","2":"type-product","3":"status-publish","4":"has-post-thumbnail","6":"pwb-brand-vapme","7":"product_cat-8000-10000-puffs","8":"product_tag-disposable","9":"product_tag-wholesale","10":"product_tag-15-0ml","11":"product_tag-9000-puffs","12":"product_tag-vapme","13":"wcpa_has_options","15":"first","16":"outofstock","17":"shipping-taxable","18":"purchasable","19":"product-type-variable"},"aioseo_notices":[],"brands":[{"id":1290,"name":"Vapme","slug":"vapme"}],"_links":{"self":[{"href":"https:\/\/www.vape4wholesale.com\/pl\/wp-json\/wp\/v2\/product\/14917","targetHints":{"allow":["GET"]}}],"collection":[{"href":"https:\/\/www.vape4wholesale.com\/pl\/wp-json\/wp\/v2\/product"}],"about":[{"href":"https:\/\/www.vape4wholesale.com\/pl\/wp-json\/wp\/v2\/types\/product"}],"replies":[{"embeddable":true,"href":"https:\/\/www.vape4wholesale.com\/pl\/wp-json\/wp\/v2\/comments?post=14917"}],"wp:featuredmedia":[{"embeddable":true,"href":"https:\/\/www.vape4wholesale.com\/pl\/wp-json\/wp\/v2\/media\/14924"}],"wp:attachment":[{"href":"https:\/\/www.vape4wholesale.com\/pl\/wp-json\/wp\/v2\/media?parent=14917"}],"wp:term":[{"taxonomy":"pwb-brand","embeddable":true,"href":"https:\/\/www.vape4wholesale.com\/pl\/wp-json\/wp\/v2\/pwb-brand?post=14917"},{"taxonomy":"product_cat","embeddable":true,"href":"https:\/\/www.vape4wholesale.com\/pl\/wp-json\/wp\/v2\/product_cat?post=14917"},{"taxonomy":"product_tag","embeddable":true,"href":"https:\/\/www.vape4wholesale.com\/pl\/wp-json\/wp\/v2\/product_tag?post=14917"}],"curies":[{"name":"wp","href":"https:\/\/api.w.org\/{rel}","templated":true}]}}