{"id":14895,"date":"2024-01-06T10:37:56","date_gmt":"2024-01-06T02:37:56","guid":{"rendered":"https:\/\/www.vape4wholesale.com\/?post_type=product&#038;p=14895"},"modified":"2026-01-26T13:41:41","modified_gmt":"2026-01-26T13:41:41","slug":"vapme-king-pro-12000-puff-jednorazowe-vape-hurtownia","status":"publish","type":"product","link":"https:\/\/www.vape4wholesale.com\/pl\/product\/vapme-king-pro-12000-puffs-disposable-vape-wholesale","title":{"rendered":"Vapme King Pro 12000 Puffs Jednorazowa sprzeda\u017c hurtowa Vape"},"content":{"rendered":"<p>Vapme King Pro 12000 to \u0142adnie zaprojektowany jednorazowy vape o du\u017cych zaci\u0105gni\u0119ciach, wyposa\u017cony w akumulator 850 mAh, cewk\u0119 siatkow\u0105 i 20 ml p\u0142ynu, z pod\u015bwietleniem RGB. obs\u0142uguje do 12000 zaci\u0105gni\u0119\u0107. Zosta\u0142 zaprojektowany z wizualnym p\u0142ynem, dzi\u0119ki czemu mo\u017cna \u0142atwo obserwowa\u0107 pozosta\u0142y p\u0142yn.<\/p>\n<p>Zam\u00f3w hurtowo nasz szeroki wyb\u00f3r 10 smak\u00f3w Vapme King Pro 12000 Puffs w najlepszej cenie hurtowej i z szybk\u0105 wysy\u0142k\u0105!<\/p>\n<h2><strong>Vapeme King Pro 12000 Szybkie szczeg\u00f3\u0142y:<\/strong><\/h2>\n<ul>\n<li>Bateria: port 850 mAh typu C<\/li>\n<li>Pojemno\u015b\u0107: 20 ml soku vape<\/li>\n<li>Cewka: cewka siatkowa 1,0 ohm<\/li>\n<li>Puffy: 12000+ puff\u00f3w<\/li>\n<\/ul>\n<h2><strong>Dost\u0119pne smaki:<\/strong><\/h2>\n<ol>\n<li>Truskawka kiwi<\/li>\n<li>Jagody mieszane<\/li>\n<li>Arbuz truskawkowy<\/li>\n<li>Jagoda na lodzie<\/li>\n<li>Kiwi, marakuja, guawa<\/li>\n<li>L\u00f3d winogronowy<\/li>\n<li>L\u00f3d arbuzowy<\/li>\n<li>Ananas z mango<\/li>\n<li>L\u00f3d truskawkowy<\/li>\n<li>Owoce big bang<\/li>\n<\/ol>\n<h2><strong>Zawarto\u015b\u0107 opakowania:<\/strong><\/h2>\n<ul>\n<li>10 sztuk \/ \u015brednie pude\u0142ko.<\/li>\n<li>200 sztuk\/karton<\/li>\n<li>20 kg\/karton<\/li>\n<li>Rozmiar kartonu: 34,2 * 34,8 * 29,1 cm<\/li>\n<\/ul>\n<figure id=\"attachment_14905\" aria-describedby=\"caption-attachment-14905\" style=\"width: 800px\" class=\"wp-caption alignnone\"><img loading=\"lazy\" decoding=\"async\" class=\"size-full wp-image-14905\" title=\"Vapme King Pro 12000 Puffs Jednorazowa sprzeda\u017c hurtowa Vape\" src=\"https:\/\/www.vape4wholesale.com\/wp-content\/uploads\/2024\/01\/Vapme-King-Pro-12000-Puffs-Disposable-Vape-Wholesale.jpg\" alt=\"Vapme King Pro 12000 Puffs Jednorazowa sprzeda\u017c hurtowa Vape\" width=\"800\" height=\"800\" srcset=\"https:\/\/www.vape4wholesale.com\/wp-content\/uploads\/2024\/01\/Vapme-King-Pro-12000-Puffs-Disposable-Vape-Wholesale.jpg 800w, https:\/\/www.vape4wholesale.com\/wp-content\/uploads\/2024\/01\/Vapme-King-Pro-12000-Puffs-Disposable-Vape-Wholesale-247x247.jpg 247w, https:\/\/www.vape4wholesale.com\/wp-content\/uploads\/2024\/01\/Vapme-King-Pro-12000-Puffs-Disposable-Vape-Wholesale-100x100.jpg 100w, https:\/\/www.vape4wholesale.com\/wp-content\/uploads\/2024\/01\/Vapme-King-Pro-12000-Puffs-Disposable-Vape-Wholesale-510x510.jpg 510w, https:\/\/www.vape4wholesale.com\/wp-content\/uploads\/2024\/01\/Vapme-King-Pro-12000-Puffs-Disposable-Vape-Wholesale-64x64.jpg 64w, https:\/\/www.vape4wholesale.com\/wp-content\/uploads\/2024\/01\/Vapme-King-Pro-12000-Puffs-Disposable-Vape-Wholesale-300x300.jpg 300w, https:\/\/www.vape4wholesale.com\/wp-content\/uploads\/2024\/01\/Vapme-King-Pro-12000-Puffs-Disposable-Vape-Wholesale-150x150.jpg 150w, https:\/\/www.vape4wholesale.com\/wp-content\/uploads\/2024\/01\/Vapme-King-Pro-12000-Puffs-Disposable-Vape-Wholesale-768x768.jpg 768w\" sizes=\"auto, (max-width: 800px) 100vw, 800px\" \/><figcaption id=\"caption-attachment-14905\" class=\"wp-caption-text\">Vapme King Pro 12000 Puffs Jednorazowa sprzeda\u017c hurtowa Vape<\/figcaption><\/figure>\n<h2>DLACZEGO MY?<\/h2>\r\n<ul>\r\n<li>Prawdziwe, godne zaufania i profesjonalne \u017ar\u00f3d\u0142o vape.<\/li>\r\n<li>Gwarancja oryginalno\u015bci 100%: Dostarczamy tylko oryginalne i oryginalne produkty, odmawiamy podrabiania.<\/li>\r\n<li>Gwarancja dostawy 100%: U\u017cywamy najlepszej metody wysy\u0142ki, aby zapewni\u0107, \u017ce otrzymasz zam\u00f3wienie 100%.<\/li>\r\n<li>Po wysy\u0142ce podamy numer przesy\u0142ki i etykiet\u0119 wysy\u0142kow\u0105 oraz b\u0119dziemy \u015bledzi\u0107 towary do momentu ich podpisania.<\/li>\r\n<li>Brak problem\u00f3w celnych, brak taryf<\/li>\r\n<\/ul>","protected":false},"excerpt":{"rendered":"<div class=\"wsppc_div_block woocommerce_before_add_to_cart_form\">\r\n<p><strong><span style=\"color: #00a859;\">Ocli\u0107 si\u0119<\/span> przed dostaw\u0105 i 100% Gwarancja Dostawy, Dostawa w oko\u0142o 19\u201325 dni.\u00a0<\/strong><\/p>\r\n<\/div>","protected":false},"featured_media":14905,"comment_status":"open","ping_status":"closed","template":"","meta":[],"pwb-brand":[1290],"product_cat":[871],"product_tag":[172,556,696,22,24],"class_list":{"0":"post-14895","1":"product","2":"type-product","3":"status-publish","4":"has-post-thumbnail","6":"pwb-brand-vapme","7":"product_cat-10-15k-puffs","8":"product_tag-20-0ml","9":"product_tag-12000-puffs","10":"product_tag-vapme","11":"product_tag-disposable","12":"product_tag-wholesale","13":"wcpa_has_options","15":"first","16":"outofstock","17":"shipping-taxable","18":"purchasable","19":"product-type-variable"},"aioseo_notices":[],"brands":[{"id":1290,"name":"Vapme","slug":"vapme"}],"_links":{"self":[{"href":"https:\/\/www.vape4wholesale.com\/pl\/wp-json\/wp\/v2\/product\/14895","targetHints":{"allow":["GET"]}}],"collection":[{"href":"https:\/\/www.vape4wholesale.com\/pl\/wp-json\/wp\/v2\/product"}],"about":[{"href":"https:\/\/www.vape4wholesale.com\/pl\/wp-json\/wp\/v2\/types\/product"}],"replies":[{"embeddable":true,"href":"https:\/\/www.vape4wholesale.com\/pl\/wp-json\/wp\/v2\/comments?post=14895"}],"wp:featuredmedia":[{"embeddable":true,"href":"https:\/\/www.vape4wholesale.com\/pl\/wp-json\/wp\/v2\/media\/14905"}],"wp:attachment":[{"href":"https:\/\/www.vape4wholesale.com\/pl\/wp-json\/wp\/v2\/media?parent=14895"}],"wp:term":[{"taxonomy":"pwb-brand","embeddable":true,"href":"https:\/\/www.vape4wholesale.com\/pl\/wp-json\/wp\/v2\/pwb-brand?post=14895"},{"taxonomy":"product_cat","embeddable":true,"href":"https:\/\/www.vape4wholesale.com\/pl\/wp-json\/wp\/v2\/product_cat?post=14895"},{"taxonomy":"product_tag","embeddable":true,"href":"https:\/\/www.vape4wholesale.com\/pl\/wp-json\/wp\/v2\/product_tag?post=14895"}],"curies":[{"name":"wp","href":"https:\/\/api.w.org\/{rel}","templated":true}]}}